{"id":44418,"date":"2025-11-04T10:32:34","date_gmt":"2025-11-04T15:32:34","guid":{"rendered":"https:\/\/tcmi.edu\/studenti\/2026-programul-cursurilor\/"},"modified":"2025-11-07T05:39:37","modified_gmt":"2025-11-07T10:39:37","slug":"2026-programul-cursurilor","status":"publish","type":"page","link":"https:\/\/tcmi.edu\/ro\/studenti\/2026-programul-cursurilor\/","title":{"rendered":"2026 Programul cursurilor"},"content":{"rendered":"\n<p>Insitutul Interna\u021bional TCM este acreditat pentru educa\u021bie la distan\u021b\u0103. Majoritatea cursurilor utilizeaz\u0103 un model hibrid, cu aproximativ 80% \u00eenv\u0103\u021bare online \u0219i 20% studiu \u00een persoan\u0103 la un centru de mentorat. Unele cursuri sunt oferite integral online.<\/p>\n\n<p>Aceast\u0103 pagin\u0103 ofer\u0103 o prezentare general\u0103 a tuturor cursurilor programate.<br\/>Disponibilitatea cursurilor poate varia \u00een func\u021bie de programul de studii, limba de predare \u0219i loca\u021bie.<\/p>\n\n<p><strong>Cum s\u0103 Regster<\/strong><\/p>\n\n<ol class=\"wp-block-list\">\n<li>Face\u021bi clic pe <strong>\u00cenregistrare<\/strong> l\u00e2ng\u0103 un curs pentru a deschide <strong>Portalul studen\u021bilor<\/strong>.<\/li>\n\n\n\n<li>\u00cen Portal, consulta\u021bi <strong>Rezumatul academic<\/strong> pentru a vedea ce cursuri sunt <strong>eligibile \u0219i aprobate<\/strong> pentru diploma dumneavoastr\u0103.<\/li>\n\n\n\n<li>Completa\u021bi \u00eenregistrarea \u00een <strong>Portalul studen\u021bilor<\/strong>.<\/li>\n<\/ol>\n\n<p>Dac\u0103 un curs listat aici <strong>nu apare<\/strong> \u00een Portalul studen\u021bilor, este posibil ca acesta s\u0103 nu corespund\u0103 <strong>planului<\/strong> dumneavoastr\u0103 <strong>de studii<\/strong>, <strong>limbii<\/strong> sau <strong>loca\u021biei centrului de mentorat<\/strong>.<\/p>\n\n<p>Pute\u021bi filtra cursurile dup\u0103:<\/p>\n\n<ul class=\"wp-block-list\">\n<li>Codul sau titlul cursului<\/li>\n\n\n\n<li>Instructor<\/li>\n\n\n\n<li>Centrul de mentorat \/ Loca\u021bia de livrare<\/li>\n\n\n\n<li>Online \/ On-Campus<\/li>\n\n\n\n<li>Sesiune sau lun\u0103<\/li>\n\n\n\n<li>Limba de instruire<\/li>\n<\/ul>\n\t\t<script>\n\t\twindow.tcmCatalogSettings = window.tcmCatalogSettings || {};\n\t\twindow.tcmCatalogSettings[\"id69ff307b46db8\"] = {\n\t\t\t'year': '2026',\n\t\t\t'country': '',\n\t\t\t'exclude_country': '',\n\t\t\t'session': '',\n\t\t\t'locale': 'ro'\n\t\t}\n\t\t<\/script>\n\t\t<div class=\"tcm-catalog\" data-id=\"id69ff307b46db8\"><\/div>\n\n\t\t\n","protected":false},"excerpt":{"rendered":"<p>Insitutul Interna\u021bional TCM este acreditat pentru educa\u021bie la distan\u021b\u0103. Majoritatea cursurilor utilizeaz\u0103 un model hibrid, cu aproximativ 80% \u00eenv\u0103\u021bare online \u0219i 20% studiu \u00een persoan\u0103 la un centru de mentorat. Unele cursuri sunt oferite integral online. Aceast\u0103 pagin\u0103 ofer\u0103 o prezentare general\u0103 a tuturor cursurilor programate.Disponibilitatea cursurilor poate varia \u00een func\u021bie de programul de studii,&#8230;<\/p>\n","protected":false},"author":20,"featured_media":0,"parent":11100,"menu_order":0,"comment_status":"closed","ping_status":"closed","template":"","meta":{"_acf_changed":false,"_kad_blocks_custom_css":"","_kad_blocks_head_custom_js":"","_kad_blocks_body_custom_js":"","_kad_blocks_footer_custom_js":"","_kad_post_transparent":"","_kad_post_title":"","_kad_post_layout":"","_kad_post_sidebar_id":"","_kad_post_content_style":"","_kad_post_vertical_padding":"","_kad_post_feature":"","_kad_post_feature_position":"","_kad_post_header":false,"_kad_post_footer":false,"_kad_post_classname":"","footnotes":""},"page_category":[],"class_list":["post-44418","page","type-page","status-publish","hentry"],"acf":[],"taxonomy_info":[],"featured_image_src_large":false,"author_info":{"display_name":"mihai.bojonca@tcmi.edu","author_link":"https:\/\/tcmi.edu\/ro\/author\/mihai-bojoncatcmi-edu\/"},"comment_info":"","_links":{"self":[{"href":"https:\/\/tcmi.edu\/ro\/wp-json\/wp\/v2\/pages\/44418","targetHints":{"allow":["GET"]}}],"collection":[{"href":"https:\/\/tcmi.edu\/ro\/wp-json\/wp\/v2\/pages"}],"about":[{"href":"https:\/\/tcmi.edu\/ro\/wp-json\/wp\/v2\/types\/page"}],"author":[{"embeddable":true,"href":"https:\/\/tcmi.edu\/ro\/wp-json\/wp\/v2\/users\/20"}],"replies":[{"embeddable":true,"href":"https:\/\/tcmi.edu\/ro\/wp-json\/wp\/v2\/comments?post=44418"}],"version-history":[{"count":2,"href":"https:\/\/tcmi.edu\/ro\/wp-json\/wp\/v2\/pages\/44418\/revisions"}],"predecessor-version":[{"id":44438,"href":"https:\/\/tcmi.edu\/ro\/wp-json\/wp\/v2\/pages\/44418\/revisions\/44438"}],"up":[{"embeddable":true,"href":"https:\/\/tcmi.edu\/ro\/wp-json\/wp\/v2\/pages\/11100"}],"wp:attachment":[{"href":"https:\/\/tcmi.edu\/ro\/wp-json\/wp\/v2\/media?parent=44418"}],"wp:term":[{"taxonomy":"page_category","embeddable":true,"href":"https:\/\/tcmi.edu\/ro\/wp-json\/wp\/v2\/page_category?post=44418"}],"curies":[{"name":"wp","href":"https:\/\/api.w.org\/{rel}","templated":true}]}}