{"id":42239,"date":"2024-12-04T08:32:49","date_gmt":"2024-12-04T13:32:49","guid":{"rendered":"https:\/\/tcmi.edu\/studenti\/2025-programul-cursurilor\/"},"modified":"2024-12-17T10:17:14","modified_gmt":"2024-12-17T15:17:14","slug":"2025-programul-cursurilor","status":"publish","type":"page","link":"https:\/\/tcmi.edu\/ro\/studenti\/2025-programul-cursurilor\/","title":{"rendered":"2025 Programul cursurilor"},"content":{"rendered":"\n<p>Insitutul Interna\u021bional TCM este acreditat pentru educa\u021bie la distan\u021b\u0103. De\u0219i unele cursuri sunt oferite complet online, majoritatea cursurilor sunt oferite \u00eentr-un model hibrid. Acest model hibrid \u00eenseamn\u0103 c\u0103 80% din curs este oferit online \u0219i 20% la diferite centre de mentorare.<\/p>\n\n<ul class=\"wp-block-list\">\n<li>Pentru a v\u0103 \u00eenscrie la un curs face\u021bi clic pe butonul \u201d\u00censcriere\u201d apoi accesa\u021bi academic summary (sumar academic) al dvs. \u0219i vede\u021bi cursurile recomandate.<\/li>\n\n\n\n<li>Pentru a vedea cursurile cu predare \u00een diferite \u021b\u0103ri, r\u0103sfoi\u021bi lista de mai jos.<\/li>\n\n\n\n<li>Utiliza\u021bi func\u021biile de c\u0103utare \u0219i sortare dup\u0103 cum dori\u021bi, pute\u021bi c\u0103uta dup\u0103:\n<ul class=\"wp-block-list\">\n<li>Codul sau numele Cursului<\/li>\n\n\n\n<li>Profesor<\/li>\n\n\n\n<li>Centrul de Mentorare<\/li>\n\n\n\n<li>Online<\/li>\n\n\n\n<li>Lun\u0103<\/li>\n\n\n\n<li>Limb\u0103<\/li>\n<\/ul>\n<\/li>\n<\/ul>\n\t\t<script>\n\t\twindow.tcmCatalogSettings = window.tcmCatalogSettings || {};\n\t\twindow.tcmCatalogSettings[\"id69de4be27229c\"] = {\n\t\t\t'year': '2025',\n\t\t\t'country': '',\n\t\t\t'exclude_country': '',\n\t\t\t'session': '',\n\t\t\t'locale': 'ro'\n\t\t}\n\t\t<\/script>\n\t\t<div class=\"tcm-catalog\" data-id=\"id69de4be27229c\"><\/div>\n\n\t\t\n","protected":false},"excerpt":{"rendered":"<p>Insitutul Interna\u021bional TCM este acreditat pentru educa\u021bie la distan\u021b\u0103. De\u0219i unele cursuri sunt oferite complet online, majoritatea cursurilor sunt oferite \u00eentr-un model hibrid. Acest model hibrid \u00eenseamn\u0103 c\u0103 80% din curs este oferit online \u0219i 20% la diferite centre de mentorare.<\/p>\n","protected":false},"author":1,"featured_media":0,"parent":11100,"menu_order":0,"comment_status":"closed","ping_status":"closed","template":"","meta":{"_acf_changed":false,"_kad_blocks_custom_css":"","_kad_blocks_head_custom_js":"","_kad_blocks_body_custom_js":"","_kad_blocks_footer_custom_js":"","_kad_post_transparent":"","_kad_post_title":"","_kad_post_layout":"","_kad_post_sidebar_id":"","_kad_post_content_style":"","_kad_post_vertical_padding":"","_kad_post_feature":"","_kad_post_feature_position":"","_kad_post_header":false,"_kad_post_footer":false,"_kad_post_classname":"","footnotes":""},"page_category":[],"class_list":["post-42239","page","type-page","status-publish","hentry"],"acf":[],"taxonomy_info":[],"featured_image_src_large":false,"author_info":{"display_name":"Kaleb Heitzman","author_link":"https:\/\/tcmi.edu\/ro\/author\/developer\/"},"comment_info":"","_links":{"self":[{"href":"https:\/\/tcmi.edu\/ro\/wp-json\/wp\/v2\/pages\/42239","targetHints":{"allow":["GET"]}}],"collection":[{"href":"https:\/\/tcmi.edu\/ro\/wp-json\/wp\/v2\/pages"}],"about":[{"href":"https:\/\/tcmi.edu\/ro\/wp-json\/wp\/v2\/types\/page"}],"author":[{"embeddable":true,"href":"https:\/\/tcmi.edu\/ro\/wp-json\/wp\/v2\/users\/1"}],"replies":[{"embeddable":true,"href":"https:\/\/tcmi.edu\/ro\/wp-json\/wp\/v2\/comments?post=42239"}],"version-history":[{"count":2,"href":"https:\/\/tcmi.edu\/ro\/wp-json\/wp\/v2\/pages\/42239\/revisions"}],"predecessor-version":[{"id":42244,"href":"https:\/\/tcmi.edu\/ro\/wp-json\/wp\/v2\/pages\/42239\/revisions\/42244"}],"up":[{"embeddable":true,"href":"https:\/\/tcmi.edu\/ro\/wp-json\/wp\/v2\/pages\/11100"}],"wp:attachment":[{"href":"https:\/\/tcmi.edu\/ro\/wp-json\/wp\/v2\/media?parent=42239"}],"wp:term":[{"taxonomy":"page_category","embeddable":true,"href":"https:\/\/tcmi.edu\/ro\/wp-json\/wp\/v2\/page_category?post=42239"}],"curies":[{"name":"wp","href":"https:\/\/api.w.org\/{rel}","templated":true}]}}