{"id":38648,"date":"2022-11-01T09:26:20","date_gmt":"2022-11-01T13:26:20","guid":{"rendered":"https:\/\/tcmi.edu\/studenti\/2023-program-de-cursuri\/"},"modified":"2023-06-15T10:44:58","modified_gmt":"2023-06-15T14:44:58","slug":"2023-program-de-cursuri","status":"publish","type":"page","link":"https:\/\/tcmi.edu\/ro\/studenti\/2023-program-de-cursuri\/","title":{"rendered":"2023 Program de cursuri"},"content":{"rendered":"\n<p>Insitutul Interna\u021bional TCM este acreditat pentru educa\u021bie la distan\u021b\u0103. De\u0219i unele cursuri sunt oferite complet online, majoritatea cursurilor sunt oferite \u00eentr-un model hibrid. Acest model hibrid \u00eenseamn\u0103 c\u0103 80% din curs este oferit online \u0219i 20% la diferite centre de mentorare.<\/p>\n\n<ul class=\"wp-block-list\">\n<li>Pentru a v\u0103 \u00eenscrie la un curs face\u021bi clic pe butonul \u201d\u00censcriere\u201d apoi accesa\u021bi academic summary (sumar academic) al dvs. \u0219i vede\u021bi cursurile recomandate.<\/li>\n\n\n\n<li>Pentru a vedea cursurile cu predare \u00een diferite \u021b\u0103ri, r\u0103sfoi\u021bi lista de mai jos.<\/li>\n\n\n\n<li>Utiliza\u021bi func\u021biile de c\u0103utare \u0219i sortare dup\u0103 cum dori\u021bi, pute\u021bi c\u0103uta dup\u0103:\n<ul class=\"wp-block-list\">\n<li>Codul sau numele Cursului<\/li>\n\n\n\n<li>Profesor<\/li>\n\n\n\n<li>Centrul de Mentorare<\/li>\n\n\n\n<li>Online<\/li>\n\n\n\n<li>Lun\u0103<\/li>\n\n\n\n<li>Limb\u0103<\/li>\n<\/ul>\n<\/li>\n<\/ul>\n\t\t<script>\n\t\twindow.tcmCatalogSettings = window.tcmCatalogSettings || {};\n\t\twindow.tcmCatalogSettings[\"id69f0d2b2a3520\"] = {\n\t\t\t'year': '2023',\n\t\t\t'country': '',\n\t\t\t'exclude_country': '',\n\t\t\t'session': '',\n\t\t\t'locale': 'ro'\n\t\t}\n\t\t<\/script>\n\t\t<div class=\"tcm-catalog\" data-id=\"id69f0d2b2a3520\"><\/div>\n\n\t\t\n","protected":false},"excerpt":{"rendered":"<p>Insitutul Interna\u021bional TCM este acreditat pentru educa\u021bie la distan\u021b\u0103. De\u0219i unele cursuri sunt oferite complet online, majoritatea cursurilor sunt oferite \u00eentr-un model hibrid. Acest model hibrid \u00eenseamn\u0103 c\u0103 80% din curs este oferit online \u0219i 20% la diferite centre de mentorare.<\/p>\n","protected":false},"author":20,"featured_media":38701,"parent":11100,"menu_order":0,"comment_status":"closed","ping_status":"closed","template":"","meta":{"_acf_changed":false,"_kad_blocks_custom_css":"","_kad_blocks_head_custom_js":"","_kad_blocks_body_custom_js":"","_kad_blocks_footer_custom_js":"","_kad_post_transparent":"","_kad_post_title":"","_kad_post_layout":"","_kad_post_sidebar_id":"","_kad_post_content_style":"","_kad_post_vertical_padding":"","_kad_post_feature":"","_kad_post_feature_position":"","_kad_post_header":false,"_kad_post_footer":false,"_kad_post_classname":"","footnotes":""},"page_category":[],"class_list":["post-38648","page","type-page","status-publish","has-post-thumbnail","hentry"],"acf":[],"taxonomy_info":[],"featured_image_src_large":["https:\/\/tcmi.edu\/wp-content\/uploads\/2022\/11\/20221011-9C7A2292-1024x423.jpg",1024,423,true],"author_info":{"display_name":"mihai.bojonca@tcmi.edu","author_link":"https:\/\/tcmi.edu\/ro\/author\/mihai-bojoncatcmi-edu\/"},"comment_info":"","_links":{"self":[{"href":"https:\/\/tcmi.edu\/ro\/wp-json\/wp\/v2\/pages\/38648","targetHints":{"allow":["GET"]}}],"collection":[{"href":"https:\/\/tcmi.edu\/ro\/wp-json\/wp\/v2\/pages"}],"about":[{"href":"https:\/\/tcmi.edu\/ro\/wp-json\/wp\/v2\/types\/page"}],"author":[{"embeddable":true,"href":"https:\/\/tcmi.edu\/ro\/wp-json\/wp\/v2\/users\/20"}],"replies":[{"embeddable":true,"href":"https:\/\/tcmi.edu\/ro\/wp-json\/wp\/v2\/comments?post=38648"}],"version-history":[{"count":4,"href":"https:\/\/tcmi.edu\/ro\/wp-json\/wp\/v2\/pages\/38648\/revisions"}],"predecessor-version":[{"id":41087,"href":"https:\/\/tcmi.edu\/ro\/wp-json\/wp\/v2\/pages\/38648\/revisions\/41087"}],"up":[{"embeddable":true,"href":"https:\/\/tcmi.edu\/ro\/wp-json\/wp\/v2\/pages\/11100"}],"wp:featuredmedia":[{"embeddable":true,"href":"https:\/\/tcmi.edu\/ro\/wp-json\/wp\/v2\/media\/38701"}],"wp:attachment":[{"href":"https:\/\/tcmi.edu\/ro\/wp-json\/wp\/v2\/media?parent=38648"}],"wp:term":[{"taxonomy":"page_category","embeddable":true,"href":"https:\/\/tcmi.edu\/ro\/wp-json\/wp\/v2\/page_category?post=38648"}],"curies":[{"name":"wp","href":"https:\/\/api.w.org\/{rel}","templated":true}]}}