{"id":11148,"date":"2021-03-01T17:58:35","date_gmt":"2021-03-01T22:58:35","guid":{"rendered":"https:\/\/tcmi.edu\/admitere\/cerinte-de-documentare\/"},"modified":"2021-08-06T22:06:22","modified_gmt":"2021-08-07T02:06:22","slug":"documente-necesare","status":"publish","type":"page","link":"https:\/\/tcmi.edu\/ro\/admitere\/documente-necesare\/","title":{"rendered":"Documente necesare"},"content":{"rendered":"\n<p>Atunci c\u00e2nd aplica\u021bi pentru Master of Divinity, Master of Arts sau Certificat, va trebui s\u0103 \u00eenc\u0103rca\u021bi urm\u0103toarele documente \u00een format PDF, JPEG sau PNG:<\/p>\n\n<ol class=\"wp-block-list\"><li>O (1) fotografie de tip pa\u0219aport<\/li><li>O fotografie cu familia, dac\u0103 sunte\u021bi c\u0103s\u0103torit;<\/li><li>O copie a documentului dvs. de c\u0103l\u0103torie (pa\u0219aport sau act de identitate), cu numele complet scris \u00een Englez\u0103 sau Latin\u0103.<\/li><li>Adresa de e-mail a pastorului dumneavoastr\u0103. De asemenea, \u00eenainte de a \u00eencepe \u00eenscrierea informa\u021bi-v\u0103 pastorul c\u0103 ve\u021bi avea nevoie de o recomandare de la el. Dac\u0103 sunte\u021bi pastor, include\u021bi adresa de e-mail a unui diacon.<\/li><\/ol>\n\n<h3 class=\"wp-block-heading\">Documente suplimentare necesare pentru M.A. \u0219i M.Div.<\/h3>\n\n<ol class=\"wp-block-list\"><li>O copie conform\u0103* cu originalul, \u0219tampilat\u0103 oficial, a diplomei de licen\u021b\u0103 acreditat\u0103 (sau mai \u00eenalt\u0103)<\/li><li>Diploma acreditat\u0103 tradus\u0103 \u00een englez\u0103<\/li><\/ol>\n\n<p><em>* Conform\u0103 cu originalul \u00eensemn\u00e2nd fie legalizat\u0103 de un notar, fie semnat\u0103 \u0219i \u0219tampilat\u0103 de pastorul dvs. sau de un reprezentant regional, cu confirmarea c\u0103 \u201eAceast\u0103 copie este identic\u0103 cu originalul\u201d.<\/em><\/p>\n","protected":false},"excerpt":{"rendered":"<p>Atunci c\u00e2nd aplica\u021bi pentru Master of Divinity, Master of Arts sau Certificat, va trebui s\u0103 \u00eenc\u0103rca\u021bi urm\u0103toarele documente \u00een format PDF, JPEG sau PNG: O (1) fotografie de tip pa\u0219aport O fotografie cu familia, dac\u0103 sunte\u021bi c\u0103s\u0103torit; O copie a documentului dvs. de c\u0103l\u0103torie (pa\u0219aport sau act de identitate), cu numele complet scris \u00een Englez\u0103&#8230;<\/p>\n","protected":false},"author":1,"featured_media":0,"parent":11037,"menu_order":0,"comment_status":"closed","ping_status":"closed","template":"","meta":{"_acf_changed":false,"_kad_blocks_custom_css":"","_kad_blocks_head_custom_js":"","_kad_blocks_body_custom_js":"","_kad_blocks_footer_custom_js":"","_kad_post_transparent":"","_kad_post_title":"","_kad_post_layout":"","_kad_post_sidebar_id":"","_kad_post_content_style":"","_kad_post_vertical_padding":"","_kad_post_feature":"","_kad_post_feature_position":"","_kad_post_header":false,"_kad_post_footer":false,"_kad_post_classname":"","footnotes":""},"page_category":[],"class_list":["post-11148","page","type-page","status-publish","hentry"],"acf":[],"taxonomy_info":[],"featured_image_src_large":false,"author_info":{"display_name":"Kaleb Heitzman","author_link":"https:\/\/tcmi.edu\/ro\/author\/developer\/"},"comment_info":"","_links":{"self":[{"href":"https:\/\/tcmi.edu\/ro\/wp-json\/wp\/v2\/pages\/11148","targetHints":{"allow":["GET"]}}],"collection":[{"href":"https:\/\/tcmi.edu\/ro\/wp-json\/wp\/v2\/pages"}],"about":[{"href":"https:\/\/tcmi.edu\/ro\/wp-json\/wp\/v2\/types\/page"}],"author":[{"embeddable":true,"href":"https:\/\/tcmi.edu\/ro\/wp-json\/wp\/v2\/users\/1"}],"replies":[{"embeddable":true,"href":"https:\/\/tcmi.edu\/ro\/wp-json\/wp\/v2\/comments?post=11148"}],"version-history":[{"count":11,"href":"https:\/\/tcmi.edu\/ro\/wp-json\/wp\/v2\/pages\/11148\/revisions"}],"predecessor-version":[{"id":12701,"href":"https:\/\/tcmi.edu\/ro\/wp-json\/wp\/v2\/pages\/11148\/revisions\/12701"}],"up":[{"embeddable":true,"href":"https:\/\/tcmi.edu\/ro\/wp-json\/wp\/v2\/pages\/11037"}],"wp:attachment":[{"href":"https:\/\/tcmi.edu\/ro\/wp-json\/wp\/v2\/media?parent=11148"}],"wp:term":[{"taxonomy":"page_category","embeddable":true,"href":"https:\/\/tcmi.edu\/ro\/wp-json\/wp\/v2\/page_category?post=11148"}],"curies":[{"name":"wp","href":"https:\/\/api.w.org\/{rel}","templated":true}]}}