{"id":11142,"date":"2021-02-19T17:41:56","date_gmt":"2021-02-19T22:41:56","guid":{"rendered":"https:\/\/tcmi.edu\/academicieni\/cohorte\/"},"modified":"2021-08-06T23:47:44","modified_gmt":"2021-08-07T03:47:44","slug":"grupuri-lingvistice","status":"publish","type":"page","link":"https:\/\/tcmi.edu\/ro\/academice\/grupuri-lingvistice\/","title":{"rendered":"Grupuri Lingvistice"},"content":{"rendered":"\n<p>Grupurile lingvistice sunt echipele de studen\u021bi care vorbesc aceea\u0219i limb\u0103, \u0219i provin de regul\u0103 din aceea\u0219i \u021bar\u0103, care se unesc pentru a parcurge ordonat un program de Certificat \u00een Ucenicie sau Master of Arts. To\u021bi studen\u021bii urmeaz\u0103 cursurile prestabilite \u00een aceea\u0219i perioad\u0103 de timp, cu excep\u021bia celor la alegere, online.<\/p>\n\n<p>Tuturor studen\u021bilor li se cere s\u0103 se angajeze pe toat\u0103 perioada studiului \u00een reflec\u021bie asupra abilit\u0103\u021bii lor de a transpune cuno\u0219tin\u021bele de la curs \u00eentr-un anumit domeniu practic de slujire. Proiectul Reflec\u021bie integrat\u0103 de slujire const\u0103 din rapoarte anuale \u0219i autoevalu\u0103ri trimise de studen\u021bi la finalul fiec\u0103rui an calendaristic al studiilor lor la TCM. De asemenea, se trimit evalu\u0103ri anuale f\u0103cute de persoane asupra c\u0103rora are impact lucrarea studentului. Anterior absolvirii, un Raport Final din partea studentului va oferi dovada \u00eendeplinirii de c\u0103tre acesta a obiectivelor educa\u021bionale ale TCM, dovada aptitudinii de a transpune cunoa\u0219terea teoretic\u0103 \u00een practic\u0103 \u0219i o reflec\u021bie critic\u0103 asupra ac\u021biunilor proprii.<\/p>\n","protected":false},"excerpt":{"rendered":"<p>Grupurile lingvistice sunt echipele de studen\u021bi care vorbesc aceea\u0219i limb\u0103, \u0219i provin de regul\u0103 din aceea\u0219i \u021bar\u0103, care se unesc pentru a parcurge ordonat un program de Certificat \u00een Ucenicie sau Master of Arts. To\u021bi studen\u021bii urmeaz\u0103 cursurile prestabilite \u00een aceea\u0219i perioad\u0103 de timp, cu excep\u021bia celor la alegere, online. Tuturor studen\u021bilor li se cere&#8230;<\/p>\n","protected":false},"author":1,"featured_media":9722,"parent":10577,"menu_order":0,"comment_status":"closed","ping_status":"closed","template":"","meta":{"_acf_changed":false,"_kad_blocks_custom_css":"","_kad_blocks_head_custom_js":"","_kad_blocks_body_custom_js":"","_kad_blocks_footer_custom_js":"","_kad_post_transparent":"","_kad_post_title":"","_kad_post_layout":"","_kad_post_sidebar_id":"","_kad_post_content_style":"","_kad_post_vertical_padding":"","_kad_post_feature":"","_kad_post_feature_position":"","_kad_post_header":false,"_kad_post_footer":false,"_kad_post_classname":"","footnotes":""},"page_category":[],"class_list":["post-11142","page","type-page","status-publish","has-post-thumbnail","hentry"],"acf":[],"taxonomy_info":[],"featured_image_src_large":["https:\/\/tcmi.edu\/wp-content\/uploads\/2021\/03\/Students-At-Haus-1024x683.jpg",1024,683,true],"author_info":{"display_name":"Kaleb Heitzman","author_link":"https:\/\/tcmi.edu\/ro\/author\/developer\/"},"comment_info":"","_links":{"self":[{"href":"https:\/\/tcmi.edu\/ro\/wp-json\/wp\/v2\/pages\/11142","targetHints":{"allow":["GET"]}}],"collection":[{"href":"https:\/\/tcmi.edu\/ro\/wp-json\/wp\/v2\/pages"}],"about":[{"href":"https:\/\/tcmi.edu\/ro\/wp-json\/wp\/v2\/types\/page"}],"author":[{"embeddable":true,"href":"https:\/\/tcmi.edu\/ro\/wp-json\/wp\/v2\/users\/1"}],"replies":[{"embeddable":true,"href":"https:\/\/tcmi.edu\/ro\/wp-json\/wp\/v2\/comments?post=11142"}],"version-history":[{"count":10,"href":"https:\/\/tcmi.edu\/ro\/wp-json\/wp\/v2\/pages\/11142\/revisions"}],"predecessor-version":[{"id":12706,"href":"https:\/\/tcmi.edu\/ro\/wp-json\/wp\/v2\/pages\/11142\/revisions\/12706"}],"up":[{"embeddable":true,"href":"https:\/\/tcmi.edu\/ro\/wp-json\/wp\/v2\/pages\/10577"}],"wp:featuredmedia":[{"embeddable":true,"href":"https:\/\/tcmi.edu\/ro\/wp-json\/wp\/v2\/media\/9722"}],"wp:attachment":[{"href":"https:\/\/tcmi.edu\/ro\/wp-json\/wp\/v2\/media?parent=11142"}],"wp:term":[{"taxonomy":"page_category","embeddable":true,"href":"https:\/\/tcmi.edu\/ro\/wp-json\/wp\/v2\/page_category?post=11142"}],"curies":[{"name":"wp","href":"https:\/\/api.w.org\/{rel}","templated":true}]}}