{"id":11140,"date":"2021-02-19T18:06:35","date_gmt":"2021-02-19T23:06:35","guid":{"rendered":"https:\/\/tcmi.edu\/academicieni\/auditarea-unui-curs\/"},"modified":"2021-08-06T23:47:47","modified_gmt":"2021-08-07T03:47:47","slug":"asista-la-un-curs","status":"publish","type":"page","link":"https:\/\/tcmi.edu\/ro\/academice\/asista-la-un-curs\/","title":{"rendered":"Asist\u0103 la un curs"},"content":{"rendered":"\n<p>Aceast\u0103 op\u021biune de studiu este conceput\u0103 pentru cei care ar putea dori s\u0103:<\/p>\n\n<ul class=\"wp-block-list\"><li>experimenteze cursurile TCM \u00een luarea deciziilor de a cere admiterea la program;<\/li><li>ob\u021bin\u0103 dezvoltare suplimentar\u0103 f\u0103r\u0103 admiterea la program sau dincolo de cerin\u021bele pentru diplom\u0103;<\/li><li>\u00eenso\u021beasc\u0103 so\u021bul\/so\u021bia.<\/li><\/ul>\n\n<p>Studen\u021bii de audit pot veni la Haus Edelweiss doar la cursuri care sunt traduse \u00een limbile lor.<\/p>\n\n<p>\u00cenregistrarea va fi acordat\u0103 cu prioritate studen\u021bilor \u00eenscri\u0219i \u00een program \u0219i, \u00een al doilea r\u00e2nd, studen\u021bilor de audit. Studen\u021bii de audit sunt a\u0219tepta\u021bi s\u0103 participe la toate sesiunile de curs.<br\/>Se aplic\u0103 urm\u0103toarele instruc\u021biuni.<\/p>\n\n<ol class=\"wp-block-list\"><li>O persoan\u0103 poate audita p\u00e2n\u0103 la dou\u0103 cursuri, indiferent de loca\u021bia cursului.<\/li><li>Nu sunt accepta\u021bi studen\u021bi de audit cu v\u00e2rsta sub 19 ani la niciun moment dat.<\/li><li>Studen\u021bii de audit trebuie s\u0103 participe la toate sesiunile de clas\u0103 ale cursului pentru care s-au \u00eenscris.<\/li><li>Unele cursuri nu permit participarea studen\u021bilor de audit &#8211; selectarea cursului trebuie s\u0103 fie aprobat\u0103 \u00een prealabil<\/li><\/ol>\n","protected":false},"excerpt":{"rendered":"<p>Aceast\u0103 op\u021biune de studiu este conceput\u0103 pentru cei care ar putea dori s\u0103: experimenteze cursurile TCM \u00een luarea deciziilor de a cere admiterea la program; ob\u021bin\u0103 dezvoltare suplimentar\u0103 f\u0103r\u0103 admiterea la program sau dincolo de cerin\u021bele pentru diplom\u0103; \u00eenso\u021beasc\u0103 so\u021bul\/so\u021bia. Studen\u021bii de audit pot veni la Haus Edelweiss doar la cursuri care sunt traduse \u00een&#8230;<\/p>\n","protected":false},"author":1,"featured_media":9702,"parent":10577,"menu_order":0,"comment_status":"closed","ping_status":"closed","template":"","meta":{"_acf_changed":false,"_kad_blocks_custom_css":"","_kad_blocks_head_custom_js":"","_kad_blocks_body_custom_js":"","_kad_blocks_footer_custom_js":"","_kad_post_transparent":"","_kad_post_title":"","_kad_post_layout":"","_kad_post_sidebar_id":"","_kad_post_content_style":"","_kad_post_vertical_padding":"","_kad_post_feature":"","_kad_post_feature_position":"","_kad_post_header":false,"_kad_post_footer":false,"_kad_post_classname":"","footnotes":""},"page_category":[],"class_list":["post-11140","page","type-page","status-publish","has-post-thumbnail","hentry"],"acf":[],"taxonomy_info":[],"featured_image_src_large":["https:\/\/tcmi.edu\/wp-content\/uploads\/2021\/03\/Myron-Williams-with-class-in-Hungary-1024x519.jpg",1024,519,true],"author_info":{"display_name":"Kaleb Heitzman","author_link":"https:\/\/tcmi.edu\/ro\/author\/developer\/"},"comment_info":"","_links":{"self":[{"href":"https:\/\/tcmi.edu\/ro\/wp-json\/wp\/v2\/pages\/11140","targetHints":{"allow":["GET"]}}],"collection":[{"href":"https:\/\/tcmi.edu\/ro\/wp-json\/wp\/v2\/pages"}],"about":[{"href":"https:\/\/tcmi.edu\/ro\/wp-json\/wp\/v2\/types\/page"}],"author":[{"embeddable":true,"href":"https:\/\/tcmi.edu\/ro\/wp-json\/wp\/v2\/users\/1"}],"replies":[{"embeddable":true,"href":"https:\/\/tcmi.edu\/ro\/wp-json\/wp\/v2\/comments?post=11140"}],"version-history":[{"count":5,"href":"https:\/\/tcmi.edu\/ro\/wp-json\/wp\/v2\/pages\/11140\/revisions"}],"predecessor-version":[{"id":12704,"href":"https:\/\/tcmi.edu\/ro\/wp-json\/wp\/v2\/pages\/11140\/revisions\/12704"}],"up":[{"embeddable":true,"href":"https:\/\/tcmi.edu\/ro\/wp-json\/wp\/v2\/pages\/10577"}],"wp:featuredmedia":[{"embeddable":true,"href":"https:\/\/tcmi.edu\/ro\/wp-json\/wp\/v2\/media\/9702"}],"wp:attachment":[{"href":"https:\/\/tcmi.edu\/ro\/wp-json\/wp\/v2\/media?parent=11140"}],"wp:term":[{"taxonomy":"page_category","embeddable":true,"href":"https:\/\/tcmi.edu\/ro\/wp-json\/wp\/v2\/page_category?post=11140"}],"curies":[{"name":"wp","href":"https:\/\/api.w.org\/{rel}","templated":true}]}}