{"id":11121,"date":"2021-02-11T11:59:20","date_gmt":"2021-02-11T16:59:20","guid":{"rendered":"https:\/\/tcmi.edu\/absolventi\/stil-de-viata-de-invatare\/"},"modified":"2021-08-06T23:48:04","modified_gmt":"2021-08-07T03:48:04","slug":"invatarea-ca-stil-de-viata","status":"publish","type":"page","link":"https:\/\/tcmi.edu\/ro\/absolventi\/invatarea-ca-stil-de-viata\/","title":{"rendered":"\u00cenv\u0103\u021barea ca stil de via\u021b\u0103"},"content":{"rendered":"\n<p>Absolven\u021bii programului TCM sunt invita\u021bi s\u0103 se dediece \u00eenv\u0103\u021b\u0103rii pe tot parcursul vie\u021bii prin:<\/p>\n\n<ol class=\"wp-block-list\"><li>Participarea la seminarii postuniversitare. TCM ofer\u0103 anual seminarii pentru absolven\u021bi. Scopul seminariilor este de a participa la discu\u021bii pe diferite subiecte care sunt anun\u021bate \u00een prealabil. Seminariile postuniversitare sunt oferite \u00eentr-un format de odihn\u0103 \u0219i pot fi frecventate \u00eempreun\u0103 cu so\u021bul\/so\u021bia sau cu un invitat. Informa\u021biile despre fiecare seminar sunt trimise c\u0103tre Absolven\u021bii TCM prin e-mail.<\/li><li>Absolven\u021bii programului TCM pot participa, de asemenea, la un curs academic, la alegerea lor, o dat\u0103 pe an. Studen\u021bii care sunt \u00eenrola\u021bi \u00eentr-un program au prioritate de \u00eenscriere, prin urmare aceast\u0103 op\u021biune este disponibil\u0103 \u00een limita locurilor libere la curs. Absolventul poate alege s\u0103 urmeze cursul pentru credit sau doar s\u0103 asiste. Taxa de \u00eenregistrare este echivalent\u0103 cu taxa de \u00eenregistrare la curs (CRF) pentru \u021bara dvs. de cet\u0103\u021benie.<\/li><\/ol>\n\n<p>Nu exist\u0103 nici o rambursare de c\u0103l\u0103torie oferit\u0103 pentru oricare dintre op\u021biunile de mai sus.<\/p>\n","protected":false},"excerpt":{"rendered":"<p>Absolven\u021bii programului TCM sunt invita\u021bi s\u0103 se dediece \u00eenv\u0103\u021b\u0103rii pe tot parcursul vie\u021bii prin: Participarea la seminarii postuniversitare. TCM ofer\u0103 anual seminarii pentru absolven\u021bi. Scopul seminariilor este de a participa la discu\u021bii pe diferite subiecte care sunt anun\u021bate \u00een prealabil. Seminariile postuniversitare sunt oferite \u00eentr-un format de odihn\u0103 \u0219i pot fi frecventate \u00eempreun\u0103 cu so\u021bul\/so\u021bia&#8230;<\/p>\n","protected":false},"author":1,"featured_media":6847,"parent":11089,"menu_order":0,"comment_status":"closed","ping_status":"closed","template":"","meta":{"_acf_changed":false,"_kad_blocks_custom_css":"","_kad_blocks_head_custom_js":"","_kad_blocks_body_custom_js":"","_kad_blocks_footer_custom_js":"","_kad_post_transparent":"","_kad_post_title":"","_kad_post_layout":"","_kad_post_sidebar_id":"","_kad_post_content_style":"","_kad_post_vertical_padding":"","_kad_post_feature":"","_kad_post_feature_position":"","_kad_post_header":false,"_kad_post_footer":false,"_kad_post_classname":"","footnotes":""},"page_category":[],"class_list":["post-11121","page","type-page","status-publish","has-post-thumbnail","hentry"],"acf":[],"taxonomy_info":[],"featured_image_src_large":["https:\/\/tcmi.edu\/wp-content\/uploads\/2020\/11\/Closing-2018-Sess-6-1024x683-1.jpg",1024,683,false],"author_info":{"display_name":"Kaleb Heitzman","author_link":"https:\/\/tcmi.edu\/ro\/author\/developer\/"},"comment_info":"","_links":{"self":[{"href":"https:\/\/tcmi.edu\/ro\/wp-json\/wp\/v2\/pages\/11121","targetHints":{"allow":["GET"]}}],"collection":[{"href":"https:\/\/tcmi.edu\/ro\/wp-json\/wp\/v2\/pages"}],"about":[{"href":"https:\/\/tcmi.edu\/ro\/wp-json\/wp\/v2\/types\/page"}],"author":[{"embeddable":true,"href":"https:\/\/tcmi.edu\/ro\/wp-json\/wp\/v2\/users\/1"}],"replies":[{"embeddable":true,"href":"https:\/\/tcmi.edu\/ro\/wp-json\/wp\/v2\/comments?post=11121"}],"version-history":[{"count":9,"href":"https:\/\/tcmi.edu\/ro\/wp-json\/wp\/v2\/pages\/11121\/revisions"}],"predecessor-version":[{"id":12710,"href":"https:\/\/tcmi.edu\/ro\/wp-json\/wp\/v2\/pages\/11121\/revisions\/12710"}],"up":[{"embeddable":true,"href":"https:\/\/tcmi.edu\/ro\/wp-json\/wp\/v2\/pages\/11089"}],"wp:featuredmedia":[{"embeddable":true,"href":"https:\/\/tcmi.edu\/ro\/wp-json\/wp\/v2\/media\/6847"}],"wp:attachment":[{"href":"https:\/\/tcmi.edu\/ro\/wp-json\/wp\/v2\/media?parent=11121"}],"wp:term":[{"taxonomy":"page_category","embeddable":true,"href":"https:\/\/tcmi.edu\/ro\/wp-json\/wp\/v2\/page_category?post=11121"}],"curies":[{"name":"wp","href":"https:\/\/api.w.org\/{rel}","templated":true}]}}