{"id":11117,"date":"2021-02-19T16:55:18","date_gmt":"2021-02-19T21:55:18","guid":{"rendered":"https:\/\/tcmi.edu\/academicieni\/reflectie-integrata\/"},"modified":"2023-11-28T05:30:22","modified_gmt":"2023-11-28T10:30:22","slug":"reflectie-integrata","status":"publish","type":"page","link":"https:\/\/tcmi.edu\/ro\/academice\/reflectie-integrata\/","title":{"rendered":"Reflec\u021bie integrat\u0103"},"content":{"rendered":"\n<h3 class=\"wp-block-heading\">RE 601 Proiectul Reflec\u021bie Integrat\u0103<\/h3>\n\n<p>To\u021bi studen\u021bii admi\u0219i (Certificat, MA \u0219i MDiv) trebuie s\u0103 completeze o evaluare care a fost conceput\u0103 pentru a \u00eencuraja dou\u0103 componente critice ale ciclului de \u00eenv\u0103\u021bare &#8211; Reflec\u021bie \u0219i Aplicare. <\/p>\n\n<p>Scopul reflec\u021biei integrate este de a m\u0103sura anual progresul studentului p\u00e2n\u0103 la absolvire. Sondajele anuale vor oferi studentului \u0219i TCM un indicator al abilit\u0103\u021bii acestuia de a-\u0219i transfera \u00eenv\u0103\u021barea din timpul experien\u021bei TCM c\u0103tre domeniul contextual de lucrare sau \u00een activit\u0103\u021bile de formare de ucenici.<\/p>\n\n<p>Reflec\u021bia integrat\u0103 const\u0103 din:<\/p>\n\n<ol class=\"wp-block-list\">\n<li>O autoevaluare anual\u0103; <\/li>\n\n\n\n<li>Anual, o lucrare de o pagin\u0103 con\u021bin\u00e2nd reflec\u021bia anual\u0103 (fi\u0219ier Word sau PDF) cu g\u00e2ndurile studentului despre slujirea sa din anul respectiv.<\/li>\n\n\n\n<li>Un sondaj anual completat de persoane (4 recenzori) asupra c\u0103rora are impact lucrarea de slujire \u0219i de formare de ucenici a studentului.<\/li>\n\n\n\n<li>Lucrarea Final\u0103 de Reflec\u021bie Integrat\u0103 (Se va face numai \u00een ultimul an de studii)<\/li>\n<\/ol>\n\n<p>Mai jos sunt linkurile utile:<\/p>\n\n<ol class=\"wp-block-list\">\n<li>Pentru studen\u021bii TCM: <a href=\"https:\/\/forms.office.com\/r\/V3VErEESrS\">Autoevaluarea studentului \u0219i reflec\u021bia anual\u0103<\/a>\n<ul class=\"wp-block-list\">\n<li>Formularul de autoevaluare a studentului necesit\u0103 s\u0103 ave\u021bi fi\u0219ierul cu Reflec\u021bia Anual\u0103 (Word sau PDF) gata pentru a fi \u00eenc\u0103rcat.<\/li>\n<\/ul>\n<\/li>\n\n\n\n<li>Un model de <a href=\"https:\/\/tcmi.edu\/wp-content\/uploads\/2022\/12\/WEB_Annual-Reflection_Sample.pdf\" data-type=\"attachment\" data-id=\"38770\" target=\"_blank\" rel=\"noreferrer noopener\">Reflec\u021bie Anual\u0103<\/a><\/li>\n\n\n\n<li>Pentru recenzorii studen\u021bilor TCM: Sondaj anual<\/li>\n\n\n\n<li>Exemplu de lucrare de <a href=\"https:\/\/tcmi.edu\/wp-content\/uploads\/2022\/12\/WEB_Final-Reflection_Sample.pdf\" data-type=\"attachment\" data-id=\"38754\" target=\"_blank\" rel=\"noreferrer noopener\">reflec\u021bie final\u0103 integrat\u0103<\/a>.<\/li>\n<\/ol>\n\n<p>Este foarte recomandat ca studen\u021bii s\u0103 promoveze cursul RE 500 Metode de cercetare pentru certificat \u0219i MA sau RE 600 pentru M.Div. pentru a finaliza cu succes Proiectul de Lucrare pentru Reflec\u021bia Integrat\u0103.<\/p>\n\n<p>Pentru o \u00een\u021belegere mai cuprinz\u0103toare a cerin\u021belor privind <a href=\"https:\/\/tcmint.sharepoint.com\/:w:\/s\/students\/ESWGYkIH1vxMrre1yi6d37cB3wFcE7Cek2BZwbk0h8w1zQ?e=QCMIHW\">reflec\u021bia integrat\u0103<\/a> RE 601, v\u0103 rug\u0103m s\u0103 citi\u021bi <a href=\"https:\/\/tcmint.sharepoint.com\/:w:\/s\/students\/ESWGYkIH1vxMrre1yi6d37cB3wFcE7Cek2BZwbk0h8w1zQ?e=QCMIHW\">Manualul de reflec\u021bie integrat\u0103.<\/a><\/p>\n","protected":false},"excerpt":{"rendered":"<p>RE 601 Proiectul Reflec\u021bie Integrat\u0103 To\u021bi studen\u021bii admi\u0219i (Certificat, MA \u0219i MDiv) trebuie s\u0103 completeze o evaluare care a fost conceput\u0103 pentru a \u00eencuraja dou\u0103 componente critice ale ciclului de \u00eenv\u0103\u021bare &#8211; Reflec\u021bie \u0219i Aplicare. Scopul reflec\u021biei integrate este de a m\u0103sura anual progresul studentului p\u00e2n\u0103 la absolvire. Sondajele anuale vor oferi studentului \u0219i TCM&#8230;<\/p>\n","protected":false},"author":1,"featured_media":7730,"parent":10577,"menu_order":0,"comment_status":"closed","ping_status":"closed","template":"","meta":{"_acf_changed":false,"_kad_blocks_custom_css":"","_kad_blocks_head_custom_js":"","_kad_blocks_body_custom_js":"","_kad_blocks_footer_custom_js":"","_kad_post_transparent":"","_kad_post_title":"","_kad_post_layout":"","_kad_post_sidebar_id":"","_kad_post_content_style":"","_kad_post_vertical_padding":"","_kad_post_feature":"","_kad_post_feature_position":"","_kad_post_header":false,"_kad_post_footer":false,"_kad_post_classname":"","footnotes":""},"page_category":[],"class_list":["post-11117","page","type-page","status-publish","has-post-thumbnail","hentry"],"acf":[],"taxonomy_info":[],"featured_image_src_large":["https:\/\/tcmi.edu\/wp-content\/uploads\/2021\/02\/Sulcs-ministry-baptism-after-a-year-of-denial.jpg",960,960,false],"author_info":{"display_name":"Kaleb Heitzman","author_link":"https:\/\/tcmi.edu\/ro\/author\/developer\/"},"comment_info":"","_links":{"self":[{"href":"https:\/\/tcmi.edu\/ro\/wp-json\/wp\/v2\/pages\/11117","targetHints":{"allow":["GET"]}}],"collection":[{"href":"https:\/\/tcmi.edu\/ro\/wp-json\/wp\/v2\/pages"}],"about":[{"href":"https:\/\/tcmi.edu\/ro\/wp-json\/wp\/v2\/types\/page"}],"author":[{"embeddable":true,"href":"https:\/\/tcmi.edu\/ro\/wp-json\/wp\/v2\/users\/1"}],"replies":[{"embeddable":true,"href":"https:\/\/tcmi.edu\/ro\/wp-json\/wp\/v2\/comments?post=11117"}],"version-history":[{"count":23,"href":"https:\/\/tcmi.edu\/ro\/wp-json\/wp\/v2\/pages\/11117\/revisions"}],"predecessor-version":[{"id":41451,"href":"https:\/\/tcmi.edu\/ro\/wp-json\/wp\/v2\/pages\/11117\/revisions\/41451"}],"up":[{"embeddable":true,"href":"https:\/\/tcmi.edu\/ro\/wp-json\/wp\/v2\/pages\/10577"}],"wp:featuredmedia":[{"embeddable":true,"href":"https:\/\/tcmi.edu\/ro\/wp-json\/wp\/v2\/media\/7730"}],"wp:attachment":[{"href":"https:\/\/tcmi.edu\/ro\/wp-json\/wp\/v2\/media?parent=11117"}],"wp:term":[{"taxonomy":"page_category","embeddable":true,"href":"https:\/\/tcmi.edu\/ro\/wp-json\/wp\/v2\/page_category?post=11117"}],"curies":[{"name":"wp","href":"https:\/\/api.w.org\/{rel}","templated":true}]}}