{"id":11107,"date":"2020-11-19T04:46:10","date_gmt":"2020-11-19T09:46:10","guid":{"rendered":"https:\/\/tcmi.edu\/admitere\/aplica-online\/"},"modified":"2023-04-17T15:40:26","modified_gmt":"2023-04-17T19:40:26","slug":"aplica-online","status":"publish","type":"page","link":"https:\/\/tcmi.edu\/ro\/admitere\/aplica-online\/","title":{"rendered":"Aplic\u0103 online"},"content":{"rendered":"\n<h3 class=\"wp-block-heading\">Termenele de aplicare pentru admitere la studii TCM sunt<\/h3>\n\n<p>2 ianuarie &#8211; <strong>1 aprilie <\/strong> <br\/>2 aprilie p\u00e2n\u0103 la <strong>1 iulie <\/strong> <br\/>2 iulie &#8211; <strong>1 octombrie <\/strong> <br\/>2 octombrie p\u00e2n\u0103 la <strong>1 ianuarie<\/strong> <\/p>\n\n<p>Cererile complete primite p\u00e2n\u0103 la termenul limit\u0103 stabilit pentru fiecare trimestru vor fi examinate \u00een termen de dou\u0103 luni.<\/p>\n\n<h3 class=\"wp-block-heading\">Instruc\u021biuni<\/h3>\n\n<p>Pentru a v\u0103 \u00eenscrie la Institutul Interna\u021bional TCM va trebui s\u0103 v\u0103 crea\u021bi un cont \u00een sistemul nostru de gestionare a studen\u021bilor (SMS). Pute\u021bi face acest lucru <a href=\"https:\/\/students.tcmi.edu\/TCMISMS_UI\/Login.aspx\" target=\"_blank\" rel=\"noreferrer noopener\">vizit\u00e2nd SMS-ul nostru.<\/a> Vede\u021bi <a href=\"https:\/\/tcmi.edu\/ro\/admitere\/documente-necesare\/\" data-type=\"page\" data-id=\"9649\">Documentele necesare<\/a> \u0219i instruc\u021biuni speciale \u00een vederea \u00eenscrierii pentru <a href=\"#mdiv-requirements\">gradul de Master of Divinity<\/a> mai jos.<\/p>\n<style>.kb-row-layout-id_753de7-20 > .kt-row-column-wrap{align-content:start;}:where(.kb-row-layout-id_753de7-20 > .kt-row-column-wrap) > .wp-block-kadence-column{justify-content:start;}.kb-row-layout-id_753de7-20 > .kt-row-column-wrap{column-gap:var(--global-kb-gap-md, 2rem);row-gap:var(--global-kb-gap-md, 2rem);padding-top:var(--global-kb-spacing-sm, 1.5rem);padding-bottom:var(--global-kb-spacing-sm, 1.5rem);grid-template-columns:repeat(2, minmax(0, 1fr));}.kb-row-layout-id_753de7-20 > .kt-row-layout-overlay{opacity:0.30;}@media all and (max-width: 1024px){.kb-row-layout-id_753de7-20 > .kt-row-column-wrap{grid-template-columns:repeat(2, minmax(0, 1fr));}}@media all and (max-width: 767px){.kb-row-layout-id_753de7-20 > .kt-row-column-wrap{grid-template-columns:minmax(0, 1fr);}}<\/style><div class=\"kb-row-layout-wrap kb-row-layout-id_753de7-20 alignnone wp-block-kadence-rowlayout\"><div class=\"kt-row-column-wrap kt-has-2-columns kt-row-layout-equal kt-tab-layout-inherit kt-mobile-layout-row kt-row-valign-top\">\n<style>.kadence-column_935f4e-16 > .kt-inside-inner-col,.kadence-column_935f4e-16 > .kt-inside-inner-col:before{border-top-left-radius:0px;border-top-right-radius:0px;border-bottom-right-radius:0px;border-bottom-left-radius:0px;}.kadence-column_935f4e-16 > .kt-inside-inner-col{column-gap:var(--global-kb-gap-sm, 1rem);}.kadence-column_935f4e-16 > .kt-inside-inner-col{flex-direction:column;}.kadence-column_935f4e-16 > .kt-inside-inner-col > .aligncenter{width:100%;}.kadence-column_935f4e-16 > .kt-inside-inner-col:before{opacity:0.3;}.kadence-column_935f4e-16{position:relative;}@media all and (max-width: 1024px){.kadence-column_935f4e-16 > .kt-inside-inner-col{flex-direction:column;justify-content:center;}}@media all and (max-width: 767px){.kadence-column_935f4e-16 > .kt-inside-inner-col{flex-direction:column;justify-content:center;}}<\/style>\n<div class=\"wp-block-kadence-column kadence-column_935f4e-16 inner-column-1\"><div class=\"kt-inside-inner-col\"><style>.wp-block-kadence-column.kb-section-dir-horizontal > .kt-inside-inner-col > .kt-info-box_c9d928-89 .kt-blocks-info-box-link-wrap{max-width:unset;}.kt-info-box_c9d928-89 .kt-blocks-info-box-link-wrap{border-top:4px solid #eeeeee;border-right:4px solid #eeeeee;border-bottom:4px solid #eeeeee;border-left:4px solid #eeeeee;border-top-left-radius:20px;border-top-right-radius:20px;border-bottom-right-radius:20px;border-bottom-left-radius:20px;background:#ffffff;padding-top:24px;padding-right:24px;padding-bottom:24px;padding-left:24px;margin-bottom:30px;}.kt-info-box_c9d928-89 .kt-blocks-info-box-link-wrap:hover{background:#ffffff;}.kt-info-box_c9d928-89 .kadence-info-box-icon-container .kt-info-svg-icon, .kt-info-box_c9d928-89 .kt-info-svg-icon-flip, .kt-info-box_c9d928-89 .kt-blocks-info-box-number{font-size:20px;}.kt-info-box_c9d928-89 .kt-blocks-info-box-media{color:#444444;background:#ffffff;border-color:#eeeeee;border-radius:200px;overflow:hidden;border-top-width:5px;border-right-width:5px;border-bottom-width:5px;border-left-width:5px;padding-top:20px;padding-right:20px;padding-bottom:20px;padding-left:20px;margin-top:0px;margin-right:20px;margin-bottom:0px;margin-left:0px;}.kt-info-box_c9d928-89 .kt-blocks-info-box-media .kadence-info-box-image-intrisic img{border-radius:200px;}.kt-info-box_c9d928-89 .kt-blocks-info-box-link-wrap:hover .kt-blocks-info-box-media{color:#444444;background:#ffffff;border-color:#eeeeee;}.kt-info-box_c9d928-89 .kt-infobox-textcontent h2.kt-blocks-info-box-title{padding-top:0px;padding-right:0px;padding-bottom:0px;padding-left:0px;margin-top:5px;margin-right:0px;margin-bottom:10px;margin-left:0px;}.kt-info-box_c9d928-89 .kt-infobox-textcontent .kt-blocks-info-box-text{color:#555555;}.kt-info-box_c9d928-89 .kt-blocks-info-box-learnmore{color:var(--global-palette9, #ffffff);background:var(--global-palette1, #3182CE);border-color:var(--global-palette1, #3182CE);border-radius:8px;border-width:2px 2px 2px 2px;padding-top:4px;padding-right:8px;padding-bottom:4px;padding-left:8px;margin-top:10px;margin-right:0px;margin-bottom:10px;margin-left:0px;}.kt-info-box_c9d928-89 .kt-blocks-info-box-link-wrap:hover .kt-blocks-info-box-learnmore,.kt-info-box_c9d928-89 .kt-blocks-info-box-link-wrap .kt-blocks-info-box-learnmore:focus{color:#ffffff;background:var(--global-palette2, #2B6CB0);border-color:var(--global-palette2, #2B6CB0);}@media all and (max-width: 1024px){.kt-info-box_c9d928-89 .kt-blocks-info-box-link-wrap{border-top:4px solid #eeeeee;border-right:4px solid #eeeeee;border-bottom:4px solid #eeeeee;border-left:4px solid #eeeeee;}}@media all and (max-width: 767px){.kt-info-box_c9d928-89 .kt-blocks-info-box-link-wrap{border-top:4px solid #eeeeee;border-right:4px solid #eeeeee;border-bottom:4px solid #eeeeee;border-left:4px solid #eeeeee;}}<\/style>\n<div class=\"wp-block-kadence-infobox kt-info-box_c9d928-89\"><a class=\"kt-blocks-info-box-link-wrap info-box-link kt-blocks-info-box-media-align-left kt-info-halign-left kb-info-box-vertical-media-align-top\" target=\"_blank\" rel=\"noopener noreferrer nofollow\" href=\"https:\/\/students.tcmi.edu\/TCMISMS_UI\/SignUp.aspx\"><div class=\"kt-blocks-info-box-media-container\"><div class=\"kt-blocks-info-box-media kt-info-media-animate-none\"><div class=\"kadence-info-box-number-container kt-info-number-animate-none\"><div class=\"kadence-info-box-number-inner-container\"><div class=\"kt-blocks-info-box-number\">1<\/div><\/div><\/div><\/div><\/div><div class=\"kt-infobox-textcontent\"><p class=\"kt-blocks-info-box-text\">Pentru a crea un cont nou, face\u021bi clic pe butonul \u201eCreaz\u0103 un cont nou\u201d din partea de jos a paginii web.<\/p><div class=\"kt-blocks-info-box-learnmore-wrap\"><span class=\"kt-blocks-info-box-learnmore\">Creaz\u0103 un cont nou<\/span><\/div><\/div><\/a><\/div>\n\n\n<style>.wp-block-kadence-column.kb-section-dir-horizontal > .kt-inside-inner-col > .kt-info-box_3f4058-7c .kt-blocks-info-box-link-wrap{max-width:unset;}.kt-info-box_3f4058-7c .kt-blocks-info-box-link-wrap{border-top:4px solid #eeeeee;border-right:4px solid #eeeeee;border-bottom:4px solid #eeeeee;border-left:4px solid #eeeeee;border-top-left-radius:20px;border-top-right-radius:20px;border-bottom-right-radius:20px;border-bottom-left-radius:20px;background:#ffffff;padding-top:24px;padding-right:24px;padding-bottom:24px;padding-left:24px;margin-bottom:30px;}.kt-info-box_3f4058-7c .kt-blocks-info-box-link-wrap:hover{background:#ffffff;}.kt-info-box_3f4058-7c .kadence-info-box-icon-container .kt-info-svg-icon, .kt-info-box_3f4058-7c .kt-info-svg-icon-flip, .kt-info-box_3f4058-7c .kt-blocks-info-box-number{font-size:20px;}.kt-info-box_3f4058-7c .kt-blocks-info-box-media{color:#444444;background:#ffffff;border-color:#eeeeee;border-radius:200px;overflow:hidden;border-top-width:5px;border-right-width:5px;border-bottom-width:5px;border-left-width:5px;padding-top:20px;padding-right:20px;padding-bottom:20px;padding-left:20px;margin-top:0px;margin-right:20px;margin-bottom:0px;margin-left:0px;}.kt-info-box_3f4058-7c .kt-blocks-info-box-media .kadence-info-box-image-intrisic img{border-radius:200px;}.kt-info-box_3f4058-7c .kt-blocks-info-box-link-wrap:hover .kt-blocks-info-box-media{color:#444444;background:#ffffff;border-color:#eeeeee;}.kt-info-box_3f4058-7c .kt-infobox-textcontent h2.kt-blocks-info-box-title{padding-top:0px;padding-right:0px;padding-bottom:0px;padding-left:0px;margin-top:5px;margin-right:0px;margin-bottom:10px;margin-left:0px;}.kt-info-box_3f4058-7c .kt-infobox-textcontent .kt-blocks-info-box-text{color:#555555;}.kt-info-box_3f4058-7c .kt-blocks-info-box-learnmore{background:transparent;border-color:#555555;border-width:0px 0px 0px 0px;padding-top:4px;padding-right:8px;padding-bottom:4px;padding-left:8px;margin-top:10px;margin-right:0px;margin-bottom:10px;margin-left:0px;}.kt-info-box_3f4058-7c .kt-blocks-info-box-link-wrap:hover .kt-blocks-info-box-learnmore,.kt-info-box_3f4058-7c .kt-blocks-info-box-link-wrap .kt-blocks-info-box-learnmore:focus{color:#ffffff;background:#444444;border-color:#444444;}@media all and (max-width: 1024px){.kt-info-box_3f4058-7c .kt-blocks-info-box-link-wrap{border-top:4px solid #eeeeee;border-right:4px solid #eeeeee;border-bottom:4px solid #eeeeee;border-left:4px solid #eeeeee;}}@media all and (max-width: 767px){.kt-info-box_3f4058-7c .kt-blocks-info-box-link-wrap{border-top:4px solid #eeeeee;border-right:4px solid #eeeeee;border-bottom:4px solid #eeeeee;border-left:4px solid #eeeeee;}}<\/style>\n<div class=\"wp-block-kadence-infobox kt-info-box_3f4058-7c\"><span class=\"kt-blocks-info-box-link-wrap info-box-link kt-blocks-info-box-media-align-left kt-info-halign-left kb-info-box-vertical-media-align-top\"><div class=\"kt-blocks-info-box-media-container\"><div class=\"kt-blocks-info-box-media kt-info-media-animate-none\"><div class=\"kadence-info-box-number-container kt-info-number-animate-none\"><div class=\"kadence-info-box-number-inner-container\"><div class=\"kt-blocks-info-box-number\">2<\/div><\/div><\/div><\/div><\/div><div class=\"kt-infobox-textcontent\"><p class=\"kt-blocks-info-box-text\">Ve\u021bi primi un e-mail de confirmare a contului, apoi ve\u021bi putea s\u0103 v\u0103 autentifica\u021bi \u0219i s\u0103 solicita\u021bi Admiterea la TCM \u00een calitate de Student.<\/p><\/div><\/span><\/div>\n\n\n<style>.wp-block-kadence-column.kb-section-dir-horizontal > .kt-inside-inner-col > .kt-info-box_354528-90 .kt-blocks-info-box-link-wrap{max-width:unset;}.kt-info-box_354528-90 .kt-blocks-info-box-link-wrap{border-top:4px solid #eeeeee;border-right:4px solid #eeeeee;border-bottom:4px solid #eeeeee;border-left:4px solid #eeeeee;border-top-left-radius:20px;border-top-right-radius:20px;border-bottom-right-radius:20px;border-bottom-left-radius:20px;background:#ffffff;padding-top:24px;padding-right:24px;padding-bottom:24px;padding-left:24px;}.kt-info-box_354528-90 .kt-blocks-info-box-link-wrap:hover{background:#ffffff;}.kt-info-box_354528-90 .kadence-info-box-icon-container .kt-info-svg-icon, .kt-info-box_354528-90 .kt-info-svg-icon-flip, .kt-info-box_354528-90 .kt-blocks-info-box-number{font-size:20px;}.kt-info-box_354528-90 .kt-blocks-info-box-media{color:#444444;background:#ffffff;border-color:#eeeeee;border-radius:200px;overflow:hidden;border-top-width:5px;border-right-width:5px;border-bottom-width:5px;border-left-width:5px;padding-top:20px;padding-right:20px;padding-bottom:20px;padding-left:20px;margin-top:0px;margin-right:20px;margin-bottom:0px;margin-left:0px;}.kt-info-box_354528-90 .kt-blocks-info-box-media .kadence-info-box-image-intrisic img{border-radius:200px;}.kt-info-box_354528-90 .kt-blocks-info-box-link-wrap:hover .kt-blocks-info-box-media{color:#444444;background:#ffffff;border-color:#eeeeee;}.kt-info-box_354528-90 .kt-infobox-textcontent h2.kt-blocks-info-box-title{padding-top:0px;padding-right:0px;padding-bottom:0px;padding-left:0px;margin-top:5px;margin-right:0px;margin-bottom:10px;margin-left:0px;}.kt-info-box_354528-90 .kt-infobox-textcontent .kt-blocks-info-box-text{color:#555555;}.kt-info-box_354528-90 .kt-blocks-info-box-learnmore{color:var(--global-palette9, #ffffff);background:var(--global-palette1, #3182CE);border-color:var(--global-palette1, #3182CE);border-radius:8px;border-width:2px 2px 2px 2px;padding-top:4px;padding-right:8px;padding-bottom:4px;padding-left:8px;margin-top:10px;margin-right:0px;margin-bottom:10px;margin-left:0px;}.kt-info-box_354528-90 .kt-blocks-info-box-link-wrap:hover .kt-blocks-info-box-learnmore,.kt-info-box_354528-90 .kt-blocks-info-box-link-wrap .kt-blocks-info-box-learnmore:focus{color:#ffffff;background:var(--global-palette2, #2B6CB0);border-color:var(--global-palette2, #2B6CB0);}@media all and (max-width: 1024px){.kt-info-box_354528-90 .kt-blocks-info-box-link-wrap{border-top:4px solid #eeeeee;border-right:4px solid #eeeeee;border-bottom:4px solid #eeeeee;border-left:4px solid #eeeeee;}}@media all and (max-width: 767px){.kt-info-box_354528-90 .kt-blocks-info-box-link-wrap{border-top:4px solid #eeeeee;border-right:4px solid #eeeeee;border-bottom:4px solid #eeeeee;border-left:4px solid #eeeeee;}}<\/style>\n<div class=\"wp-block-kadence-infobox kt-info-box_354528-90\"><a class=\"kt-blocks-info-box-link-wrap info-box-link kt-blocks-info-box-media-align-left kt-info-halign-left\" target=\"_blank\" rel=\"noopener noreferrer nofollow\" href=\"https:\/\/students.tcmi.edu\/TCMISMS_UI\/Login.aspx\"><div class=\"kt-blocks-info-box-media-container\"><div class=\"kt-blocks-info-box-media kt-info-media-animate-none\"><div class=\"kadence-info-box-number-container kt-info-number-animate-none\"><div class=\"kadence-info-box-number-inner-container\"><div class=\"kt-blocks-info-box-number\">3<\/div><\/div><\/div><\/div><\/div><div class=\"kt-infobox-textcontent\"><div class=\"kt-blocks-info-box-learnmore-wrap\"><span class=\"kt-blocks-info-box-learnmore\">Conecta\u021bi-v\u0103 la SMS<\/span><\/div><\/div><\/a><\/div>\n<\/div><\/div>\n\n\n<style>.kadence-column_6114e0-1c > .kt-inside-inner-col,.kadence-column_6114e0-1c > .kt-inside-inner-col:before{border-top-left-radius:0px;border-top-right-radius:0px;border-bottom-right-radius:0px;border-bottom-left-radius:0px;}.kadence-column_6114e0-1c > .kt-inside-inner-col{column-gap:var(--global-kb-gap-sm, 1rem);}.kadence-column_6114e0-1c > .kt-inside-inner-col{flex-direction:column;}.kadence-column_6114e0-1c > .kt-inside-inner-col > .aligncenter{width:100%;}.kadence-column_6114e0-1c > .kt-inside-inner-col:before{opacity:0.3;}.kadence-column_6114e0-1c{position:relative;}@media all and (max-width: 1024px){.kadence-column_6114e0-1c > .kt-inside-inner-col{flex-direction:column;justify-content:center;}}@media all and (max-width: 767px){.kadence-column_6114e0-1c > .kt-inside-inner-col{flex-direction:column;justify-content:center;}}<\/style>\n<div class=\"wp-block-kadence-column kadence-column_6114e0-1c inner-column-2\"><div class=\"kt-inside-inner-col\"><style>.wp-block-kadence-column.kb-section-dir-horizontal > .kt-inside-inner-col > .kt-info-box_96b1b9-40 .kt-blocks-info-box-link-wrap{max-width:unset;}.kt-info-box_96b1b9-40 .kt-blocks-info-box-link-wrap{border-top:4px solid #eeeeee;border-right:4px solid #eeeeee;border-bottom:4px solid #eeeeee;border-left:4px solid #eeeeee;border-top-left-radius:20px;border-top-right-radius:20px;border-bottom-right-radius:20px;border-bottom-left-radius:20px;background:#ffffff;padding-top:24px;padding-right:24px;padding-bottom:24px;padding-left:24px;margin-bottom:30px;}.kt-info-box_96b1b9-40 .kt-blocks-info-box-link-wrap:hover{background:#ffffff;}.kt-info-box_96b1b9-40 .kadence-info-box-icon-container .kt-info-svg-icon, .kt-info-box_96b1b9-40 .kt-info-svg-icon-flip, .kt-info-box_96b1b9-40 .kt-blocks-info-box-number{font-size:20px;}.kt-info-box_96b1b9-40 .kt-blocks-info-box-media{color:#444444;background:#ffffff;border-color:#eeeeee;border-radius:200px;overflow:hidden;border-top-width:5px;border-right-width:5px;border-bottom-width:5px;border-left-width:5px;padding-top:20px;padding-right:20px;padding-bottom:20px;padding-left:20px;margin-top:0px;margin-right:20px;margin-bottom:0px;margin-left:0px;}.kt-info-box_96b1b9-40 .kt-blocks-info-box-media .kadence-info-box-image-intrisic img{border-radius:200px;}.kt-info-box_96b1b9-40 .kt-blocks-info-box-link-wrap:hover .kt-blocks-info-box-media{color:#444444;background:#ffffff;border-color:#eeeeee;}.kt-info-box_96b1b9-40 .kt-infobox-textcontent h2.kt-blocks-info-box-title{padding-top:0px;padding-right:0px;padding-bottom:0px;padding-left:0px;margin-top:5px;margin-right:0px;margin-bottom:10px;margin-left:0px;}.kt-info-box_96b1b9-40 .kt-infobox-textcontent .kt-blocks-info-box-text{color:#555555;}.kt-info-box_96b1b9-40 .kt-blocks-info-box-learnmore{background:transparent;border-color:#555555;border-width:0px 0px 0px 0px;padding-top:4px;padding-right:8px;padding-bottom:4px;padding-left:8px;margin-top:10px;margin-right:0px;margin-bottom:10px;margin-left:0px;}.kt-info-box_96b1b9-40 .kt-blocks-info-box-link-wrap:hover .kt-blocks-info-box-learnmore,.kt-info-box_96b1b9-40 .kt-blocks-info-box-link-wrap .kt-blocks-info-box-learnmore:focus{color:#ffffff;background:#444444;border-color:#444444;}@media all and (max-width: 1024px){.kt-info-box_96b1b9-40 .kt-blocks-info-box-link-wrap{border-top:4px solid #eeeeee;border-right:4px solid #eeeeee;border-bottom:4px solid #eeeeee;border-left:4px solid #eeeeee;}}@media all and (max-width: 767px){.kt-info-box_96b1b9-40 .kt-blocks-info-box-link-wrap{border-top:4px solid #eeeeee;border-right:4px solid #eeeeee;border-bottom:4px solid #eeeeee;border-left:4px solid #eeeeee;}}<\/style>\n<div class=\"wp-block-kadence-infobox kt-info-box_96b1b9-40\"><span class=\"kt-blocks-info-box-link-wrap info-box-link kt-blocks-info-box-media-align-left kt-info-halign-left kb-info-box-vertical-media-align-top\"><div class=\"kt-blocks-info-box-media-container\"><div class=\"kt-blocks-info-box-media kt-info-media-animate-none\"><div class=\"kadence-info-box-number-container kt-info-number-animate-none\"><div class=\"kadence-info-box-number-inner-container\"><div class=\"kt-blocks-info-box-number\">4<\/div><\/div><\/div><\/div><\/div><div class=\"kt-infobox-textcontent\"><p class=\"kt-blocks-info-box-text\">Dup\u0103 ce v-a\u021bi conectat la SMS, deschide\u021bi meniul \u201eCerere\u201d din bara lateral\u0103 din st\u00e2nga \u0219i face\u021bi clic pe Formularul de Cerere.<\/p><\/div><\/span><\/div>\n\n\n<style>.wp-block-kadence-column.kb-section-dir-horizontal > .kt-inside-inner-col > .kt-info-box_33c096-c7 .kt-blocks-info-box-link-wrap{max-width:unset;}.kt-info-box_33c096-c7 .kt-blocks-info-box-link-wrap{border-top:4px solid #eeeeee;border-right:4px solid #eeeeee;border-bottom:4px solid #eeeeee;border-left:4px solid #eeeeee;border-top-left-radius:20px;border-top-right-radius:20px;border-bottom-right-radius:20px;border-bottom-left-radius:20px;background:#ffffff;padding-top:24px;padding-right:24px;padding-bottom:24px;padding-left:24px;}.kt-info-box_33c096-c7 .kt-blocks-info-box-link-wrap:hover{background:#ffffff;}.kt-info-box_33c096-c7 .kadence-info-box-icon-container .kt-info-svg-icon, .kt-info-box_33c096-c7 .kt-info-svg-icon-flip, .kt-info-box_33c096-c7 .kt-blocks-info-box-number{font-size:20px;}.kt-info-box_33c096-c7 .kt-blocks-info-box-media{color:#444444;background:#ffffff;border-color:#eeeeee;border-radius:200px;overflow:hidden;border-top-width:5px;border-right-width:5px;border-bottom-width:5px;border-left-width:5px;padding-top:20px;padding-right:20px;padding-bottom:20px;padding-left:20px;margin-top:0px;margin-right:20px;margin-bottom:0px;margin-left:0px;}.kt-info-box_33c096-c7 .kt-blocks-info-box-media .kadence-info-box-image-intrisic img{border-radius:200px;}.kt-info-box_33c096-c7 .kt-blocks-info-box-link-wrap:hover .kt-blocks-info-box-media{color:#444444;background:#ffffff;border-color:#eeeeee;}.kt-info-box_33c096-c7 .kt-infobox-textcontent h2.kt-blocks-info-box-title{padding-top:0px;padding-right:0px;padding-bottom:0px;padding-left:0px;margin-top:5px;margin-right:0px;margin-bottom:10px;margin-left:0px;}.kt-info-box_33c096-c7 .kt-infobox-textcontent .kt-blocks-info-box-text{color:#555555;}.kt-info-box_33c096-c7 .kt-blocks-info-box-learnmore{color:var(--global-palette9, #ffffff);background:var(--global-palette1, #3182CE);border-color:var(--global-palette1, #3182CE);border-radius:8px;border-width:2px 2px 2px 2px;padding-top:4px;padding-right:8px;padding-bottom:4px;padding-left:8px;margin-top:10px;margin-right:0px;margin-bottom:10px;margin-left:0px;}.kt-info-box_33c096-c7 .kt-blocks-info-box-link-wrap:hover .kt-blocks-info-box-learnmore,.kt-info-box_33c096-c7 .kt-blocks-info-box-link-wrap .kt-blocks-info-box-learnmore:focus{color:#ffffff;background:var(--global-palette2, #2B6CB0);border-color:var(--global-palette2, #2B6CB0);}@media all and (max-width: 1024px){.kt-info-box_33c096-c7 .kt-blocks-info-box-link-wrap{border-top:4px solid #eeeeee;border-right:4px solid #eeeeee;border-bottom:4px solid #eeeeee;border-left:4px solid #eeeeee;}}@media all and (max-width: 767px){.kt-info-box_33c096-c7 .kt-blocks-info-box-link-wrap{border-top:4px solid #eeeeee;border-right:4px solid #eeeeee;border-bottom:4px solid #eeeeee;border-left:4px solid #eeeeee;}}<\/style>\n<div class=\"wp-block-kadence-infobox kt-info-box_33c096-c7\"><a class=\"kt-blocks-info-box-link-wrap info-box-link kt-blocks-info-box-media-align-left kt-info-halign-left kb-info-box-vertical-media-align-top\" href=\"https:\/\/tcmi.edu\/contact-us\/\"><div class=\"kt-blocks-info-box-media-container\"><div class=\"kt-blocks-info-box-media kt-info-media-animate-none\"><div class=\"kadence-info-box-number-container kt-info-number-animate-none\"><div class=\"kadence-info-box-number-inner-container\"><div class=\"kt-blocks-info-box-number\">5<\/div><\/div><\/div><\/div><\/div><div class=\"kt-infobox-textcontent\"><p class=\"kt-blocks-info-box-text\">Vi se va solicita apoi o serie de informa\u021bii necesare, cum ar fi numele, adresa, date de identificare \u0219i altele. Dac\u0103 ave\u021bi \u00eentreb\u0103ri \u00een timpul procesului de \u00eenregistrare, v\u0103 rug\u0103m s\u0103 contacta\u021bi Secretarul \u0218ef.<\/p><div class=\"kt-blocks-info-box-learnmore-wrap\"><span class=\"kt-blocks-info-box-learnmore\">Contacta\u021bi Secretarul \u0218ef<\/span><\/div><\/div><\/a><\/div>\n<\/div><\/div>\n\n<\/div><\/div>\n<p>\n          <em>Chiar dac\u0103 TCM ofer\u0103 cursurile sale \u00een 7 limbi diferite, cererea trebuie completat\u0103 NUMAI \u00ceN ENGLEZ\u0102, altfel nu va fi acceptat\u0103. V\u0103 rug\u0103m s\u0103 g\u0103si\u021bi pe cineva care s\u0103 v\u0103 ajute cu cererea \u00een limba englez\u0103. Comitetul de admitere va lua \u00een considerare numai cererea completat\u0103 \u00een \u00eentregime \u0219i va stabili acceptul solicitantului. Notificarea accept\u0103rii sau a refuzului de admitere va fi trimis\u0103 solicitantului \u00een cursul lunii urm\u0103toare respect\u00e2nd termenul limit\u0103. Cererea completat\u0103 nu garanteaz\u0103 admiterea (acceptarea) dvs. \u00een niciun program TCM.<\/em>\n        <\/p>\n\n<h3 class=\"wp-block-heading\" id=\"mdiv-requirements\">Master of Divinity (M.Div.) Cerin\u021be de Admitere<\/h3>\n\n<p>Master of Divinity (M.Div.) candida\u021bii trebuie s\u0103 demonstreze un nivel bun de competen\u021b\u0103 \u00een limba englez\u0103 prin una dintre op\u021biunile prezentate mai jos:<\/p>\n\n<ul class=\"wp-block-list\">\n<li>Prezentarea rezultatelor testului TOEFL (scor minim 570) sau TOEFL iBT (88)<\/li>\n\n\n\n<li>Prezentarea rezultatelor testului IELTS (scor 6,5)<\/li>\n\n\n\n<li>Numirea a cel pu\u021bin un curs TCM urmat \u0219i promovat ca student \u00een limba englez\u0103 (lectur\u0103, sarcini \u0219i sesiuni de clas\u0103 numai \u00een limba englez\u0103).<\/li>\n\n\n\n<li>\u00censcrierea la un curs de teologie practic\u0103 (PT) \u0219i promovarea lui, ca student cunosc\u0103tor de limba englez\u0103 (lectur\u0103, sarcini \u0219i sesiuni de clas\u0103 numai \u00een limba englez\u0103).<\/li>\n\n\n\n<li>\u00censcrierea la cursul PT 569 English Skills for Theological Studies, \u0219i promovarea lui. Dup\u0103 finalizarea acestui curs, se va stabili nivelul de competen\u021b\u0103 \u00een limba englez\u0103 a studentului \u0219i fie va fi recomandat s\u0103 fie luat \u00een considerare pentru programul M.Div. sau \u00eendreptat spre \u00eembun\u0103t\u0103\u021birea competen\u021belor \u00een limba englez\u0103.<\/li>\n<\/ul>\n","protected":false},"excerpt":{"rendered":"<p>Termenele de aplicare pentru admitere la studii TCM sunt 2 ianuarie &#8211; 1 aprilie 2 aprilie p\u00e2n\u0103 la 1 iulie 2 iulie &#8211; 1 octombrie 2 octombrie p\u00e2n\u0103 la 1 ianuarie Cererile complete primite p\u00e2n\u0103 la termenul limit\u0103 stabilit pentru fiecare trimestru vor fi examinate \u00een termen de dou\u0103 luni. Instruc\u021biuni Pentru a v\u0103 \u00eenscrie&#8230;<\/p>\n","protected":false},"author":1,"featured_media":5472,"parent":11037,"menu_order":0,"comment_status":"closed","ping_status":"closed","template":"","meta":{"_acf_changed":false,"_kad_blocks_custom_css":"","_kad_blocks_head_custom_js":"","_kad_blocks_body_custom_js":"","_kad_blocks_footer_custom_js":"","_kad_post_transparent":"","_kad_post_title":"","_kad_post_layout":"","_kad_post_sidebar_id":"","_kad_post_content_style":"","_kad_post_vertical_padding":"","_kad_post_feature":"","_kad_post_feature_position":"","_kad_post_header":false,"_kad_post_footer":false,"_kad_post_classname":"","footnotes":""},"page_category":[],"class_list":["post-11107","page","type-page","status-publish","has-post-thumbnail","hentry"],"acf":[],"taxonomy_info":[],"featured_image_src_large":["https:\/\/tcmi.edu\/wp-content\/uploads\/2020\/07\/smiles.jpg",897,598,false],"author_info":{"display_name":"Kaleb Heitzman","author_link":"https:\/\/tcmi.edu\/ro\/author\/developer\/"},"comment_info":"","_links":{"self":[{"href":"https:\/\/tcmi.edu\/ro\/wp-json\/wp\/v2\/pages\/11107","targetHints":{"allow":["GET"]}}],"collection":[{"href":"https:\/\/tcmi.edu\/ro\/wp-json\/wp\/v2\/pages"}],"about":[{"href":"https:\/\/tcmi.edu\/ro\/wp-json\/wp\/v2\/types\/page"}],"author":[{"embeddable":true,"href":"https:\/\/tcmi.edu\/ro\/wp-json\/wp\/v2\/users\/1"}],"replies":[{"embeddable":true,"href":"https:\/\/tcmi.edu\/ro\/wp-json\/wp\/v2\/comments?post=11107"}],"version-history":[{"count":40,"href":"https:\/\/tcmi.edu\/ro\/wp-json\/wp\/v2\/pages\/11107\/revisions"}],"predecessor-version":[{"id":40410,"href":"https:\/\/tcmi.edu\/ro\/wp-json\/wp\/v2\/pages\/11107\/revisions\/40410"}],"up":[{"embeddable":true,"href":"https:\/\/tcmi.edu\/ro\/wp-json\/wp\/v2\/pages\/11037"}],"wp:featuredmedia":[{"embeddable":true,"href":"https:\/\/tcmi.edu\/ro\/wp-json\/wp\/v2\/media\/5472"}],"wp:attachment":[{"href":"https:\/\/tcmi.edu\/ro\/wp-json\/wp\/v2\/media?parent=11107"}],"wp:term":[{"taxonomy":"page_category","embeddable":true,"href":"https:\/\/tcmi.edu\/ro\/wp-json\/wp\/v2\/page_category?post=11107"}],"curies":[{"name":"wp","href":"https:\/\/api.w.org\/{rel}","templated":true}]}}