{"id":11089,"date":"2013-11-07T02:21:04","date_gmt":"2013-11-07T07:21:04","guid":{"rendered":"https:\/\/tcmi.edu\/absolventi\/"},"modified":"2021-08-06T22:06:13","modified_gmt":"2021-08-07T02:06:13","slug":"absolventi","status":"publish","type":"page","link":"https:\/\/tcmi.edu\/ro\/absolventi\/","title":{"rendered":"Absolven\u021bi"},"content":{"rendered":"<style>#kt-layout-id_b02de8-13 > .kt-row-column-wrap{align-content:start;}:where(#kt-layout-id_b02de8-13 > .kt-row-column-wrap) > .wp-block-kadence-column{justify-content:start;}#kt-layout-id_b02de8-13 > .kt-row-column-wrap{column-gap:var(--global-kb-gap-md, 2rem);row-gap:var(--global-kb-gap-md, 2rem);padding-top:var( --global-kb-row-default-top, 25px );padding-bottom:var( --global-kb-row-default-bottom, 25px );padding-top:var(--global-kb-spacing-sm, 1.5rem);padding-bottom:var(--global-kb-spacing-sm, 1.5rem);grid-template-columns:repeat(2, minmax(0, 1fr));}#kt-layout-id_b02de8-13 > .kt-row-layout-overlay{opacity:0.30;}@media all and (max-width: 1024px){#kt-layout-id_b02de8-13 > .kt-row-column-wrap{grid-template-columns:repeat(2, minmax(0, 1fr));}}@media all and (max-width: 767px){#kt-layout-id_b02de8-13 > .kt-row-column-wrap{grid-template-columns:minmax(0, 1fr);}}<\/style>\n<div class=\"wp-block-kadence-rowlayout alignnone\" id=\"learn-more\"><div id=\"kt-layout-id_b02de8-13\" class=\"kt-row-layout-inner kt-layout-id_b02de8-13\"><div class=\"kt-row-column-wrap kt-has-2-columns kt-gutter-default kt-v-gutter-default kt-row-valign-top kt-row-layout-equal kt-tab-layout-inherit kt-m-colapse-left-to-right kt-mobile-layout-row\"><style>.kadence-column_24b98d-eb > .kt-inside-inner-col{border-top-width:0px;border-right-width:0px;border-bottom-width:0px;border-left-width:0px;}.kadence-column_24b98d-eb > .kt-inside-inner-col,.kadence-column_24b98d-eb > .kt-inside-inner-col:before{border-top-left-radius:0px;border-top-right-radius:0px;border-bottom-right-radius:0px;border-bottom-left-radius:0px;}.kadence-column_24b98d-eb > .kt-inside-inner-col{column-gap:var(--global-kb-gap-sm, 1rem);}.kadence-column_24b98d-eb > .kt-inside-inner-col{flex-direction:column;}.kadence-column_24b98d-eb > .kt-inside-inner-col > .aligncenter{width:100%;}.kadence-column_24b98d-eb > .kt-inside-inner-col:before{opacity:0.3;}.kadence-column_24b98d-eb{position:relative;}@media all and (max-width: 1024px){.kadence-column_24b98d-eb > .kt-inside-inner-col{flex-direction:column;justify-content:center;}}@media all and (max-width: 767px){.kadence-column_24b98d-eb > .kt-inside-inner-col{flex-direction:column;justify-content:center;}}<\/style>\n<div class=\"wp-block-kadence-column inner-column-1 kadence-column_24b98d-eb\"><div class=\"kt-inside-inner-col\">\n<p>Institutul Interna\u021bional TCM a organizat prima sa ceremonie de absolvire \u00een 1995 cu opt absolven\u021bi. P\u00e2n\u0103 \u00een prezent, 754 de studen\u021bi au absolvit TCM \u0219i 46 de absolven\u021bi \u00een 2020. Num\u0103rul vie\u021bilor atinse de absolven\u021bii TCM nu poate fi calculat \u00eentruc\u00e2t fiecare via\u021b\u0103 \u0219i m\u0103rturie atinge pe al\u021bii \u00eentr-un val nesf\u00e2r\u0219it care a pornit cu lucrarea TCM pentru Europa de Est \u0219i Asia Central\u0103.<\/p>\n\n\n\n<p>Unde prin lume sunt absolven\u021bii TCM? Studen\u021bi din 36 de \u021b\u0103ri studiaz\u0103 acum la TCM, unii la Haus Edelweiss \u0219i al\u021bii \u00een loca\u021biile noastre din teritoriu Absolven\u021bii no\u0219tri sunt \u00eempr\u0103\u0219tia\u021bi \u00een multe alte \u021b\u0103ri \u0219i pe cel pu\u021bin patru continente, \u00eemplinind Marea Trimitere a lui Hristos.<\/p>\n\n\n\n<p>Ce fac \u00een lume absolven\u021bii TCM? Majoritatea sunt lideri cre\u0219tini \u00een bisericile locale din comunit\u0103\u021bile lor. Absolven\u021bii TCM sunt pastori \u0219i \u00eenv\u0103\u021b\u0103tori pentru toate grupele de v\u00e2rst\u0103. Mul\u021bi au continuat cu programe de doctorat \u0219i acum predau \u00een seminarii \u0219i institute teologice. C\u00e2\u021biva dintre ei predau cursuri la TCM. Absolven\u021bii slujesc \u00een calitate de directori de orfelinate, lideri de tineret, plantatori de biserici, lucr\u0103tori cu persoane cu dizabilit\u0103\u021bi, \u00eenv\u0103\u021b\u0103tori \u00een centre de zi, manageri ai posturilor de radio Trans World, misionari, muzicieni cre\u0219tini \u0219i \u00een multe alte domenii unde pot str\u0103luci cu lumina lui Hristos \u00een locuri \u00eentunecate ale acestei lumi. Mul\u021bi sunt parteneri \u0219i colaboreaz\u0103 \u00eentre ei la proiecte comune care dep\u0103\u0219esc grani\u021bele \u021b\u0103rilor lor. Sut\u0103 la sut\u0103 dintre absolven\u021bii TCM continu\u0103 s\u0103 munceasc\u0103 fie \u00een calitate de salaria\u021bi sau voluntari \u00een slujire cre\u0219tin\u0103.<\/p>\n\n\n<style>.wp-block-kadence-spacer.kt-block-spacer-_c21dd8-0e .kt-block-spacer{height:60px;}.wp-block-kadence-spacer.kt-block-spacer-_c21dd8-0e .kt-divider{border-top-width:1px;height:1px;border-top-color:#eee;width:80%;border-top-style:solid;}<\/style>\n<div class=\"wp-block-kadence-spacer aligncenter kt-block-spacer-_c21dd8-0e\"><div class=\"kt-block-spacer kt-block-spacer-halign-center\" style=\"height:60px\"><hr class=\"kt-divider\" style=\"border-top-color:rgba(238, 238, 238, 1);border-top-width:1px;width:80%;border-top-style:solid\"\/><\/div><\/div>\n\n\n\n<p>\u00cen sondajele noastre pentru absolven\u021bi apare \u00een fiecare an motivul recurent &#8211; Mul\u021bumesc, pentru c\u0103 \u00eemplini\u021bi Marea Trimitere.<\/p>\n<\/div><\/div>\n\n\n<style>.kadence-column_f87dbc-12 > .kt-inside-inner-col{border-top-width:0px;border-right-width:0px;border-bottom-width:0px;border-left-width:0px;}.kadence-column_f87dbc-12 > .kt-inside-inner-col,.kadence-column_f87dbc-12 > .kt-inside-inner-col:before{border-top-left-radius:0px;border-top-right-radius:0px;border-bottom-right-radius:0px;border-bottom-left-radius:0px;}.kadence-column_f87dbc-12 > .kt-inside-inner-col{column-gap:var(--global-kb-gap-sm, 1rem);}.kadence-column_f87dbc-12 > .kt-inside-inner-col{flex-direction:column;}.kadence-column_f87dbc-12 > .kt-inside-inner-col > .aligncenter{width:100%;}.kadence-column_f87dbc-12 > .kt-inside-inner-col:before{opacity:0.3;}.kadence-column_f87dbc-12{position:relative;}@media all and (max-width: 1024px){.kadence-column_f87dbc-12 > .kt-inside-inner-col{flex-direction:column;justify-content:center;}}@media all and (max-width: 767px){.kadence-column_f87dbc-12 > .kt-inside-inner-col{flex-direction:column;justify-content:center;}}<\/style>\n<div class=\"wp-block-kadence-column inner-column-2 kadence-column_f87dbc-12\"><div class=\"kt-inside-inner-col\">\n<figure class=\"wp-block-pullquote has-background has-theme-palette-8-background-color is-style-solid-color\"><blockquote class=\"has-text-color has-theme-palette-3-color\"><p>\u201eStudiul la TCM a fost o experien\u021b\u0103 cu adev\u0103rat minunat\u0103. Sunt mul\u021bumitor pentru profesorii care ne pot \u00eenfl\u0103c\u0103ra inima pentru a-l sluji pe Hristos \u00een diferite domenii unde func\u021bioneaz\u0103 biserica\u201d.<\/p><cite>\n          <em>Absolvent M.Div.<\/em>\n        <\/cite><\/blockquote><\/figure>\n\n\n\n<figure class=\"wp-block-pullquote has-background has-theme-palette-8-background-color is-style-solid-color\"><blockquote class=\"has-text-color has-theme-palette-3-color\"><p>\u201eMul\u021bumesc tuturor celor care au participat la sprijinul instruirii mele. Mul\u021bumesc profesorilor mei care m-au \u00eenv\u0103\u021bat s\u0103 privesc Biblia, lumea \u0219i slujirea mai larg \u0219i mai profund dec\u00e2t am f\u0103cut-o \u00eenainte \u201d. <\/p><cite>\n          <em>Absolvent M.A.<\/em>\n        <\/cite><\/blockquote><\/figure>\n\n\n\n<figure class=\"wp-block-pullquote has-background has-theme-palette-8-background-color is-style-solid-color\"><blockquote class=\"has-text-color has-theme-palette-3-color\"><p>\u201eAceasta a fost una dintre binecuv\u00e2nt\u0103rile vie\u021bii mele!\u201d <\/p><cite>\n          <em>Absolvent certificat<\/em>\n        <\/cite><\/blockquote><\/figure>\n<\/div><\/div>\n<\/div><\/div><\/div>\n","protected":false},"excerpt":{"rendered":"<p>Institutul Interna\u021bional TCM a organizat prima sa ceremonie de absolvire \u00een 1995 cu opt absolven\u021bi. P\u00e2n\u0103 \u00een prezent, 754 de studen\u021bi au absolvit TCM \u0219i 46 de absolven\u021bi \u00een 2020. Num\u0103rul vie\u021bilor atinse de absolven\u021bii TCM nu poate fi calculat \u00eentruc\u00e2t fiecare via\u021b\u0103 \u0219i m\u0103rturie atinge pe al\u021bii \u00eentr-un val nesf\u00e2r\u0219it care a pornit cu&#8230;<\/p>\n","protected":false},"author":1,"featured_media":7714,"parent":0,"menu_order":0,"comment_status":"closed","ping_status":"closed","template":"","meta":{"_acf_changed":false,"_kad_blocks_custom_css":"","_kad_blocks_head_custom_js":"","_kad_blocks_body_custom_js":"","_kad_blocks_footer_custom_js":"","_kad_post_transparent":"","_kad_post_title":"hide","_kad_post_layout":"","_kad_post_sidebar_id":"","_kad_post_content_style":"","_kad_post_vertical_padding":"default","_kad_post_feature":"","_kad_post_feature_position":"","_kad_post_header":false,"_kad_post_footer":false,"_kad_post_classname":"","footnotes":""},"page_category":[201],"class_list":["post-11089","page","type-page","status-publish","has-post-thumbnail","hentry","page_category-alumni-page-ro"],"acf":[],"taxonomy_info":{"page_category":[{"value":201,"label":"alumni-page"}]},"featured_image_src_large":["https:\/\/tcmi.edu\/wp-content\/uploads\/2021\/02\/Clinton-Okanga-1024x576.jpeg",1024,576,true],"author_info":{"display_name":"Kaleb Heitzman","author_link":"https:\/\/tcmi.edu\/ro\/author\/developer\/"},"comment_info":"","_links":{"self":[{"href":"https:\/\/tcmi.edu\/ro\/wp-json\/wp\/v2\/pages\/11089","targetHints":{"allow":["GET"]}}],"collection":[{"href":"https:\/\/tcmi.edu\/ro\/wp-json\/wp\/v2\/pages"}],"about":[{"href":"https:\/\/tcmi.edu\/ro\/wp-json\/wp\/v2\/types\/page"}],"author":[{"embeddable":true,"href":"https:\/\/tcmi.edu\/ro\/wp-json\/wp\/v2\/users\/1"}],"replies":[{"embeddable":true,"href":"https:\/\/tcmi.edu\/ro\/wp-json\/wp\/v2\/comments?post=11089"}],"version-history":[{"count":9,"href":"https:\/\/tcmi.edu\/ro\/wp-json\/wp\/v2\/pages\/11089\/revisions"}],"predecessor-version":[{"id":12720,"href":"https:\/\/tcmi.edu\/ro\/wp-json\/wp\/v2\/pages\/11089\/revisions\/12720"}],"wp:featuredmedia":[{"embeddable":true,"href":"https:\/\/tcmi.edu\/ro\/wp-json\/wp\/v2\/media\/7714"}],"wp:attachment":[{"href":"https:\/\/tcmi.edu\/ro\/wp-json\/wp\/v2\/media?parent=11089"}],"wp:term":[{"taxonomy":"page_category","embeddable":true,"href":"https:\/\/tcmi.edu\/ro\/wp-json\/wp\/v2\/page_category?post=11089"}],"curies":[{"name":"wp","href":"https:\/\/api.w.org\/{rel}","templated":true}]}}