{"id":11082,"date":"2013-11-07T01:54:42","date_gmt":"2013-11-07T06:54:42","guid":{"rendered":"https:\/\/tcmi.edu\/biblioteca\/"},"modified":"2021-11-23T08:04:10","modified_gmt":"2021-11-23T13:04:10","slug":"biblioteca","status":"publish","type":"page","link":"https:\/\/tcmi.edu\/ro\/biblioteca\/","title":{"rendered":"Bibliotec\u0103"},"content":{"rendered":"\n<p>Bine a\u021bi venit la Biblioteca Memorial\u0103 Georgia TCM. Misiunea noastr\u0103 este de a oferi resurse la distan\u021b\u0103 care s\u0103 sus\u021bin\u0103 \u0219i s\u0103 \u00eembog\u0103\u021beasc\u0103 planul de \u00eenv\u0103\u021b\u0103m\u00e2nt, precum \u0219i s\u0103 r\u0103spund\u0103 nevoilor studen\u021bilor de \u00eenv\u0103\u021bare a informa\u021biilor diverse, \u00een continu\u0103 schimbare, pe m\u0103sur\u0103 ce ace\u0219tia se preg\u0103tesc pentru roluri de conducere \u00een mi\u0219c\u0103rile de formare de ucenici.<\/p>\n\n<p>Biblioteca con\u021bine peste 24.000 de publica\u021bii, resurse media \u0219i video, teze \u0219i diserta\u021bii, precum \u0219i reviste. Resursele noastre sunt \u00een 11 limbi (englez\u0103, german\u0103, rus\u0103, rom\u00e2n\u0103, maghiar\u0103, polonez\u0103, ceh\u0103, bulgar\u0103, eston\u0103, ucrainean\u0103 \u0219i turc\u0103). \u00cen ultimii ani, ne-am concentrat pe achizi\u021bionarea mai multor materiale electronice pentru a sprijini mai bine planul de \u00eenv\u0103\u021b\u0103m\u00e2nt cu predare la distan\u021b\u0103. Colec\u021bia electronic\u0103 a Bibliotecii include eBook-uri \u0219i c\u0103r\u021bi audio, eBook-uri de specialitate, jurnale electronice \u0219i baze de date cu jurnale electronice, teze \u0219i diserta\u021bii.<\/p>\n\n<p>Indiferent dac\u0103 asista\u021bi la un curs sau sunte\u021bi student activ, profesor permanent sau invitat, sper\u0103m c\u0103 ve\u021bi g\u0103si exact ceea de ce ave\u021bi nevoie. Explora\u021bi sec\u021biunea dedicat\u0103 bibliotecii la<a href=\"https:\/\/tcmi.edu\/ro\/biblioteca\/\" data-type=\"page\" data-id=\"5117\" target=\"_blank\" rel=\"noreferrer noopener\"> tcmi.edu<\/a> sau \u00eenscrie\u021bi-v\u0103 la<a rel=\"noreferrer noopener\" href=\"https:\/\/learn.tcmi.edu\/course\/view.php?id=1340\" target=\"_blank\">Cursul Resursele Bibliotecii TCM pe Moodle.<\/a><\/p>\n","protected":false},"excerpt":{"rendered":"<p>Bine a\u021bi venit la Biblioteca Memorial\u0103 Georgia TCM. Misiunea noastr\u0103 este de a oferi resurse la distan\u021b\u0103 care s\u0103 sus\u021bin\u0103 \u0219i s\u0103 \u00eembog\u0103\u021beasc\u0103 planul de \u00eenv\u0103\u021b\u0103m\u00e2nt, precum \u0219i s\u0103 r\u0103spund\u0103 nevoilor studen\u021bilor de \u00eenv\u0103\u021bare a informa\u021biilor diverse, \u00een continu\u0103 schimbare, pe m\u0103sur\u0103 ce ace\u0219tia se preg\u0103tesc pentru roluri de conducere \u00een mi\u0219c\u0103rile de formare de&#8230;<\/p>\n","protected":false},"author":29,"featured_media":5157,"parent":0,"menu_order":0,"comment_status":"closed","ping_status":"closed","template":"","meta":{"_acf_changed":false,"_kad_blocks_custom_css":"","_kad_blocks_head_custom_js":"","_kad_blocks_body_custom_js":"","_kad_blocks_footer_custom_js":"","_kad_post_transparent":"","_kad_post_title":"","_kad_post_layout":"","_kad_post_sidebar_id":"","_kad_post_content_style":"","_kad_post_vertical_padding":"","_kad_post_feature":"","_kad_post_feature_position":"","_kad_post_header":false,"_kad_post_footer":false,"_kad_post_classname":"","footnotes":""},"page_category":[],"class_list":["post-11082","page","type-page","status-publish","has-post-thumbnail","hentry"],"acf":[],"taxonomy_info":[],"featured_image_src_large":["https:\/\/tcmi.edu\/wp-content\/uploads\/2020\/07\/books-classroom-college-desk-289738-scaled-1024x684.jpg",1024,684,true],"author_info":{"display_name":"Oksana Puzynina","author_link":"https:\/\/tcmi.edu\/ro\/author\/oksana-puzyninatcmi-edu\/"},"comment_info":"","_links":{"self":[{"href":"https:\/\/tcmi.edu\/ro\/wp-json\/wp\/v2\/pages\/11082","targetHints":{"allow":["GET"]}}],"collection":[{"href":"https:\/\/tcmi.edu\/ro\/wp-json\/wp\/v2\/pages"}],"about":[{"href":"https:\/\/tcmi.edu\/ro\/wp-json\/wp\/v2\/types\/page"}],"author":[{"embeddable":true,"href":"https:\/\/tcmi.edu\/ro\/wp-json\/wp\/v2\/users\/29"}],"replies":[{"embeddable":true,"href":"https:\/\/tcmi.edu\/ro\/wp-json\/wp\/v2\/comments?post=11082"}],"version-history":[{"count":11,"href":"https:\/\/tcmi.edu\/ro\/wp-json\/wp\/v2\/pages\/11082\/revisions"}],"predecessor-version":[{"id":32629,"href":"https:\/\/tcmi.edu\/ro\/wp-json\/wp\/v2\/pages\/11082\/revisions\/32629"}],"wp:featuredmedia":[{"embeddable":true,"href":"https:\/\/tcmi.edu\/ro\/wp-json\/wp\/v2\/media\/5157"}],"wp:attachment":[{"href":"https:\/\/tcmi.edu\/ro\/wp-json\/wp\/v2\/media?parent=11082"}],"wp:term":[{"taxonomy":"page_category","embeddable":true,"href":"https:\/\/tcmi.edu\/ro\/wp-json\/wp\/v2\/page_category?post=11082"}],"curies":[{"name":"wp","href":"https:\/\/api.w.org\/{rel}","templated":true}]}}