{"id":11078,"date":"2019-01-24T08:50:32","date_gmt":"2019-01-24T13:50:32","guid":{"rendered":"https:\/\/tcmi.edu\/plangere\/"},"modified":"2023-01-16T07:50:28","modified_gmt":"2023-01-16T12:50:28","slug":"reclamatii","status":"publish","type":"page","link":"https:\/\/tcmi.edu\/ro\/studenti\/reclamatii\/","title":{"rendered":"Reclama\u021bii"},"content":{"rendered":"\n<p>Studen\u021bii sunt \u00eencuraja\u021bi s\u0103 caute rezolvarea intern\u0103 a nemul\u021bumirilor, dac\u0103 este cu putin\u021b\u0103, cu ajutorul profesorilor, administra\u021biei sau al personalului. Acestea pot include preocup\u0103ri cu privire la politici, proceduri, asisten\u021b\u0103 online, judec\u0103\u021bi sau alte \u00eengrijor\u0103ri. Reclama\u021biile oficiale ale studen\u021bilor sau ale altor constituen\u021bi pot fi adresate \u00een scris biroului Secretarului \u0218ef \u0219i vor fi analizate \u00een termen de 30 de zile. Reclama\u021biile pot fi, de asemenea, depuse \u00een scris la Decanul Academic sau la Vicepre\u0219edintele pentru Avansare Educa\u021bional\u0103. Pentru mai multe informa\u021bii despre proces, consulta\u021bi catalogul TCM.<\/p>\n\n<p><a href=\"https:\/\/forms.office.com\/r\/7bX1QfaWaR\" target=\"_blank\" rel=\"noreferrer noopener\">Trimite Reclama\u021bie<\/a><\/p>\n\n<hr class=\"wp-block-separator has-css-opacity\"\/>\n\n<p>\u00cen cazul improbabil \u00een care studen\u021bii nu g\u0103sesc rezolvare pe c\u0103ile men\u021bionate mai sus, ace\u0219tia pot c\u0103uta \u00eendrumare suplimentar\u0103 prin intermediul agen\u021biilor externe de asisten\u021b\u0103. Acestea pot include urm\u0103toarele:<\/p>\n\n<p>Comisia Superioar\u0103 de \u00cenv\u0103\u021bare<br\/>230 South La Salle Street, Suite 7-500<br\/>Chicago, IL 60604<br\/><a href=\"https:\/\/www.hlcommission.org\/Student-Resources\/complaints.html?highlight=WyJjb21wbGFpbnRzIl0=\" target=\"_blank\" rel=\"noreferrer noopener\">https:\/\/www.hlcommission.org\/Student-Resources\/complaints.html?highlight=WyJjb21wbGFpbnRzIl0=<\/a><\/p>\n\n<p>Comisia pentru \u00cenv\u0103\u021b\u0103m\u00e2ntul Superior, Indiana<br\/>Consiliul pentru Educa\u021bie Proprietar\u0103 din Indiana<br\/>101 W. Ohio Street, site-ul 300<br\/>Indianapolis, IN 46204-1984<br\/><a href=\"https:\/\/www.in.gov\/bpe\" target=\"_blank\" rel=\"noreferrer noopener\">https:\/\/www.in.gov\/bpe<\/a><\/p>\n\n<p>Departamentul de Educa\u021bie din SUA<br\/>V\u0103 rug\u0103m s\u0103 re\u021bine\u021bi c\u0103 \u00een SUA, rolul federal \u00een educa\u021bie este limitat. Datorit\u0103 celui de-al zecelea amendament, cea mai mare parte a politicii educa\u021bionale este decis\u0103 la nivel de stat \u0219i local. Deci, dac\u0103 ave\u021bi o \u00eentrebare despre o politic\u0103 sau o problem\u0103, v\u0103 recomand\u0103m s\u0103 consulta\u021bi organiza\u021bia relevant\u0103 din statul sau districtul \u0219colar. Pute\u021bi g\u0103si link-uri pentru toate tipurile de asisten\u021b\u0103 de stat la <a href=\"https:\/\/www.ed.gov\/about\/contacts\/state\/index.html?src=ov\" target=\"_blank\" rel=\"noreferrer noopener\">https:\/\/www.ed.gov\/about\/contacts\/state\/index.html?src=ov<\/a><\/p>\n","protected":false},"excerpt":{"rendered":"<p>Studen\u021bii sunt \u00eencuraja\u021bi s\u0103 caute rezolvarea intern\u0103 a nemul\u021bumirilor, dac\u0103 este cu putin\u021b\u0103, cu ajutorul profesorilor, administra\u021biei sau al personalului. Acestea pot include preocup\u0103ri cu privire la politici, proceduri, asisten\u021b\u0103 online, judec\u0103\u021bi sau alte \u00eengrijor\u0103ri. Reclama\u021biile oficiale ale studen\u021bilor sau ale altor constituen\u021bi pot fi adresate \u00een scris biroului Secretarului \u0218ef \u0219i vor fi analizate&#8230;<\/p>\n","protected":false},"author":1,"featured_media":5532,"parent":11100,"menu_order":1,"comment_status":"closed","ping_status":"closed","template":"","meta":{"_acf_changed":false,"_kad_blocks_custom_css":"","_kad_blocks_head_custom_js":"","_kad_blocks_body_custom_js":"","_kad_blocks_footer_custom_js":"","_kad_post_transparent":"","_kad_post_title":"","_kad_post_layout":"","_kad_post_sidebar_id":"","_kad_post_content_style":"","_kad_post_vertical_padding":"","_kad_post_feature":"","_kad_post_feature_position":"","_kad_post_header":false,"_kad_post_footer":false,"_kad_post_classname":"","footnotes":""},"page_category":[],"class_list":["post-11078","page","type-page","status-publish","has-post-thumbnail","hentry"],"acf":[],"taxonomy_info":[],"featured_image_src_large":["https:\/\/tcmi.edu\/wp-content\/uploads\/2020\/07\/laptop.jpg",914,619,false],"author_info":{"display_name":"Kaleb Heitzman","author_link":"https:\/\/tcmi.edu\/ro\/author\/developer\/"},"comment_info":"","_links":{"self":[{"href":"https:\/\/tcmi.edu\/ro\/wp-json\/wp\/v2\/pages\/11078","targetHints":{"allow":["GET"]}}],"collection":[{"href":"https:\/\/tcmi.edu\/ro\/wp-json\/wp\/v2\/pages"}],"about":[{"href":"https:\/\/tcmi.edu\/ro\/wp-json\/wp\/v2\/types\/page"}],"author":[{"embeddable":true,"href":"https:\/\/tcmi.edu\/ro\/wp-json\/wp\/v2\/users\/1"}],"replies":[{"embeddable":true,"href":"https:\/\/tcmi.edu\/ro\/wp-json\/wp\/v2\/comments?post=11078"}],"version-history":[{"count":12,"href":"https:\/\/tcmi.edu\/ro\/wp-json\/wp\/v2\/pages\/11078\/revisions"}],"predecessor-version":[{"id":38997,"href":"https:\/\/tcmi.edu\/ro\/wp-json\/wp\/v2\/pages\/11078\/revisions\/38997"}],"up":[{"embeddable":true,"href":"https:\/\/tcmi.edu\/ro\/wp-json\/wp\/v2\/pages\/11100"}],"wp:featuredmedia":[{"embeddable":true,"href":"https:\/\/tcmi.edu\/ro\/wp-json\/wp\/v2\/media\/5532"}],"wp:attachment":[{"href":"https:\/\/tcmi.edu\/ro\/wp-json\/wp\/v2\/media?parent=11078"}],"wp:term":[{"taxonomy":"page_category","embeddable":true,"href":"https:\/\/tcmi.edu\/ro\/wp-json\/wp\/v2\/page_category?post=11078"}],"curies":[{"name":"wp","href":"https:\/\/api.w.org\/{rel}","templated":true}]}}