{"id":11070,"date":"2018-08-30T13:50:34","date_gmt":"2018-08-30T17:50:34","guid":{"rendered":"https:\/\/tcmi.edu\/despre-noi\/profil-institutional\/"},"modified":"2022-09-20T08:46:07","modified_gmt":"2022-09-20T12:46:07","slug":"profil-insitutional","status":"publish","type":"page","link":"https:\/\/tcmi.edu\/ro\/despre-noi\/profil-insitutional\/","title":{"rendered":"Profil Insitu\u021bional"},"content":{"rendered":"\n<p>Institutul Interna\u021bional TCM \u00eenscrie studen\u021bi din Statele Unite \u0219i din \u00eentreaga lume care doresc s\u0103-\u0219i perfec\u021bioneze cuno\u0219tin\u021bele \u0219i abilit\u0103\u021bile pe m\u0103sur\u0103 ce \u00eel duc pe Hristos la milioane de oameni. Ne rug\u0103m \u201es\u0103 fi\u021bi plini de cunoa\u0219terea voii Lui cu toat\u0103 \u00een\u021belepciunea \u0219i priceperea duhovniceasc\u0103, ca s\u0103 umbla\u021bi \u00eentr-un mod vrednic de Domnul\u201d. Col. 1: 9-10<\/p>\n<style>#kt-layout-id_df9956-9e > .kt-row-column-wrap{align-content:start;}:where(#kt-layout-id_df9956-9e > .kt-row-column-wrap) > .wp-block-kadence-column{justify-content:start;}#kt-layout-id_df9956-9e > .kt-row-column-wrap{column-gap:var(--global-kb-gap-md, 2rem);row-gap:var(--global-kb-gap-md, 2rem);padding-top:var( --global-kb-row-default-top, 25px );padding-bottom:var( --global-kb-row-default-bottom, 25px );padding-top:var(--global-kb-spacing-sm, 1.5rem);padding-bottom:var(--global-kb-spacing-sm, 1.5rem);grid-template-columns:minmax(0, 1fr);}#kt-layout-id_df9956-9e > .kt-row-layout-overlay{opacity:0.30;}@media all and (max-width: 1024px){#kt-layout-id_df9956-9e > .kt-row-column-wrap{grid-template-columns:minmax(0, 1fr);}}@media all and (max-width: 767px){#kt-layout-id_df9956-9e > .kt-row-column-wrap{grid-template-columns:minmax(0, 1fr);}}<\/style>\n<div class=\"wp-block-kadence-rowlayout alignnone\"><div id=\"kt-layout-id_df9956-9e\" class=\"kt-row-layout-inner kt-layout-id_df9956-9e\"><div class=\"kt-row-column-wrap kt-has-1-columns kt-gutter-default kt-v-gutter-default kt-row-valign-top kt-row-layout-equal kt-tab-layout-inherit kt-m-colapse-left-to-right kt-mobile-layout-row\"><style>.kadence-column_946e86-27 > .kt-inside-inner-col{border-top-width:0px;border-right-width:0px;border-bottom-width:0px;border-left-width:0px;}.kadence-column_946e86-27 > .kt-inside-inner-col,.kadence-column_946e86-27 > .kt-inside-inner-col:before{border-top-left-radius:0px;border-top-right-radius:0px;border-bottom-right-radius:0px;border-bottom-left-radius:0px;}.kadence-column_946e86-27 > .kt-inside-inner-col{column-gap:var(--global-kb-gap-sm, 1rem);}.kadence-column_946e86-27 > .kt-inside-inner-col{flex-direction:column;}.kadence-column_946e86-27 > .kt-inside-inner-col > .aligncenter{width:100%;}.kadence-column_946e86-27 > .kt-inside-inner-col:before{opacity:0.3;}.kadence-column_946e86-27{position:relative;}@media all and (max-width: 1024px){.kadence-column_946e86-27 > .kt-inside-inner-col{flex-direction:column;justify-content:center;}}@media all and (max-width: 767px){.kadence-column_946e86-27 > .kt-inside-inner-col{flex-direction:column;justify-content:center;}}<\/style>\n<div class=\"wp-block-kadence-column inner-column-1 kadence-column_946e86-27\"><div class=\"kt-inside-inner-col\">\n<h3 class=\"wp-block-heading\">Rata de absolvire<\/h3>\n\n\n\n<figure class=\"wp-block-image size-large is-resized\"><img loading=\"lazy\" decoding=\"async\" src=\"https:\/\/tcmi.edu\/wp-content\/uploads\/2022\/03\/graduation-rate-1-1024x178.png\" alt=\"\" class=\"wp-image-36225\" width=\"480\" height=\"83\" srcset=\"https:\/\/tcmi.edu\/wp-content\/uploads\/2022\/03\/graduation-rate-1-1024x178.png 1024w, https:\/\/tcmi.edu\/wp-content\/uploads\/2022\/03\/graduation-rate-1-300x52.png 300w, https:\/\/tcmi.edu\/wp-content\/uploads\/2022\/03\/graduation-rate-1-768x134.png 768w, https:\/\/tcmi.edu\/wp-content\/uploads\/2022\/03\/graduation-rate-1.png 1162w\" sizes=\"auto, (max-width: 480px) 100vw, 480px\" \/><\/figure>\n\n\n\n<p>Rata de absolvire este procentul de studen\u021bi cu norm\u0103 \u00eentreag\u0103 care \u00ee\u0219i ob\u021bin diploma sau certificatul \u00een termen de 200% din timpul indicat pentru program: Certificat 3 ani, MA 4 ani, MDiv 6 ani.<\/p>\n<\/div><\/div>\n<\/div><\/div><\/div>\n<style>#kt-layout-id_be0eda-3c > .kt-row-column-wrap{align-content:start;}:where(#kt-layout-id_be0eda-3c > .kt-row-column-wrap) > .wp-block-kadence-column{justify-content:start;}#kt-layout-id_be0eda-3c > .kt-row-column-wrap{column-gap:var(--global-kb-gap-md, 2rem);row-gap:var(--global-kb-gap-md, 2rem);padding-top:var( --global-kb-row-default-top, 25px );padding-bottom:var( --global-kb-row-default-bottom, 25px );padding-top:var(--global-kb-spacing-sm, 1.5rem);padding-bottom:var(--global-kb-spacing-sm, 1.5rem);grid-template-columns:minmax(0, 1fr);}#kt-layout-id_be0eda-3c > .kt-row-layout-overlay{opacity:0.30;}@media all and (max-width: 1024px){#kt-layout-id_be0eda-3c > .kt-row-column-wrap{grid-template-columns:minmax(0, 1fr);}}@media all and (max-width: 767px){#kt-layout-id_be0eda-3c > .kt-row-column-wrap{grid-template-columns:minmax(0, 1fr);}}<\/style>\n<div class=\"wp-block-kadence-rowlayout alignnone\"><div id=\"kt-layout-id_be0eda-3c\" class=\"kt-row-layout-inner kt-layout-id_be0eda-3c\"><div class=\"kt-row-column-wrap kt-has-1-columns kt-gutter-default kt-v-gutter-default kt-row-valign-top kt-row-layout-equal kt-tab-layout-inherit kt-m-colapse-left-to-right kt-mobile-layout-row\"><style>.kadence-column_cc560d-76 > .kt-inside-inner-col{border-top-width:0px;border-right-width:0px;border-bottom-width:0px;border-left-width:0px;}.kadence-column_cc560d-76 > .kt-inside-inner-col,.kadence-column_cc560d-76 > .kt-inside-inner-col:before{border-top-left-radius:0px;border-top-right-radius:0px;border-bottom-right-radius:0px;border-bottom-left-radius:0px;}.kadence-column_cc560d-76 > .kt-inside-inner-col{column-gap:var(--global-kb-gap-sm, 1rem);}.kadence-column_cc560d-76 > .kt-inside-inner-col{flex-direction:column;}.kadence-column_cc560d-76 > .kt-inside-inner-col > .aligncenter{width:100%;}.kadence-column_cc560d-76 > .kt-inside-inner-col:before{opacity:0.3;}.kadence-column_cc560d-76{position:relative;}@media all and (max-width: 1024px){.kadence-column_cc560d-76 > .kt-inside-inner-col{flex-direction:column;justify-content:center;}}@media all and (max-width: 767px){.kadence-column_cc560d-76 > .kt-inside-inner-col{flex-direction:column;justify-content:center;}}<\/style>\n<div class=\"wp-block-kadence-column inner-column-1 kadence-column_cc560d-76\"><div class=\"kt-inside-inner-col\">\n<h3 class=\"wp-block-heading\">Rata de reten\u021bie 2021<\/h3>\n\n\n\n<figure class=\"wp-block-image size-large is-resized\"><img loading=\"lazy\" decoding=\"async\" src=\"https:\/\/tcmi.edu\/wp-content\/uploads\/2022\/03\/retention-rate-1-1024x121.png\" alt=\"\" class=\"wp-image-36220\" width=\"480\" height=\"57\" srcset=\"https:\/\/tcmi.edu\/wp-content\/uploads\/2022\/03\/retention-rate-1-1024x121.png 1024w, https:\/\/tcmi.edu\/wp-content\/uploads\/2022\/03\/retention-rate-1-300x36.png 300w, https:\/\/tcmi.edu\/wp-content\/uploads\/2022\/03\/retention-rate-1-768x91.png 768w, https:\/\/tcmi.edu\/wp-content\/uploads\/2022\/03\/retention-rate-1.png 1166w\" sizes=\"auto, (max-width: 480px) 100vw, 480px\" \/><\/figure>\n\n\n\n<p><em>Calcul: Studen\u021bi care au fost pentru prima dat\u0103 care revin la urm\u0103toarea sesiune pentru cursuri suplimentare.<\/em><\/p>\n\n\n\n<p><em>Comentarii<\/em><\/p>\n\n\n\n<ul class=\"wp-block-list\"><li><em>Studen\u021bii TCM apreciaz\u0103 mult \u00eenv\u0103\u021b\u0103m\u00e2ntul superior, chiar dac\u0103 majoritatea provin din medii, na\u021bionale, culturale, etnice sau socio-economice care, de obicei, \u00eel fac neaccesibil. TCM a dezvoltat un model prietenos de familie, care asigur\u0103 instruire pentru slujire \u00een mai multe limbi. <\/em><\/li><li><em>Majoritatea studen\u021bilor TCM sunt bivoca\u021bionali \u0219i nu au nevoie de grade universitare pentru a avansa \u00een carier\u0103. Astfel, flexibilitatea livr\u0103rii cursurilor, \u0219i de finalizare a programului le serve\u0219te mai bine scopurilor educa\u021bionale.<\/em><\/li><li><em>Studen\u021bii TCM absolv\u0103 f\u0103r\u0103 datorii studen\u021be\u0219ti datorit\u0103 burselor generoase. Rata de absolvire nu este o \u00eengrijorare pentru contributorii TCM.<\/em><\/li><li><em>TCM nu este o institu\u021bie cu Titlu IV care s\u0103 accepte finan\u021bare federal\u0103.<\/em><\/li><\/ul>\n\n\n\n<h3 class=\"wp-block-heading\">Rata de persisten\u021b\u0103<\/h3>\n\n\n\n<figure class=\"wp-block-image size-large is-resized\"><img loading=\"lazy\" decoding=\"async\" src=\"https:\/\/tcmi.edu\/wp-content\/uploads\/2022\/03\/persistence-rate-1024x119.png\" alt=\"\" class=\"wp-image-36232\" width=\"481\" height=\"55\" srcset=\"https:\/\/tcmi.edu\/wp-content\/uploads\/2022\/03\/persistence-rate-1024x119.png 1024w, https:\/\/tcmi.edu\/wp-content\/uploads\/2022\/03\/persistence-rate-300x35.png 300w, https:\/\/tcmi.edu\/wp-content\/uploads\/2022\/03\/persistence-rate-768x90.png 768w, https:\/\/tcmi.edu\/wp-content\/uploads\/2022\/03\/persistence-rate.png 1166w\" sizes=\"auto, (max-width: 481px) 100vw, 481px\" \/><\/figure>\n\n\n\n<p>Persisten\u021ba include to\u021bi studen\u021bii care r\u0103m\u00e2n activi studiind pentru certificat sau gradul lor dup\u0103 primul an.<\/p>\n\n\n\n<h3 class=\"wp-block-heading\">\u00censcriere Studen\u021bi: num\u0103r de persoane<\/h3>\n\n\n\n<figure class=\"wp-block-image size-large is-resized\"><img loading=\"lazy\" decoding=\"async\" src=\"https:\/\/tcmi.edu\/wp-content\/uploads\/2022\/03\/headcount-1024x105.png\" alt=\"\" class=\"wp-image-36236\" width=\"480\" height=\"49\" srcset=\"https:\/\/tcmi.edu\/wp-content\/uploads\/2022\/03\/headcount-1024x105.png 1024w, https:\/\/tcmi.edu\/wp-content\/uploads\/2022\/03\/headcount-300x31.png 300w, https:\/\/tcmi.edu\/wp-content\/uploads\/2022\/03\/headcount-768x79.png 768w, https:\/\/tcmi.edu\/wp-content\/uploads\/2022\/03\/headcount.png 1342w\" sizes=\"auto, (max-width: 480px) 100vw, 480px\" \/><\/figure>\n\n\n\n<h3 class=\"wp-block-heading\">Absolven\u021bi pe an<\/h3>\n\n\n\n<figure class=\"wp-block-image size-large is-resized\"><img loading=\"lazy\" decoding=\"async\" src=\"https:\/\/tcmi.edu\/wp-content\/uploads\/2022\/03\/graduates-by-year-1024x104.png\" alt=\"\" class=\"wp-image-36240\" width=\"479\" height=\"49\" srcset=\"https:\/\/tcmi.edu\/wp-content\/uploads\/2022\/03\/graduates-by-year-1024x104.png 1024w, https:\/\/tcmi.edu\/wp-content\/uploads\/2022\/03\/graduates-by-year-300x30.png 300w, https:\/\/tcmi.edu\/wp-content\/uploads\/2022\/03\/graduates-by-year-768x78.png 768w, https:\/\/tcmi.edu\/wp-content\/uploads\/2022\/03\/graduates-by-year.png 1304w\" sizes=\"auto, (max-width: 479px) 100vw, 479px\" \/><\/figure>\n<\/div><\/div>\n<\/div><\/div><\/div>\n\n<div class=\"wp-block-group\"><div class=\"wp-block-group__inner-container is-layout-flow wp-block-group-is-layout-flow\">\n<h3 class=\"wp-block-heading\">Rata de angajare a absolven\u021bilor 2021<\/h3>\n\n\n\n<p><em>To\u021bi absolven\u021bii sunt angaja\u021bi sau \u00ee\u0219i continu\u0103 studiile. (sondaj absolven\u021bi 2021)<\/em><\/p>\n\n\n\n<figure class=\"wp-block-image size-large is-resized\"><img loading=\"lazy\" decoding=\"async\" src=\"https:\/\/tcmi.edu\/wp-content\/uploads\/2022\/03\/graduate-employment-rate-1-1024x317.png\" alt=\"\" class=\"wp-image-36186\" width=\"620\" height=\"191\" srcset=\"https:\/\/tcmi.edu\/wp-content\/uploads\/2022\/03\/graduate-employment-rate-1-1024x317.png 1024w, https:\/\/tcmi.edu\/wp-content\/uploads\/2022\/03\/graduate-employment-rate-1-300x93.png 300w, https:\/\/tcmi.edu\/wp-content\/uploads\/2022\/03\/graduate-employment-rate-1-768x238.png 768w, https:\/\/tcmi.edu\/wp-content\/uploads\/2022\/03\/graduate-employment-rate-1-1536x475.png 1536w, https:\/\/tcmi.edu\/wp-content\/uploads\/2022\/03\/graduate-employment-rate-1.png 1778w\" sizes=\"auto, (max-width: 620px) 100vw, 620px\" \/><\/figure>\n<\/div><\/div>\n\n<h2 class=\"wp-block-heading\">Profilul Studentului<\/h2>\n<style>#kt-layout-id_6b1ef1-51 > .kt-row-column-wrap{align-content:start;}:where(#kt-layout-id_6b1ef1-51 > .kt-row-column-wrap) > .wp-block-kadence-column{justify-content:start;}#kt-layout-id_6b1ef1-51 > .kt-row-column-wrap{column-gap:var(--global-kb-gap-md, 2rem);row-gap:var(--global-kb-gap-md, 2rem);padding-top:var( --global-kb-row-default-top, 25px );padding-bottom:var( --global-kb-row-default-bottom, 25px );padding-top:var(--global-kb-spacing-sm, 1.5rem);padding-bottom:var(--global-kb-spacing-sm, 1.5rem);grid-template-columns:minmax(0, 1fr);}#kt-layout-id_6b1ef1-51 > .kt-row-layout-overlay{opacity:0.30;}@media all and (max-width: 1024px){#kt-layout-id_6b1ef1-51 > .kt-row-column-wrap{grid-template-columns:minmax(0, 1fr);}}@media all and (max-width: 767px){#kt-layout-id_6b1ef1-51 > .kt-row-column-wrap{grid-template-columns:minmax(0, 1fr);}}<\/style>\n<div class=\"wp-block-kadence-rowlayout alignnone\"><div id=\"kt-layout-id_6b1ef1-51\" class=\"kt-row-layout-inner kt-layout-id_6b1ef1-51\"><div class=\"kt-row-column-wrap kt-has-1-columns kt-gutter-default kt-v-gutter-default kt-row-valign-top kt-row-layout-equal kt-tab-layout-inherit kt-m-colapse-left-to-right kt-mobile-layout-row\"><style>.kadence-column_2b557c-ea > .kt-inside-inner-col{border-top-width:0px;border-right-width:0px;border-bottom-width:0px;border-left-width:0px;}.kadence-column_2b557c-ea > .kt-inside-inner-col,.kadence-column_2b557c-ea > .kt-inside-inner-col:before{border-top-left-radius:0px;border-top-right-radius:0px;border-bottom-right-radius:0px;border-bottom-left-radius:0px;}.kadence-column_2b557c-ea > .kt-inside-inner-col{column-gap:var(--global-kb-gap-sm, 1rem);}.kadence-column_2b557c-ea > .kt-inside-inner-col{flex-direction:column;}.kadence-column_2b557c-ea > .kt-inside-inner-col > .aligncenter{width:100%;}.kadence-column_2b557c-ea > .kt-inside-inner-col:before{opacity:0.3;}.kadence-column_2b557c-ea{position:relative;}@media all and (max-width: 1024px){.kadence-column_2b557c-ea > .kt-inside-inner-col{flex-direction:column;justify-content:center;}}@media all and (max-width: 767px){.kadence-column_2b557c-ea > .kt-inside-inner-col{flex-direction:column;justify-content:center;}}<\/style>\n<div class=\"wp-block-kadence-column inner-column-1 kadence-column_2b557c-ea\"><div class=\"kt-inside-inner-col\">\n<h3 class=\"wp-block-heading\"><strong>Procentul de \u00censcriere pe \u021aar\u0103 2021<\/strong><\/h3>\n\n\n\n<p>Cercul este \u00een ordine alfabetic\u0103 dup\u0103 sensul acelor de ceasornic. Culorile sub\u021biri f\u0103r\u0103 numele scris reprezint\u0103 mai pu\u021bin de 1% (1 sau 2 studen\u021bi).<\/p>\n\n\n\n<figure class=\"wp-block-image size-full\"><img loading=\"lazy\" decoding=\"async\" width=\"802\" height=\"674\" src=\"https:\/\/tcmi.edu\/wp-content\/uploads\/2022\/03\/enrollment-percent.png\" alt=\"\" class=\"wp-image-36192\" srcset=\"https:\/\/tcmi.edu\/wp-content\/uploads\/2022\/03\/enrollment-percent.png 802w, https:\/\/tcmi.edu\/wp-content\/uploads\/2022\/03\/enrollment-percent-300x252.png 300w, https:\/\/tcmi.edu\/wp-content\/uploads\/2022\/03\/enrollment-percent-768x645.png 768w\" sizes=\"auto, (max-width: 802px) 100vw, 802px\" \/><\/figure>\n<\/div><\/div>\n<\/div><\/div><\/div>\n<style>#kt-layout-id_29a7e9-51 > .kt-row-column-wrap{align-content:start;}:where(#kt-layout-id_29a7e9-51 > .kt-row-column-wrap) > .wp-block-kadence-column{justify-content:start;}#kt-layout-id_29a7e9-51 > .kt-row-column-wrap{column-gap:var(--global-kb-gap-md, 2rem);row-gap:var(--global-kb-gap-md, 2rem);padding-top:var( --global-kb-row-default-top, 25px );padding-bottom:var( --global-kb-row-default-bottom, 25px );padding-top:var(--global-kb-spacing-sm, 1.5rem);padding-bottom:var(--global-kb-spacing-sm, 1.5rem);grid-template-columns:repeat(2, minmax(0, 1fr));}#kt-layout-id_29a7e9-51 > .kt-row-layout-overlay{opacity:0.30;}@media all and (max-width: 1024px){#kt-layout-id_29a7e9-51 > .kt-row-column-wrap{grid-template-columns:repeat(2, minmax(0, 1fr));}}@media all and (max-width: 767px){#kt-layout-id_29a7e9-51 > .kt-row-column-wrap{grid-template-columns:minmax(0, 1fr);}}<\/style>\n<div class=\"wp-block-kadence-rowlayout alignnone\"><div id=\"kt-layout-id_29a7e9-51\" class=\"kt-row-layout-inner kt-layout-id_29a7e9-51\"><div class=\"kt-row-column-wrap kt-has-2-columns kt-gutter-default kt-v-gutter-default kt-row-valign-top kt-row-layout-equal kt-tab-layout-inherit kt-m-colapse-left-to-right kt-mobile-layout-row\"><style>.kadence-column_a7583c-b5 > .kt-inside-inner-col{border-top-width:0px;border-right-width:0px;border-bottom-width:0px;border-left-width:0px;}.kadence-column_a7583c-b5 > .kt-inside-inner-col,.kadence-column_a7583c-b5 > .kt-inside-inner-col:before{border-top-left-radius:0px;border-top-right-radius:0px;border-bottom-right-radius:0px;border-bottom-left-radius:0px;}.kadence-column_a7583c-b5 > .kt-inside-inner-col{column-gap:var(--global-kb-gap-sm, 1rem);}.kadence-column_a7583c-b5 > .kt-inside-inner-col{flex-direction:column;}.kadence-column_a7583c-b5 > .kt-inside-inner-col > .aligncenter{width:100%;}.kadence-column_a7583c-b5 > .kt-inside-inner-col:before{opacity:0.3;}.kadence-column_a7583c-b5{position:relative;}@media all and (max-width: 1024px){.kadence-column_a7583c-b5 > .kt-inside-inner-col{flex-direction:column;justify-content:center;}}@media all and (max-width: 767px){.kadence-column_a7583c-b5 > .kt-inside-inner-col{flex-direction:column;justify-content:center;}}<\/style>\n<div class=\"wp-block-kadence-column inner-column-1 kadence-column_a7583c-b5\"><div class=\"kt-inside-inner-col\">\n<h3 class=\"wp-block-heading\">\u00censcriere \u00een Program 2021<\/h3>\n\n\n\n<h6 class=\"wp-block-heading\">Num\u0103rul total de studen\u021bi: 2,580*<\/h6>\n\n\n\n<p><em>*Reprezent\u00e2nd toate gradele urmate, certificat, audit, \u0219i seminarele pentru absolven\u021bi.<\/em><\/p>\n<\/div><\/div>\n\n\n<style>.kadence-column_5ee268-e9 > .kt-inside-inner-col{border-top-width:0px;border-right-width:0px;border-bottom-width:0px;border-left-width:0px;}.kadence-column_5ee268-e9 > .kt-inside-inner-col,.kadence-column_5ee268-e9 > .kt-inside-inner-col:before{border-top-left-radius:0px;border-top-right-radius:0px;border-bottom-right-radius:0px;border-bottom-left-radius:0px;}.kadence-column_5ee268-e9 > .kt-inside-inner-col{column-gap:var(--global-kb-gap-sm, 1rem);}.kadence-column_5ee268-e9 > .kt-inside-inner-col{flex-direction:column;}.kadence-column_5ee268-e9 > .kt-inside-inner-col > .aligncenter{width:100%;}.kadence-column_5ee268-e9 > .kt-inside-inner-col:before{opacity:0.3;}.kadence-column_5ee268-e9{position:relative;}@media all and (max-width: 1024px){.kadence-column_5ee268-e9 > .kt-inside-inner-col{flex-direction:column;justify-content:center;}}@media all and (max-width: 767px){.kadence-column_5ee268-e9 > .kt-inside-inner-col{flex-direction:column;justify-content:center;}}<\/style>\n<div class=\"wp-block-kadence-column inner-column-2 kadence-column_5ee268-e9\"><div class=\"kt-inside-inner-col\">\n<h3 class=\"wp-block-heading\">Raportul Masculin-Feminin 2021<\/h3>\n\n\n\n<p>B\u0103rba\u021bi &#8211; 73%<br\/>Femei &#8211; 27%<\/p>\n\n\n\n<h3 class=\"wp-block-heading\">M\u0103rimea Medie a Clasei 2021<\/h3>\n\n\n\n<p>7.6 studen\u021bi<\/p>\n<\/div><\/div>\n<\/div><\/div><\/div>\n","protected":false},"excerpt":{"rendered":"<p>Institutul Interna\u021bional TCM \u00eenscrie studen\u021bi din Statele Unite \u0219i din \u00eentreaga lume care doresc s\u0103-\u0219i perfec\u021bioneze cuno\u0219tin\u021bele \u0219i abilit\u0103\u021bile pe m\u0103sur\u0103 ce \u00eel duc pe Hristos la milioane de oameni. Ne rug\u0103m \u201es\u0103 fi\u021bi plini de cunoa\u0219terea voii Lui cu toat\u0103 \u00een\u021belepciunea \u0219i priceperea duhovniceasc\u0103, ca s\u0103 umbla\u021bi \u00eentr-un mod vrednic de Domnul\u201d. Col. 1:&#8230;<\/p>\n","protected":false},"author":1,"featured_media":5480,"parent":10443,"menu_order":0,"comment_status":"closed","ping_status":"closed","template":"","meta":{"_acf_changed":false,"_kad_blocks_custom_css":"","_kad_blocks_head_custom_js":"","_kad_blocks_body_custom_js":"","_kad_blocks_footer_custom_js":"","_kad_post_transparent":"","_kad_post_title":"","_kad_post_layout":"","_kad_post_sidebar_id":"","_kad_post_content_style":"","_kad_post_vertical_padding":"","_kad_post_feature":"","_kad_post_feature_position":"","_kad_post_header":false,"_kad_post_footer":false,"_kad_post_classname":"","footnotes":""},"page_category":[],"class_list":["post-11070","page","type-page","status-publish","has-post-thumbnail","hentry"],"acf":[],"taxonomy_info":[],"featured_image_src_large":["https:\/\/tcmi.edu\/wp-content\/uploads\/2020\/07\/classroom.jpg",960,540,false],"author_info":{"display_name":"Kaleb Heitzman","author_link":"https:\/\/tcmi.edu\/ro\/author\/developer\/"},"comment_info":"","_links":{"self":[{"href":"https:\/\/tcmi.edu\/ro\/wp-json\/wp\/v2\/pages\/11070","targetHints":{"allow":["GET"]}}],"collection":[{"href":"https:\/\/tcmi.edu\/ro\/wp-json\/wp\/v2\/pages"}],"about":[{"href":"https:\/\/tcmi.edu\/ro\/wp-json\/wp\/v2\/types\/page"}],"author":[{"embeddable":true,"href":"https:\/\/tcmi.edu\/ro\/wp-json\/wp\/v2\/users\/1"}],"replies":[{"embeddable":true,"href":"https:\/\/tcmi.edu\/ro\/wp-json\/wp\/v2\/comments?post=11070"}],"version-history":[{"count":16,"href":"https:\/\/tcmi.edu\/ro\/wp-json\/wp\/v2\/pages\/11070\/revisions"}],"predecessor-version":[{"id":37723,"href":"https:\/\/tcmi.edu\/ro\/wp-json\/wp\/v2\/pages\/11070\/revisions\/37723"}],"up":[{"embeddable":true,"href":"https:\/\/tcmi.edu\/ro\/wp-json\/wp\/v2\/pages\/10443"}],"wp:featuredmedia":[{"embeddable":true,"href":"https:\/\/tcmi.edu\/ro\/wp-json\/wp\/v2\/media\/5480"}],"wp:attachment":[{"href":"https:\/\/tcmi.edu\/ro\/wp-json\/wp\/v2\/media?parent=11070"}],"wp:term":[{"taxonomy":"page_category","embeddable":true,"href":"https:\/\/tcmi.edu\/ro\/wp-json\/wp\/v2\/page_category?post=11070"}],"curies":[{"name":"wp","href":"https:\/\/api.w.org\/{rel}","templated":true}]}}