{"id":11065,"date":"2017-08-22T12:30:05","date_gmt":"2017-08-22T16:30:05","guid":{"rendered":"https:\/\/tcmi.edu\/academicieni\/libertatea-academica-si-libertatea-de-exprimare\/"},"modified":"2021-08-09T18:42:57","modified_gmt":"2021-08-09T22:42:57","slug":"libertatea-academica-si-libertatea-de-exprimare","status":"publish","type":"page","link":"https:\/\/tcmi.edu\/ro\/academice\/libertatea-academica-si-libertatea-de-exprimare\/","title":{"rendered":"Libertatea Academic\u0103 \u0219i Libertatea de Exprimare"},"content":{"rendered":"\n<p>Institu\u021biile de \u00eenv\u0103\u021b\u0103m\u00e2nt superior sunt conduse pentru binele comun. Binele comun depinde de c\u0103utarea liber\u0103 a adev\u0103rului \u0219i de expunerea liber\u0103 a acestuia.<\/p>\n\n<p>Libertatea academic\u0103 \u00eenseamn\u0103 c\u0103 studentul are deplin\u0103 libertate pentru cercetare \u0219i publicarea rezultatelor, supuse pozi\u021biei sale academice; dar cercetarea \u00een scopul ramburs\u0103rii b\u0103ne\u0219ti ar trebui s\u0103 se bazeze pe o \u00een\u021belegere cu administra\u021bia institu\u021biei. Studen\u021bii sunt liberi s\u0103 discute \u00een sala de clas\u0103 subiectul predat, \u00eens\u0103 ar trebui s\u0103 fie aten\u021bi s\u0103 nu introduc\u0103 \u00een conversa\u021bie probleme controversate care nu au a face cu subiectul dat.<\/p>\n\n<p>\u00cen Institut, la fel ca \u00een societate per ansamblu, libertatea de opinie \u0219i de exprimare este condi\u021bionat\u0103 de o vorbire care nu este def\u0103im\u0103toare, calomnioas\u0103, incit\u0103 la revolt\u0103 sau reprezint\u0103 h\u0103r\u021buire. \u00cen plus, discursul adresat persoanelor cu inten\u021bie clar\u0103 de a provoca r\u0103ni substan\u021biale nu este acoperit de libertatea academic\u0103.<\/p>\n\n<p>Uneori studen\u021bii scriu sau vorbesc \u00een calitate de cet\u0103\u021beni. Ar trebui s\u0103 \u0219tie c\u0103 publicul le poate judeca institu\u021bia dup\u0103 ceea ce spun sau scriu ei. Ace\u0219tia ar trebui s\u0103 exercite mereu o re\u021binere adecvat\u0103, s\u0103 arate respect pentru opiniile altora \u0219i s\u0103 depun\u0103 toate eforturile de a indica faptul c\u0103 nu vorbesc \u00een numele institu\u021biei.<\/p>\n","protected":false},"excerpt":{"rendered":"<p>Institu\u021biile de \u00eenv\u0103\u021b\u0103m\u00e2nt superior sunt conduse pentru binele comun. Binele comun depinde de c\u0103utarea liber\u0103 a adev\u0103rului \u0219i de expunerea liber\u0103 a acestuia. Libertatea academic\u0103 \u00eenseamn\u0103 c\u0103 studentul are deplin\u0103 libertate pentru cercetare \u0219i publicarea rezultatelor, supuse pozi\u021biei sale academice; dar cercetarea \u00een scopul ramburs\u0103rii b\u0103ne\u0219ti ar trebui s\u0103 se bazeze pe o \u00een\u021belegere cu&#8230;<\/p>\n","protected":false},"author":1,"featured_media":9686,"parent":10577,"menu_order":130,"comment_status":"closed","ping_status":"closed","template":"","meta":{"_acf_changed":false,"_kad_blocks_custom_css":"","_kad_blocks_head_custom_js":"","_kad_blocks_body_custom_js":"","_kad_blocks_footer_custom_js":"","_kad_post_transparent":"","_kad_post_title":"","_kad_post_layout":"","_kad_post_sidebar_id":"","_kad_post_content_style":"","_kad_post_vertical_padding":"","_kad_post_feature":"","_kad_post_feature_position":"","_kad_post_header":false,"_kad_post_footer":false,"_kad_post_classname":"","footnotes":""},"page_category":[],"class_list":["post-11065","page","type-page","status-publish","has-post-thumbnail","hentry"],"acf":[],"taxonomy_info":[],"featured_image_src_large":["https:\/\/tcmi.edu\/wp-content\/uploads\/2021\/03\/Class-1024x683.jpg",1024,683,true],"author_info":{"display_name":"Kaleb Heitzman","author_link":"https:\/\/tcmi.edu\/ro\/author\/developer\/"},"comment_info":"","_links":{"self":[{"href":"https:\/\/tcmi.edu\/ro\/wp-json\/wp\/v2\/pages\/11065","targetHints":{"allow":["GET"]}}],"collection":[{"href":"https:\/\/tcmi.edu\/ro\/wp-json\/wp\/v2\/pages"}],"about":[{"href":"https:\/\/tcmi.edu\/ro\/wp-json\/wp\/v2\/types\/page"}],"author":[{"embeddable":true,"href":"https:\/\/tcmi.edu\/ro\/wp-json\/wp\/v2\/users\/1"}],"replies":[{"embeddable":true,"href":"https:\/\/tcmi.edu\/ro\/wp-json\/wp\/v2\/comments?post=11065"}],"version-history":[{"count":7,"href":"https:\/\/tcmi.edu\/ro\/wp-json\/wp\/v2\/pages\/11065\/revisions"}],"predecessor-version":[{"id":12729,"href":"https:\/\/tcmi.edu\/ro\/wp-json\/wp\/v2\/pages\/11065\/revisions\/12729"}],"up":[{"embeddable":true,"href":"https:\/\/tcmi.edu\/ro\/wp-json\/wp\/v2\/pages\/10577"}],"wp:featuredmedia":[{"embeddable":true,"href":"https:\/\/tcmi.edu\/ro\/wp-json\/wp\/v2\/media\/9686"}],"wp:attachment":[{"href":"https:\/\/tcmi.edu\/ro\/wp-json\/wp\/v2\/media?parent=11065"}],"wp:term":[{"taxonomy":"page_category","embeddable":true,"href":"https:\/\/tcmi.edu\/ro\/wp-json\/wp\/v2\/page_category?post=11065"}],"curies":[{"name":"wp","href":"https:\/\/api.w.org\/{rel}","templated":true}]}}