{"id":11060,"date":"2014-07-09T14:10:03","date_gmt":"2014-07-09T18:10:03","guid":{"rendered":"https:\/\/tcmi.edu\/academicieni\/certificat\/"},"modified":"2021-11-06T05:17:34","modified_gmt":"2021-11-06T09:17:34","slug":"certificat","status":"publish","type":"page","link":"https:\/\/tcmi.edu\/ro\/academice\/certificat\/","title":{"rendered":"Certificat"},"content":{"rendered":"<style>#kt-layout-id_9ceaa7-fa > .kt-row-column-wrap{align-content:start;}:where(#kt-layout-id_9ceaa7-fa > .kt-row-column-wrap) > .wp-block-kadence-column{justify-content:start;}#kt-layout-id_9ceaa7-fa > .kt-row-column-wrap{column-gap:var(--global-kb-gap-md, 2rem);row-gap:var(--global-kb-gap-md, 2rem);padding-top:var( --global-kb-row-default-top, 25px );padding-bottom:var( --global-kb-row-default-bottom, 25px );padding-top:var(--global-kb-spacing-sm, 1.5rem);padding-bottom:var(--global-kb-spacing-sm, 1.5rem);grid-template-columns:minmax(0, 1fr);}#kt-layout-id_9ceaa7-fa > .kt-row-layout-overlay{opacity:0.30;}@media all and (max-width: 1024px){#kt-layout-id_9ceaa7-fa > .kt-row-column-wrap{grid-template-columns:minmax(0, 1fr);}}@media all and (max-width: 767px){#kt-layout-id_9ceaa7-fa > .kt-row-column-wrap{grid-template-columns:minmax(0, 1fr);}}<\/style>\n<div class=\"wp-block-kadence-rowlayout alignnone\"><div id=\"kt-layout-id_9ceaa7-fa\" class=\"kt-row-layout-inner kt-layout-id_9ceaa7-fa\"><div class=\"kt-row-column-wrap kt-has-1-columns kt-gutter-default kt-v-gutter-default kt-row-valign-top kt-row-layout-equal kt-tab-layout-inherit kt-m-colapse-left-to-right kt-mobile-layout-row\"><style>.kadence-column_5e4d93-4b > .kt-inside-inner-col{border-top-width:0px;border-right-width:0px;border-bottom-width:0px;border-left-width:0px;}.kadence-column_5e4d93-4b > .kt-inside-inner-col,.kadence-column_5e4d93-4b > .kt-inside-inner-col:before{border-top-left-radius:0px;border-top-right-radius:0px;border-bottom-right-radius:0px;border-bottom-left-radius:0px;}.kadence-column_5e4d93-4b > .kt-inside-inner-col{column-gap:var(--global-kb-gap-sm, 1rem);}.kadence-column_5e4d93-4b > .kt-inside-inner-col{flex-direction:column;}.kadence-column_5e4d93-4b > .kt-inside-inner-col > .aligncenter{width:100%;}.kadence-column_5e4d93-4b > .kt-inside-inner-col:before{opacity:0.3;}.kadence-column_5e4d93-4b{position:relative;}@media all and (max-width: 1024px){.kadence-column_5e4d93-4b > .kt-inside-inner-col{flex-direction:column;justify-content:center;}}@media all and (max-width: 767px){.kadence-column_5e4d93-4b > .kt-inside-inner-col{flex-direction:column;justify-content:center;}}<\/style>\n<div class=\"wp-block-kadence-column inner-column-1 kadence-column_5e4d93-4b\"><div class=\"kt-inside-inner-col\">\n<p>Certificatul TCM de dou\u0103zeci \u0219i patru (24) de credite este un program educa\u021bional f\u0103r\u0103 grad, care ofer\u0103 studen\u021bilor posibilitatea de a-\u0219i \u00eembun\u0103t\u0103\u021bi abilit\u0103\u021bile \u00een conducerea cre\u0219tin\u0103. Este conceput pentru pastori, presbiteri, \u00eenv\u0103\u021b\u0103tori \u0219i al\u021bi lideri cre\u0219tini care doresc s\u0103-\u0219i continue educa\u021bia \u0219i\/sau s\u0103 urmeze o diplom\u0103, oferind cursurile de baz\u0103 pentru credit academic.<\/p>\n\n\n<style>.wp-block-kadence-advancedbtn.kb-btns_9ee4fe-69{gap:var(--global-kb-gap-xs, 0.5rem );justify-content:flex-start;align-items:center;}.kt-btns_9ee4fe-69 .kt-button{font-weight:normal;font-style:normal;}.kt-btns_9ee4fe-69 .kt-btn-wrap-0{margin-right:5px;}.wp-block-kadence-advancedbtn.kt-btns_9ee4fe-69 .kt-btn-wrap-0 .kt-button::before{display:none;}<\/style>\n<div class=\"wp-block-kadence-advancedbtn kt-btn-align-left kt-btn-tablet-align-inherit kt-btn-mobile-align-inherit kt-btns-wrap kt-btns_9ee4fe-69\"><div class=\"kt-btn-wrap kt-btn-wrap-0\"><a class=\"kt-button button kt-btn-0-action kt-btn-size-standard kt-btn-style-basic kt-btn-svg-show-always kt-btn-has-text-true kt-btn-has-svg-false kb-btn-global-inherit wp-block-button__link\" href=\"https:\/\/tcmi.edu\/admissions\/apply\/\"><span class=\"kt-btn-inner-text\">Aplic\u0103 online<\/span><\/a><\/div><\/div>\n\n\n<style>#kt-layout-id_a70fcf-6c > .kt-row-column-wrap{align-content:start;}:where(#kt-layout-id_a70fcf-6c > .kt-row-column-wrap) > .wp-block-kadence-column{justify-content:start;}#kt-layout-id_a70fcf-6c > .kt-row-column-wrap{column-gap:var(--global-kb-gap-md, 2rem);row-gap:var(--global-kb-gap-md, 2rem);padding-top:var( --global-kb-row-default-top, 25px );padding-bottom:var( --global-kb-row-default-bottom, 25px );padding-top:var(--global-kb-spacing-sm, 1.5rem);padding-bottom:var(--global-kb-spacing-sm, 1.5rem);grid-template-columns:repeat(2, minmax(0, 1fr));}#kt-layout-id_a70fcf-6c > .kt-row-layout-overlay{opacity:0.30;}@media all and (max-width: 1024px){#kt-layout-id_a70fcf-6c > .kt-row-column-wrap{grid-template-columns:repeat(2, minmax(0, 1fr));}}@media all and (max-width: 767px){#kt-layout-id_a70fcf-6c > .kt-row-column-wrap{grid-template-columns:minmax(0, 1fr);}}<\/style>\n<div class=\"wp-block-kadence-rowlayout alignnone\"><div id=\"kt-layout-id_a70fcf-6c\" class=\"kt-row-layout-inner kt-layout-id_a70fcf-6c\"><div class=\"kt-row-column-wrap kt-has-2-columns kt-gutter-default kt-v-gutter-default kt-row-valign-top kt-row-layout-equal kt-tab-layout-inherit kt-m-colapse-left-to-right kt-mobile-layout-row\"><style>.kadence-column_740df1-69 > .kt-inside-inner-col{border-top-width:0px;border-right-width:0px;border-bottom-width:0px;border-left-width:0px;}.kadence-column_740df1-69 > .kt-inside-inner-col,.kadence-column_740df1-69 > .kt-inside-inner-col:before{border-top-left-radius:0px;border-top-right-radius:0px;border-bottom-right-radius:0px;border-bottom-left-radius:0px;}.kadence-column_740df1-69 > .kt-inside-inner-col{column-gap:var(--global-kb-gap-sm, 1rem);}.kadence-column_740df1-69 > .kt-inside-inner-col{flex-direction:column;}.kadence-column_740df1-69 > .kt-inside-inner-col > .aligncenter{width:100%;}.kadence-column_740df1-69 > .kt-inside-inner-col:before{opacity:0.3;}.kadence-column_740df1-69{position:relative;}@media all and (max-width: 1024px){.kadence-column_740df1-69 > .kt-inside-inner-col{flex-direction:column;justify-content:center;}}@media all and (max-width: 767px){.kadence-column_740df1-69 > .kt-inside-inner-col{flex-direction:column;justify-content:center;}}<\/style>\n<div class=\"wp-block-kadence-column inner-column-1 kadence-column_740df1-69\"><div class=\"kt-inside-inner-col\">\n<h3 class=\"wp-block-heading\">Obiective<\/h3>\n\n\n\n<p>Studen\u021bii care finalizeaz\u0103 certificatul vor fi capabili s\u0103:<\/p>\n\n\n\n<ol class=\"wp-block-list\"><li>Construiasc\u0103 un fundament biblic pentru facerea de ucenici (Obiectivul 1 al Programului)<\/li><li>Cl\u0103deasc\u0103 o infrastructur\u0103 pentru studiul biblic personal (Obiectivul 2 al Programului)<\/li><li>Proiecteze o structur\u0103 pentru a ac\u021biona ca lideri slujitori (Obiectivul 3 al Programului)<\/li><li>Exercite comunicarea folosind o varietate de instrumente (Obiectivul 4 al Programului)<\/li><\/ol>\n<\/div><\/div>\n\n\n<style>.kadence-column_9e0795-9c > .kt-inside-inner-col{border-top-width:0px;border-right-width:0px;border-bottom-width:0px;border-left-width:0px;}.kadence-column_9e0795-9c > .kt-inside-inner-col,.kadence-column_9e0795-9c > .kt-inside-inner-col:before{border-top-left-radius:0px;border-top-right-radius:0px;border-bottom-right-radius:0px;border-bottom-left-radius:0px;}.kadence-column_9e0795-9c > .kt-inside-inner-col{column-gap:var(--global-kb-gap-sm, 1rem);}.kadence-column_9e0795-9c > .kt-inside-inner-col{flex-direction:column;}.kadence-column_9e0795-9c > .kt-inside-inner-col > .aligncenter{width:100%;}.kadence-column_9e0795-9c > .kt-inside-inner-col:before{opacity:0.3;}.kadence-column_9e0795-9c{position:relative;}@media all and (max-width: 1024px){.kadence-column_9e0795-9c > .kt-inside-inner-col{flex-direction:column;justify-content:center;}}@media all and (max-width: 767px){.kadence-column_9e0795-9c > .kt-inside-inner-col{flex-direction:column;justify-content:center;}}<\/style>\n<div class=\"wp-block-kadence-column inner-column-2 kadence-column_9e0795-9c\"><div class=\"kt-inside-inner-col\">\n<h3 class=\"wp-block-heading\">Mai multe informa\u021bii<\/h3>\n\n\n\n<ul class=\"wp-block-list\"><li><a href=\"https:\/\/tcmi.edu\/students\/requirement-lists\/\">Lista cerin\u021belor pentru certificat<\/a><\/li><\/ul>\n<\/div><\/div>\n<\/div><\/div><\/div>\n<\/div><\/div>\n<\/div><\/div><\/div>\n\n<h2 class=\"wp-block-heading\">Curriculum certificat<\/h2>\n<style>#kt-layout-id_147fbe-34 > .kt-row-column-wrap{align-content:start;}:where(#kt-layout-id_147fbe-34 > .kt-row-column-wrap) > .wp-block-kadence-column{justify-content:start;}#kt-layout-id_147fbe-34 > .kt-row-column-wrap{column-gap:var(--global-kb-gap-md, 2rem);row-gap:var(--global-kb-gap-md, 2rem);padding-top:var( --global-kb-row-default-top, 25px );padding-bottom:var( --global-kb-row-default-bottom, 25px );padding-top:var(--global-kb-spacing-sm, 1.5rem);padding-bottom:var(--global-kb-spacing-sm, 1.5rem);grid-template-columns:repeat(2, minmax(0, 1fr));}#kt-layout-id_147fbe-34 > .kt-row-layout-overlay{opacity:0.30;}@media all and (max-width: 1024px){#kt-layout-id_147fbe-34 > .kt-row-column-wrap{grid-template-columns:repeat(2, minmax(0, 1fr));}}@media all and (max-width: 767px){#kt-layout-id_147fbe-34 > .kt-row-column-wrap{grid-template-columns:minmax(0, 1fr);}}<\/style>\n<div class=\"wp-block-kadence-rowlayout alignnone\"><div id=\"kt-layout-id_147fbe-34\" class=\"kt-row-layout-inner kt-layout-id_147fbe-34\"><div class=\"kt-row-column-wrap kt-has-2-columns kt-gutter-default kt-v-gutter-default kt-row-valign-top kt-row-layout-equal kt-tab-layout-inherit kt-m-colapse-left-to-right kt-mobile-layout-row\"><style>.kadence-column_f7b4e2-df > .kt-inside-inner-col{border-top-width:0px;border-right-width:0px;border-bottom-width:0px;border-left-width:0px;}.kadence-column_f7b4e2-df > .kt-inside-inner-col,.kadence-column_f7b4e2-df > .kt-inside-inner-col:before{border-top-left-radius:0px;border-top-right-radius:0px;border-bottom-right-radius:0px;border-bottom-left-radius:0px;}.kadence-column_f7b4e2-df > .kt-inside-inner-col{column-gap:var(--global-kb-gap-sm, 1rem);}.kadence-column_f7b4e2-df > .kt-inside-inner-col{flex-direction:column;}.kadence-column_f7b4e2-df > .kt-inside-inner-col > .aligncenter{width:100%;}.kadence-column_f7b4e2-df > .kt-inside-inner-col:before{opacity:0.3;}.kadence-column_f7b4e2-df{position:relative;}@media all and (max-width: 1024px){.kadence-column_f7b4e2-df > .kt-inside-inner-col{flex-direction:column;justify-content:center;}}@media all and (max-width: 767px){.kadence-column_f7b4e2-df > .kt-inside-inner-col{flex-direction:column;justify-content:center;}}<\/style>\n<div class=\"wp-block-kadence-column inner-column-1 kadence-column_f7b4e2-df\"><div class=\"kt-inside-inner-col\">\n<p><strong>Cerin\u021bele certificatului sunt de 24 de credite \u00een total:<\/strong><\/p>\n\n\n\n<ul class=\"wp-block-list\"><li>RE 500 &#8211; Metode de Cercetare (3 credite) &#8211; acest curs trebuie urmat printre primele dou\u0103 cursuri (6 credite) ale acestui studiu.<\/li><li>RE 601 Proiectul Reflec\u021bie integrat\u0103 (3 credite)<\/li><\/ul>\n\n\n\n<p><strong>Un curs de baz\u0103 ales dintre urm\u0103toarele (3 credite):<\/strong><\/p>\n\n\n\n<ul class=\"wp-block-list\"><li>OL 500 Ucenicie<\/li><li>PT 601 Teologia \u0219i practica \u00eenchin\u0103rii<\/li><li>PT 602 Teologia \u0219i practica rug\u0103ciunii<\/li><li>PT 603 Teologia \u0219i Practica Administr\u0103rii<\/li><\/ul>\n<\/div><\/div>\n\n\n<style>.kadence-column_cf121d-04 > .kt-inside-inner-col{border-top-width:0px;border-right-width:0px;border-bottom-width:0px;border-left-width:0px;}.kadence-column_cf121d-04 > .kt-inside-inner-col,.kadence-column_cf121d-04 > .kt-inside-inner-col:before{border-top-left-radius:0px;border-top-right-radius:0px;border-bottom-right-radius:0px;border-bottom-left-radius:0px;}.kadence-column_cf121d-04 > .kt-inside-inner-col{column-gap:var(--global-kb-gap-sm, 1rem);}.kadence-column_cf121d-04 > .kt-inside-inner-col{flex-direction:column;}.kadence-column_cf121d-04 > .kt-inside-inner-col > .aligncenter{width:100%;}.kadence-column_cf121d-04 > .kt-inside-inner-col:before{opacity:0.3;}.kadence-column_cf121d-04{position:relative;}@media all and (max-width: 1024px){.kadence-column_cf121d-04 > .kt-inside-inner-col{flex-direction:column;justify-content:center;}}@media all and (max-width: 767px){.kadence-column_cf121d-04 > .kt-inside-inner-col{flex-direction:column;justify-content:center;}}<\/style>\n<div class=\"wp-block-kadence-column inner-column-2 kadence-column_cf121d-04\"><div class=\"kt-inside-inner-col\">\n<p><strong>Trei cursuri de baz\u0103 alese dintre urm\u0103toarele (9 credite \u00een total):<\/strong><\/p>\n\n\n\n<ul class=\"wp-block-list\"><li>BS 500 Hermeneutic\u0103<\/li><li>BS 615 Introducere \u00een Studiul Vechiului Testament (BS\/PT 621 Predicarea \u0219i Predarea Vechiului Testament sau BS 639 Misiunea \u00een Vechiul Testament pot fi o alternativ\u0103 la aceast\u0103 cerin\u021b\u0103)<\/li><li>BS 635 Introducere \u00een studiul Noului Testament (BS\/PT 641 Predicarea \u0219i predarea Noului Testament sau BS 640 Misiunea \u0219i Noul Testament pot fi o alternativ\u0103 la aceast\u0103 cerin\u021b\u0103)<\/li><li>TH 600 Istoria Teologiei Cre\u0219tine 1<\/li><li>TH 601 Istoria Teologiei Cre\u0219tine 2<\/li><\/ul>\n\n\n\n<p><strong>Dou\u0103 cursuri alese din categoria PT \/ OL (un total de 6 credite)<\/strong><\/p>\n<\/div><\/div>\n<\/div><\/div><\/div>\n\n<h2 class=\"wp-block-heading\">Certificat cu concentrare pe curriculumul Ucenicie<\/h2>\n<style>#kt-layout-id_1ef9d3-a5 > .kt-row-column-wrap{align-content:start;}:where(#kt-layout-id_1ef9d3-a5 > .kt-row-column-wrap) > .wp-block-kadence-column{justify-content:start;}#kt-layout-id_1ef9d3-a5 > .kt-row-column-wrap{column-gap:var(--global-kb-gap-md, 2rem);row-gap:var(--global-kb-gap-md, 2rem);padding-top:var( --global-kb-row-default-top, 25px );padding-bottom:var( --global-kb-row-default-bottom, 25px );padding-top:var(--global-kb-spacing-sm, 1.5rem);padding-bottom:var(--global-kb-spacing-sm, 1.5rem);grid-template-columns:repeat(2, minmax(0, 1fr));}#kt-layout-id_1ef9d3-a5 > .kt-row-layout-overlay{opacity:0.30;}@media all and (max-width: 1024px){#kt-layout-id_1ef9d3-a5 > .kt-row-column-wrap{grid-template-columns:repeat(2, minmax(0, 1fr));}}@media all and (max-width: 767px){#kt-layout-id_1ef9d3-a5 > .kt-row-column-wrap{grid-template-columns:minmax(0, 1fr);}}<\/style>\n<div class=\"wp-block-kadence-rowlayout alignnone\"><div id=\"kt-layout-id_1ef9d3-a5\" class=\"kt-row-layout-inner kt-layout-id_1ef9d3-a5\"><div class=\"kt-row-column-wrap kt-has-2-columns kt-gutter-default kt-v-gutter-default kt-row-valign-top kt-row-layout-equal kt-tab-layout-inherit kt-m-colapse-left-to-right kt-mobile-layout-row\"><style>.kadence-column_909b83-69 > .kt-inside-inner-col{border-top-width:0px;border-right-width:0px;border-bottom-width:0px;border-left-width:0px;}.kadence-column_909b83-69 > .kt-inside-inner-col,.kadence-column_909b83-69 > .kt-inside-inner-col:before{border-top-left-radius:0px;border-top-right-radius:0px;border-bottom-right-radius:0px;border-bottom-left-radius:0px;}.kadence-column_909b83-69 > .kt-inside-inner-col{column-gap:var(--global-kb-gap-sm, 1rem);}.kadence-column_909b83-69 > .kt-inside-inner-col{flex-direction:column;}.kadence-column_909b83-69 > .kt-inside-inner-col > .aligncenter{width:100%;}.kadence-column_909b83-69 > .kt-inside-inner-col:before{opacity:0.3;}.kadence-column_909b83-69{position:relative;}@media all and (max-width: 1024px){.kadence-column_909b83-69 > .kt-inside-inner-col{flex-direction:column;justify-content:center;}}@media all and (max-width: 767px){.kadence-column_909b83-69 > .kt-inside-inner-col{flex-direction:column;justify-content:center;}}<\/style>\n<div class=\"wp-block-kadence-column inner-column-1 kadence-column_909b83-69\"><div class=\"kt-inside-inner-col\">\n<p><strong>Certificatul cu concentrare pe Ucenicie poate fi absolvit \u00een urma complet\u0103rii urm\u0103torului curriculum:<\/strong><\/p>\n\n\n\n<ul class=\"wp-block-list\"><li>RE 500 Metode de cercetare (3 credite) \u2013 acest curs trebuie luat \u00eentre primele dou\u0103 cursuri (6 credite) ale acestui studiu.<\/li><li>RE 601 Proiectul Reflec\u021bie integrat\u0103 (3 credite)<\/li><\/ul>\n<\/div><\/div>\n\n\n<style>.kadence-column_4fa077-71 > .kt-inside-inner-col{border-top-width:0px;border-right-width:0px;border-bottom-width:0px;border-left-width:0px;}.kadence-column_4fa077-71 > .kt-inside-inner-col,.kadence-column_4fa077-71 > .kt-inside-inner-col:before{border-top-left-radius:0px;border-top-right-radius:0px;border-bottom-right-radius:0px;border-bottom-left-radius:0px;}.kadence-column_4fa077-71 > .kt-inside-inner-col{column-gap:var(--global-kb-gap-sm, 1rem);}.kadence-column_4fa077-71 > .kt-inside-inner-col{flex-direction:column;}.kadence-column_4fa077-71 > .kt-inside-inner-col > .aligncenter{width:100%;}.kadence-column_4fa077-71 > .kt-inside-inner-col:before{opacity:0.3;}.kadence-column_4fa077-71{position:relative;}@media all and (max-width: 1024px){.kadence-column_4fa077-71 > .kt-inside-inner-col{flex-direction:column;justify-content:center;}}@media all and (max-width: 767px){.kadence-column_4fa077-71 > .kt-inside-inner-col{flex-direction:column;justify-content:center;}}<\/style>\n<div class=\"wp-block-kadence-column inner-column-2 kadence-column_4fa077-71\"><div class=\"kt-inside-inner-col\">\n<p><strong>Trei cursuri de baz\u0103 (9 credite)<\/strong><\/p>\n\n\n\n<ul class=\"wp-block-list\"><li>BS 500 Hermeneutic\u0103<\/li><li>BS 615 Introducere \u00een Studiul Vechiului Testament (BS\/PT 621 Predicarea \u0219i Predarea Vechiului Testament sau BS 639 Misiunea \u00een Vechiul Testament pot fi o alternativ\u0103 la aceast\u0103 cerin\u021b\u0103).<\/li><li>BS 635 Introducere \u00een Studiul Noului Testament (BS\/PT 641 Predicarea \u0219i Predarea Noului Testament sau BS 640 Misiunea \u00een Noul Testament pot fi o alternativ\u0103 la aceast\u0103 cerin\u021b\u0103)<\/li><\/ul>\n<\/div><\/div>\n<\/div><\/div><\/div>\n<style>#kt-layout-id_45512d-b8 > .kt-row-column-wrap{align-content:start;}:where(#kt-layout-id_45512d-b8 > .kt-row-column-wrap) > .wp-block-kadence-column{justify-content:start;}#kt-layout-id_45512d-b8 > .kt-row-column-wrap{column-gap:var(--global-kb-gap-md, 2rem);row-gap:var(--global-kb-gap-md, 2rem);padding-top:var( --global-kb-row-default-top, 25px );padding-bottom:var( --global-kb-row-default-bottom, 25px );padding-top:var(--global-kb-spacing-sm, 1.5rem);padding-bottom:var(--global-kb-spacing-sm, 1.5rem);grid-template-columns:repeat(2, minmax(0, 1fr));}#kt-layout-id_45512d-b8 > .kt-row-layout-overlay{opacity:0.30;}@media all and (max-width: 1024px){#kt-layout-id_45512d-b8 > .kt-row-column-wrap{grid-template-columns:repeat(2, minmax(0, 1fr));}}@media all and (max-width: 767px){#kt-layout-id_45512d-b8 > .kt-row-column-wrap{grid-template-columns:minmax(0, 1fr);}}<\/style>\n<div class=\"wp-block-kadence-rowlayout alignnone\"><div id=\"kt-layout-id_45512d-b8\" class=\"kt-row-layout-inner kt-layout-id_45512d-b8\"><div class=\"kt-row-column-wrap kt-has-2-columns kt-gutter-default kt-v-gutter-default kt-row-valign-top kt-row-layout-equal kt-tab-layout-inherit kt-m-colapse-left-to-right kt-mobile-layout-row\"><style>.kadence-column_1bdb68-a8 > .kt-inside-inner-col{border-top-width:0px;border-right-width:0px;border-bottom-width:0px;border-left-width:0px;}.kadence-column_1bdb68-a8 > .kt-inside-inner-col,.kadence-column_1bdb68-a8 > .kt-inside-inner-col:before{border-top-left-radius:0px;border-top-right-radius:0px;border-bottom-right-radius:0px;border-bottom-left-radius:0px;}.kadence-column_1bdb68-a8 > .kt-inside-inner-col{column-gap:var(--global-kb-gap-sm, 1rem);}.kadence-column_1bdb68-a8 > .kt-inside-inner-col{flex-direction:column;}.kadence-column_1bdb68-a8 > .kt-inside-inner-col > .aligncenter{width:100%;}.kadence-column_1bdb68-a8 > .kt-inside-inner-col:before{opacity:0.3;}.kadence-column_1bdb68-a8{position:relative;}@media all and (max-width: 1024px){.kadence-column_1bdb68-a8 > .kt-inside-inner-col{flex-direction:column;justify-content:center;}}@media all and (max-width: 767px){.kadence-column_1bdb68-a8 > .kt-inside-inner-col{flex-direction:column;justify-content:center;}}<\/style>\n<div class=\"wp-block-kadence-column inner-column-1 kadence-column_1bdb68-a8\"><div class=\"kt-inside-inner-col\">\n<p><strong>Dou\u0103 cursuri de ucenicie practic\u0103 (6 credite)<\/strong><\/p>\n\n\n\n<ul class=\"wp-block-list\"><li>OL 500 Ucenicie<\/li><li>OL 612 Conducere prin Slujire<\/li><\/ul>\n<\/div><\/div>\n\n\n<style>.kadence-column_511f55-00 > .kt-inside-inner-col{border-top-width:0px;border-right-width:0px;border-bottom-width:0px;border-left-width:0px;}.kadence-column_511f55-00 > .kt-inside-inner-col,.kadence-column_511f55-00 > .kt-inside-inner-col:before{border-top-left-radius:0px;border-top-right-radius:0px;border-bottom-right-radius:0px;border-bottom-left-radius:0px;}.kadence-column_511f55-00 > .kt-inside-inner-col{column-gap:var(--global-kb-gap-sm, 1rem);}.kadence-column_511f55-00 > .kt-inside-inner-col{flex-direction:column;}.kadence-column_511f55-00 > .kt-inside-inner-col > .aligncenter{width:100%;}.kadence-column_511f55-00 > .kt-inside-inner-col:before{opacity:0.3;}.kadence-column_511f55-00{position:relative;}@media all and (max-width: 1024px){.kadence-column_511f55-00 > .kt-inside-inner-col{flex-direction:column;justify-content:center;}}@media all and (max-width: 767px){.kadence-column_511f55-00 > .kt-inside-inner-col{flex-direction:column;justify-content:center;}}<\/style>\n<div class=\"wp-block-kadence-column inner-column-2 kadence-column_511f55-00\"><div class=\"kt-inside-inner-col\">\n<p><strong>Un curs de ucenicie practic\u0103 la alegere dintre urm\u0103toarele (3 credite):<\/strong><\/p>\n\n\n\n<ul class=\"wp-block-list\"><li>PT 601 Teologia \u0219i practica \u00eenchin\u0103rii<\/li><li>PT 602 Teologia \u0219i practica rug\u0103ciunii<\/li><li>PT 603 Teologia \u0219i Practica Administr\u0103rii<\/li><li>PT 604 Evanghelizare<\/li><\/ul>\n<\/div><\/div>\n<\/div><\/div><\/div>\n","protected":false},"excerpt":{"rendered":"<p>Certificatul TCM de dou\u0103zeci \u0219i patru (24) de credite este un program educa\u021bional f\u0103r\u0103 grad, care ofer\u0103 studen\u021bilor posibilitatea de a-\u0219i \u00eembun\u0103t\u0103\u021bi abilit\u0103\u021bile \u00een conducerea cre\u0219tin\u0103. Este conceput pentru pastori, presbiteri, \u00eenv\u0103\u021b\u0103tori \u0219i al\u021bi lideri cre\u0219tini care doresc s\u0103-\u0219i continue educa\u021bia \u0219i\/sau s\u0103 urmeze o diplom\u0103, oferind cursurile de baz\u0103 pentru credit academic. Obiective Studen\u021bii&#8230;<\/p>\n","protected":false},"author":1,"featured_media":6855,"parent":10577,"menu_order":1,"comment_status":"closed","ping_status":"closed","template":"","meta":{"_acf_changed":false,"_kad_blocks_custom_css":"","_kad_blocks_head_custom_js":"","_kad_blocks_body_custom_js":"","_kad_blocks_footer_custom_js":"","_kad_post_transparent":"","_kad_post_title":"","_kad_post_layout":"","_kad_post_sidebar_id":"","_kad_post_content_style":"","_kad_post_vertical_padding":"","_kad_post_feature":"","_kad_post_feature_position":"","_kad_post_header":false,"_kad_post_footer":false,"_kad_post_classname":"","footnotes":""},"page_category":[],"class_list":["post-11060","page","type-page","status-publish","has-post-thumbnail","hentry"],"acf":[],"taxonomy_info":[],"featured_image_src_large":["https:\/\/tcmi.edu\/wp-content\/uploads\/2020\/11\/Test5-08-08-14-19-US-Cohort-retreat-week-800x530-1.jpg",800,530,false],"author_info":{"display_name":"Kaleb Heitzman","author_link":"https:\/\/tcmi.edu\/ro\/author\/developer\/"},"comment_info":"","_links":{"self":[{"href":"https:\/\/tcmi.edu\/ro\/wp-json\/wp\/v2\/pages\/11060","targetHints":{"allow":["GET"]}}],"collection":[{"href":"https:\/\/tcmi.edu\/ro\/wp-json\/wp\/v2\/pages"}],"about":[{"href":"https:\/\/tcmi.edu\/ro\/wp-json\/wp\/v2\/types\/page"}],"author":[{"embeddable":true,"href":"https:\/\/tcmi.edu\/ro\/wp-json\/wp\/v2\/users\/1"}],"replies":[{"embeddable":true,"href":"https:\/\/tcmi.edu\/ro\/wp-json\/wp\/v2\/comments?post=11060"}],"version-history":[{"count":22,"href":"https:\/\/tcmi.edu\/ro\/wp-json\/wp\/v2\/pages\/11060\/revisions"}],"predecessor-version":[{"id":30425,"href":"https:\/\/tcmi.edu\/ro\/wp-json\/wp\/v2\/pages\/11060\/revisions\/30425"}],"up":[{"embeddable":true,"href":"https:\/\/tcmi.edu\/ro\/wp-json\/wp\/v2\/pages\/10577"}],"wp:featuredmedia":[{"embeddable":true,"href":"https:\/\/tcmi.edu\/ro\/wp-json\/wp\/v2\/media\/6855"}],"wp:attachment":[{"href":"https:\/\/tcmi.edu\/ro\/wp-json\/wp\/v2\/media?parent=11060"}],"wp:term":[{"taxonomy":"page_category","embeddable":true,"href":"https:\/\/tcmi.edu\/ro\/wp-json\/wp\/v2\/page_category?post=11060"}],"curies":[{"name":"wp","href":"https:\/\/api.w.org\/{rel}","templated":true}]}}