{"id":11037,"date":"2014-07-09T14:04:47","date_gmt":"2014-07-09T18:04:47","guid":{"rendered":"https:\/\/tcmi.edu\/admitere\/"},"modified":"2021-11-18T13:39:23","modified_gmt":"2021-11-18T18:39:23","slug":"admitere","status":"publish","type":"page","link":"https:\/\/tcmi.edu\/ro\/admitere\/","title":{"rendered":"Admitere"},"content":{"rendered":"\n<p id=\"learn-more\">Bine a\u021bi venit la TCM!<\/p>\n\n<p>Ne bucur\u0103m s\u0103 \u0219tim c\u0103 sunte\u021bi interesat s\u0103 deveni\u021bi student la TCM.<\/p>\n\n<p>\u00cenainte de a \u00eencepe procesul de aplicare, pute\u021bi g\u0103si util\u0103 citirea documentelor enumerate mai jos. Aceste documente v\u0103 vor ajuta s\u0103 lua\u021bi o decizie \u00een vederea aplic\u0103rii la TCM.<\/p>\n\n<ol class=\"wp-block-list\"><li>Curriculum-ul TCM pentru acest an se g\u0103se\u0219te \u00een Catalogul anului curent. <a href=\"https:\/\/tcmi.edu\/students\/catalog\/\">Citi\u021bi-l aici<\/a><\/li><li>Pentru a afla mai multe despre Politicile \u0219i Procedurile TCM,<a href=\"https:\/\/tcmi.edu\/ro\/studenti\/manuale\/\"> citi\u021bi Manualul Studentului<\/a><\/li><\/ol>\n\n<p>To\u021bi solicitan\u021bii trebuie s\u0103 aib\u0103 acces la e-mail \u0219i la internet, \u0219i s\u0103 fie implica\u021bi \u00eentr-o lucrare cre\u0219tin\u0103 relevant\u0103.<\/p>\n\n<p>TCM ofer\u0103 urm\u0103toarele programe:<\/p>\n\n<ul class=\"wp-block-list\"><li>\n          <a href=\"https:\/\/tcmi.edu\/ro\/academice\/certificat\/\" data-type=\"page\" data-id=\"820\">Program Certificat<\/a>\n        <\/li><li>\n          <a href=\"https:\/\/tcmi.edu\/ro\/academice\/certificat\/\" data-type=\"page\" data-id=\"820\">Program Certificat cu concentrare pe Ucenicie<\/a>\n        <\/li><li>\n          <a href=\"https:\/\/tcmi.edu\/ro\/academice\/master-of-arts\/\" data-type=\"page\" data-id=\"815\">Master of Arts<\/a>\n        <\/li><li>\n          <a href=\"https:\/\/tcmi.edu\/ro\/academice\/master-of-divinity\/\" data-type=\"page\" data-id=\"818\">Master of Divinity<\/a>\n        <\/li><\/ul>\n\n<p>Descrierea procesului de aplicare<\/p>\n\n<ol class=\"wp-block-list\"><li>Solicitantul creeaz\u0103 un cont f\u0103c\u00e2nd clic pe<em><a href=\"https:\/\/tcmi.edu\/admissions\/apply\/\" data-type=\"page\" data-id=\"6172\"> Aplic\u0103 Acum<\/a><\/em><\/li><li>Solicitantul completeaz\u0103 \u0219i trimite un formular de cerere din meniul pentru aplicare.<\/li><li>Cererea este revizuit\u0103 pentru a fi conform\u0103 cerin\u021belor de aplicare. Dac\u0103 cererea nu este complet\u0103, solicitantul va fi informat s\u0103 o refac\u0103.<\/li><li>Dac\u0103 cererea este complet\u0103, se va trimite un e-mail automat c\u0103tre pastor \u0219i un reprezentant regional (stabilit de TCM), cu solicitarea unei recomand\u0103ri pentru candidat. Reprezentantul regional este parte din personalul TCM care ar putea contacta solicitantul pentru un scurt interviu.<\/li><li>Dup\u0103 aplicare, primirea recomand\u0103rii pastorului \u0219i a reprezentantului regional, Biroul de Admitere va trimite toate documentele Comitetului de Admitere pentru a fi analizate.<\/li><li>Comitetul de admitere va stabili admiterea solicitantului.<\/li><li>Biroul de admitere va trimite solicitantului o notificare de acceptare sau de respingere a admiterii.<\/li><\/ol>\n","protected":false},"excerpt":{"rendered":"<p>Bine a\u021bi venit la TCM! Ne bucur\u0103m s\u0103 \u0219tim c\u0103 sunte\u021bi interesat s\u0103 deveni\u021bi student la TCM. \u00cenainte de a \u00eencepe procesul de aplicare, pute\u021bi g\u0103si util\u0103 citirea documentelor enumerate mai jos. Aceste documente v\u0103 vor ajuta s\u0103 lua\u021bi o decizie \u00een vederea aplic\u0103rii la TCM. Curriculum-ul TCM pentru acest an se g\u0103se\u0219te \u00een Catalogul&#8230;<\/p>\n","protected":false},"author":1,"featured_media":7738,"parent":0,"menu_order":0,"comment_status":"open","ping_status":"open","template":"","meta":{"_acf_changed":false,"_kad_blocks_custom_css":"","_kad_blocks_head_custom_js":"","_kad_blocks_body_custom_js":"","_kad_blocks_footer_custom_js":"","_kad_post_transparent":"","_kad_post_title":"hide","_kad_post_layout":"","_kad_post_sidebar_id":"","_kad_post_content_style":"","_kad_post_vertical_padding":"","_kad_post_feature":"","_kad_post_feature_position":"","_kad_post_header":false,"_kad_post_footer":false,"_kad_post_classname":"","footnotes":""},"page_category":[212],"class_list":["post-11037","page","type-page","status-publish","has-post-thumbnail","hentry","page_category-admissions-page-ro"],"acf":[],"taxonomy_info":{"page_category":[{"value":212,"label":"admissions-page"}]},"featured_image_src_large":["https:\/\/tcmi.edu\/wp-content\/uploads\/2021\/02\/IMG_0043-1-e1613334045833-1024x535.jpg",1024,535,true],"author_info":{"display_name":"Kaleb Heitzman","author_link":"https:\/\/tcmi.edu\/ro\/author\/developer\/"},"comment_info":"","_links":{"self":[{"href":"https:\/\/tcmi.edu\/ro\/wp-json\/wp\/v2\/pages\/11037","targetHints":{"allow":["GET"]}}],"collection":[{"href":"https:\/\/tcmi.edu\/ro\/wp-json\/wp\/v2\/pages"}],"about":[{"href":"https:\/\/tcmi.edu\/ro\/wp-json\/wp\/v2\/types\/page"}],"author":[{"embeddable":true,"href":"https:\/\/tcmi.edu\/ro\/wp-json\/wp\/v2\/users\/1"}],"replies":[{"embeddable":true,"href":"https:\/\/tcmi.edu\/ro\/wp-json\/wp\/v2\/comments?post=11037"}],"version-history":[{"count":26,"href":"https:\/\/tcmi.edu\/ro\/wp-json\/wp\/v2\/pages\/11037\/revisions"}],"predecessor-version":[{"id":31813,"href":"https:\/\/tcmi.edu\/ro\/wp-json\/wp\/v2\/pages\/11037\/revisions\/31813"}],"wp:featuredmedia":[{"embeddable":true,"href":"https:\/\/tcmi.edu\/ro\/wp-json\/wp\/v2\/media\/7738"}],"wp:attachment":[{"href":"https:\/\/tcmi.edu\/ro\/wp-json\/wp\/v2\/media?parent=11037"}],"wp:term":[{"taxonomy":"page_category","embeddable":true,"href":"https:\/\/tcmi.edu\/ro\/wp-json\/wp\/v2\/page_category?post=11037"}],"curies":[{"name":"wp","href":"https:\/\/api.w.org\/{rel}","templated":true}]}}