{"id":10664,"date":"2018-10-14T10:29:22","date_gmt":"2018-10-14T14:29:22","guid":{"rendered":"https:\/\/tcmi.edu\/tutoriale-de-biblioteca\/"},"modified":"2023-06-08T08:09:18","modified_gmt":"2023-06-08T12:09:18","slug":"tutoriale-biblioteca","status":"publish","type":"page","link":"https:\/\/tcmi.edu\/ro\/biblioteca\/tutoriale-biblioteca\/","title":{"rendered":"Tutoriale Bibliotec\u0103"},"content":{"rendered":"<style>.wp-block-kadence-advancedbtn.kb-btns_20b195-af{gap:var(--global-kb-gap-xs, 0.5rem );justify-content:flex-start;align-items:center;}.kt-btns_20b195-af .kt-button{font-weight:normal;font-style:normal;}.kt-btns_20b195-af .kt-btn-wrap-0{margin-right:5px;}.wp-block-kadence-advancedbtn.kt-btns_20b195-af .kt-btn-wrap-0 .kt-button{color:#555555;border-color:#555555;}.wp-block-kadence-advancedbtn.kt-btns_20b195-af .kt-btn-wrap-0 .kt-button:hover, .wp-block-kadence-advancedbtn.kt-btns_20b195-af .kt-btn-wrap-0 .kt-button:focus{color:#ffffff;border-color:#444444;}.wp-block-kadence-advancedbtn.kt-btns_20b195-af .kt-btn-wrap-0 .kt-button::before{display:none;}.wp-block-kadence-advancedbtn.kt-btns_20b195-af .kt-btn-wrap-0 .kt-button:hover, .wp-block-kadence-advancedbtn.kt-btns_20b195-af .kt-btn-wrap-0 .kt-button:focus{background:#444444;}<\/style>\n<div class=\"wp-block-kadence-advancedbtn kb-buttons-wrap kb-btns_20b195-af\"><style>ul.menu .wp-block-kadence-advancedbtn .kb-btn_65cdaa-2f.kb-button{width:initial;}<\/style><a class=\"kb-button kt-button button kb-btn_65cdaa-2f kt-btn-size-standard kt-btn-width-type-auto kb-btn-global-fill  kt-btn-has-text-true kt-btn-has-svg-false  wp-block-kadence-singlebtn\" href=\"https:\/\/tcmint.sharepoint.com\/:f:\/s\/students\/ErVtC28en1FMrsHfbyHElaoBF61znzmN9jgWciGXzpqH6A?e=jUlzow\"><span class=\"kt-btn-inner-text\">Ghid de cercetare \u0219i scriere<\/span><\/a><\/div>\n\n\n\n<p><strong>Tutoriale EBSCOhost<\/strong><\/p>\n\n\n\n<p><strong>General:<\/strong><\/p>\n\n\n\n<ul class=\"wp-block-list\">\n<li><a rel=\"noopener noreferrer\" href=\"https:\/\/youtu.be\/LwdvCs9aFKQ\" target=\"_blank\">Face\u021bi cuno\u0219tin\u021b\u0103 cu EBSCOhost<\/a> [4:18]<\/li>\n\n\n\n<li><a rel=\"noopener noreferrer\" href=\"https:\/\/www.youtube.com\/watch?v=K56OPY3sbJ8\" target=\"_blank\">R\u0103sfoirea Termenilor de Subiect \u00een bazele de date EBSCOhost<\/a> [2:24]<\/li>\n\n\n\n<li><a rel=\"noopener noreferrer\" href=\"https:\/\/www.youtube.com\/watch?v=Cs-t62k4Kss\" target=\"_blank\">C\u0103utare de baz\u0103 EBSCOhost<\/a> [2:13]<\/li>\n\n\n\n<li><a rel=\"noopener noreferrer\" href=\"https:\/\/www.youtube.com\/watch?v=DjKNxqiuwpY\" target=\"_blank\">C\u0103utare avansat\u0103 EBSCOhost<\/a> [2:39]<\/li>\n\n\n\n<li><a rel=\"noopener noreferrer\" href=\"https:\/\/www.youtube.com\/watch?v=XQik-bA8YB0&amp;list=PLLqgYj2sU6yoMARkk_OwMbx3RVXTBElMI\" target=\"_blank\">Crearea unei alerte de c\u0103utare \u00een EBSCOhost<\/a> [1:28]<\/li>\n\n\n\n<li><a rel=\"noopener noreferrer\" href=\"https:\/\/www.youtube.com\/watch?v=aBbqqVqPQvE\" target=\"_blank\">Dosarul meu EBSCOhost<\/a> [3:14]<\/li>\n<\/ul>\n\n\n\n<p><strong>\u00cen vernacular\u0103:<\/strong><\/p>\n\n\n\n<ul class=\"wp-block-list\">\n<li>Tutoriale EBSCOhost \u00een<a href=\"https:\/\/connect.ebsco.com\/s\/article\/Informationen-in-Deutsch?language=en_US\" target=\"_blank\" rel=\"noopener noreferrer\"> limba german\u0103<\/a><\/li>\n\n\n\n<li>Tutoriale EBSCOhost \u00een<a href=\"https:\/\/connect.ebsco.com\/s\/article\/Rom%C3%A2na?language=en_US\" target=\"_blank\" rel=\"noopener noreferrer\">limba rom\u00e2n\u0103<\/a><\/li>\n\n\n\n<li>Tutoriale EBSCOhost \u00een<a href=\"https:\/\/connect.ebsco.com\/s\/article\/%D0%A0%D1%83%D1%81%D1%81%D0%BAo%D1%8F%D0%B7%D1%8B%D1%87%D0%BD%D1%8B%D0%B5-%D1%80%D0%B5%D1%81%D1%83%D1%80%D1%81%D1%8B?language=en_US\" target=\"_blank\" rel=\"noopener noreferrer\">limba rus\u0103<\/a><\/li>\n<\/ul>\n\n\n\n<p>G\u0103si\u021bi mai multe <a rel=\"noopener noreferrer\" href=\"https:\/\/connect.ebsco.com\/s\/article\/Where-can-I-find-tutorials-on-EBSCO-interfaces?language=de\" target=\"_blank\">tutoriale EBSCOhost.<\/a><\/p>\n","protected":false},"excerpt":{"rendered":"<p>Tutoriale EBSCOhost General: \u00cen vernacular\u0103: G\u0103si\u021bi mai multe tutoriale EBSCOhost.<\/p>\n","protected":false},"author":29,"featured_media":0,"parent":11082,"menu_order":6,"comment_status":"closed","ping_status":"closed","template":"","meta":{"_acf_changed":false,"_kad_blocks_custom_css":"","_kad_blocks_head_custom_js":"","_kad_blocks_body_custom_js":"","_kad_blocks_footer_custom_js":"","_kad_post_transparent":"","_kad_post_title":"","_kad_post_layout":"","_kad_post_sidebar_id":"","_kad_post_content_style":"","_kad_post_vertical_padding":"","_kad_post_feature":"","_kad_post_feature_position":"","_kad_post_header":false,"_kad_post_footer":false,"_kad_post_classname":"","footnotes":""},"page_category":[],"class_list":["post-10664","page","type-page","status-publish","hentry"],"acf":[],"taxonomy_info":[],"featured_image_src_large":false,"author_info":{"display_name":"Oksana Puzynina","author_link":"https:\/\/tcmi.edu\/ro\/author\/oksana-puzyninatcmi-edu\/"},"comment_info":"","_links":{"self":[{"href":"https:\/\/tcmi.edu\/ro\/wp-json\/wp\/v2\/pages\/10664","targetHints":{"allow":["GET"]}}],"collection":[{"href":"https:\/\/tcmi.edu\/ro\/wp-json\/wp\/v2\/pages"}],"about":[{"href":"https:\/\/tcmi.edu\/ro\/wp-json\/wp\/v2\/types\/page"}],"author":[{"embeddable":true,"href":"https:\/\/tcmi.edu\/ro\/wp-json\/wp\/v2\/users\/29"}],"replies":[{"embeddable":true,"href":"https:\/\/tcmi.edu\/ro\/wp-json\/wp\/v2\/comments?post=10664"}],"version-history":[{"count":8,"href":"https:\/\/tcmi.edu\/ro\/wp-json\/wp\/v2\/pages\/10664\/revisions"}],"predecessor-version":[{"id":41028,"href":"https:\/\/tcmi.edu\/ro\/wp-json\/wp\/v2\/pages\/10664\/revisions\/41028"}],"up":[{"embeddable":true,"href":"https:\/\/tcmi.edu\/ro\/wp-json\/wp\/v2\/pages\/11082"}],"wp:attachment":[{"href":"https:\/\/tcmi.edu\/ro\/wp-json\/wp\/v2\/media?parent=10664"}],"wp:term":[{"taxonomy":"page_category","embeddable":true,"href":"https:\/\/tcmi.edu\/ro\/wp-json\/wp\/v2\/page_category?post=10664"}],"curies":[{"name":"wp","href":"https:\/\/api.w.org\/{rel}","templated":true}]}}