{"id":10648,"date":"2019-05-01T14:16:55","date_gmt":"2019-05-01T18:16:55","guid":{"rendered":"https:\/\/tcmi.edu\/biblioteca-haus-edelweiss\/"},"modified":"2022-09-22T17:56:52","modified_gmt":"2022-09-22T21:56:52","slug":"biblioteca-haus-edelweiss","status":"publish","type":"page","link":"https:\/\/tcmi.edu\/ro\/biblioteca\/biblioteca-haus-edelweiss\/","title":{"rendered":"Biblioteca Haus Edelweiss"},"content":{"rendered":"\n<p><strong>C\u0103utarea \u00een Biblioteca Haus Edelweiss<\/strong><\/p>\n\n<p>Pentru a g\u0103si c\u0103r\u021bi tip\u0103rite, teze \u0219i rapoarte de proiecte, materiale audio-vizuale \u0219i media de asemenea periodice, \u00een catalog, limita\u021bi-v\u0103 c\u0103utarea (caseta din dreapta feretrei de c\u0103utare) la Haus Edelweiss\u201d holdings only.<\/p>\n\n<p>Materialele se g\u0103sesc pe rafturi conform num\u0103rului lor de apel. Acesta este compus din num\u0103rul zecimal Dewey, num\u0103rul Cutter-Sanborn \u0219i anul public\u0103rii. De exemplu: 261.873 Y54 2009.<\/p>\n\n<p>Unele resurse din bibliotec\u0103 au prefixe. C\u0103r\u021bile pot avea prefixe \u00een func\u021bie de limb\u0103 (cu excep\u021bia celor \u00een englez\u0103) \u0219i de colec\u021bie. De exemplu, prefixul RUS \u00eenseamn\u0103 resurse ruse\u0219ti, prefixul REF ajut\u0103 la localizarea resurselor de referin\u021b\u0103, prefixul THESIS se refer\u0103 la colec\u021biile de teze \u0219i rapoarte de proiect. De exemplu: RUS REF 220.3 T626 1996.<\/p>\n\n<p>Conecta\u021bi-v\u0103 folosind adresa de e-mail @tcmi.edu pentru a accesa contul de bibliotec\u0103. Contul de bibliotec\u0103 \u00eei permite utilizatorului s\u0103 \u00eemprumute materiale, s\u0103 solicite materiale care sunt deja \u00eemprumutate (s\u0103 fac\u0103 o rezervare), s\u0103 vad\u0103 istoricul, s\u0103 salveze c\u0103ut\u0103rile, s\u0103 solicite achizi\u021bionarea de noi resurse \u0219i s\u0103 \u00eentocmeasc\u0103 liste bibliografice.<\/p>\n<style>.kt-accordion-id_ff4627-c6 .kt-accordion-inner-wrap{column-gap:var(--global-kb-gap-md, 2rem);row-gap:10px;}.kt-accordion-id_ff4627-c6 .kt-accordion-panel-inner{border-top-width:0px;border-right-width:1px;border-bottom-width:1px;border-left-width:1px;background:#ffffff;padding-top:var(--global-kb-spacing-sm, 1.5rem);padding-right:var(--global-kb-spacing-sm, 1.5rem);padding-bottom:var(--global-kb-spacing-sm, 1.5rem);padding-left:var(--global-kb-spacing-sm, 1.5rem);}.kt-accordion-id_ff4627-c6 > .kt-accordion-inner-wrap > .wp-block-kadence-pane > .kt-accordion-header-wrap > .kt-blocks-accordion-header{border-top-color:#eeeeee;border-right-color:#eeeeee;border-bottom-color:#eeeeee;border-left-color:#eeeeee;border-top-width:1px;border-right-width:1px;border-bottom-width:1px;border-left-width:2px;border-top-left-radius:0px;border-top-right-radius:0px;border-bottom-right-radius:0px;border-bottom-left-radius:0px;background:#ffffff;font-size:18px;line-height:24px;color:#444444;padding-top:14px;padding-right:16px;padding-bottom:14px;padding-left:16px;}.kt-accordion-id_ff4627-c6:not( .kt-accodion-icon-style-basiccircle ):not( .kt-accodion-icon-style-xclosecircle ):not( .kt-accodion-icon-style-arrowcircle )  > .kt-accordion-inner-wrap > .wp-block-kadence-pane > .kt-accordion-header-wrap .kt-blocks-accordion-icon-trigger:after, .kt-accordion-id_ff4627-c6:not( .kt-accodion-icon-style-basiccircle ):not( .kt-accodion-icon-style-xclosecircle ):not( .kt-accodion-icon-style-arrowcircle )  > .kt-accordion-inner-wrap > .wp-block-kadence-pane > .kt-accordion-header-wrap .kt-blocks-accordion-icon-trigger:before{background:#444444;}.kt-accordion-id_ff4627-c6:not( .kt-accodion-icon-style-basic ):not( .kt-accodion-icon-style-xclose ):not( .kt-accodion-icon-style-arrow ) .kt-blocks-accordion-icon-trigger{background:#444444;}.kt-accordion-id_ff4627-c6:not( .kt-accodion-icon-style-basic ):not( .kt-accodion-icon-style-xclose ):not( .kt-accodion-icon-style-arrow ) .kt-blocks-accordion-icon-trigger:after, .kt-accordion-id_ff4627-c6:not( .kt-accodion-icon-style-basic ):not( .kt-accodion-icon-style-xclose ):not( .kt-accodion-icon-style-arrow ) .kt-blocks-accordion-icon-trigger:before{background:#ffffff;}.kt-accordion-id_ff4627-c6 > .kt-accordion-inner-wrap > .wp-block-kadence-pane > .kt-accordion-header-wrap > .kt-blocks-accordion-header:hover, \n\t\t\t\tbody:not(.hide-focus-outline) .kt-accordion-id_ff4627-c6 .kt-blocks-accordion-header:focus-visible{color:#444444;background:#ffffff;border-top-color:#d4d4d4;border-right-color:#d4d4d4;border-bottom-color:#d4d4d4;border-left-color:#d4d4d4;}.kt-accordion-id_ff4627-c6:not( .kt-accodion-icon-style-basiccircle ):not( .kt-accodion-icon-style-xclosecircle ):not( .kt-accodion-icon-style-arrowcircle ) .kt-accordion-header-wrap .kt-blocks-accordion-header:hover .kt-blocks-accordion-icon-trigger:after, .kt-accordion-id_ff4627-c6:not( .kt-accodion-icon-style-basiccircle ):not( .kt-accodion-icon-style-xclosecircle ):not( .kt-accodion-icon-style-arrowcircle ) .kt-accordion-header-wrap .kt-blocks-accordion-header:hover .kt-blocks-accordion-icon-trigger:before, body:not(.hide-focus-outline) .kt-accordion-id_ff4627-c6:not( .kt-accodion-icon-style-basiccircle ):not( .kt-accodion-icon-style-xclosecircle ):not( .kt-accodion-icon-style-arrowcircle ) .kt-blocks-accordion--visible .kt-blocks-accordion-icon-trigger:after, body:not(.hide-focus-outline) .kt-accordion-id_ff4627-c6:not( .kt-accodion-icon-style-basiccircle ):not( .kt-accodion-icon-style-xclosecircle ):not( .kt-accodion-icon-style-arrowcircle ) .kt-blocks-accordion-header:focus-visible .kt-blocks-accordion-icon-trigger:before{background:#444444;}.kt-accordion-id_ff4627-c6:not( .kt-accodion-icon-style-basic ):not( .kt-accodion-icon-style-xclose ):not( .kt-accodion-icon-style-arrow ) .kt-accordion-header-wrap .kt-blocks-accordion-header:hover .kt-blocks-accordion-icon-trigger, body:not(.hide-focus-outline) .kt-accordion-id_ff4627-c6:not( .kt-accodion-icon-style-basic ):not( .kt-accodion-icon-style-xclose ):not( .kt-accodion-icon-style-arrow ) .kt-accordion-header-wrap .kt-blocks-accordion-header:focus-visible .kt-blocks-accordion-icon-trigger{background:#444444;}.kt-accordion-id_ff4627-c6:not( .kt-accodion-icon-style-basic ):not( .kt-accodion-icon-style-xclose ):not( .kt-accodion-icon-style-arrow ) .kt-accordion-header-wrap .kt-blocks-accordion-header:hover .kt-blocks-accordion-icon-trigger:after, .kt-accordion-id_ff4627-c6:not( .kt-accodion-icon-style-basic ):not( .kt-accodion-icon-style-xclose ):not( .kt-accodion-icon-style-arrow ) .kt-accordion-header-wrap .kt-blocks-accordion-header:hover .kt-blocks-accordion-icon-trigger:before, body:not(.hide-focus-outline) .kt-accordion-id_ff4627-c6:not( .kt-accodion-icon-style-basic ):not( .kt-accodion-icon-style-xclose ):not( .kt-accodion-icon-style-arrow ) .kt-accordion-header-wrap .kt-blocks-accordion-header:focus-visible .kt-blocks-accordion-icon-trigger:after, body:not(.hide-focus-outline) .kt-accordion-id_ff4627-c6:not( .kt-accodion-icon-style-basic ):not( .kt-accodion-icon-style-xclose ):not( .kt-accodion-icon-style-arrow ) .kt-accordion-header-wrap .kt-blocks-accordion-header:focus-visible .kt-blocks-accordion-icon-trigger:before{background:#ffffff;}.kt-accordion-id_ff4627-c6 .kt-accordion-header-wrap .kt-blocks-accordion-header:focus-visible,\n\t\t\t\t.kt-accordion-id_ff4627-c6 > .kt-accordion-inner-wrap > .wp-block-kadence-pane > .kt-accordion-header-wrap > .kt-blocks-accordion-header.kt-accordion-panel-active{color:#444444;background:#ffffff;border-top-color:#eeeeee;border-right-color:#eeeeee;border-bottom-color:#eeeeee;border-left-color:#0e9cd1;}.kt-accordion-id_ff4627-c6:not( .kt-accodion-icon-style-basiccircle ):not( .kt-accodion-icon-style-xclosecircle ):not( .kt-accodion-icon-style-arrowcircle )  > .kt-accordion-inner-wrap > .wp-block-kadence-pane > .kt-accordion-header-wrap > .kt-blocks-accordion-header.kt-accordion-panel-active .kt-blocks-accordion-icon-trigger:after, .kt-accordion-id_ff4627-c6:not( .kt-accodion-icon-style-basiccircle ):not( .kt-accodion-icon-style-xclosecircle ):not( .kt-accodion-icon-style-arrowcircle )  > .kt-accordion-inner-wrap > .wp-block-kadence-pane > .kt-accordion-header-wrap > .kt-blocks-accordion-header.kt-accordion-panel-active .kt-blocks-accordion-icon-trigger:before{background:#444444;}.kt-accordion-id_ff4627-c6:not( .kt-accodion-icon-style-basic ):not( .kt-accodion-icon-style-xclose ):not( .kt-accodion-icon-style-arrow ) .kt-blocks-accordion-header.kt-accordion-panel-active .kt-blocks-accordion-icon-trigger{background:#444444;}.kt-accordion-id_ff4627-c6:not( .kt-accodion-icon-style-basic ):not( .kt-accodion-icon-style-xclose ):not( .kt-accodion-icon-style-arrow ) .kt-blocks-accordion-header.kt-accordion-panel-active .kt-blocks-accordion-icon-trigger:after, .kt-accordion-id_ff4627-c6:not( .kt-accodion-icon-style-basic ):not( .kt-accodion-icon-style-xclose ):not( .kt-accodion-icon-style-arrow ) .kt-blocks-accordion-header.kt-accordion-panel-active .kt-blocks-accordion-icon-trigger:before{background:#ffffff;}@media all and (max-width: 767px){.kt-accordion-id_ff4627-c6 .kt-accordion-inner-wrap{display:block;}.kt-accordion-id_ff4627-c6 .kt-accordion-inner-wrap .kt-accordion-pane:not(:first-child){margin-top:10px;}}<\/style>\n<div class=\"wp-block-kadence-accordion alignnone\"><div class=\"kt-accordion-wrap kt-accordion-wrap kt-accordion-id_ff4627-c6 kt-accordion-has-2-panes kt-active-pane-0 kt-accordion-block kt-pane-header-alignment-left kt-accodion-icon-style-arrow kt-accodion-icon-side-right\" style=\"max-width:none\"><div class=\"kt-accordion-inner-wrap\" data-allow-multiple-open=\"false\" data-start-open=\"none\">\n<div class=\"wp-block-kadence-pane kt-accordion-pane kt-accordion-pane-1 kt-pane_a15b50-d3\"><div class=\"kt-accordion-header-wrap\"><button class=\"kt-blocks-accordion-header kt-acccordion-button-label-show\"><span class=\"kt-blocks-accordion-title-wrap\"><span class=\"kt-blocks-accordion-title\">Pentru a \u00eemprumuta materialele fizice din Biblioteca Haus Edelweiss<\/span><\/span><span class=\"kt-blocks-accordion-icon-trigger\"><\/span><\/button><\/div><div class=\"kt-accordion-panel kt-accordion-panel-hidden\"><div class=\"kt-accordion-panel-inner\">\n<ul class=\"wp-block-list\"><li>Utiliza\u021bi computerul bibliotecii de la Biroul de \u00cemprumut sau propriul dispozitiv.<\/li><li>Conecta\u021bi-v\u0103 la Catalogul Bibliotecii.<\/li><li>Folosi\u021bi butonul \u201eSelf Checkout\u201d din st\u00e2nga.<\/li><li>Introduce\u021bi codul de student TCM (3-4 numere din adresa de e-mail @ tcmi.edu) sau num\u0103rul cardului de bibliotec\u0103.<\/li><li>Scana\u021bi codul de bare de pe partea din spate a articolului\/articolelor pe care dori\u021bi s\u0103 le \u00eemprumuta\u021bi sau introduce\u021bi-l manual.<\/li><li>C\u00e2nd a\u021bi terminat, ap\u0103sa\u021bi butonul \u201eFinish\u201d.<\/li><\/ul>\n<\/div><\/div><\/div>\n<\/div><\/div><\/div>\n\n<p><\/p>\n\n<p><strong>Termene \u0219i limite de \u00eemprumut<\/strong><br\/>Studen\u021bii care vin la o sesiune pot \u00eemprumuta materialele sau le pot folosi \u00een bibliotec\u0103 p\u00e2n\u0103 la sf\u00e2r\u0219itul sesiunii respective. Aceast\u0103 perioad\u0103 de \u00eemprumut poate fi prelungit\u0103 dac\u0103 studen\u021bii \u201er\u0103m\u00e2n la Haus\u201d pentru urm\u0103toarea sesiune, num\u0103rul limit\u0103 fiind 20 de articole \u00een acela\u0219i timp. Studen\u021bii care \u00ee\u0219i \u00eencep tezele pot solicita ca anumite materiale legate de tema lor s\u0103 fie desemnate drept \u201emanuale de tez\u0103\u201d \u0219i s\u0103 le poat\u0103 \u00eemprumuta pe un termen de \u0219ase luni (182 zile).<\/p>\n\n<p><strong>Reviste tip\u0103rite<\/strong><br\/>Fondul de reviste tip\u0103rite include urm\u0103toarele domenii de interes: teologie, filozofie, misiune, educa\u021bie cre\u0219tin\u0103, studii ale Noului Testament, studii ale Vechiului Testament etc. O serie de jurnale sunt axate pe slujirea practic\u0103. O aten\u021bie special\u0103 este acordat\u0103 urm\u0103toarelor subiecte: predicare, \u00eenchinare, consiliere, lucrarea cu copii \u0219i tineri, ucenicie, formare spiritual\u0103 etc.<\/p>\n\n<p>Jurnalele periodice tip\u0103rite sunt a\u0219ezate dup\u0103 titlu. Jurnalele nu circul\u0103 (de exemplu, nu pot fi \u00eemprumutate) \u0219i trebuie \u00eenapoiate la raftul de returnare (l\u00e2ng\u0103 biroul bibliotecarului).<\/p>\n\n<p><strong>Returnarea c\u0103r\u021bilor \u0219i a materialelor media<\/strong><br\/>Materialele fizice trebuie \u00eenapoiate la raftul de returnare \u00een salonul bibliotecii (l\u00e2ng\u0103 biroul bibliotecarului).<\/p>\n\n<p><strong>Laptop de \u00eemprumut<\/strong><br\/>\u00cemprumutul de laptop este oferit \u00een timpul sesiunilor. Laptopurile pot fi \u00eemprumutate pentru o perioad\u0103 de p\u00e2n\u0103 la 7 zile.<\/p>\n","protected":false},"excerpt":{"rendered":"<p>C\u0103utarea \u00een Biblioteca Haus Edelweiss Pentru a g\u0103si c\u0103r\u021bi tip\u0103rite, teze \u0219i rapoarte de proiecte, materiale audio-vizuale \u0219i media de asemenea periodice, \u00een catalog, limita\u021bi-v\u0103 c\u0103utarea (caseta din dreapta feretrei de c\u0103utare) la Haus Edelweiss\u201d holdings only. Materialele se g\u0103sesc pe rafturi conform num\u0103rului lor de apel. Acesta este compus din num\u0103rul zecimal Dewey, num\u0103rul&#8230;<\/p>\n","protected":false},"author":29,"featured_media":0,"parent":11082,"menu_order":4,"comment_status":"closed","ping_status":"closed","template":"","meta":{"_acf_changed":false,"_kad_blocks_custom_css":"","_kad_blocks_head_custom_js":"","_kad_blocks_body_custom_js":"","_kad_blocks_footer_custom_js":"","_kad_post_transparent":"","_kad_post_title":"","_kad_post_layout":"","_kad_post_sidebar_id":"","_kad_post_content_style":"","_kad_post_vertical_padding":"","_kad_post_feature":"","_kad_post_feature_position":"","_kad_post_header":false,"_kad_post_footer":false,"_kad_post_classname":"","footnotes":""},"page_category":[],"class_list":["post-10648","page","type-page","status-publish","hentry"],"acf":[],"taxonomy_info":[],"featured_image_src_large":false,"author_info":{"display_name":"Oksana Puzynina","author_link":"https:\/\/tcmi.edu\/ro\/author\/oksana-puzyninatcmi-edu\/"},"comment_info":"","_links":{"self":[{"href":"https:\/\/tcmi.edu\/ro\/wp-json\/wp\/v2\/pages\/10648","targetHints":{"allow":["GET"]}}],"collection":[{"href":"https:\/\/tcmi.edu\/ro\/wp-json\/wp\/v2\/pages"}],"about":[{"href":"https:\/\/tcmi.edu\/ro\/wp-json\/wp\/v2\/types\/page"}],"author":[{"embeddable":true,"href":"https:\/\/tcmi.edu\/ro\/wp-json\/wp\/v2\/users\/29"}],"replies":[{"embeddable":true,"href":"https:\/\/tcmi.edu\/ro\/wp-json\/wp\/v2\/comments?post=10648"}],"version-history":[{"count":18,"href":"https:\/\/tcmi.edu\/ro\/wp-json\/wp\/v2\/pages\/10648\/revisions"}],"predecessor-version":[{"id":38043,"href":"https:\/\/tcmi.edu\/ro\/wp-json\/wp\/v2\/pages\/10648\/revisions\/38043"}],"up":[{"embeddable":true,"href":"https:\/\/tcmi.edu\/ro\/wp-json\/wp\/v2\/pages\/11082"}],"wp:attachment":[{"href":"https:\/\/tcmi.edu\/ro\/wp-json\/wp\/v2\/media?parent=10648"}],"wp:term":[{"taxonomy":"page_category","embeddable":true,"href":"https:\/\/tcmi.edu\/ro\/wp-json\/wp\/v2\/page_category?post=10648"}],"curies":[{"name":"wp","href":"https:\/\/api.w.org\/{rel}","templated":true}]}}