{"id":10645,"date":"2014-10-20T19:15:27","date_gmt":"2014-10-20T23:15:27","guid":{"rendered":"https:\/\/tcmi.edu\/taxe-pentru-studenti\/"},"modified":"2024-01-15T05:57:14","modified_gmt":"2024-01-15T10:57:14","slug":"taxe-pentru-studenti","status":"publish","type":"page","link":"https:\/\/tcmi.edu\/ro\/studenti\/taxe-pentru-studenti\/","title":{"rendered":"Taxe pentru studen\u021bi"},"content":{"rendered":"\n<p><em>\u00cencep\u00e2nd cu anul universitar 2020.<\/em><\/p>\n\n<h3 class=\"wp-block-heading has-text-align-center\"><b><i>Stundentul nu va putea urma cursuri ulterioare p\u00e2n\u0103 c\u00e2nd nu a pl\u0103tit orice tax\u0103 sau rambursare restant\u0103 (scadent\u0103). Aceste taxe \u0219i pl\u0103\u021bi pentru studen\u021bi se aplic\u0103 tuturor studen\u021bilor dintr-un program, indiferent de anul de admitere.<\/i><\/b><\/h3>\n\n<h3 class=\"wp-block-heading\">Modelul de taxare pentru Statele Unite ale Americii<\/h3>\n\n<hr class=\"wp-block-separator has-css-opacity\"\/>\n\n<figure class=\"wp-block-table is-style-stripes\"><table class=\"has-fixed-layout\"><thead><tr><th class=\"has-text-align-left\" data-align=\"left\">Metoda de plat\u0103<\/th><th class=\"has-text-align-left\" data-align=\"left\">Tax\u0103<\/th><th class=\"has-text-align-left\" data-align=\"left\">Credite Academice<\/th><\/tr><\/thead><tbody><tr><td class=\"has-text-align-left\" data-align=\"left\">De plat\u0103 pe an<\/td><td class=\"has-text-align-left\" data-align=\"left\">$3750<\/td><td class=\"has-text-align-left\" data-align=\"left\">12<\/td><\/tr><tr><td class=\"has-text-align-left\" data-align=\"left\">De plat\u0103 pe curs<\/td><td class=\"has-text-align-left\" data-align=\"left\">$1500<\/td><td class=\"has-text-align-left\" data-align=\"left\">3<\/td><\/tr><\/tbody><\/table><\/figure>\n\n<p><br\/><strong>Toate pre\u021burile includ taxa de \u00eenscriere.<\/strong><\/p>\n\n<h3 class=\"wp-block-heading\">Taxe \u0219i penalit\u0103\u021bi pentru Europa, Asia \u0219i Africa<\/h3>\n\n<hr class=\"wp-block-separator has-css-opacity\"\/>\n\n<figure class=\"wp-block-table is-style-stripes\"><table><thead><tr><th class=\"has-text-align-left\" data-align=\"left\">\u021aara de Cet\u0103\u021benie a Studen\u021bilor<\/th><th class=\"has-text-align-left\" data-align=\"left\">Taxa de \u00eenscriere la curs pentru Studen\u021bi*<\/th><th class=\"has-text-align-left\" data-align=\"left\">Taxa de \u00eenscriere la curs pentru Audit*<\/th><th class=\"has-text-align-left\" data-align=\"left\">Taxa de Anulare T\u00e2rzie***<\/th><\/tr><\/thead><tbody><tr><td class=\"has-text-align-left\" data-align=\"left\">Albania<\/td><td class=\"has-text-align-left\" data-align=\"left\">35 EUR<\/td><td class=\"has-text-align-left\" data-align=\"left\">35 EUR<\/td><td class=\"has-text-align-left\" data-align=\"left\">35 EUR<\/td><\/tr><tr><td class=\"has-text-align-left\" data-align=\"left\">Armenia<\/td><td class=\"has-text-align-left\" data-align=\"left\">25<meta charset=\"utf-8\"\/> EUR<\/td><td class=\"has-text-align-left\" data-align=\"left\">25<meta charset=\"utf-8\"\/> EUR<\/td><td class=\"has-text-align-left\" data-align=\"left\">25<meta charset=\"utf-8\"\/> EUR<\/td><\/tr><tr><td class=\"has-text-align-left\" data-align=\"left\">Austria<\/td><td class=\"has-text-align-left\" data-align=\"left\">120<meta charset=\"utf-8\"\/> EUR<\/td><td class=\"has-text-align-left\" data-align=\"left\">120<meta charset=\"utf-8\"\/> EUR<\/td><td class=\"has-text-align-left\" data-align=\"left\">120<meta charset=\"utf-8\"\/> EUR<\/td><\/tr><tr><td class=\"has-text-align-left\" data-align=\"left\">Azerbaijan<\/td><td class=\"has-text-align-left\" data-align=\"left\">25<meta charset=\"utf-8\"\/> EUR<\/td><td class=\"has-text-align-left\" data-align=\"left\">25<meta charset=\"utf-8\"\/> EUR<\/td><td class=\"has-text-align-left\" data-align=\"left\">25<meta charset=\"utf-8\"\/> EUR<\/td><\/tr><tr><td class=\"has-text-align-left\" data-align=\"left\">Bielorusia<\/td><td class=\"has-text-align-left\" data-align=\"left\">35 EUR<\/td><td class=\"has-text-align-left\" data-align=\"left\">35<meta charset=\"utf-8\"\/> EUR<\/td><td class=\"has-text-align-left\" data-align=\"left\">35<meta charset=\"utf-8\"\/> EUR<\/td><\/tr><tr><td class=\"has-text-align-left\" data-align=\"left\">Bulgaria<\/td><td class=\"has-text-align-left\" data-align=\"left\">35<meta charset=\"utf-8\"\/> EUR<\/td><td class=\"has-text-align-left\" data-align=\"left\"><meta charset=\"utf-8\"\/>35<meta charset=\"utf-8\"\/> EUR<\/td><td class=\"has-text-align-left\" data-align=\"left\"><meta charset=\"utf-8\"\/>35<meta charset=\"utf-8\"\/> EUR<\/td><\/tr><tr><td class=\"has-text-align-left\" data-align=\"left\">Croa\u0163ia<\/td><td class=\"has-text-align-left\" data-align=\"left\">45<meta charset=\"utf-8\"\/> EUR<\/td><td class=\"has-text-align-left\" data-align=\"left\"><meta charset=\"utf-8\"\/>45<meta charset=\"utf-8\"\/> EUR<\/td><td class=\"has-text-align-left\" data-align=\"left\"><meta charset=\"utf-8\"\/>45<meta charset=\"utf-8\"\/> EUR<\/td><\/tr><tr><td class=\"has-text-align-left\" data-align=\"left\">Republica Ceh\u0103<\/td><td class=\"has-text-align-left\" data-align=\"left\">45<meta charset=\"utf-8\"\/> EUR<\/td><td class=\"has-text-align-left\" data-align=\"left\"><meta charset=\"utf-8\"\/>45<meta charset=\"utf-8\"\/> EUR<\/td><td class=\"has-text-align-left\" data-align=\"left\"><meta charset=\"utf-8\"\/>45<meta charset=\"utf-8\"\/> EUR<\/td><\/tr><tr><td class=\"has-text-align-left\" data-align=\"left\">Estonia<\/td><td class=\"has-text-align-left\" data-align=\"left\">35<meta charset=\"utf-8\"\/> EUR<\/td><td class=\"has-text-align-left\" data-align=\"left\"><meta charset=\"utf-8\"\/>35<meta charset=\"utf-8\"\/> EUR<\/td><td class=\"has-text-align-left\" data-align=\"left\"><meta charset=\"utf-8\"\/>35<meta charset=\"utf-8\"\/> EUR<\/td><\/tr><tr><td class=\"has-text-align-left\" data-align=\"left\">Georgia<\/td><td class=\"has-text-align-left\" data-align=\"left\">25<meta charset=\"utf-8\"\/> EUR<\/td><td class=\"has-text-align-left\" data-align=\"left\"><meta charset=\"utf-8\"\/>25<meta charset=\"utf-8\"\/> EUR<\/td><td class=\"has-text-align-left\" data-align=\"left\"><meta charset=\"utf-8\"\/>25<meta charset=\"utf-8\"\/> EUR<\/td><\/tr><tr><td class=\"has-text-align-left\" data-align=\"left\">Germania<\/td><td class=\"has-text-align-left\" data-align=\"left\">120<meta charset=\"utf-8\"\/> EUR<\/td><td class=\"has-text-align-left\" data-align=\"left\"><meta charset=\"utf-8\"\/>120<meta charset=\"utf-8\"\/> EUR<\/td><td class=\"has-text-align-left\" data-align=\"left\"><meta charset=\"utf-8\"\/>120<meta charset=\"utf-8\"\/> EUR<\/td><\/tr><tr><td class=\"has-text-align-left\" data-align=\"left\">Ungaria<\/td><td class=\"has-text-align-left\" data-align=\"left\">45<meta charset=\"utf-8\"\/> EUR<\/td><td class=\"has-text-align-left\" data-align=\"left\"><meta charset=\"utf-8\"\/>45<meta charset=\"utf-8\"\/> EUR<\/td><td class=\"has-text-align-left\" data-align=\"left\"><meta charset=\"utf-8\"\/>45<meta charset=\"utf-8\"\/> EUR<\/td><\/tr><tr><td class=\"has-text-align-left\" data-align=\"left\">Italia<\/td><td class=\"has-text-align-left\" data-align=\"left\">120<meta charset=\"utf-8\"\/> EUR<\/td><td class=\"has-text-align-left\" data-align=\"left\"><meta charset=\"utf-8\"\/>120<meta charset=\"utf-8\"\/> EUR<\/td><td class=\"has-text-align-left\" data-align=\"left\"><meta charset=\"utf-8\"\/>120<meta charset=\"utf-8\"\/> EUR<\/td><\/tr><tr><td class=\"has-text-align-left\" data-align=\"left\">Kazahstan<\/td><td class=\"has-text-align-left\" data-align=\"left\">25<meta charset=\"utf-8\"\/> EUR<\/td><td class=\"has-text-align-left\" data-align=\"left\"><meta charset=\"utf-8\"\/>25<meta charset=\"utf-8\"\/> EUR<\/td><td class=\"has-text-align-left\" data-align=\"left\"><meta charset=\"utf-8\"\/>25<meta charset=\"utf-8\"\/> EUR<\/td><\/tr><tr><td class=\"has-text-align-left\" data-align=\"left\">Kenya<\/td><td class=\"has-text-align-left\" data-align=\"left\">45<meta charset=\"utf-8\"\/> EUR<\/td><td class=\"has-text-align-left\" data-align=\"left\"><meta charset=\"utf-8\"\/>45<meta charset=\"utf-8\"\/> EUR<\/td><td class=\"has-text-align-left\" data-align=\"left\"><meta charset=\"utf-8\"\/>45<meta charset=\"utf-8\"\/> EUR<\/td><\/tr><tr><td class=\"has-text-align-left\" data-align=\"left\">Kyrgyzstan<\/td><td class=\"has-text-align-left\" data-align=\"left\">25<meta charset=\"utf-8\"\/> EUR<\/td><td class=\"has-text-align-left\" data-align=\"left\"><meta charset=\"utf-8\"\/>25<meta charset=\"utf-8\"\/> EUR<\/td><td class=\"has-text-align-left\" data-align=\"left\"><meta charset=\"utf-8\"\/>25<meta charset=\"utf-8\"\/> EUR<\/td><\/tr><tr><td class=\"has-text-align-left\" data-align=\"left\">Letonia<\/td><td class=\"has-text-align-left\" data-align=\"left\">35<meta charset=\"utf-8\"\/> EUR<\/td><td class=\"has-text-align-left\" data-align=\"left\"><meta charset=\"utf-8\"\/>35<meta charset=\"utf-8\"\/> EUR<\/td><td class=\"has-text-align-left\" data-align=\"left\"><meta charset=\"utf-8\"\/>35<meta charset=\"utf-8\"\/> EUR<\/td><\/tr><tr><td class=\"has-text-align-left\" data-align=\"left\">Liberia<\/td><td class=\"has-text-align-left\" data-align=\"left\">25 EUR<\/td><td class=\"has-text-align-left\" data-align=\"left\">25 EUR<\/td><td class=\"has-text-align-left\" data-align=\"left\">25 EUR<\/td><\/tr><tr><td class=\"has-text-align-left\" data-align=\"left\">Lituania<\/td><td class=\"has-text-align-left\" data-align=\"left\">35<meta charset=\"utf-8\"\/> EUR<\/td><td class=\"has-text-align-left\" data-align=\"left\"><meta charset=\"utf-8\"\/>35<meta charset=\"utf-8\"\/> EUR<\/td><td class=\"has-text-align-left\" data-align=\"left\"><meta charset=\"utf-8\"\/>35<meta charset=\"utf-8\"\/> EUR<\/td><\/tr><tr><td class=\"has-text-align-left\" data-align=\"left\">Macedonia<\/td><td class=\"has-text-align-left\" data-align=\"left\">35<meta charset=\"utf-8\"\/> EUR<\/td><td class=\"has-text-align-left\" data-align=\"left\"><meta charset=\"utf-8\"\/>35<meta charset=\"utf-8\"\/> EUR<\/td><td class=\"has-text-align-left\" data-align=\"left\"><meta charset=\"utf-8\"\/>35<meta charset=\"utf-8\"\/> EUR<\/td><\/tr><tr><td class=\"has-text-align-left\" data-align=\"left\">Moldova<\/td><td class=\"has-text-align-left\" data-align=\"left\">35<meta charset=\"utf-8\"\/> EUR<\/td><td class=\"has-text-align-left\" data-align=\"left\"><meta charset=\"utf-8\"\/>35<meta charset=\"utf-8\"\/> EUR<\/td><td class=\"has-text-align-left\" data-align=\"left\"><meta charset=\"utf-8\"\/>35<meta charset=\"utf-8\"\/> EUR<\/td><\/tr><tr><td class=\"has-text-align-left\" data-align=\"left\">Polonia<\/td><td class=\"has-text-align-left\" data-align=\"left\">45<meta charset=\"utf-8\"\/> EUR<\/td><td class=\"has-text-align-left\" data-align=\"left\"><meta charset=\"utf-8\"\/>45<meta charset=\"utf-8\"\/> EUR<\/td><td class=\"has-text-align-left\" data-align=\"left\"><meta charset=\"utf-8\"\/>45<meta charset=\"utf-8\"\/> EUR<\/td><\/tr><tr><td class=\"has-text-align-left\" data-align=\"left\">Rom\u00e2nia<\/td><td class=\"has-text-align-left\" data-align=\"left\">35<meta charset=\"utf-8\"\/> EUR<\/td><td class=\"has-text-align-left\" data-align=\"left\"><meta charset=\"utf-8\"\/>35<meta charset=\"utf-8\"\/> EUR<\/td><td class=\"has-text-align-left\" data-align=\"left\"><meta charset=\"utf-8\"\/>35<meta charset=\"utf-8\"\/> EUR<\/td><\/tr><tr><td class=\"has-text-align-left\" data-align=\"left\">Rusia<\/td><td class=\"has-text-align-left\" data-align=\"left\">35<meta charset=\"utf-8\"\/> EUR<\/td><td class=\"has-text-align-left\" data-align=\"left\"><meta charset=\"utf-8\"\/>35<meta charset=\"utf-8\"\/> EUR<\/td><td class=\"has-text-align-left\" data-align=\"left\"><meta charset=\"utf-8\"\/>35<meta charset=\"utf-8\"\/> EUR<\/td><\/tr><tr><td class=\"has-text-align-left\" data-align=\"left\">Serbia<\/td><td class=\"has-text-align-left\" data-align=\"left\">35<meta charset=\"utf-8\"\/> EUR<\/td><td class=\"has-text-align-left\" data-align=\"left\"><meta charset=\"utf-8\"\/>35<meta charset=\"utf-8\"\/> EUR<\/td><td class=\"has-text-align-left\" data-align=\"left\"><meta charset=\"utf-8\"\/>35<meta charset=\"utf-8\"\/> EUR<\/td><\/tr><tr><td class=\"has-text-align-left\" data-align=\"left\">Slovacia<\/td><td class=\"has-text-align-left\" data-align=\"left\">45<meta charset=\"utf-8\"\/> EUR<\/td><td class=\"has-text-align-left\" data-align=\"left\"><meta charset=\"utf-8\"\/>45<meta charset=\"utf-8\"\/> EUR<\/td><td class=\"has-text-align-left\" data-align=\"left\"><meta charset=\"utf-8\"\/>45<meta charset=\"utf-8\"\/> EUR<\/td><\/tr><tr><td class=\"has-text-align-left\" data-align=\"left\">Spania<\/td><td class=\"has-text-align-left\" data-align=\"left\">120<meta charset=\"utf-8\"\/> EUR<\/td><td class=\"has-text-align-left\" data-align=\"left\"><meta charset=\"utf-8\"\/>120<meta charset=\"utf-8\"\/> EUR<\/td><td class=\"has-text-align-left\" data-align=\"left\"><meta charset=\"utf-8\"\/>120<meta charset=\"utf-8\"\/> EUR<\/td><\/tr><tr><td class=\"has-text-align-left\" data-align=\"left\">Elve\u021bia<\/td><td class=\"has-text-align-left\" data-align=\"left\">120<meta charset=\"utf-8\"\/> EUR<\/td><td class=\"has-text-align-left\" data-align=\"left\"><meta charset=\"utf-8\"\/>120<meta charset=\"utf-8\"\/> EUR<\/td><td class=\"has-text-align-left\" data-align=\"left\"><meta charset=\"utf-8\"\/>120<meta charset=\"utf-8\"\/> EUR<\/td><\/tr><tr><td class=\"has-text-align-left\" data-align=\"left\">Tadjikistan<\/td><td class=\"has-text-align-left\" data-align=\"left\">25<meta charset=\"utf-8\"\/> EUR<\/td><td class=\"has-text-align-left\" data-align=\"left\"><meta charset=\"utf-8\"\/>25<meta charset=\"utf-8\"\/> EUR<\/td><td class=\"has-text-align-left\" data-align=\"left\"><meta charset=\"utf-8\"\/>25<meta charset=\"utf-8\"\/> EUR<\/td><\/tr><tr><td class=\"has-text-align-left\" data-align=\"left\">Turcia<\/td><td class=\"has-text-align-left\" data-align=\"left\">35<meta charset=\"utf-8\"\/> EUR<\/td><td class=\"has-text-align-left\" data-align=\"left\"><meta charset=\"utf-8\"\/>35<meta charset=\"utf-8\"\/> EUR<\/td><td class=\"has-text-align-left\" data-align=\"left\"><meta charset=\"utf-8\"\/>35<meta charset=\"utf-8\"\/> EUR<\/td><\/tr><tr><td class=\"has-text-align-left\" data-align=\"left\">Turkmenistan<\/td><td class=\"has-text-align-left\" data-align=\"left\">25<meta charset=\"utf-8\"\/> EUR<\/td><td class=\"has-text-align-left\" data-align=\"left\"><meta charset=\"utf-8\"\/>25<meta charset=\"utf-8\"\/> EUR<\/td><td class=\"has-text-align-left\" data-align=\"left\"><meta charset=\"utf-8\"\/>25<meta charset=\"utf-8\"\/> EUR<\/td><\/tr><tr><td class=\"has-text-align-left\" data-align=\"left\">Ucraina<\/td><td class=\"has-text-align-left\" data-align=\"left\">35<meta charset=\"utf-8\"\/> EUR<\/td><td class=\"has-text-align-left\" data-align=\"left\"><meta charset=\"utf-8\"\/>35<meta charset=\"utf-8\"\/> EUR<\/td><td class=\"has-text-align-left\" data-align=\"left\"><meta charset=\"utf-8\"\/>35<meta charset=\"utf-8\"\/> EUR<\/td><\/tr><tr><td class=\"has-text-align-left\" data-align=\"left\">Uzbekistan<\/td><td class=\"has-text-align-left\" data-align=\"left\">25<meta charset=\"utf-8\"\/> EUR<\/td><td class=\"has-text-align-left\" data-align=\"left\"><meta charset=\"utf-8\"\/>25<meta charset=\"utf-8\"\/> EUR<\/td><td class=\"has-text-align-left\" data-align=\"left\"><meta charset=\"utf-8\"\/>25<meta charset=\"utf-8\"\/> EUR<\/td><\/tr><\/tbody><\/table><\/figure>\n\n<p>* Taxe de \u00eenscriere la cursuri pentru studen\u021bi (CRF) &#8211; percepute la confirmarea \u00eenscrierii.<\/p>\n\n<p>** Taxa de \u00eenscriere pentru curs audit (pentru studen\u021bii care nu sunt din TCM) &#8211; perceput\u0103 la confirmarea \u00eenscrierii.<\/p>\n\n<p>***Taxa de Anulare T\u00e2rzie &#8211; perceput\u0103 la cererea t\u00e2rzie de anulare a \u00eenscrierii.<\/p>\n<style>.wp-block-kadence-advancedheading.kt-adv-heading971_4b83e6-87, .wp-block-kadence-advancedheading.kt-adv-heading971_4b83e6-87[data-kb-block=\"kb-adv-heading971_4b83e6-87\"]{font-style:normal;}.wp-block-kadence-advancedheading.kt-adv-heading971_4b83e6-87 mark.kt-highlight, .wp-block-kadence-advancedheading.kt-adv-heading971_4b83e6-87[data-kb-block=\"kb-adv-heading971_4b83e6-87\"] mark.kt-highlight{font-style:normal;color:#f76a0c;-webkit-box-decoration-break:clone;box-decoration-break:clone;padding-top:0px;padding-right:0px;padding-bottom:0px;padding-left:0px;}.wp-block-kadence-advancedheading.kt-adv-heading971_4b83e6-87 img.kb-inline-image, .wp-block-kadence-advancedheading.kt-adv-heading971_4b83e6-87[data-kb-block=\"kb-adv-heading971_4b83e6-87\"] img.kb-inline-image{width:150px;vertical-align:baseline;}<\/style>\n<h2 class=\"kt-adv-heading971_4b83e6-87 wp-block-kadence-advancedheading\" data-kb-block=\"kb-adv-heading971_4b83e6-87\">Taxa de Anulare T\u00e2rzie<\/h2>\n\n<p>Studen\u021bii \u0219i auditorii pot anula \u00eenscrierea la curs \u00een <strong>prima lun\u0103 a fiec\u0103rui curs f\u0103r\u0103 a fi penaliza\u021bi<\/strong>. \u00cen cazul anul\u0103rilor \u00een a doua \u0219i a treia lun\u0103 de curs, se aplic\u0103 o tax\u0103 de anulare t\u00e2rzie. Taxa este egal\u0103 cu Taxa Studentului de \u00censcriere la Curs (CRF).<\/p>\n\n<h2 class=\"wp-block-heading\">Metode de plat\u0103<\/h2>\n\n<p>Pl\u0103\u021bile se pot efectua la Centrul de mentorare sau prin transfer bancar \u00een contul bancar TCM International Institute:<\/p>\n\n<p>Pl\u0103\u021bile prin <strong>PayPal<\/strong> sunt ini\u021biate direct din SMS (sistemul de management al studen\u021bilor).<\/p>\n\n<p><strong>Referin\u021b\u0103 de plat\u0103 (explica\u021bie):<\/strong> Numele studentului (Nume, Prenume) plus num\u0103rul \u0219i numele cursului.<\/p>\n\n<p><strong>Banc\u0103:<\/strong> Sparkasse (Baden, Austria)<br\/><strong>BIC (SWIFT):<\/strong> SPBDAT21<br\/><strong>IBAN:<\/strong> AT942020500700160104<\/p>\n\n<h2 class=\"wp-block-heading\">Politica de rambursare a taxelor de \u0219colarizare<\/h2>\n\n<p>Institutul Interna\u021bional TCM se str\u0103duie\u0219te s\u0103 dezvolte materiale de instruire \u0219i un program care va fi complet satisf\u0103c\u0103tor pentru studen\u021bii care se \u00eenscriu la noi. Cu toate acestea, TCM recunoa\u0219te necesitatea ocazional\u0103 a studen\u021bilor de a se retrage dintr-o varietate de motive \u00eentemeiate. TCM recunoa\u0219te c\u0103 politica de rambursare trebuie s\u0103 fie rezonabil\u0103 \u0219i echitabil\u0103 at\u00e2t pentru student, c\u00e2t \u0219i pentru Institut. Scopul politicii este de a permite studen\u021bilor s\u0103 fac\u0103 ajust\u0103rile necesare aproape de \u00eenceputul unui curs, f\u0103r\u0103 penalit\u0103\u021bi nejustificate. \u00cen cazul \u00een care un student se retrage dintr-un curs TCM, se va aplica urm\u0103toarea politic\u0103 de rambursare.<\/p>\n\n<ol class=\"wp-block-list\">\n<li>Nu se va face nicio rambursare dup\u0103 cinci (5) zile lucr\u0103toare pentru taxa de aplicare.<\/li>\n\n\n\n<li>Un student se poate retrage dintr-un curs at\u00e2ta timp c\u00e2t statutul cursului este \u201e\u00cen desf\u0103\u0219urare\u201d.\n<ol class=\"wp-block-list\" style=\"list-style-type:lower-alpha\">\n<li>Pute\u021bi anula \u00eenregistrarea la un curs \u00een termen de 10 zile lucr\u0103toare de la prima zi a sesiunii electronice de curs. Dac\u0103 anula\u021bi un curs \u00een acest timp, vi se va acorda o rambursare complet\u0103 a tuturor taxelor de \u0219colarizare pl\u0103tite. Comunicarea anul\u0103rii se poate face prin depunerea unei cereri de anulare pe pagina de \u00eenscrieri.<\/li>\n\n\n\n<li>De la unsprezece (11) zile lucr\u0103toare \u0219i p\u00e2n\u0103 la dou\u0103zeci (20) de zile lucr\u0103toare de la data \u00eenceperii cursului, pute\u021bi solicita s\u0103 v\u0103 retrage\u021bi dintr-un curs \u0219i s\u0103 vi se restituie 50% din taxa pl\u0103tit\u0103.<\/li>\n\n\n\n<li>\u00cen cazul \u00een care o cerere de retragere de la curs se face dup\u0103 dou\u0103zeci \u0219i unu (21) de zile de la \u00eenceperea cursului, nu se vor acorda ramburs\u0103ri. <\/li>\n<\/ol>\n<\/li>\n\n\n\n<li>\u00cen cazul \u00een care taxa de \u0219colarizare a fost pl\u0103tit\u0103 de o persoan\u0103 ter\u021b\u0103, se va aplica aceea\u0219i politic\u0103 de rambursare, cu excep\u021bia cazului \u00een care partea ter\u021b\u0103 alege s\u0103 aplice fondurile de \u0219colarizare neutilizate unui alt student TCM.<\/li>\n<\/ol>\n","protected":false},"excerpt":{"rendered":"<p>\u00cencep\u00e2nd cu anul universitar 2020. Stundentul nu va putea urma cursuri ulterioare p\u00e2n\u0103 c\u00e2nd nu a pl\u0103tit orice tax\u0103 sau rambursare restant\u0103 (scadent\u0103). Aceste taxe \u0219i pl\u0103\u021bi pentru studen\u021bi se aplic\u0103 tuturor studen\u021bilor dintr-un program, indiferent de anul de admitere. Modelul de taxare pentru Statele Unite ale Americii Metoda de plat\u0103 Tax\u0103 Credite Academice De&#8230;<\/p>\n","protected":false},"author":1,"featured_media":5145,"parent":11100,"menu_order":70,"comment_status":"closed","ping_status":"closed","template":"","meta":{"_acf_changed":false,"_kad_blocks_custom_css":"","_kad_blocks_head_custom_js":"","_kad_blocks_body_custom_js":"","_kad_blocks_footer_custom_js":"","_kad_post_transparent":"","_kad_post_title":"","_kad_post_layout":"","_kad_post_sidebar_id":"","_kad_post_content_style":"","_kad_post_vertical_padding":"","_kad_post_feature":"","_kad_post_feature_position":"","_kad_post_header":false,"_kad_post_footer":false,"_kad_post_classname":"","footnotes":""},"page_category":[],"class_list":["post-10645","page","type-page","status-publish","has-post-thumbnail","hentry"],"acf":[],"taxonomy_info":[],"featured_image_src_large":["https:\/\/tcmi.edu\/wp-content\/uploads\/2020\/07\/man-wearing-gray-dress-shirt-and-blue-jeans-3184317-scaled-1024x683.jpg",1024,683,true],"author_info":{"display_name":"Kaleb Heitzman","author_link":"https:\/\/tcmi.edu\/ro\/author\/developer\/"},"comment_info":"","_links":{"self":[{"href":"https:\/\/tcmi.edu\/ro\/wp-json\/wp\/v2\/pages\/10645","targetHints":{"allow":["GET"]}}],"collection":[{"href":"https:\/\/tcmi.edu\/ro\/wp-json\/wp\/v2\/pages"}],"about":[{"href":"https:\/\/tcmi.edu\/ro\/wp-json\/wp\/v2\/types\/page"}],"author":[{"embeddable":true,"href":"https:\/\/tcmi.edu\/ro\/wp-json\/wp\/v2\/users\/1"}],"replies":[{"embeddable":true,"href":"https:\/\/tcmi.edu\/ro\/wp-json\/wp\/v2\/comments?post=10645"}],"version-history":[{"count":36,"href":"https:\/\/tcmi.edu\/ro\/wp-json\/wp\/v2\/pages\/10645\/revisions"}],"predecessor-version":[{"id":41586,"href":"https:\/\/tcmi.edu\/ro\/wp-json\/wp\/v2\/pages\/10645\/revisions\/41586"}],"up":[{"embeddable":true,"href":"https:\/\/tcmi.edu\/ro\/wp-json\/wp\/v2\/pages\/11100"}],"wp:featuredmedia":[{"embeddable":true,"href":"https:\/\/tcmi.edu\/ro\/wp-json\/wp\/v2\/media\/5145"}],"wp:attachment":[{"href":"https:\/\/tcmi.edu\/ro\/wp-json\/wp\/v2\/media?parent=10645"}],"wp:term":[{"taxonomy":"page_category","embeddable":true,"href":"https:\/\/tcmi.edu\/ro\/wp-json\/wp\/v2\/page_category?post=10645"}],"curies":[{"name":"wp","href":"https:\/\/api.w.org\/{rel}","templated":true}]}}