{"id":10627,"date":"2019-05-26T11:02:56","date_gmt":"2019-05-26T15:02:56","guid":{"rendered":"https:\/\/tcmi.edu\/informatii-pentru-studenti\/"},"modified":"2021-11-23T08:03:54","modified_gmt":"2021-11-23T13:03:54","slug":"informatii-pentru-studenti","status":"publish","type":"page","link":"https:\/\/tcmi.edu\/ro\/biblioteca\/informatii-pentru-studenti\/","title":{"rendered":"Informa\u021bii pentru studen\u021bi"},"content":{"rendered":"\n<p><strong>Programul bibliotecii<\/strong><br\/>Luni-Vineri &#8230;&#8230;&#8230;&#8230;&#8230;&#8230;&#8230;&#8230;&#8230;.. 9:00 AM &#8211; 15:00 PM (CEST)<br\/>S\u00e2mb\u0103t\u0103-Duminic\u0103 &#8230;&#8230;&#8230;&#8230;&#8230;&#8230;&#8230;&#8230;&#8230; \u00cenchis<\/p>\n\n<p><strong>Asisten\u021b\u0103 de Referin\u021b\u0103 \u0219i Cercetare<\/strong><br\/>V\u0103 rug\u0103m s\u0103 utiliza\u021bi<a href=\"https:\/\/tcmi.edu\/ro\/contact\/\" target=\"_blank\" rel=\"noopener noreferrer\"> Formularul de contact<\/a> dac\u0103 ave\u021bi vreo \u00eentrebare.<br\/>Adresa de e-mail:<span style=\"color: &#x201D;#164f7d&#x201D;;\"> library@tcmi.edu<\/span> <br\/>Telefon: +4322588727137<\/p>\n\n<p><strong>\u00cemprumut Interbibliotecar<\/strong><br\/>Biblioteca asigur\u0103 \u00eemprumut interbibliotecar printr-un acord cu bibliotecile academice ale Bisericilor Cre\u0219tine Independente \u0219i ale Bisericilor lui Hristos. Dac\u0103 g\u0103si\u021bi un articol de care ave\u021bi nevoie, dar nu pute\u021bi ob\u021bine textul complet din index, contacta\u021bi-ne complet\u00e2nd<a href=\"https:\/\/tcmi.edu\/ro\/contact\/\" target=\"_blank\" rel=\"noopener noreferrer\"> Formularul de contact<\/a> sau trimi\u021b\u00e2nd un e-mail la<span style=\"color: &#x201D;#164f7d&#x201D;;\"> library@tcmi.edu.<\/span><\/p>\n\n<p><strong>Drepturi de autor<\/strong><br\/><em>Drepturi de autor:<\/em> \u201eDreptul exclusiv de a face copii, de a licen\u021bia \u0219i de a exploata \u00een orice mod o lucrare literar\u0103, muzical\u0103 sau artistic\u0103, indiferent dac\u0103 este tip\u0103rit\u0103, audio, video, etc., este asigurat prin lege, autorului sau creatorului, pe via\u021b\u0103 \u0219i pentru o perioad\u0103 de 70 de ani de la moartea sa \u201d(Sursa: <a href=\"http:\/\/dictionary.reference.com\/\" target=\"_blank\" rel=\"noopener noreferrer\">Dictionary.com<\/a> ).<\/p>\n\n<p><em>Proprietate intelectual\u0103:<\/em> \u201eProprietate care rezult\u0103 din g\u00e2ndirea creativ\u0103 original\u0103, ca brevete, materiale ce \u021bin de drepturile de autor \u0219i m\u0103rci comerciale\u201d (Sursa:<a href=\"http:\/\/dictionary.reference.com\/\" target=\"_blank\" rel=\"noopener noreferrer\"> Dictionary.com<\/a> ).<\/p>\n\n<p>Dreptul de autor ofer\u0103 dreptul exclusiv autorilor de a controla utilizarea operei lor (reproduce, realiza lucr\u0103ri derivate, distribui, interpreta \u0219i afi\u0219a public lucrarea) \u0219i beneficiile acesteia. Un drept de autor poate fi v\u00e2ndut sau acordat altcuiva, care devine proprietarul drepturilor de autor. Exist\u0103 o excep\u021bie de la legea drepturilor de autor: utilizarea rezonabil\u0103.<\/p>\n\n<p><em>Utilizare rezonabil\u0103:<\/em> \u201eUtilizarea cump\u0103tat\u0103 \u0219i limitat\u0103 a materialului protejat prin drepturi de autor pentru a nu \u00eenc\u0103lca drepturile de autor\u201d (Sursa:<a href=\"http:\/\/dictionary.reference.com\/\" target=\"_blank\" rel=\"noopener noreferrer\"> Dictionary.com<\/a> ). Utilizarea rezonabil\u0103 permite folosirea unor por\u021biuni de material protejat prin drepturi de autor f\u0103r\u0103 permisiunea proprietarului \u00een scopuri precum critici, parodii, reportaje de \u0219tiri, cercetare academic\u0103 \u0219i predare. Pentru a determina dac\u0103 folosirea unei anumite opere este o utilizare rezonabil\u0103, lua\u021bi \u00een considerare urm\u0103torii patru factori:<\/p>\n\n<ul class=\"wp-block-list\"><li>scopul \u0219i caracterul utiliz\u0103rii<\/li><li>natura operei protejate prin drepturi de autor<\/li><li>cantitatea \u0219i substan\u021bialitatea por\u021biunii utilizate \u00een raport cu opera protejat\u0103 prin drepturi de autor<\/li><li>efectul utiliz\u0103rii asupra pie\u021bei poten\u021biale<\/li><\/ul>\n\n<p>Exist\u0103 o concep\u021bie gre\u0219it\u0103 obi\u0219nuit\u0103 conform c\u0103reia orice material protejat prin drepturi de autor, care este utilizat \u00een scopuri educa\u021bionale de orice fel, intr\u0103 sub inciden\u021ba utiliz\u0103rii rezonabile. Recomand\u0103rile noastre ar fi s\u0103 evit\u0103m scanarea, redistribuirea, partajarea sau postarea de publica\u021bii cu text integral f\u0103r\u0103 permisiune. Mai jos pute\u021bi g\u0103si mai multe informa\u021bii despre legea drepturilor de autor pentru a \u00een\u021belege consecin\u021bele poten\u021biale ale utiliz\u0103rii necorespunz\u0103toare a propriet\u0103\u021bii intelectuale \u0219i a materialelor protejate prin drepturi de autor, ale cuiva.<\/p>\n\n<p><em>Pentru mai multe informa\u021bii<\/em><br\/><a rel=\"noreferrer noopener\" href=\"https:\/\/www.copyright.com\/\" target=\"_blank\">Copyright Clearance Center: Copyright.com<\/a><br\/>Pentru licen\u021biere \u0219i permisiune<br\/><a rel=\"noopener noreferrer\" href=\"http:\/\/www.arl.org\/focus-areas\/copyright-ip\/fair-use\/code-of-best-practices\" target=\"_blank\">Codul de bune practici ARL \u00een utilizarea rezonabil\u0103<\/a><br\/>De la Asocia\u021bia Bibliotecilor de Cercetare<br\/><a rel=\"noreferrer noopener\" href=\"https:\/\/www.copyright.gov\/fair-use\/more-info.html\" target=\"_blank\">Biroul drepturilor de autor din SUA: utilizare rezonabil\u0103<\/a><br\/>\u00cen\u021belegerea utiliz\u0103rii rezonabile<br\/><a href=\"https:\/\/copyright.columbia.edu\/basics\/fair-use\/fair-use-checklist.html\" target=\"_blank\" rel=\"noreferrer noopener\">List\u0103 de verificare, Bibliotecile Universit\u0103\u021bii Columbia<\/a><br\/>Stabili\u021bi dac\u0103 folosirea pe care o inten\u021biona\u021bi poate fi considerat\u0103 o utilizare rezonabil\u0103.<\/p>\n\n<p><\/p>\n","protected":false},"excerpt":{"rendered":"<p>Programul biblioteciiLuni-Vineri &#8230;&#8230;&#8230;&#8230;&#8230;&#8230;&#8230;&#8230;&#8230;.. 9:00 AM &#8211; 15:00 PM (CEST)S\u00e2mb\u0103t\u0103-Duminic\u0103 &#8230;&#8230;&#8230;&#8230;&#8230;&#8230;&#8230;&#8230;&#8230; \u00cenchis Asisten\u021b\u0103 de Referin\u021b\u0103 \u0219i CercetareV\u0103 rug\u0103m s\u0103 utiliza\u021bi Formularul de contact dac\u0103 ave\u021bi vreo \u00eentrebare.Adresa de e-mail: library@tcmi.edu Telefon: +4322588727137 \u00cemprumut InterbibliotecarBiblioteca asigur\u0103 \u00eemprumut interbibliotecar printr-un acord cu bibliotecile academice ale Bisericilor Cre\u0219tine Independente \u0219i ale Bisericilor lui Hristos. Dac\u0103 g\u0103si\u021bi un articol de&#8230;<\/p>\n","protected":false},"author":29,"featured_media":0,"parent":11082,"menu_order":2,"comment_status":"closed","ping_status":"closed","template":"","meta":{"_acf_changed":false,"_kad_blocks_custom_css":"","_kad_blocks_head_custom_js":"","_kad_blocks_body_custom_js":"","_kad_blocks_footer_custom_js":"","_kad_post_transparent":"","_kad_post_title":"","_kad_post_layout":"","_kad_post_sidebar_id":"","_kad_post_content_style":"","_kad_post_vertical_padding":"","_kad_post_feature":"","_kad_post_feature_position":"","_kad_post_header":false,"_kad_post_footer":false,"_kad_post_classname":"","footnotes":""},"page_category":[],"class_list":["post-10627","page","type-page","status-publish","hentry"],"acf":[],"taxonomy_info":[],"featured_image_src_large":false,"author_info":{"display_name":"Oksana Puzynina","author_link":"https:\/\/tcmi.edu\/ro\/author\/oksana-puzyninatcmi-edu\/"},"comment_info":"","_links":{"self":[{"href":"https:\/\/tcmi.edu\/ro\/wp-json\/wp\/v2\/pages\/10627","targetHints":{"allow":["GET"]}}],"collection":[{"href":"https:\/\/tcmi.edu\/ro\/wp-json\/wp\/v2\/pages"}],"about":[{"href":"https:\/\/tcmi.edu\/ro\/wp-json\/wp\/v2\/types\/page"}],"author":[{"embeddable":true,"href":"https:\/\/tcmi.edu\/ro\/wp-json\/wp\/v2\/users\/29"}],"replies":[{"embeddable":true,"href":"https:\/\/tcmi.edu\/ro\/wp-json\/wp\/v2\/comments?post=10627"}],"version-history":[{"count":20,"href":"https:\/\/tcmi.edu\/ro\/wp-json\/wp\/v2\/pages\/10627\/revisions"}],"predecessor-version":[{"id":32606,"href":"https:\/\/tcmi.edu\/ro\/wp-json\/wp\/v2\/pages\/10627\/revisions\/32606"}],"up":[{"embeddable":true,"href":"https:\/\/tcmi.edu\/ro\/wp-json\/wp\/v2\/pages\/11082"}],"wp:attachment":[{"href":"https:\/\/tcmi.edu\/ro\/wp-json\/wp\/v2\/media?parent=10627"}],"wp:term":[{"taxonomy":"page_category","embeddable":true,"href":"https:\/\/tcmi.edu\/ro\/wp-json\/wp\/v2\/page_category?post=10627"}],"curies":[{"name":"wp","href":"https:\/\/api.w.org\/{rel}","templated":true}]}}