{"id":10592,"date":"2013-12-12T10:50:45","date_gmt":"2013-12-12T15:50:45","guid":{"rendered":"https:\/\/tcmi.edu\/manuale\/"},"modified":"2021-12-02T15:21:16","modified_gmt":"2021-12-02T20:21:16","slug":"studenti","status":"publish","type":"page","link":"https:\/\/tcmi.edu\/ro\/studenti\/studenti\/","title":{"rendered":"Studen\u021bi"},"content":{"rendered":"\n<p class=\"has-normal-font-size\"><span style=\"font-size: 13px;\">V\u0103 aducem la cuno\u0219tin\u021b\u0103 c\u0103 manualele TCM sunt actualizate la fiecare schimbare major\u0103, a\u0219adar este responsabilitatea dumneavoastr\u0103 s\u0103 reveni\u021bi mereu aici pentru a ob\u021bine cea mai recent actualizat\u0103 versiune.<\/span><\/p>\n\n\n<div class=\"resources-wrapper\">\n\n\t<ul class=\"resources\">\n\t\t<li>\n\n\t<a href=\"https:\/\/tcmint.sharepoint.com\/:f:\/s\/Academics\/Eo1NpyffL8xHi_1Heq6b2kkBnCB7aLMgSQzarmySB7fObA?e=XUVMYO\" target=\"_blank\" title=\"Research and Writing Handbook\">\n\t\t<img loading=\"lazy\" decoding=\"async\" width=\"800\" height=\"1024\" src=\"https:\/\/tcmi.edu\/wp-content\/uploads\/2022\/12\/research-and-writing-800x1024.png\" class=\"attachment-large size-large wp-post-image\" alt=\"\" srcset=\"https:\/\/tcmi.edu\/wp-content\/uploads\/2022\/12\/research-and-writing-800x1024.png 800w, https:\/\/tcmi.edu\/wp-content\/uploads\/2022\/12\/research-and-writing-234x300.png 234w, https:\/\/tcmi.edu\/wp-content\/uploads\/2022\/12\/research-and-writing-768x983.png 768w, https:\/\/tcmi.edu\/wp-content\/uploads\/2022\/12\/research-and-writing.png 1188w\" sizes=\"auto, (max-width: 800px) 100vw, 800px\" \/>\t\t<p>\n\t\t\tResearch and Writing Handbook\t\t<\/p>\n\t<\/a>\n\n<\/li>\n<li>\n\n\t<a href=\"https:\/\/tcmint.sharepoint.com\/:f:\/s\/Academics\/EuyUlAjBPxNOr61Ja59sIhUB3Y-1xeYPoHKP3ZFEhqXHmw?e=ZMK3MI\" target=\"_blank\" title=\"Integrated Reflection Handbooks\">\n\t\t<img loading=\"lazy\" decoding=\"async\" width=\"624\" height=\"655\" src=\"https:\/\/tcmi.edu\/wp-content\/uploads\/2020\/11\/Integrated-Reflection.jpg\" class=\"attachment-large size-large wp-post-image\" alt=\"\" srcset=\"https:\/\/tcmi.edu\/wp-content\/uploads\/2020\/11\/Integrated-Reflection.jpg 624w, https:\/\/tcmi.edu\/wp-content\/uploads\/2020\/11\/Integrated-Reflection-286x300.jpg 286w\" sizes=\"auto, (max-width: 624px) 100vw, 624px\" \/>\t\t<p>\n\t\t\tIntegrated Reflection Handbooks\t\t<\/p>\n\t<\/a>\n\n<\/li>\n<li>\n\n\t<a href=\"https:\/\/tcmint.sharepoint.com\/:f:\/s\/Academics\/Eo98hn1a1A9HiwKzPawBmvgBBKhX6m05mNJXQFySX_orPg?e=NCN2wt\" target=\"_blank\" title=\"Student Handbooks\">\n\t\t<img loading=\"lazy\" decoding=\"async\" width=\"725\" height=\"1024\" src=\"https:\/\/tcmi.edu\/wp-content\/uploads\/2020\/11\/student-handbook-725x1024.png\" class=\"attachment-large size-large wp-post-image\" alt=\"\" srcset=\"https:\/\/tcmi.edu\/wp-content\/uploads\/2020\/11\/student-handbook-725x1024.png 725w, https:\/\/tcmi.edu\/wp-content\/uploads\/2020\/11\/student-handbook-212x300.png 212w, https:\/\/tcmi.edu\/wp-content\/uploads\/2020\/11\/student-handbook-768x1085.png 768w, https:\/\/tcmi.edu\/wp-content\/uploads\/2020\/11\/student-handbook-1087x1536.png 1087w, https:\/\/tcmi.edu\/wp-content\/uploads\/2020\/11\/student-handbook.png 1104w\" sizes=\"auto, (max-width: 725px) 100vw, 725px\" \/>\t\t<p>\n\t\t\tStudent Handbooks\t\t<\/p>\n\t<\/a>\n\n<\/li>\n\t<\/ul><!--.resoruces-->\n\n<\/div><!--.resoruces-wrapper-->\n\n","protected":false},"excerpt":{"rendered":"<p>V\u0103 aducem la cuno\u0219tin\u021b\u0103 c\u0103 manualele TCM sunt actualizate la fiecare schimbare major\u0103, a\u0219adar este responsabilitatea dumneavoastr\u0103 s\u0103 reveni\u021bi mereu aici pentru a ob\u021bine cea mai recent actualizat\u0103 versiune.<\/p>\n","protected":false},"author":1,"featured_media":0,"parent":11100,"menu_order":100,"comment_status":"closed","ping_status":"closed","template":"","meta":{"_acf_changed":false,"_kad_blocks_custom_css":"","_kad_blocks_head_custom_js":"","_kad_blocks_body_custom_js":"","_kad_blocks_footer_custom_js":"","_kad_post_transparent":"","_kad_post_title":"","_kad_post_layout":"","_kad_post_sidebar_id":"","_kad_post_content_style":"","_kad_post_vertical_padding":"","_kad_post_feature":"","_kad_post_feature_position":"","_kad_post_header":false,"_kad_post_footer":false,"_kad_post_classname":"","footnotes":""},"page_category":[],"class_list":["post-10592","page","type-page","status-publish","hentry"],"acf":[],"taxonomy_info":[],"featured_image_src_large":false,"author_info":{"display_name":"Kaleb Heitzman","author_link":"https:\/\/tcmi.edu\/author\/developer\/"},"comment_info":"","_links":{"self":[{"href":"https:\/\/tcmi.edu\/wp-json\/wp\/v2\/pages\/10592","targetHints":{"allow":["GET"]}}],"collection":[{"href":"https:\/\/tcmi.edu\/wp-json\/wp\/v2\/pages"}],"about":[{"href":"https:\/\/tcmi.edu\/wp-json\/wp\/v2\/types\/page"}],"author":[{"embeddable":true,"href":"https:\/\/tcmi.edu\/wp-json\/wp\/v2\/users\/1"}],"replies":[{"embeddable":true,"href":"https:\/\/tcmi.edu\/wp-json\/wp\/v2\/comments?post=10592"}],"version-history":[{"count":15,"href":"https:\/\/tcmi.edu\/wp-json\/wp\/v2\/pages\/10592\/revisions"}],"predecessor-version":[{"id":34301,"href":"https:\/\/tcmi.edu\/wp-json\/wp\/v2\/pages\/10592\/revisions\/34301"}],"up":[{"embeddable":true,"href":"https:\/\/tcmi.edu\/wp-json\/wp\/v2\/pages\/11100"}],"wp:attachment":[{"href":"https:\/\/tcmi.edu\/wp-json\/wp\/v2\/media?parent=10592"}],"wp:term":[{"taxonomy":"page_category","embeddable":true,"href":"https:\/\/tcmi.edu\/wp-json\/wp\/v2\/page_category?post=10592"}],"curies":[{"name":"wp","href":"https:\/\/api.w.org\/{rel}","templated":true}]}}