{"id":10475,"date":"2013-11-07T02:30:41","date_gmt":"2013-11-07T07:30:41","guid":{"rendered":"https:\/\/tcmi.edu\/despre-noi\/istoric\/"},"modified":"2021-08-06T22:06:29","modified_gmt":"2021-08-07T02:06:29","slug":"istorie","status":"publish","type":"page","link":"https:\/\/tcmi.edu\/ro\/despre-noi\/istorie\/","title":{"rendered":"Istorie"},"content":{"rendered":"\n<h2 class=\"wp-block-heading\">Istoria TCMII \u00een Europa<\/h2>\n\n<p>Activitatea \u0219i slujirea TCMII \u00een Europa au \u00eenceput cu prima vizit\u0103 a lui Gene Dulin \u00een Rusia \u0219i Polonia \u00een 1963. Gene a fost fondatorul \u0219i primul pre\u0219edinte al TCM International, Inc. \u00centre anii 1963 \u0219i 1970 a vizitat Europa de Est \u0219i Uniunea Sovietic\u0103 de cinci ori \u00een timp ce locuia \u00een Toronto, Canada. \u00cen 1971, proprietatea Haus Edelweiss a fost achizi\u021bionat\u0103 pentru a putea sluji \u00een Uniunea Sovietic\u0103 \u0219i \u00een \u021b\u0103rile ei satelit. Centrul de Formare a Liderilor a fost construit \u00een 1989. Alte cl\u0103diri de pe proprietate au fost construite \u00een 1892. Aceast\u0103 proprietate a fost folosit\u0103 ca o re\u0219edin\u021b\u0103 privat\u0103, ca pensiune (hotel), ca \u0219i cas\u0103 de odihn\u0103 \u0219i un sediu pentru trupele sovietice pentru c\u00e2\u021biva ani dup\u0103 cel de-Al Doilea R\u0103zboi Mondial.<\/p>\n\n<p>C\u00e2nd a fost achizi\u021bionat\u0103 proprietatea, au fost necesare multe repara\u021bii. Timp de c\u00e2\u021biva ani studen\u021bi de colegiu au venit din Statele Unite \u00een timpul verii pentru a ajuta \u00een proiecte de \u00eentre\u021binere \u0219i repara\u021bii. Misionarii \u0219i stagiarii au c\u0103l\u0103torit de la Haus Edelweiss \u00een Uniunea Sovietic\u0103 \u0219i \u00een \u021b\u0103rile satelit pentru a livra Biblii, c\u0103r\u021bi de c\u00e2nt\u0103ri, literatur\u0103 cre\u0219tin\u0103, \u00eembr\u0103c\u0103minte, hran\u0103 \u0219i medicamente. TCMII a asistat de asemenea bisericile prin finan\u021barea repara\u021biilor necesare cl\u0103dirilor \u0219i prin furnizarea de automobile pentru pastori. Acest fel de sprijin a fost principalul accent al slujirii p\u00e2n\u0103 \u00een 1982.<\/p>\n\n<p>\u00cen 1982, un nou accent a fost ad\u0103ugat celor men\u021bionate mai sus. TCM a ini\u021biat \u201eSeminarii de var\u0103\u201d la Haus Edelweiss. Pastorii \u0219i liderii bisericii din Europa de Est au fost invita\u021bi s\u0103 vin\u0103 la Haus Edelweiss pentru dou\u0103 s\u0103pt\u0103m\u00e2ni de studiu sub conducerea profesorilor \u0219i predicatorilor din Statele Unite. \u00cen 1982 au avut loc dou\u0103 sesiuni de dou\u0103 s\u0103pt\u0103m\u00e2ni. P\u00e2n\u0103 \u00een 1990 num\u0103rul fusese m\u0103rit la cinci. Aceast\u0103 slujire era important\u0103 pentru liderii bisericii care tr\u0103iau \u00een spatele cortinei de fier, deoarece erau foarte pu\u021bine colegii biblice \u0219i posibilit\u0103\u021bi de a urma cursuri de slujire.<br\/>Pe m\u0103sur\u0103 ce situa\u021bia politic\u0103 a \u00eenceput s\u0103 se schimbe \u00een Europa de Est, mul\u021bi pastori \u0219i lideri ai bisericii au putut veni la Haus Edelweiss pentru a studia. Sesiunile de predare au loc la Haus din martie p\u00e2n\u0103 \u00een noiembrie. Fiecare sesiune ofer\u0103 mai multe clase de absolven\u021bi. Peste 500 de cre\u0219tini europeni studiaz\u0103 la Haus Edelweiss \u00een fiecare an.<\/p>\n\n<p>\u00cen 1991, Dr. Tony Twist, al doilea pre\u0219edinte al TCM International, Inc., a \u00eenfiin\u021bat \u201cInstitutul pentru Studii Biblice\u201d (acum Institutul Interna\u021bional TCM). Institutul este conceput pentru a oferi studii superioare pentru pastori \u0219i lideri ai bisericii. C\u00e2nd un student finalizeaz\u0103 cursurile necesare, prime\u0219te diplom\u0103 acreditat\u0103 de Master of Arts sau de Master of Divinity.<\/p>\n\n<h2 class=\"wp-block-heading\">Istoria casei \u201eHaus Edelweiss\u201d<\/h2>\n\n<div class=\"wp-block-image\"><figure class=\"aligncenter size-large\"><a href=\"https:\/\/tcmi.edu\/wp-content\/uploads\/2013\/11\/history2.jpg\"><img loading=\"lazy\" decoding=\"async\" width=\"536\" height=\"326\" src=\"https:\/\/tcmi.edu\/wp-content\/uploads\/2020\/07\/history2.jpg\" alt=\"history2\" class=\"wp-image-5404\" srcset=\"https:\/\/tcmi.edu\/wp-content\/uploads\/2020\/07\/history2.jpg 536w, https:\/\/tcmi.edu\/wp-content\/uploads\/2020\/07\/history2-300x182.jpg 300w\" sizes=\"auto, (max-width: 536px) 100vw, 536px\" \/><\/a><\/figure><\/div>\n\n<p>Institutul Interna\u021bional TCM \u00ee\u0219i are re\u0219edin\u021ba la \u201cHaus Edelweiss,\u201d la aproximativ 25 de kilometri sud-vest de Viena, Austria, l\u00e2ng\u0103 satul Heiligenkreuz.<\/p>\n\n<p>Privire din spate a \u201cBig Haus\u201d (\u201eCasei Mari\u201d) dinspre drumul de acces.<\/p>\n\n<figure class=\"wp-block-image size-large\"><a href=\"https:\/\/tcmi.edu\/wp-content\/uploads\/2013\/11\/history1.jpg\"><img loading=\"lazy\" decoding=\"async\" width=\"536\" height=\"328\" src=\"https:\/\/tcmi.edu\/wp-content\/uploads\/2020\/07\/history1.jpg\" alt=\"history1\" class=\"wp-image-5408\" srcset=\"https:\/\/tcmi.edu\/wp-content\/uploads\/2020\/07\/history1.jpg 536w, https:\/\/tcmi.edu\/wp-content\/uploads\/2020\/07\/history1-300x184.jpg 300w\" sizes=\"auto, (max-width: 536px) 100vw, 536px\" \/><\/a><\/figure>\n\n<p>Privire din fa\u021b\u0103 a \u201cBig Haus\u201d (\u201eCasei Mari\u201d)<\/p>\n\n<p>\u00cen 1971, consiliul de administra\u021bie al TCMII a fost de acord s\u0103 cumpere Haus Edelweiss l\u00e2ng\u0103 Viena, Austria. Acest\u0103 cas\u0103 (\u0219i alte trei cl\u0103diri), pe o proprietate de \u0219ase hectare de p\u0103m\u00e2nt, trebuia s\u0103 serveasc\u0103 drept punct strategic pentru a c\u0103l\u0103tori \u00een \u021b\u0103rile din Europa de Est pentru a-i sluji pe cre\u0219tinii de acolo.<\/p>\n\n<div class=\"wp-block-image\"><figure class=\"aligncenter size-large\"><a href=\"https:\/\/tcmi.edu\/wp-content\/uploads\/2013\/11\/gdulinwall1.jpg\"><img loading=\"lazy\" decoding=\"async\" width=\"1024\" height=\"939\" src=\"https:\/\/tcmi.edu\/wp-content\/uploads\/2020\/07\/gdulinwall1.jpg\" alt=\"gdulinwall\" class=\"wp-image-5412\" srcset=\"https:\/\/tcmi.edu\/wp-content\/uploads\/2020\/07\/gdulinwall1.jpg 1024w, https:\/\/tcmi.edu\/wp-content\/uploads\/2020\/07\/gdulinwall1-300x275.jpg 300w, https:\/\/tcmi.edu\/wp-content\/uploads\/2020\/07\/gdulinwall1-768x704.jpg 768w\" sizes=\"auto, (max-width: 1024px) 100vw, 1024px\" \/><\/a><\/figure><\/div>\n\n<p>Odat\u0103 cu c\u0103derea comunismului \u00een Europa de Est, activitatea TCMII s-a extins de la binefacere, distribu\u021bie de literatur\u0103, asisten\u021b\u0103 bisericeasc\u0103 \u0219i formarea liderilor (lucrare f\u0103cut\u0103 din 1963) pentru a include educa\u021bia de lideri cre\u0219tini la nivel academic superior.<\/p>\n\n<div class=\"wp-block-image\"><figure class=\"aligncenter size-large\"><a href=\"https:\/\/tcmi.edu\/wp-content\/uploads\/2013\/11\/IMG_8511.jpg\"><img loading=\"lazy\" decoding=\"async\" width=\"1024\" height=\"768\" src=\"https:\/\/tcmi.edu\/wp-content\/uploads\/2020\/07\/IMG_8511.jpg\" alt=\"IMG_8511\" class=\"wp-image-5416\" srcset=\"https:\/\/tcmi.edu\/wp-content\/uploads\/2020\/07\/IMG_8511.jpg 1024w, https:\/\/tcmi.edu\/wp-content\/uploads\/2020\/07\/IMG_8511-300x225.jpg 300w, https:\/\/tcmi.edu\/wp-content\/uploads\/2020\/07\/IMG_8511-768x576.jpg 768w\" sizes=\"auto, (max-width: 1024px) 100vw, 1024px\" \/><\/a><\/figure><\/div>\n\n<p>Haus Edelweiss ast\u0103zi.<\/p>\n","protected":false},"excerpt":{"rendered":"<p>Istoria TCMII \u00een Europa Activitatea \u0219i slujirea TCMII \u00een Europa au \u00eenceput cu prima vizit\u0103 a lui Gene Dulin \u00een Rusia \u0219i Polonia \u00een 1963. Gene a fost fondatorul \u0219i primul pre\u0219edinte al TCM International, Inc. \u00centre anii 1963 \u0219i 1970 a vizitat Europa de Est \u0219i Uniunea Sovietic\u0103 de cinci ori \u00een timp ce&#8230;<\/p>\n","protected":false},"author":1,"featured_media":5508,"parent":10443,"menu_order":30,"comment_status":"closed","ping_status":"closed","template":"","meta":{"_acf_changed":false,"_kad_blocks_custom_css":"","_kad_blocks_head_custom_js":"","_kad_blocks_body_custom_js":"","_kad_blocks_footer_custom_js":"","_kad_post_transparent":"","_kad_post_title":"","_kad_post_layout":"","_kad_post_sidebar_id":"","_kad_post_content_style":"","_kad_post_vertical_padding":"","_kad_post_feature":"","_kad_post_feature_position":"","_kad_post_header":false,"_kad_post_footer":false,"_kad_post_classname":"","footnotes":""},"page_category":[],"class_list":["post-10475","page","type-page","status-publish","has-post-thumbnail","hentry"],"acf":[],"taxonomy_info":[],"featured_image_src_large":["https:\/\/tcmi.edu\/wp-content\/uploads\/2020\/07\/haus-1-1024x576.jpg",1024,576,true],"author_info":{"display_name":"Kaleb Heitzman","author_link":"https:\/\/tcmi.edu\/ro\/author\/developer\/"},"comment_info":"","_links":{"self":[{"href":"https:\/\/tcmi.edu\/ro\/wp-json\/wp\/v2\/pages\/10475","targetHints":{"allow":["GET"]}}],"collection":[{"href":"https:\/\/tcmi.edu\/ro\/wp-json\/wp\/v2\/pages"}],"about":[{"href":"https:\/\/tcmi.edu\/ro\/wp-json\/wp\/v2\/types\/page"}],"author":[{"embeddable":true,"href":"https:\/\/tcmi.edu\/ro\/wp-json\/wp\/v2\/users\/1"}],"replies":[{"embeddable":true,"href":"https:\/\/tcmi.edu\/ro\/wp-json\/wp\/v2\/comments?post=10475"}],"version-history":[{"count":5,"href":"https:\/\/tcmi.edu\/ro\/wp-json\/wp\/v2\/pages\/10475\/revisions"}],"predecessor-version":[{"id":12662,"href":"https:\/\/tcmi.edu\/ro\/wp-json\/wp\/v2\/pages\/10475\/revisions\/12662"}],"up":[{"embeddable":true,"href":"https:\/\/tcmi.edu\/ro\/wp-json\/wp\/v2\/pages\/10443"}],"wp:featuredmedia":[{"embeddable":true,"href":"https:\/\/tcmi.edu\/ro\/wp-json\/wp\/v2\/media\/5508"}],"wp:attachment":[{"href":"https:\/\/tcmi.edu\/ro\/wp-json\/wp\/v2\/media?parent=10475"}],"wp:term":[{"taxonomy":"page_category","embeddable":true,"href":"https:\/\/tcmi.edu\/ro\/wp-json\/wp\/v2\/page_category?post=10475"}],"curies":[{"name":"wp","href":"https:\/\/api.w.org\/{rel}","templated":true}]}}