{"id":10459,"date":"2016-09-18T20:44:23","date_gmt":"2016-09-19T00:44:23","guid":{"rendered":"https:\/\/tcmi.edu\/despre-noi\/de-ce-tcm\/"},"modified":"2021-08-06T22:06:28","modified_gmt":"2021-08-07T02:06:28","slug":"de-ce-tcm","status":"publish","type":"page","link":"https:\/\/tcmi.edu\/ro\/despre-noi\/de-ce-tcm\/","title":{"rendered":"De Ce TCM?"},"content":{"rendered":"\n<h3 class=\"wp-block-heading\">De ce s\u0103 studiezi la Institutul Interna\u021bional TCM \u00cen urma rug\u0103ciunii, \u00een timp ce v\u0103 g\u00e2ndi\u021bi s\u0103 studia\u021bi la Institutul Interna\u021bional TCM, v\u0103 rug\u0103m s\u0103 \u0219ti\u021bi c\u0103, \u00eentr-o comunitate interna\u021bional\u0103 de credin\u021b\u0103 \u0219i schimb\u0103toare de via\u021ba, TCMII ofer\u0103 urm\u0103toarele:&#13;\n<\/h3>\n\n<ul class=\"wp-block-list\"><li>Planuri flexibile de studiu care includ disponibilitatea on-line \u0219i fa\u021b\u0103-\u00een-fa\u021b\u0103 a mentorilor&#13;\n<\/li><li>Preg\u0103tirea practic\u0103 a liderilor cre\u0219tini de c\u0103tre un corp academic calificat la nivel  interna\u021bional<\/li><li>Cost redus, programe acreditate \u00een Statele Unite ale Americii<\/li><li>Furnizarea de cursuri multilingve \u0219i sprijin pentru studen\u021bi \u0219i absolven\u021bi<\/li><\/ul>\n\n<h3 class=\"wp-block-heading\">Ce spun absolven\u021bii TCMII despre experien\u021ba lor cu TCMII:<\/h3>\n\n<p><em>\u201eDup\u0103 ce am ob\u021binut diploma de licen\u021b\u0103 de la o universitate de stat din \u021bara mea, am fost chemat \u00een slujire. Cu toate acestea, nu am fost preg\u0103tit s\u0103 fiu un slujitor. M-am \u00eenscris \u00eentr-o alt\u0103 \u0219coal\u0103 din \u021bara mea, care oferea diplom\u0103 \u00een teologie. Am studiat doar un semestru acolo pentru a realiza c\u0103 nu voi primi o echipare practic\u0103 \u00een urma cursurile luate, ci doar \u2018teorie\u2019. Atunci un alt credincios mi-a spus despre TCMII.  A fost nevoie s\u0103 iau doar un curs \u0219i am ajuns la concluzia c\u0103 acesta este locul \u00een care pot fi \u00een mijlocul unui personal, corp profesoral, grup de al\u021bi studen\u021bi \u0219i voluntari, care vor oferi dovezi vii \u0219i exemple despre cum arat\u0103 un credincios care face ucenici.\u201d<\/em> \u2013 2014, absolvent TCMII din Europa de Est&#13;\n&#13;\n<\/p>\n\n<p><em>\u201eAm devenit credincios mai t\u00e2rziu \u00een via\u021b\u0103. Am avut ocazia s\u0103-mi p\u0103r\u0103sesc \u021bara de origine \u0219i s\u0103 c\u0103l\u0103toresc \u00een Statele Unite pentru a ob\u021bine o diplom\u0103 avansat\u0103 \u00een teologie. Dar mi-am dat seama c\u0103 a fi departe de \u021bara mea \u0219i de slujirea mea pentru o perioad\u0103 de p\u00e2n\u0103 la 4 ani ar putea \u00eempiedica lucrarea sau ar putea d\u0103una bisericii locale pe care o conduc. Cineva mi-a dat un articol despre un curs de studiu la TCMII. Distan\u021ba era de o c\u0103l\u0103torie cu avionul din \u021bara mea \u00een Africa, spre Viena. Pot studia online timp de 3 luni pe un curs \u0219i apoi s\u0103 primesc mentorare unu la unu de la profesorii care predau cursul. M-am \u00eenscris \u0219i sunt at\u00e2t de recunosc\u0103tor pentru tot ceea ce mi-a oferit rela\u021bia mea cu TCMII. TCMII m-a preg\u0103tit pentru lumea real\u0103 a slujirii.\u201d<\/em> \u2013 2015, absolvent TCMII din Africa&#13;\n&#13;\n<\/p>\n","protected":false},"excerpt":{"rendered":"<p>De ce s\u0103 studiezi la Institutul Interna\u021bional TCM \u00cen urma rug\u0103ciunii, \u00een timp ce v\u0103 g\u00e2ndi\u021bi s\u0103 studia\u021bi la Institutul Interna\u021bional TCM, v\u0103 rug\u0103m s\u0103 \u0219ti\u021bi c\u0103, \u00eentr-o comunitate interna\u021bional\u0103 de credin\u021b\u0103 \u0219i schimb\u0103toare de via\u021ba, TCMII ofer\u0103 urm\u0103toarele:&#13; Planuri flexibile de studiu care includ disponibilitatea on-line \u0219i fa\u021b\u0103-\u00een-fa\u021b\u0103 a mentorilor&#13; Preg\u0103tirea practic\u0103 a liderilor&#8230;<\/p>\n","protected":false},"author":1,"featured_media":7722,"parent":10443,"menu_order":0,"comment_status":"closed","ping_status":"closed","template":"","meta":{"_acf_changed":false,"_kad_blocks_custom_css":"","_kad_blocks_head_custom_js":"","_kad_blocks_body_custom_js":"","_kad_blocks_footer_custom_js":"","_kad_post_transparent":"","_kad_post_title":"","_kad_post_layout":"","_kad_post_sidebar_id":"","_kad_post_content_style":"","_kad_post_vertical_padding":"","_kad_post_feature":"","_kad_post_feature_position":"","_kad_post_header":false,"_kad_post_footer":false,"_kad_post_classname":"","footnotes":""},"page_category":[],"class_list":["post-10459","page","type-page","status-publish","has-post-thumbnail","hentry"],"acf":[],"taxonomy_info":[],"featured_image_src_large":["https:\/\/tcmi.edu\/wp-content\/uploads\/2021\/02\/291751_2074689110445_618908714_n.jpg",960,640,false],"author_info":{"display_name":"Kaleb Heitzman","author_link":"https:\/\/tcmi.edu\/ro\/author\/developer\/"},"comment_info":"","_links":{"self":[{"href":"https:\/\/tcmi.edu\/ro\/wp-json\/wp\/v2\/pages\/10459","targetHints":{"allow":["GET"]}}],"collection":[{"href":"https:\/\/tcmi.edu\/ro\/wp-json\/wp\/v2\/pages"}],"about":[{"href":"https:\/\/tcmi.edu\/ro\/wp-json\/wp\/v2\/types\/page"}],"author":[{"embeddable":true,"href":"https:\/\/tcmi.edu\/ro\/wp-json\/wp\/v2\/users\/1"}],"replies":[{"embeddable":true,"href":"https:\/\/tcmi.edu\/ro\/wp-json\/wp\/v2\/comments?post=10459"}],"version-history":[{"count":1,"href":"https:\/\/tcmi.edu\/ro\/wp-json\/wp\/v2\/pages\/10459\/revisions"}],"predecessor-version":[{"id":10460,"href":"https:\/\/tcmi.edu\/ro\/wp-json\/wp\/v2\/pages\/10459\/revisions\/10460"}],"up":[{"embeddable":true,"href":"https:\/\/tcmi.edu\/ro\/wp-json\/wp\/v2\/pages\/10443"}],"wp:featuredmedia":[{"embeddable":true,"href":"https:\/\/tcmi.edu\/ro\/wp-json\/wp\/v2\/media\/7722"}],"wp:attachment":[{"href":"https:\/\/tcmi.edu\/ro\/wp-json\/wp\/v2\/media?parent=10459"}],"wp:term":[{"taxonomy":"page_category","embeddable":true,"href":"https:\/\/tcmi.edu\/ro\/wp-json\/wp\/v2\/page_category?post=10459"}],"curies":[{"name":"wp","href":"https:\/\/api.w.org\/{rel}","templated":true}]}}