{"id":10443,"date":"2013-11-07T01:31:09","date_gmt":"2013-11-07T06:31:09","guid":{"rendered":"https:\/\/tcmi.edu\/despre-noi\/"},"modified":"2021-08-06T22:06:28","modified_gmt":"2021-08-07T02:06:28","slug":"despre-noi","status":"publish","type":"page","link":"https:\/\/tcmi.edu\/ro\/despre-noi\/","title":{"rendered":"Despre noi"},"content":{"rendered":"\n<h2 class=\"wp-block-heading\">Dezvoltarea liderilor cre\u0219tini pentru slujire semnificativ\u0103<\/h2>\n\n<p>TCM ofer\u0103 acestor misionari na\u021bionali piesa lips\u0103: formare avansat\u0103 pentru a men\u021bine capul, inima, m\u00e2inile \u0219i picioarele \u00een continu\u0103 \u00eenaintare \u00een direc\u021biile \u00cemp\u0103r\u0103\u021biei, cu niveluri sporite de competen\u021b\u0103 \u0219i eficacitate; cuno\u0219tin\u021be, competen\u021be practice \u0219i spirituale pentru a exterioriza g\u00e2ndirea, slujirea, iubirea \u0219i pentru a-l \u021bine la distan\u021b\u0103  pe inamic.&#13;\n&#13;\n<\/p>\n\n<p>Aceast\u0103 preg\u0103tire produce rezultate exponen\u021biale \u2013 explodeaz\u0103 de la bine la extraordinar, de la adaos la multiplicare. Un om de afaceri ucrainean construie\u0219te mega-biseric\u0103 care plaseaz\u0103 misionari \u0219i planteaz\u0103 biserici. Un predicator moldovean pune bazele unui Colegiu Biblic care trimite sute de lideri tineri \u00een slujire. Un educator estonian devine lider interna\u021bional \u00een preg\u0103tirea \u00een domeniul eticii \u0219i conducerii. Liderii din \u021b\u0103rile cu acces limitat conduc studiile biblice \u0219i biserici \u00een circumstan\u021be foarte dificile.&#13;\n&#13;\n<\/p>\n\n<p>Sunt b\u0103rba\u021bi evlavio\u0219i \u0219i femei evlavioase care deja slujesc \u00een moduri eroice, adesea \u00een condi\u021bii dificile, cu resurse financiare insuficiente. Ei solicit\u0103 preg\u0103tire academic\u0103 pentru a-I sluji mai bine lui Hristos, oferind ceea ce au: re\u021bele na\u021bionale, limb\u0103 \u0219i influen\u021b\u0103 intercultural\u0103, direc\u021bii de slujire confirmate, bi-voca\u021bionalitate, auto-sus\u021binere, angajament pe via\u021b\u0103 \u00een \u021b\u0103rile lor \u0219i multe altele. Ei sunt lideri deja confirma\u021bi de \u021b\u0103rile, bisericile \u0219i culturile lor.<\/p>\n<style>#kt-layout-id_af28f8-3f > .kt-row-column-wrap{align-content:start;}:where(#kt-layout-id_af28f8-3f > .kt-row-column-wrap) > .wp-block-kadence-column{justify-content:start;}#kt-layout-id_af28f8-3f > .kt-row-column-wrap{column-gap:var(--global-kb-gap-md, 2rem);row-gap:var(--global-kb-gap-md, 2rem);padding-top:var( --global-kb-row-default-top, 25px );padding-bottom:var( --global-kb-row-default-bottom, 25px );padding-top:var(--global-kb-spacing-sm, 1.5rem);padding-bottom:var(--global-kb-spacing-sm, 1.5rem);}#kt-layout-id_af28f8-3f > .kt-row-column-wrap > div:not(.added-for-specificity){grid-column:initial;}#kt-layout-id_af28f8-3f > .kt-row-column-wrap{grid-template-columns:repeat(3, minmax(0, 1fr));}#kt-layout-id_af28f8-3f > .kt-row-layout-overlay{opacity:0.30;}@media all and (max-width: 1024px){#kt-layout-id_af28f8-3f > .kt-row-column-wrap > div:not(.added-for-specificity){grid-column:initial;}}@media all and (max-width: 1024px){#kt-layout-id_af28f8-3f > .kt-row-column-wrap{grid-template-columns:repeat(3, minmax(0, 1fr));}}@media all and (max-width: 767px){#kt-layout-id_af28f8-3f > .kt-row-column-wrap > div:not(.added-for-specificity){grid-column:initial;}#kt-layout-id_af28f8-3f > .kt-row-column-wrap{grid-template-columns:minmax(0, 1fr);}}<\/style>\n<div class=\"wp-block-kadence-rowlayout alignnone\"><div id=\"kt-layout-id_af28f8-3f\" class=\"kt-row-layout-inner kt-layout-id_af28f8-3f\"><div class=\"kt-row-column-wrap kt-has-3-columns kt-gutter-default kt-v-gutter-default kt-row-valign-top kt-row-layout-equal kt-tab-layout-inherit kt-m-colapse-left-to-right kt-mobile-layout-row\"><style>.kadence-column_a7b145-2b > .kt-inside-inner-col{border-top-width:0px;border-right-width:0px;border-bottom-width:0px;border-left-width:0px;}.kadence-column_a7b145-2b > .kt-inside-inner-col,.kadence-column_a7b145-2b > .kt-inside-inner-col:before{border-top-left-radius:0px;border-top-right-radius:0px;border-bottom-right-radius:0px;border-bottom-left-radius:0px;}.kadence-column_a7b145-2b > .kt-inside-inner-col{column-gap:var(--global-kb-gap-sm, 1rem);}.kadence-column_a7b145-2b > .kt-inside-inner-col{flex-direction:column;}.kadence-column_a7b145-2b > .kt-inside-inner-col > .aligncenter{width:100%;}.kadence-column_a7b145-2b > .kt-inside-inner-col:before{opacity:0.3;}.kadence-column_a7b145-2b{position:relative;}@media all and (max-width: 1024px){.kadence-column_a7b145-2b > .kt-inside-inner-col{flex-direction:column;justify-content:center;}}@media all and (max-width: 767px){.kadence-column_a7b145-2b > .kt-inside-inner-col{flex-direction:column;justify-content:center;}}<\/style>\n<div class=\"wp-block-kadence-column inner-column-1 kadence-column_a7b145-2b\"><div class=\"kt-inside-inner-col\"><style>.wp-block-kadence-column.kb-section-dir-horizontal > .kt-inside-inner-col > #kt-info-box_cd5657-9b .kt-blocks-info-box-link-wrap{max-width:unset;}#kt-info-box_cd5657-9b .kt-blocks-info-box-link-wrap{border-radius:30px;border-top-width:4px;border-right-width:4px;border-bottom-width:4px;border-left-width:4px;background:#ffffff;padding-top:20px;padding-right:20px;padding-bottom:20px;padding-left:20px;}#kt-info-box_cd5657-9b .kt-blocks-info-box-link-wrap:hover{background:#ffffff;}#kt-info-box_cd5657-9b .kadence-info-box-icon-container .kt-info-svg-icon, #kt-info-box_cd5657-9b .kt-info-svg-icon-flip, #kt-info-box_cd5657-9b .kt-blocks-info-box-number{font-size:30px;}#kt-info-box_cd5657-9b .kt-blocks-info-box-media{color:#444444;background:#eeeeee;border-radius:200px;overflow:hidden;border-top-width:0px;border-right-width:0px;border-bottom-width:0px;border-left-width:0px;padding-top:20px;padding-right:20px;padding-bottom:20px;padding-left:20px;}#kt-info-box_cd5657-9b .kt-blocks-info-box-media-container{margin-top:0px;margin-right:15px;margin-bottom:10px;margin-left:15px;}#kt-info-box_cd5657-9b .kt-blocks-info-box-media .kadence-info-box-image-intrisic img{border-radius:200px;}#kt-info-box_cd5657-9b .kt-blocks-info-box-link-wrap:hover .kt-blocks-info-box-media{color:#444444;background:#eeeeee;}#kt-info-box_cd5657-9b .kt-infobox-textcontent h2.kt-blocks-info-box-title{padding-top:0px;padding-right:0px;padding-bottom:0px;padding-left:0px;margin-top:5px;margin-right:0px;margin-bottom:10px;margin-left:0px;}#kt-info-box_cd5657-9b .kt-blocks-info-box-learnmore{background:transparent;border-width:0px 0px 0px 0px;padding-top:4px;padding-right:8px;padding-bottom:4px;padding-left:8px;margin-top:10px;margin-right:0px;margin-bottom:10px;margin-left:0px;}<\/style>\n<div id=\"kt-info-box_cd5657-9b\" class=\"wp-block-kadence-infobox\"><a class=\"kt-blocks-info-box-link-wrap info-box-link kt-blocks-info-box-media-align-top kt-info-halign-center\"><div class=\"kt-blocks-info-box-media-container\"><div class=\"kt-blocks-info-box-media kt-info-media-animate-none\"><div class=\"kadence-info-box-icon-container kt-info-icon-animate-none\"><div class=\"kadence-info-box-icon-inner-container\"><span style=\"display:block;justify-content:center;align-items:center\" class=\"kt-info-svg-icon kt-info-svg-icon-fas_globe-africa\"><svg style=\"display:inline-block;vertical-align:middle\" viewbox=\"0 0 496 512\" height=\"30\" width=\"30\" fill=\"currentColor\" xmlns=\"http:\/\/www.w3.org\/2000\/svg\"><path d=\"M248 8C111.03 8 0 119.03 0 256s111.03 248 248 248 248-111.03 248-248S384.97 8 248 8zm160 215.5v6.93c0 5.87-3.32 11.24-8.57 13.86l-15.39 7.7a15.485 15.485 0 0 1-15.53-.97l-18.21-12.14a15.52 15.52 0 0 0-13.5-1.81l-2.65.88c-9.7 3.23-13.66 14.79-7.99 23.3l13.24 19.86c2.87 4.31 7.71 6.9 12.89 6.9h8.21c8.56 0 15.5 6.94 15.5 15.5v11.34c0 3.35-1.09 6.62-3.1 9.3l-18.74 24.98c-1.42 1.9-2.39 4.1-2.83 6.43l-4.3 22.83c-.62 3.29-2.29 6.29-4.76 8.56a159.608 159.608 0 0 0-25 29.16l-13.03 19.55a27.756 27.756 0 0 1-23.09 12.36c-10.51 0-20.12-5.94-24.82-15.34a78.902 78.902 0 0 1-8.33-35.29V367.5c0-8.56-6.94-15.5-15.5-15.5h-25.88c-14.49 0-28.38-5.76-38.63-16a54.659 54.659 0 0 1-16-38.63v-14.06c0-17.19 8.1-33.38 21.85-43.7l27.58-20.69a54.663 54.663 0 0 1 32.78-10.93h.89c8.48 0 16.85 1.97 24.43 5.77l14.72 7.36c3.68 1.84 7.93 2.14 11.83.84l47.31-15.77c6.33-2.11 10.6-8.03 10.6-14.7 0-8.56-6.94-15.5-15.5-15.5h-10.09c-4.11 0-8.05-1.63-10.96-4.54l-6.92-6.92a15.493 15.493 0 0 0-10.96-4.54H199.5c-8.56 0-15.5-6.94-15.5-15.5v-4.4c0-7.11 4.84-13.31 11.74-15.04l14.45-3.61c3.74-.94 7-3.23 9.14-6.44l8.08-12.11c2.87-4.31 7.71-6.9 12.89-6.9h24.21c8.56 0 15.5-6.94 15.5-15.5v-21.7C359.23 71.63 422.86 131.02 441.93 208H423.5c-8.56 0-15.5 6.94-15.5 15.5z\"><\/path><\/svg><\/span><\/div><\/div><\/div><\/div><div class=\"kt-infobox-textcontent\"><h2 class=\"kt-blocks-info-box-title\">MISIUNE<\/h2><p class=\"kt-blocks-info-box-text\">Institutul Interna\u021bional TCM preg\u0103te\u0219te lideri cre\u0219tini pentru slujire semnificativ\u0103 prin educa\u021bie superioar\u0103.&#13;\n&#13;\n<\/p><\/div><\/a><\/div>\n<\/div><\/div>\n\n\n<style>.kadence-column_a4cd9e-55 > .kt-inside-inner-col{border-top-width:0px;border-right-width:0px;border-bottom-width:0px;border-left-width:0px;}.kadence-column_a4cd9e-55 > .kt-inside-inner-col,.kadence-column_a4cd9e-55 > .kt-inside-inner-col:before{border-top-left-radius:0px;border-top-right-radius:0px;border-bottom-right-radius:0px;border-bottom-left-radius:0px;}.kadence-column_a4cd9e-55 > .kt-inside-inner-col{column-gap:var(--global-kb-gap-sm, 1rem);}.kadence-column_a4cd9e-55 > .kt-inside-inner-col{flex-direction:column;}.kadence-column_a4cd9e-55 > .kt-inside-inner-col > .aligncenter{width:100%;}.kadence-column_a4cd9e-55 > .kt-inside-inner-col:before{opacity:0.3;}.kadence-column_a4cd9e-55{position:relative;}@media all and (max-width: 1024px){.kadence-column_a4cd9e-55 > .kt-inside-inner-col{flex-direction:column;justify-content:center;}}@media all and (max-width: 767px){.kadence-column_a4cd9e-55 > .kt-inside-inner-col{flex-direction:column;justify-content:center;}}<\/style>\n<div class=\"wp-block-kadence-column inner-column-2 kadence-column_a4cd9e-55\"><div class=\"kt-inside-inner-col\"><style>.wp-block-kadence-column.kb-section-dir-horizontal > .kt-inside-inner-col > #kt-info-box_f018bf-7d .kt-blocks-info-box-link-wrap{max-width:unset;}#kt-info-box_f018bf-7d .kt-blocks-info-box-link-wrap{border-radius:30px;border-top-width:4px;border-right-width:4px;border-bottom-width:4px;border-left-width:4px;background:#ffffff;padding-top:20px;padding-right:20px;padding-bottom:20px;padding-left:20px;}#kt-info-box_f018bf-7d .kt-blocks-info-box-link-wrap:hover{background:#ffffff;}#kt-info-box_f018bf-7d .kadence-info-box-icon-container .kt-info-svg-icon, #kt-info-box_f018bf-7d .kt-info-svg-icon-flip, #kt-info-box_f018bf-7d .kt-blocks-info-box-number{font-size:30px;}#kt-info-box_f018bf-7d .kt-blocks-info-box-media{color:#444444;background:#eeeeee;border-radius:200px;overflow:hidden;border-top-width:0px;border-right-width:0px;border-bottom-width:0px;border-left-width:0px;padding-top:20px;padding-right:20px;padding-bottom:20px;padding-left:20px;}#kt-info-box_f018bf-7d .kt-blocks-info-box-media-container{margin-top:0px;margin-right:15px;margin-bottom:10px;margin-left:15px;}#kt-info-box_f018bf-7d .kt-blocks-info-box-media .kadence-info-box-image-intrisic img{border-radius:200px;}#kt-info-box_f018bf-7d .kt-blocks-info-box-link-wrap:hover .kt-blocks-info-box-media{color:#444444;background:#eeeeee;}#kt-info-box_f018bf-7d .kt-infobox-textcontent h2.kt-blocks-info-box-title{padding-top:0px;padding-right:0px;padding-bottom:0px;padding-left:0px;margin-top:5px;margin-right:0px;margin-bottom:10px;margin-left:0px;}#kt-info-box_f018bf-7d .kt-blocks-info-box-learnmore{background:transparent;border-width:0px 0px 0px 0px;padding-top:4px;padding-right:8px;padding-bottom:4px;padding-left:8px;margin-top:10px;margin-right:0px;margin-bottom:10px;margin-left:0px;}<\/style>\n<div id=\"kt-info-box_f018bf-7d\" class=\"wp-block-kadence-infobox\"><a class=\"kt-blocks-info-box-link-wrap info-box-link kt-blocks-info-box-media-align-top kt-info-halign-center\"><div class=\"kt-blocks-info-box-media-container\"><div class=\"kt-blocks-info-box-media kt-info-media-animate-none\"><div class=\"kadence-info-box-icon-container kt-info-icon-animate-none\"><div class=\"kadence-info-box-icon-inner-container\"><span style=\"display:block;justify-content:center;align-items:center\" class=\"kt-info-svg-icon kt-info-svg-icon-fe_eye\"><svg style=\"display:inline-block;vertical-align:middle\" viewbox=\"0 0 24 24\" height=\"30\" width=\"30\" fill=\"none\" stroke=\"currentColor\" xmlns=\"http:\/\/www.w3.org\/2000\/svg\" stroke-width=\"2\" stroke-linecap=\"round\" stroke-linejoin=\"round\"><path d=\"M1 12s4-8 11-8 11 8 11 8-4 8-11 8-11-8-11-8z\"><\/path><circle cx=\"12\" cy=\"12\" r=\"3\"><\/circle><\/svg><\/span><\/div><\/div><\/div><\/div><div class=\"kt-infobox-textcontent\"><h2 class=\"kt-blocks-info-box-title\">VIZIUNE<\/h2><p class=\"kt-blocks-info-box-text\">Ca fiecare na\u021biune s\u0103 aib\u0103 lideri eficien\u021bi pentru mi\u0219c\u0103rile de formare de ucenici, astfel \u00eenc\u00e2t s\u0103 aib\u0103 impact \u00een bisericile, culturile \u0219i \u021b\u0103rile lor pentru Hristos.&#13;\n&#13;\n<\/p><\/div><\/a><\/div>\n<\/div><\/div>\n\n\n<style>.kadence-column_bcb085-dd > .kt-inside-inner-col{border-top-width:0px;border-right-width:0px;border-bottom-width:0px;border-left-width:0px;}.kadence-column_bcb085-dd > .kt-inside-inner-col,.kadence-column_bcb085-dd > .kt-inside-inner-col:before{border-top-left-radius:0px;border-top-right-radius:0px;border-bottom-right-radius:0px;border-bottom-left-radius:0px;}.kadence-column_bcb085-dd > .kt-inside-inner-col{column-gap:var(--global-kb-gap-sm, 1rem);}.kadence-column_bcb085-dd > .kt-inside-inner-col{flex-direction:column;}.kadence-column_bcb085-dd > .kt-inside-inner-col > .aligncenter{width:100%;}.kadence-column_bcb085-dd > .kt-inside-inner-col:before{opacity:0.3;}.kadence-column_bcb085-dd{position:relative;}@media all and (max-width: 1024px){.kadence-column_bcb085-dd > .kt-inside-inner-col{flex-direction:column;justify-content:center;}}@media all and (max-width: 767px){.kadence-column_bcb085-dd > .kt-inside-inner-col{flex-direction:column;justify-content:center;}}<\/style>\n<div class=\"wp-block-kadence-column inner-column-3 kadence-column_bcb085-dd\"><div class=\"kt-inside-inner-col\"><style>.wp-block-kadence-column.kb-section-dir-horizontal > .kt-inside-inner-col > #kt-info-box_ec813d-28 .kt-blocks-info-box-link-wrap{max-width:unset;}#kt-info-box_ec813d-28 .kt-blocks-info-box-link-wrap{border-radius:30px;border-top-width:4px;border-right-width:4px;border-bottom-width:4px;border-left-width:4px;background:#ffffff;padding-top:20px;padding-right:20px;padding-bottom:20px;padding-left:20px;}#kt-info-box_ec813d-28 .kt-blocks-info-box-link-wrap:hover{background:#ffffff;}#kt-info-box_ec813d-28 .kadence-info-box-icon-container .kt-info-svg-icon, #kt-info-box_ec813d-28 .kt-info-svg-icon-flip, #kt-info-box_ec813d-28 .kt-blocks-info-box-number{font-size:30px;}#kt-info-box_ec813d-28 .kt-blocks-info-box-media{color:#444444;background:#eeeeee;border-radius:200px;overflow:hidden;border-top-width:0px;border-right-width:0px;border-bottom-width:0px;border-left-width:0px;padding-top:20px;padding-right:20px;padding-bottom:20px;padding-left:20px;}#kt-info-box_ec813d-28 .kt-blocks-info-box-media-container{margin-top:0px;margin-right:15px;margin-bottom:10px;margin-left:15px;}#kt-info-box_ec813d-28 .kt-blocks-info-box-media .kadence-info-box-image-intrisic img{border-radius:200px;}#kt-info-box_ec813d-28 .kt-blocks-info-box-link-wrap:hover .kt-blocks-info-box-media{color:#444444;background:#eeeeee;}#kt-info-box_ec813d-28 .kt-infobox-textcontent h2.kt-blocks-info-box-title{padding-top:0px;padding-right:0px;padding-bottom:0px;padding-left:0px;margin-top:5px;margin-right:0px;margin-bottom:10px;margin-left:0px;}#kt-info-box_ec813d-28 .kt-blocks-info-box-learnmore{background:transparent;border-width:0px 0px 0px 0px;padding-top:4px;padding-right:8px;padding-bottom:4px;padding-left:8px;margin-top:10px;margin-right:0px;margin-bottom:10px;margin-left:0px;}<\/style>\n<div id=\"kt-info-box_ec813d-28\" class=\"wp-block-kadence-infobox\"><a class=\"kt-blocks-info-box-link-wrap info-box-link kt-blocks-info-box-media-align-top kt-info-halign-center\"><div class=\"kt-blocks-info-box-media-container\"><div class=\"kt-blocks-info-box-media kt-info-media-animate-none\"><div class=\"kadence-info-box-icon-container kt-info-icon-animate-none\"><div class=\"kadence-info-box-icon-inner-container\"><span style=\"display:block;justify-content:center;align-items:center\" class=\"kt-info-svg-icon kt-info-svg-icon-ic_person\"><svg style=\"display:inline-block;vertical-align:middle\" viewbox=\"0 0 8 8\" height=\"30\" width=\"30\" fill=\"currentColor\" xmlns=\"http:\/\/www.w3.org\/2000\/svg\"><path d=\"M4 0c-1.1 0-2 1.12-2 2.5s.9 2.5 2 2.5 2-1.12 2-2.5-.9-2.5-2-2.5zm-2.09 5c-1.06.05-1.91.92-1.91 2v1h8v-1c0-1.08-.84-1.95-1.91-2-.54.61-1.28 1-2.09 1-.81 0-1.55-.39-2.09-1z\"><\/path><\/svg><\/span><\/div><\/div><\/div><\/div><div class=\"kt-infobox-textcontent\"><h2 class=\"kt-blocks-info-box-title\">VALORI<\/h2><p class=\"kt-blocks-info-box-text\">Un stil de via\u021b\u0103 orientat spre \u00eenv\u0103\u021bare<br\/>&#13;\nMaturitate cre\u0219tin\u0103<br\/>&#13;\nConducerea prin slujire<br\/>&#13;\nViziune cre\u0219tin\u0103 pentru \u00eentreaga lume<br\/><\/p><\/div><\/a><\/div>\n<\/div><\/div>\n<\/div><\/div><\/div>\n\n<h2 class=\"wp-block-heading\">PRINCIPII<\/h2>\n\n<ul class=\"wp-block-list\"><li>Transparen\u021b\u0103 \u0219i responsabilitate prin cuantificarea valid\u0103 a performan\u021bei.<\/li><li>Comunicare deschis\u0103, onest\u0103 \u0219i clar\u0103 cu toate circumscrip\u021biile.<\/li><li>Cre\u0219terea exemplar\u0103 \u0219i gestionarea \u00een\u021beleapt\u0103 a tuturor resurselor.<\/li><li>Conducere matur\u0103 manifestat\u0103 de c\u0103tre directori califica\u021bi, profesori \u0219i personal.<\/li><li>Educa\u021bie \u0219i cre\u0219tere institu\u021bional\u0103, profesional\u0103 \u0219i personal\u0103 continu\u0103.<\/li><li>Predare \u0219i cercetare practic\u0103 pentru avansarea misiunii \u0219i viziunii.<\/li><li>Munc\u0103 dedicat\u0103 pentru \u0219i de c\u0103tre absolven\u021bi, studen\u021bi \u0219i donatori.<\/li><li>Ini\u021biative \u0219i parteneriate s\u0103n\u0103toase care men\u021bin \u00een mod activ lideri na\u021bionali pe termen lung, care sunt independen\u021bi \u0219i se auto sus\u021bin.&#13;\n<\/li><\/ul>\n\n<p><em>Institutul TCMI nu face discrimin\u0103ri \u00een ceea ce prive\u0219te v\u00e2rsta, rasa, sexul, handicapul fizic sau afilierea denomina\u021bional\u0103.<\/em>&#13;\n<\/p>\n","protected":false},"excerpt":{"rendered":"<p>Dezvoltarea liderilor cre\u0219tini pentru slujire semnificativ\u0103 TCM ofer\u0103 acestor misionari na\u021bionali piesa lips\u0103: formare avansat\u0103 pentru a men\u021bine capul, inima, m\u00e2inile \u0219i picioarele \u00een continu\u0103 \u00eenaintare \u00een direc\u021biile \u00cemp\u0103r\u0103\u021biei, cu niveluri sporite de competen\u021b\u0103 \u0219i eficacitate; cuno\u0219tin\u021be, competen\u021be practice \u0219i spirituale pentru a exterioriza g\u00e2ndirea, slujirea, iubirea \u0219i pentru a-l \u021bine la distan\u021b\u0103 pe inamic.&#13;&#8230;<\/p>\n","protected":false},"author":1,"featured_media":7730,"parent":0,"menu_order":0,"comment_status":"closed","ping_status":"closed","template":"","meta":{"_acf_changed":false,"_kad_blocks_custom_css":"","_kad_blocks_head_custom_js":"","_kad_blocks_body_custom_js":"","_kad_blocks_footer_custom_js":"","_kad_post_transparent":"","_kad_post_title":"","_kad_post_layout":"","_kad_post_sidebar_id":"","_kad_post_content_style":"","_kad_post_vertical_padding":"","_kad_post_feature":"","_kad_post_feature_position":"","_kad_post_header":false,"_kad_post_footer":false,"_kad_post_classname":"","footnotes":""},"page_category":[],"class_list":["post-10443","page","type-page","status-publish","has-post-thumbnail","hentry"],"acf":[],"taxonomy_info":[],"featured_image_src_large":["https:\/\/tcmi.edu\/wp-content\/uploads\/2021\/02\/Sulcs-ministry-baptism-after-a-year-of-denial.jpg",960,960,false],"author_info":{"display_name":"Kaleb Heitzman","author_link":"https:\/\/tcmi.edu\/ro\/author\/developer\/"},"comment_info":"","_links":{"self":[{"href":"https:\/\/tcmi.edu\/ro\/wp-json\/wp\/v2\/pages\/10443","targetHints":{"allow":["GET"]}}],"collection":[{"href":"https:\/\/tcmi.edu\/ro\/wp-json\/wp\/v2\/pages"}],"about":[{"href":"https:\/\/tcmi.edu\/ro\/wp-json\/wp\/v2\/types\/page"}],"author":[{"embeddable":true,"href":"https:\/\/tcmi.edu\/ro\/wp-json\/wp\/v2\/users\/1"}],"replies":[{"embeddable":true,"href":"https:\/\/tcmi.edu\/ro\/wp-json\/wp\/v2\/comments?post=10443"}],"version-history":[{"count":3,"href":"https:\/\/tcmi.edu\/ro\/wp-json\/wp\/v2\/pages\/10443\/revisions"}],"predecessor-version":[{"id":10446,"href":"https:\/\/tcmi.edu\/ro\/wp-json\/wp\/v2\/pages\/10443\/revisions\/10446"}],"wp:featuredmedia":[{"embeddable":true,"href":"https:\/\/tcmi.edu\/ro\/wp-json\/wp\/v2\/media\/7730"}],"wp:attachment":[{"href":"https:\/\/tcmi.edu\/ro\/wp-json\/wp\/v2\/media?parent=10443"}],"wp:term":[{"taxonomy":"page_category","embeddable":true,"href":"https:\/\/tcmi.edu\/ro\/wp-json\/wp\/v2\/page_category?post=10443"}],"curies":[{"name":"wp","href":"https:\/\/api.w.org\/{rel}","templated":true}]}}