{"id":44415,"date":"2025-11-04T10:32:34","date_gmt":"2025-11-04T15:32:34","guid":{"rendered":"https:\/\/tcmi.edu\/studenti\/2026-rozvrh-kurzu\/"},"modified":"2025-11-07T05:37:45","modified_gmt":"2025-11-07T10:37:45","slug":"2026-rozvrh-kurzu","status":"publish","type":"page","link":"https:\/\/tcmi.edu\/cs\/studenti\/2026-rozvrh-kurzu\/","title":{"rendered":"2026 Rozvrh kurz\u016f"},"content":{"rendered":"\n<p>TCMI International Institute m\u00e1 akreditaci pro d\u00e1lkov\u00e9 vzd\u011bl\u00e1v\u00e1n\u00ed. V\u011bt\u0161ina kurz\u016f vyu\u017e\u00edv\u00e1 hybridn\u00ed model, kdy p\u0159ibli\u017en\u011b 80 % v\u00fduky prob\u00edh\u00e1 online a 20 % osobn\u011b v mentorsk\u00e9m centru. N\u011bkter\u00e9 kurzy jsou nab\u00edzeny pln\u011b online. <\/p>\n\n<p>Na t\u00e9to str\u00e1nce najdete p\u0159ehled v\u0161ech pl\u00e1novan\u00fdch kurz\u016f.<br\/>Dostupnost kurz\u016f se m\u016f\u017ee li\u0161it v z\u00e1vislosti na studijn\u00edm programu, jazyce v\u00fduky a m\u00edst\u011b.<\/p>\n\n<p><strong>Jak Regster<\/strong><\/p>\n\n<ol class=\"wp-block-list\">\n<li>Kliknut\u00edm na tla\u010d\u00edtko <strong>Registrovat<\/strong> vedle kurzu otev\u0159ete <strong>studentsk\u00fd port\u00e1l<\/strong>.<\/li>\n\n\n\n<li>Na port\u00e1lu si prohl\u00e9dn\u011bte sv\u016fj <strong>akademick\u00fd p\u0159ehled<\/strong> a zjist\u011bte, kter\u00e9 p\u0159edm\u011bty jsou <strong>zp\u016fsobil\u00e9 a schv\u00e1len\u00e9 pro<\/strong> v\u00e1\u0161 titul.<\/li>\n\n\n\n<li>Dokon\u010dete registraci na <strong>port\u00e1lu pro studenty<\/strong>.<\/li>\n<\/ol>\n\n<p>Pokud se zde uveden\u00fd kurz <strong>nezobrazuje<\/strong> na va\u0161em studentsk\u00e9m port\u00e1lu, je mo\u017en\u00e9, \u017ee neodpov\u00edd\u00e1 va\u0161emu <strong>studijn\u00edmu pl\u00e1nu<\/strong>, <strong>jazyku<\/strong> nebo <strong>um\u00edst\u011bn\u00ed mentorsk\u00e9ho centra<\/strong>.<\/p>\n\n<p>Kurzy m\u016f\u017eete filtrovat podle:<\/p>\n\n<ul class=\"wp-block-list\">\n<li>K\u00f3d nebo n\u00e1zev kurzu<\/li>\n\n\n\n<li>Instruktor<\/li>\n\n\n\n<li>Mentoringov\u00e9 centrum \/ m\u00edsto dod\u00e1n\u00ed<\/li>\n\n\n\n<li>Online \/ On-Campus<\/li>\n\n\n\n<li>Relace nebo m\u011bs\u00edc<\/li>\n\n\n\n<li>Jazyk v\u00fduky<\/li>\n<\/ul>\n\t\t<script>\n\t\twindow.tcmCatalogSettings = window.tcmCatalogSettings || {};\n\t\twindow.tcmCatalogSettings[\"id69ff21f6df5d2\"] = {\n\t\t\t'year': '2026',\n\t\t\t'country': '',\n\t\t\t'exclude_country': '',\n\t\t\t'session': '',\n\t\t\t'locale': 'cs'\n\t\t}\n\t\t<\/script>\n\t\t<div class=\"tcm-catalog\" data-id=\"id69ff21f6df5d2\"><\/div>\n\n\t\t\n","protected":false},"excerpt":{"rendered":"<p>TCMI International Institute m\u00e1 akreditaci pro d\u00e1lkov\u00e9 vzd\u011bl\u00e1v\u00e1n\u00ed. V\u011bt\u0161ina kurz\u016f vyu\u017e\u00edv\u00e1 hybridn\u00ed model, kdy p\u0159ibli\u017en\u011b 80 % v\u00fduky prob\u00edh\u00e1 online a 20 % osobn\u011b v mentorsk\u00e9m centru. N\u011bkter\u00e9 kurzy jsou nab\u00edzeny pln\u011b online. Na t\u00e9to str\u00e1nce najdete p\u0159ehled v\u0161ech pl\u00e1novan\u00fdch kurz\u016f.Dostupnost kurz\u016f se m\u016f\u017ee li\u0161it v z\u00e1vislosti na studijn\u00edm programu, jazyce v\u00fduky a m\u00edst\u011b. Jak&#8230;<\/p>\n","protected":false},"author":20,"featured_media":0,"parent":11105,"menu_order":0,"comment_status":"closed","ping_status":"closed","template":"","meta":{"_acf_changed":false,"_kad_blocks_custom_css":"","_kad_blocks_head_custom_js":"","_kad_blocks_body_custom_js":"","_kad_blocks_footer_custom_js":"","_kad_post_transparent":"","_kad_post_title":"","_kad_post_layout":"","_kad_post_sidebar_id":"","_kad_post_content_style":"","_kad_post_vertical_padding":"","_kad_post_feature":"","_kad_post_feature_position":"","_kad_post_header":false,"_kad_post_footer":false,"_kad_post_classname":"","footnotes":""},"page_category":[],"class_list":["post-44415","page","type-page","status-publish","hentry"],"acf":[],"taxonomy_info":[],"featured_image_src_large":false,"author_info":{"display_name":"mihai.bojonca@tcmi.edu","author_link":"https:\/\/tcmi.edu\/cs\/author\/mihai-bojoncatcmi-edu\/"},"comment_info":"","_links":{"self":[{"href":"https:\/\/tcmi.edu\/cs\/wp-json\/wp\/v2\/pages\/44415","targetHints":{"allow":["GET"]}}],"collection":[{"href":"https:\/\/tcmi.edu\/cs\/wp-json\/wp\/v2\/pages"}],"about":[{"href":"https:\/\/tcmi.edu\/cs\/wp-json\/wp\/v2\/types\/page"}],"author":[{"embeddable":true,"href":"https:\/\/tcmi.edu\/cs\/wp-json\/wp\/v2\/users\/20"}],"replies":[{"embeddable":true,"href":"https:\/\/tcmi.edu\/cs\/wp-json\/wp\/v2\/comments?post=44415"}],"version-history":[{"count":2,"href":"https:\/\/tcmi.edu\/cs\/wp-json\/wp\/v2\/pages\/44415\/revisions"}],"predecessor-version":[{"id":44437,"href":"https:\/\/tcmi.edu\/cs\/wp-json\/wp\/v2\/pages\/44415\/revisions\/44437"}],"up":[{"embeddable":true,"href":"https:\/\/tcmi.edu\/cs\/wp-json\/wp\/v2\/pages\/11105"}],"wp:attachment":[{"href":"https:\/\/tcmi.edu\/cs\/wp-json\/wp\/v2\/media?parent=44415"}],"wp:term":[{"taxonomy":"page_category","embeddable":true,"href":"https:\/\/tcmi.edu\/cs\/wp-json\/wp\/v2\/page_category?post=44415"}],"curies":[{"name":"wp","href":"https:\/\/api.w.org\/{rel}","templated":true}]}}