{"id":38646,"date":"2022-11-01T09:26:20","date_gmt":"2022-11-01T13:26:20","guid":{"rendered":"https:\/\/tcmi.edu\/studenti\/2023-rozvrh-kurzu\/"},"modified":"2023-07-31T12:32:48","modified_gmt":"2023-07-31T16:32:48","slug":"2023-rozvrh-kurzu","status":"publish","type":"page","link":"https:\/\/tcmi.edu\/cs\/studenti\/2023-rozvrh-kurzu\/","title":{"rendered":"2023 Rozvrh kurz\u016f"},"content":{"rendered":"\n<p>TCMI International Institute m\u00e1 akreditaci pro d\u00e1lkov\u00e9 vzd\u011bl\u00e1v\u00e1n\u00ed. A\u010dkoli jsou n\u011bkter\u00e9 kurzy nab\u00edzeny kompletn\u011b online, v\u011bt\u0161ina kurz\u016f prob\u00edh\u00e1 hybridn\u011b. To znamen\u00e1, \u017ee 80 % p\u0159\u00edpravy na kurz prob\u00edh\u00e1 online a zb\u00fdvaj\u00edc\u00edch 20 % v r\u016fzn\u00fdch vzd\u011bl\u00e1vac\u00edch centrech.<\/p>\n\n<ul class=\"wp-block-list\">\n<li>Pro p\u0159ihl\u00e1\u0161en\u00ed na kurz klikn\u011bte na tla\u010d\u00edtko \u201eP\u0159ihl\u00e1sit se\u201c. Pot\u00e9 se pod\u00edvejte do akademick\u00e9ho shrnut\u00ed a vyberte si doporu\u010den\u00e9 p\u0159edm\u011bty.<\/li>\n\n\n\n<li>Na kurzy, kter\u00e9 prob\u00edhaj\u00ed v r\u016fzn\u00fdch zem\u00edch, se m\u016f\u017eete pod\u00edvat na seznamu uveden\u00e9m n\u00ed\u017ee.<\/li>\n\n\n\n<li>Lze vyu\u017e\u00edvat funkci vyhled\u00e1v\u00e1n\u00ed podle n\u00e1sleduj\u00edc\u00edch kategori\u00ed:\n<ul class=\"wp-block-list\">\n<li>N\u00e1zev \u010di k\u00f3d kurzu<\/li>\n\n\n\n<li>Profesor<\/li>\n\n\n\n<li>Region\u00e1ln\u00ed centrum<\/li>\n\n\n\n<li>Online<\/li>\n\n\n\n<li>M\u011bs\u00edc<\/li>\n\n\n\n<li>Jazyk<\/li>\n<\/ul>\n<\/li>\n<\/ul>\n\t\t<script>\n\t\twindow.tcmCatalogSettings = window.tcmCatalogSettings || {};\n\t\twindow.tcmCatalogSettings[\"id69f0cd6e6c0ae\"] = {\n\t\t\t'year': '2023',\n\t\t\t'country': '',\n\t\t\t'exclude_country': '',\n\t\t\t'session': '',\n\t\t\t'locale': 'cs'\n\t\t}\n\t\t<\/script>\n\t\t<div class=\"tcm-catalog\" data-id=\"id69f0cd6e6c0ae\"><\/div>\n\n\t\t\n","protected":false},"excerpt":{"rendered":"<p>TCMI International Institute m\u00e1 akreditaci pro d\u00e1lkov\u00e9 vzd\u011bl\u00e1v\u00e1n\u00ed. A\u010dkoli jsou n\u011bkter\u00e9 kurzy nab\u00edzeny kompletn\u011b online, v\u011bt\u0161ina kurz\u016f prob\u00edh\u00e1 hybridn\u011b. To znamen\u00e1, \u017ee 80 % p\u0159\u00edpravy na kurz prob\u00edh\u00e1 online a zb\u00fdvaj\u00edc\u00edch 20 % v r\u016fzn\u00fdch vzd\u011bl\u00e1vac\u00edch centrech.<\/p>\n","protected":false},"author":20,"featured_media":38700,"parent":11105,"menu_order":0,"comment_status":"closed","ping_status":"closed","template":"","meta":{"_acf_changed":false,"_kad_blocks_custom_css":"","_kad_blocks_head_custom_js":"","_kad_blocks_body_custom_js":"","_kad_blocks_footer_custom_js":"","_kad_post_transparent":"","_kad_post_title":"","_kad_post_layout":"","_kad_post_sidebar_id":"","_kad_post_content_style":"","_kad_post_vertical_padding":"","_kad_post_feature":"","_kad_post_feature_position":"","_kad_post_header":false,"_kad_post_footer":false,"_kad_post_classname":"","footnotes":""},"page_category":[],"class_list":["post-38646","page","type-page","status-publish","has-post-thumbnail","hentry"],"acf":[],"taxonomy_info":[],"featured_image_src_large":["https:\/\/tcmi.edu\/wp-content\/uploads\/2022\/11\/20221011-9C7A2292-1024x423.jpg",1024,423,true],"author_info":{"display_name":"mihai.bojonca@tcmi.edu","author_link":"https:\/\/tcmi.edu\/cs\/author\/mihai-bojoncatcmi-edu\/"},"comment_info":"","_links":{"self":[{"href":"https:\/\/tcmi.edu\/cs\/wp-json\/wp\/v2\/pages\/38646","targetHints":{"allow":["GET"]}}],"collection":[{"href":"https:\/\/tcmi.edu\/cs\/wp-json\/wp\/v2\/pages"}],"about":[{"href":"https:\/\/tcmi.edu\/cs\/wp-json\/wp\/v2\/types\/page"}],"author":[{"embeddable":true,"href":"https:\/\/tcmi.edu\/cs\/wp-json\/wp\/v2\/users\/20"}],"replies":[{"embeddable":true,"href":"https:\/\/tcmi.edu\/cs\/wp-json\/wp\/v2\/comments?post=38646"}],"version-history":[{"count":6,"href":"https:\/\/tcmi.edu\/cs\/wp-json\/wp\/v2\/pages\/38646\/revisions"}],"predecessor-version":[{"id":41191,"href":"https:\/\/tcmi.edu\/cs\/wp-json\/wp\/v2\/pages\/38646\/revisions\/41191"}],"up":[{"embeddable":true,"href":"https:\/\/tcmi.edu\/cs\/wp-json\/wp\/v2\/pages\/11105"}],"wp:featuredmedia":[{"embeddable":true,"href":"https:\/\/tcmi.edu\/cs\/wp-json\/wp\/v2\/media\/38700"}],"wp:attachment":[{"href":"https:\/\/tcmi.edu\/cs\/wp-json\/wp\/v2\/media?parent=38646"}],"wp:term":[{"taxonomy":"page_category","embeddable":true,"href":"https:\/\/tcmi.edu\/cs\/wp-json\/wp\/v2\/page_category?post=38646"}],"curies":[{"name":"wp","href":"https:\/\/api.w.org\/{rel}","templated":true}]}}