{"id":11149,"date":"2021-03-01T17:58:35","date_gmt":"2021-03-01T22:58:35","guid":{"rendered":"https:\/\/tcmi.edu\/vstupne\/pozadavky-na-dokumentaci\/"},"modified":"2023-08-01T06:44:40","modified_gmt":"2023-08-01T10:44:40","slug":"kontrolni-seznam-pro-prijeti","status":"publish","type":"page","link":"https:\/\/tcmi.edu\/cs\/uchazeci\/kontrolni-seznam-pro-prijeti\/","title":{"rendered":"Kontroln\u00ed seznam pro p\u0159ijet\u00ed"},"content":{"rendered":"\n<h3 class=\"wp-block-heading\">Po\u017eadovan\u00e9 doklady a informace<\/h3>\n<style>.kt-accordion-id_27d125-1d .kt-accordion-inner-wrap{column-gap:var(--global-kb-gap-md, 2rem);row-gap:8px;}.kt-accordion-id_27d125-1d .kt-accordion-panel-inner{border-top:0px solid transparent;border-right:0px solid transparent;border-bottom:0px solid transparent;border-left:0px solid transparent;background:#ffffff;padding-top:var(--global-kb-spacing-sm, 1.5rem);padding-right:var(--global-kb-spacing-sm, 1.5rem);padding-bottom:var(--global-kb-spacing-sm, 1.5rem);padding-left:var(--global-kb-spacing-sm, 1.5rem);}.kt-accordion-id_27d125-1d > .kt-accordion-inner-wrap > .wp-block-kadence-pane > .kt-accordion-header-wrap > .kt-blocks-accordion-header{border-top:0px solid #f2f2f2;border-right:0px solid #f2f2f2;border-bottom:4px solid #f2f2f2;border-left:0px solid #f2f2f2;border-top-left-radius:0px;border-top-right-radius:0px;border-bottom-right-radius:0px;border-bottom-left-radius:0px;background:#ffffff;color:#444444;padding-top:14px;padding-right:10px;padding-bottom:6px;padding-left:16px;}.kt-accordion-id_27d125-1d:not( .kt-accodion-icon-style-basiccircle ):not( .kt-accodion-icon-style-xclosecircle ):not( .kt-accodion-icon-style-arrowcircle )  > .kt-accordion-inner-wrap > .wp-block-kadence-pane > .kt-accordion-header-wrap .kt-blocks-accordion-icon-trigger:after, .kt-accordion-id_27d125-1d:not( .kt-accodion-icon-style-basiccircle ):not( .kt-accodion-icon-style-xclosecircle ):not( .kt-accodion-icon-style-arrowcircle )  > .kt-accordion-inner-wrap > .wp-block-kadence-pane > .kt-accordion-header-wrap .kt-blocks-accordion-icon-trigger:before{background:#444444;}.kt-accordion-id_27d125-1d:not( .kt-accodion-icon-style-basic ):not( .kt-accodion-icon-style-xclose ):not( .kt-accodion-icon-style-arrow ) .kt-blocks-accordion-icon-trigger{background:#444444;}.kt-accordion-id_27d125-1d:not( .kt-accodion-icon-style-basic ):not( .kt-accodion-icon-style-xclose ):not( .kt-accodion-icon-style-arrow ) .kt-blocks-accordion-icon-trigger:after, .kt-accordion-id_27d125-1d:not( .kt-accodion-icon-style-basic ):not( .kt-accodion-icon-style-xclose ):not( .kt-accodion-icon-style-arrow ) .kt-blocks-accordion-icon-trigger:before{background:#ffffff;}.kt-accordion-id_27d125-1d > .kt-accordion-inner-wrap > .wp-block-kadence-pane > .kt-accordion-header-wrap > .kt-blocks-accordion-header:hover, \n\t\t\t\tbody:not(.hide-focus-outline) .kt-accordion-id_27d125-1d .kt-blocks-accordion-header:focus-visible{color:#444444;background:#ffffff;border-top-color:#eeeeee;border-top-style:solid;border-right-color:#eeeeee;border-right-style:solid;border-bottom-color:#eeeeee;border-bottom-style:solid;border-left-color:#eeeeee;border-left-style:solid;}.kt-accordion-id_27d125-1d:not( .kt-accodion-icon-style-basiccircle ):not( .kt-accodion-icon-style-xclosecircle ):not( .kt-accodion-icon-style-arrowcircle ) .kt-accordion-header-wrap .kt-blocks-accordion-header:hover .kt-blocks-accordion-icon-trigger:after, .kt-accordion-id_27d125-1d:not( .kt-accodion-icon-style-basiccircle ):not( .kt-accodion-icon-style-xclosecircle ):not( .kt-accodion-icon-style-arrowcircle ) .kt-accordion-header-wrap .kt-blocks-accordion-header:hover .kt-blocks-accordion-icon-trigger:before, body:not(.hide-focus-outline) .kt-accordion-id_27d125-1d:not( .kt-accodion-icon-style-basiccircle ):not( .kt-accodion-icon-style-xclosecircle ):not( .kt-accodion-icon-style-arrowcircle ) .kt-blocks-accordion--visible .kt-blocks-accordion-icon-trigger:after, body:not(.hide-focus-outline) .kt-accordion-id_27d125-1d:not( .kt-accodion-icon-style-basiccircle ):not( .kt-accodion-icon-style-xclosecircle ):not( .kt-accodion-icon-style-arrowcircle ) .kt-blocks-accordion-header:focus-visible .kt-blocks-accordion-icon-trigger:before{background:#444444;}.kt-accordion-id_27d125-1d:not( .kt-accodion-icon-style-basic ):not( .kt-accodion-icon-style-xclose ):not( .kt-accodion-icon-style-arrow ) .kt-accordion-header-wrap .kt-blocks-accordion-header:hover .kt-blocks-accordion-icon-trigger, body:not(.hide-focus-outline) .kt-accordion-id_27d125-1d:not( .kt-accodion-icon-style-basic ):not( .kt-accodion-icon-style-xclose ):not( .kt-accodion-icon-style-arrow ) .kt-accordion-header-wrap .kt-blocks-accordion-header:focus-visible .kt-blocks-accordion-icon-trigger{background:#444444;}.kt-accordion-id_27d125-1d:not( .kt-accodion-icon-style-basic ):not( .kt-accodion-icon-style-xclose ):not( .kt-accodion-icon-style-arrow ) .kt-accordion-header-wrap .kt-blocks-accordion-header:hover .kt-blocks-accordion-icon-trigger:after, .kt-accordion-id_27d125-1d:not( .kt-accodion-icon-style-basic ):not( .kt-accodion-icon-style-xclose ):not( .kt-accodion-icon-style-arrow ) .kt-accordion-header-wrap .kt-blocks-accordion-header:hover .kt-blocks-accordion-icon-trigger:before, body:not(.hide-focus-outline) .kt-accordion-id_27d125-1d:not( .kt-accodion-icon-style-basic ):not( .kt-accodion-icon-style-xclose ):not( .kt-accodion-icon-style-arrow ) .kt-accordion-header-wrap .kt-blocks-accordion-header:focus-visible .kt-blocks-accordion-icon-trigger:after, body:not(.hide-focus-outline) .kt-accordion-id_27d125-1d:not( .kt-accodion-icon-style-basic ):not( .kt-accodion-icon-style-xclose ):not( .kt-accodion-icon-style-arrow ) .kt-accordion-header-wrap .kt-blocks-accordion-header:focus-visible .kt-blocks-accordion-icon-trigger:before{background:#ffffff;}.kt-accordion-id_27d125-1d .kt-accordion-header-wrap .kt-blocks-accordion-header:focus-visible,\n\t\t\t\t.kt-accordion-id_27d125-1d > .kt-accordion-inner-wrap > .wp-block-kadence-pane > .kt-accordion-header-wrap > .kt-blocks-accordion-header.kt-accordion-panel-active{color:#333333;background:#ffffff;border-top-color:#0e9cd1;border-top-style:solid;border-right-color:#0e9cd1;border-right-style:solid;border-bottom-color:#0e9cd1;border-bottom-style:solid;border-left-color:#0e9cd1;border-left-style:solid;}.kt-accordion-id_27d125-1d:not( .kt-accodion-icon-style-basiccircle ):not( .kt-accodion-icon-style-xclosecircle ):not( .kt-accodion-icon-style-arrowcircle )  > .kt-accordion-inner-wrap > .wp-block-kadence-pane > .kt-accordion-header-wrap > .kt-blocks-accordion-header.kt-accordion-panel-active .kt-blocks-accordion-icon-trigger:after, .kt-accordion-id_27d125-1d:not( .kt-accodion-icon-style-basiccircle ):not( .kt-accodion-icon-style-xclosecircle ):not( .kt-accodion-icon-style-arrowcircle )  > .kt-accordion-inner-wrap > .wp-block-kadence-pane > .kt-accordion-header-wrap > .kt-blocks-accordion-header.kt-accordion-panel-active .kt-blocks-accordion-icon-trigger:before{background:#333333;}.kt-accordion-id_27d125-1d:not( .kt-accodion-icon-style-basic ):not( .kt-accodion-icon-style-xclose ):not( .kt-accodion-icon-style-arrow ) .kt-blocks-accordion-header.kt-accordion-panel-active .kt-blocks-accordion-icon-trigger{background:#333333;}.kt-accordion-id_27d125-1d:not( .kt-accodion-icon-style-basic ):not( .kt-accodion-icon-style-xclose ):not( .kt-accodion-icon-style-arrow ) .kt-blocks-accordion-header.kt-accordion-panel-active .kt-blocks-accordion-icon-trigger:after, .kt-accordion-id_27d125-1d:not( .kt-accodion-icon-style-basic ):not( .kt-accodion-icon-style-xclose ):not( .kt-accodion-icon-style-arrow ) .kt-blocks-accordion-header.kt-accordion-panel-active .kt-blocks-accordion-icon-trigger:before{background:#ffffff;}@media all and (max-width: 1024px){.kt-accordion-id_27d125-1d .kt-accordion-panel-inner{border-top:0px solid transparent;border-right:0px solid transparent;border-bottom:0px solid transparent;border-left:0px solid transparent;}}@media all and (max-width: 1024px){.kt-accordion-id_27d125-1d > .kt-accordion-inner-wrap > .wp-block-kadence-pane > .kt-accordion-header-wrap > .kt-blocks-accordion-header{border-top:0px solid #f2f2f2;border-right:0px solid #f2f2f2;border-bottom:4px solid #f2f2f2;border-left:0px solid #f2f2f2;}}@media all and (max-width: 1024px){.kt-accordion-id_27d125-1d > .kt-accordion-inner-wrap > .wp-block-kadence-pane > .kt-accordion-header-wrap > .kt-blocks-accordion-header:hover, \n\t\t\t\tbody:not(.hide-focus-outline) .kt-accordion-id_27d125-1d .kt-blocks-accordion-header:focus-visible{border-top-color:#eeeeee;border-top-style:solid;border-right-color:#eeeeee;border-right-style:solid;border-bottom-color:#eeeeee;border-bottom-style:solid;border-left-color:#eeeeee;border-left-style:solid;}}@media all and (max-width: 1024px){.kt-accordion-id_27d125-1d .kt-accordion-header-wrap .kt-blocks-accordion-header:focus-visible,\n\t\t\t\t.kt-accordion-id_27d125-1d > .kt-accordion-inner-wrap > .wp-block-kadence-pane > .kt-accordion-header-wrap > .kt-blocks-accordion-header.kt-accordion-panel-active{border-top-color:#0e9cd1;border-top-style:solid;border-right-color:#0e9cd1;border-right-style:solid;border-bottom-color:#0e9cd1;border-bottom-style:solid;border-left-color:#0e9cd1;border-left-style:solid;}}@media all and (max-width: 767px){.kt-accordion-id_27d125-1d .kt-accordion-inner-wrap{display:block;}.kt-accordion-id_27d125-1d .kt-accordion-inner-wrap .kt-accordion-pane:not(:first-child){margin-top:8px;}.kt-accordion-id_27d125-1d .kt-accordion-panel-inner{border-top:0px solid transparent;border-right:0px solid transparent;border-bottom:0px solid transparent;border-left:0px solid transparent;}.kt-accordion-id_27d125-1d > .kt-accordion-inner-wrap > .wp-block-kadence-pane > .kt-accordion-header-wrap > .kt-blocks-accordion-header{border-top:0px solid #f2f2f2;border-right:0px solid #f2f2f2;border-bottom:4px solid #f2f2f2;border-left:0px solid #f2f2f2;}.kt-accordion-id_27d125-1d > .kt-accordion-inner-wrap > .wp-block-kadence-pane > .kt-accordion-header-wrap > .kt-blocks-accordion-header:hover, \n\t\t\t\tbody:not(.hide-focus-outline) .kt-accordion-id_27d125-1d .kt-blocks-accordion-header:focus-visible{border-top-color:#eeeeee;border-top-style:solid;border-right-color:#eeeeee;border-right-style:solid;border-bottom-color:#eeeeee;border-bottom-style:solid;border-left-color:#eeeeee;border-left-style:solid;}.kt-accordion-id_27d125-1d .kt-accordion-header-wrap .kt-blocks-accordion-header:focus-visible,\n\t\t\t\t.kt-accordion-id_27d125-1d > .kt-accordion-inner-wrap > .wp-block-kadence-pane > .kt-accordion-header-wrap > .kt-blocks-accordion-header.kt-accordion-panel-active{border-top-color:#0e9cd1;border-top-style:solid;border-right-color:#0e9cd1;border-right-style:solid;border-bottom-color:#0e9cd1;border-bottom-style:solid;border-left-color:#0e9cd1;border-left-style:solid;}}<\/style>\n<div class=\"wp-block-kadence-accordion alignnone\"><div class=\"kt-accordion-wrap kt-accordion-id_27d125-1d kt-accordion-has-4-panes kt-active-pane-0 kt-accordion-block kt-pane-header-alignment-left kt-accodion-icon-style-arrow kt-accodion-icon-side-right\" style=\"max-width:none\"><div class=\"kt-accordion-inner-wrap\" data-allow-multiple-open=\"false\" data-start-open=\"none\">\n<div class=\"wp-block-kadence-pane kt-accordion-pane kt-accordion-pane-1 kt-pane_ecb17f-43\"><div class=\"kt-accordion-header-wrap\"><button class=\"kt-blocks-accordion-header kt-acccordion-button-label-show\"><span class=\"kt-blocks-accordion-title-wrap\"><span class=\"kt-blocks-accordion-title\">Audit\/n\u00e1slech<\/span><\/span><span class=\"kt-blocks-accordion-icon-trigger\"><\/span><\/button><\/div><div class=\"kt-accordion-panel kt-accordion-panel-hidden\"><div class=\"kt-accordion-panel-inner\">\n<ul class=\"wp-block-list\">\n<li>Digit\u00e1ln\u00ed pasov\u00e1 fotografie<\/li>\n\n\n\n<li>Digit\u00e1ln\u00ed rodinn\u00e1 fotografie (pokud je k dispozici)<\/li>\n\n\n\n<li>Kopie cestovn\u00edho dokladu (OP nebo pas)<\/li>\n<\/ul>\n<\/div><\/div><\/div>\n\n\n\n<div class=\"wp-block-kadence-pane kt-accordion-pane kt-accordion-pane-2 kt-pane_fd7c2f-a1\"><div class=\"kt-accordion-header-wrap\"><button class=\"kt-blocks-accordion-header kt-acccordion-button-label-show\"><span class=\"kt-blocks-accordion-title-wrap\"><span class=\"kt-blocks-accordion-title\">Certifik\u00e1t<\/span><\/span><span class=\"kt-blocks-accordion-icon-trigger\"><\/span><\/button><\/div><div class=\"kt-accordion-panel kt-accordion-panel-hidden\"><div class=\"kt-accordion-panel-inner\">\n<ul class=\"wp-block-list\">\n<li>Digit\u00e1ln\u00ed pasov\u00e1 fotografie<\/li>\n\n\n\n<li>Digit\u00e1ln\u00ed rodinn\u00e1 fotografie (pokud je k dispozici)<\/li>\n\n\n\n<li>Kopie cestovn\u00edho dokladu (OP nebo pas)<\/li>\n<\/ul>\n<\/div><\/div><\/div>\n\n\n\n<div class=\"wp-block-kadence-pane kt-accordion-pane kt-accordion-pane-3 kt-pane_08bcc5-71\"><div class=\"kt-accordion-header-wrap\"><button class=\"kt-blocks-accordion-header kt-acccordion-button-label-show\"><span class=\"kt-blocks-accordion-title-wrap\"><span class=\"kt-blocks-accordion-title\">Master of Arts<\/span><\/span><span class=\"kt-blocks-accordion-icon-trigger\"><\/span><\/button><\/div><div class=\"kt-accordion-panel kt-accordion-panel-hidden\"><div class=\"kt-accordion-panel-inner\">\n<ul class=\"wp-block-list\">\n<li>Digit\u00e1ln\u00ed pasov\u00e1 fotografie<\/li>\n\n\n\n<li>Digit\u00e1ln\u00ed rodinn\u00e1 fotografie (pokud je k dispozici)<\/li>\n\n\n\n<li>Kopie cestovn\u00edho dokladu (OP nebo pas)<\/li>\n\n\n\n<li>Elektronick\u00e1 kopie ofici\u00e1ln\u00edho univerzitn\u00edho diplomu<\/li>\n\n\n\n<li>Elektronick\u00e1 verze p\u0159ekladu ofici\u00e1ln\u00edho univerzitn\u00edho diplomu do angli\u010dtiny<\/li>\n\n\n\n<li>Elektronick\u00e1 kopie ofici\u00e1ln\u00edho univerzitn\u00edho v\u00fdpisu<\/li>\n\n\n\n<li>Elektronick\u00e1 verze p\u0159ekladu ofici\u00e1ln\u00edho univerzitn\u00edho v\u00fdpisu do angli\u010dtiny<\/li>\n<\/ul>\n<\/div><\/div><\/div>\n\n\n\n<div class=\"wp-block-kadence-pane kt-accordion-pane kt-accordion-pane-4 kt-pane_1af3ab-6d\"><div class=\"kt-accordion-header-wrap\"><button class=\"kt-blocks-accordion-header kt-acccordion-button-label-show\"><span class=\"kt-blocks-accordion-title-wrap\"><span class=\"kt-blocks-accordion-title\">Master of Divinity<\/span><\/span><span class=\"kt-blocks-accordion-icon-trigger\"><\/span><\/button><\/div><div class=\"kt-accordion-panel kt-accordion-panel-hidden\"><div class=\"kt-accordion-panel-inner\">\n<ul class=\"wp-block-list\">\n<li>Digit\u00e1ln\u00ed pasov\u00e1 fotografie<\/li>\n\n\n\n<li>Digit\u00e1ln\u00ed rodinn\u00e1 fotografie (pokud je k dispozici)<\/li>\n\n\n\n<li>Kopie cestovn\u00edho dokladu (OP nebo pas)<\/li>\n\n\n\n<li>Elektronick\u00e1 kopie ofici\u00e1ln\u00edho univerzitn\u00edho diplomu<\/li>\n\n\n\n<li>Elektronick\u00e1 verze p\u0159ekladu ofici\u00e1ln\u00edho univerzitn\u00edho diplomu do angli\u010dtiny<\/li>\n\n\n\n<li>Elektronick\u00e1 kopie ofici\u00e1ln\u00edho univerzitn\u00edho v\u00fdpisu<\/li>\n\n\n\n<li>Elektronick\u00e1 verze p\u0159ekladu ofici\u00e1ln\u00edho univerzitn\u00edho v\u00fdpisu do angli\u010dtiny<\/li>\n\n\n\n<li>Doklad o znalostech angli\u010dtiny (IELTS, TOEFL atd.) pro nerodil\u00e9 mluv\u010d\u00ed nebo osoby s ni\u017e\u0161\u00ed m\u00edrou znalosti angli\u010dtiny (stupe\u0148 dobr\u00fd nebo vy\u0161\u0161\u00ed)<\/li>\n<\/ul>\n<\/div><\/div><\/div>\n<\/div><\/div><\/div>\n<style>.wp-block-kadence-spacer.kt-block-spacer-_e74b18-13 .kt-block-spacer{height:60px;}.wp-block-kadence-spacer.kt-block-spacer-_e74b18-13 .kt-divider{border-top-width:1px;height:1px;border-top-color:#eee;width:80%;border-top-style:solid;}<\/style>\n<div class=\"wp-block-kadence-spacer aligncenter kt-block-spacer-_e74b18-13\"><div class=\"kt-block-spacer kt-block-spacer-halign-center\"><hr class=\"kt-divider\"\/><\/div><\/div>\n\n<ol class=\"wp-block-list\">\n<li><strong>Get all documents and information ready<\/strong>.\n<ul class=\"wp-block-list\">\n<li><strong>Form\u00e1tov\u00e1n\u00ed dokument\u016f a po\u017eadavky:<\/strong>\n<ul class=\"wp-block-list\">\n<li>P\u0159ij\u00edman\u00e9 form\u00e1ty: .pdf, .jpg, .png<\/li>\n\n\n\n<li>5 MB nebo men\u0161\u00ed<\/li>\n\n\n\n<li>Solidn\u00ed kvalita a \u010ditelnost<\/li>\n<\/ul>\n<\/li>\n<\/ul>\n\n\n\n<ul class=\"wp-block-list\">\n<li><strong>Zapi\u0161te si:<\/strong>\n<ul class=\"wp-block-list\">\n<li>E<ins>&#8211;<\/ins>mailovou adresu kazatele, star\u0161\u00edho nebo nad\u0159\u00edzen\u00e9ho, <ins>kter\u00fd bude vypl\u0148ovat<\/ins> jedno z va\u0161ich doporu\u010den\u00ed.<strong><em> Ne\u017e za\u010dnete vypl\u0148ovat p\u0159ihl\u00e1\u0161ku, informujte sv\u00e9ho kazatele, \u017ee od n\u011bj budete pot\u0159ebovat doporu\u010den\u00ed. Pokud jste kazatel, uve\u010fte kontakt na jin\u00e9ho kazatele, star\u0161\u00edho nebo nad\u0159\u00edzen\u00e9ho.<\/em><\/strong><\/li>\n\n\n\n<li>Adresa sboru<\/li>\n\n\n\n<li>Adresa a kontakt na kontaktn\u00ed osobu pro p\u0159\u00edpad nouze<\/li>\n\n\n\n<li>Adresa vystudovan\u00e9 vysok\u00e9 \u0161koly<\/li>\n<\/ul>\n<\/li>\n<\/ul>\n<\/li>\n\n\n\n<li><strong>Vytvo\u0159te si a ov\u011b\u0159te do\u010dasn\u00fd \u00fa\u010det na students.tcmi.edu (TCM Student Management System).<\/strong><\/li>\n\n\n\n<li><strong>P\u0159ihlaste se do students.tcmi.edu, vypl\u0148te p\u0159ihl\u00e1\u0161ku a ode\u0161lete ji.<\/strong><\/li>\n<\/ol>\n\n<h3 class=\"wp-block-heading\">Formul\u00e1\u0159e pro doporu\u010den\u00ed<\/h3>\n\n<ol class=\"wp-block-list\">\n<li><strong>Po odesl\u00e1n\u00ed formlul\u00e1\u0159e p\u0159ihl\u00e1\u0161ky TCM po\u017e\u00e1d\u00e1 o dv\u011b doporu\u010den\u00ed.<\/strong>\n<ul class=\"wp-block-list\">\n<li>Od kazatele, star\u0161\u00edho nebo vedouc\u00edho \u2013 formul\u00e1\u0159 TCM automaticky ode\u0161le na adresu, kterou jste uvedli v p\u0159ihl\u00e1\u0161ce<\/li>\n\n\n\n<li>Od region\u00e1ln\u00edho z\u00e1stupce \u2013 je to ofici\u00e1ln\u00ed kontakt ve va\u0161\u00ed zemi; formul\u00e1\u0159 doporu\u010den\u00ed si automaticky vy\u017e\u00e1d\u00e1 TCM. Region\u00e1ln\u00ed z\u00e1stupce v\u00e1s m\u016f\u017ee kontaktovat a po\u017e\u00e1dat o dopl\u0148uj\u00edc\u00ed informace.<\/li>\n<\/ul>\n<\/li>\n<\/ol>\n","protected":false},"excerpt":{"rendered":"<p>Po\u017eadovan\u00e9 doklady a informace Formul\u00e1\u0159e pro doporu\u010den\u00ed<\/p>\n","protected":false},"author":1,"featured_media":0,"parent":11023,"menu_order":0,"comment_status":"closed","ping_status":"closed","template":"","meta":{"_acf_changed":false,"_kad_blocks_custom_css":"","_kad_blocks_head_custom_js":"","_kad_blocks_body_custom_js":"","_kad_blocks_footer_custom_js":"","_kad_post_transparent":"","_kad_post_title":"","_kad_post_layout":"","_kad_post_sidebar_id":"","_kad_post_content_style":"","_kad_post_vertical_padding":"","_kad_post_feature":"","_kad_post_feature_position":"","_kad_post_header":false,"_kad_post_footer":false,"_kad_post_classname":"","footnotes":""},"page_category":[],"class_list":["post-11149","page","type-page","status-publish","hentry"],"acf":[],"taxonomy_info":[],"featured_image_src_large":false,"author_info":{"display_name":"Kaleb Heitzman","author_link":"https:\/\/tcmi.edu\/cs\/author\/developer\/"},"comment_info":"","_links":{"self":[{"href":"https:\/\/tcmi.edu\/cs\/wp-json\/wp\/v2\/pages\/11149","targetHints":{"allow":["GET"]}}],"collection":[{"href":"https:\/\/tcmi.edu\/cs\/wp-json\/wp\/v2\/pages"}],"about":[{"href":"https:\/\/tcmi.edu\/cs\/wp-json\/wp\/v2\/types\/page"}],"author":[{"embeddable":true,"href":"https:\/\/tcmi.edu\/cs\/wp-json\/wp\/v2\/users\/1"}],"replies":[{"embeddable":true,"href":"https:\/\/tcmi.edu\/cs\/wp-json\/wp\/v2\/comments?post=11149"}],"version-history":[{"count":11,"href":"https:\/\/tcmi.edu\/cs\/wp-json\/wp\/v2\/pages\/11149\/revisions"}],"predecessor-version":[{"id":41221,"href":"https:\/\/tcmi.edu\/cs\/wp-json\/wp\/v2\/pages\/11149\/revisions\/41221"}],"up":[{"embeddable":true,"href":"https:\/\/tcmi.edu\/cs\/wp-json\/wp\/v2\/pages\/11023"}],"wp:attachment":[{"href":"https:\/\/tcmi.edu\/cs\/wp-json\/wp\/v2\/media?parent=11149"}],"wp:term":[{"taxonomy":"page_category","embeddable":true,"href":"https:\/\/tcmi.edu\/cs\/wp-json\/wp\/v2\/page_category?post=11149"}],"curies":[{"name":"wp","href":"https:\/\/api.w.org\/{rel}","templated":true}]}}