{"id":11134,"date":"2021-02-19T17:41:56","date_gmt":"2021-02-19T22:41:56","guid":{"rendered":"https:\/\/tcmi.edu\/studentum\/kohorty\/"},"modified":"2021-08-06T23:48:00","modified_gmt":"2021-08-07T03:48:00","slug":"studentske-skupiny-kohorty","status":"publish","type":"page","link":"https:\/\/tcmi.edu\/cs\/programy\/studentske-skupiny-kohorty\/","title":{"rendered":"Studentsk\u00e9 skupiny (kohorty)"},"content":{"rendered":"\n<p>Kohorty jsou skupiny student\u016f, kte\u0159\u00ed hovo\u0159\u00ed stejn\u00fdm jazykem, obvykle \u017eij\u00ed ve stejn\u00e9 zemi, a spojili se, aby spole\u010dn\u011b absolvovali program Certifik\u00e1t v u\u010dednictv\u00ed \u010di MA v konkr\u00e9tn\u00edm po\u0159ad\u00ed kurz\u016f. V\u0161ichni studenti absolvuj\u00ed ur\u010dit\u00e9 mno\u017estv\u00ed kurz\u016f spole\u010dn\u011b, s v\u00fdjimkou voliteln\u00fdch online p\u0159edm\u011bt\u016f.<\/p>\n\n<p>Od v\u0161ech student\u016f se vy\u017eaduje, aby se b\u011bhem studia zapojili do reflexe sv\u00fdch schopnosti p\u0159en\u00e1\u0161et znalosti z u\u010debny do praxe v dan\u00e9 oblasti slu\u017eby. Integrovan\u00e1 reflexe vlastn\u00ed slu\u017eby se skl\u00e1d\u00e1 z ro\u010dn\u00edch zpr\u00e1v a sebehodnocen\u00ed, kter\u00e9 student odevzd\u00e1v\u00e1 v\u017edy na konci kalend\u00e1\u0159n\u00edho roku sv\u00e9ho studia na TCM. Ro\u010dn\u00ed hodnocen\u00ed tak\u00e9 odevzd\u00e1vaj\u00ed lid\u00e9, kte\u0159\u00ed jsou ovlivn\u011bni studentovou slu\u017ebou. P\u0159ed promoc\u00ed student odevzd\u00e1v\u00e1 z\u00e1v\u011bre\u010dnou zpr\u00e1vu, ve kter\u00e9 popisuje, jak dos\u00e1hl studijn\u00edch c\u00edl\u016f TCM, svou schopnost p\u0159en\u00e1\u0161et znalosti do praxe, a kriticky reflektuje sv\u00e9 vlastn\u00ed jedn\u00e1n\u00ed.<\/p>\n","protected":false},"excerpt":{"rendered":"<p>Kohorty jsou skupiny student\u016f, kte\u0159\u00ed hovo\u0159\u00ed stejn\u00fdm jazykem, obvykle \u017eij\u00ed ve stejn\u00e9 zemi, a spojili se, aby spole\u010dn\u011b absolvovali program Certifik\u00e1t v u\u010dednictv\u00ed \u010di MA v konkr\u00e9tn\u00edm po\u0159ad\u00ed kurz\u016f. V\u0161ichni studenti absolvuj\u00ed ur\u010dit\u00e9 mno\u017estv\u00ed kurz\u016f spole\u010dn\u011b, s v\u00fdjimkou voliteln\u00fdch online p\u0159edm\u011bt\u016f. Od v\u0161ech student\u016f se vy\u017eaduje, aby se b\u011bhem studia zapojili do reflexe sv\u00fdch schopnosti&#8230;<\/p>\n","protected":false},"author":1,"featured_media":9721,"parent":10574,"menu_order":0,"comment_status":"closed","ping_status":"closed","template":"","meta":{"_acf_changed":false,"_kad_blocks_custom_css":"","_kad_blocks_head_custom_js":"","_kad_blocks_body_custom_js":"","_kad_blocks_footer_custom_js":"","_kad_post_transparent":"","_kad_post_title":"","_kad_post_layout":"","_kad_post_sidebar_id":"","_kad_post_content_style":"","_kad_post_vertical_padding":"","_kad_post_feature":"","_kad_post_feature_position":"","_kad_post_header":false,"_kad_post_footer":false,"_kad_post_classname":"","footnotes":""},"page_category":[],"class_list":["post-11134","page","type-page","status-publish","has-post-thumbnail","hentry"],"acf":[],"taxonomy_info":[],"featured_image_src_large":["https:\/\/tcmi.edu\/wp-content\/uploads\/2021\/03\/Students-At-Haus-1024x683.jpg",1024,683,true],"author_info":{"display_name":"Kaleb Heitzman","author_link":"https:\/\/tcmi.edu\/cs\/author\/developer\/"},"comment_info":"","_links":{"self":[{"href":"https:\/\/tcmi.edu\/cs\/wp-json\/wp\/v2\/pages\/11134","targetHints":{"allow":["GET"]}}],"collection":[{"href":"https:\/\/tcmi.edu\/cs\/wp-json\/wp\/v2\/pages"}],"about":[{"href":"https:\/\/tcmi.edu\/cs\/wp-json\/wp\/v2\/types\/page"}],"author":[{"embeddable":true,"href":"https:\/\/tcmi.edu\/cs\/wp-json\/wp\/v2\/users\/1"}],"replies":[{"embeddable":true,"href":"https:\/\/tcmi.edu\/cs\/wp-json\/wp\/v2\/comments?post=11134"}],"version-history":[{"count":6,"href":"https:\/\/tcmi.edu\/cs\/wp-json\/wp\/v2\/pages\/11134\/revisions"}],"predecessor-version":[{"id":12481,"href":"https:\/\/tcmi.edu\/cs\/wp-json\/wp\/v2\/pages\/11134\/revisions\/12481"}],"up":[{"embeddable":true,"href":"https:\/\/tcmi.edu\/cs\/wp-json\/wp\/v2\/pages\/10574"}],"wp:featuredmedia":[{"embeddable":true,"href":"https:\/\/tcmi.edu\/cs\/wp-json\/wp\/v2\/media\/9721"}],"wp:attachment":[{"href":"https:\/\/tcmi.edu\/cs\/wp-json\/wp\/v2\/media?parent=11134"}],"wp:term":[{"taxonomy":"page_category","embeddable":true,"href":"https:\/\/tcmi.edu\/cs\/wp-json\/wp\/v2\/page_category?post=11134"}],"curies":[{"name":"wp","href":"https:\/\/api.w.org\/{rel}","templated":true}]}}