{"id":11118,"date":"2021-02-11T11:59:20","date_gmt":"2021-02-11T16:59:20","guid":{"rendered":"https:\/\/tcmi.edu\/absolventi\/uceni-zivotniho-stylu\/"},"modified":"2021-08-06T23:47:54","modified_gmt":"2021-08-07T03:47:54","slug":"celozivotni-vzdelavani","status":"publish","type":"page","link":"https:\/\/tcmi.edu\/cs\/absolventi\/celozivotni-vzdelavani\/","title":{"rendered":"Celo\u017eivotn\u00ed vzd\u011bl\u00e1v\u00e1n\u00ed"},"content":{"rendered":"\n<p>Absolventi program\u016f TCM jsou zv\u00e1ni k celo\u017eivotn\u00edmu vzd\u011bl\u00e1v\u00e1n\u00ed n\u00e1sleduj\u00edc\u00edmi dv\u011bma zp\u016fsoby:<\/p>\n\n<ol class=\"wp-block-list\"><li>\u00da\u010dast\u00ed na semin\u00e1\u0159\u00edch pro absolventy, kter\u00e9 TCM ka\u017edoro\u010dn\u011b nab\u00edz\u00ed.  \u00da\u010delem semin\u00e1\u0159\u016f je zapojen\u00ed do diskuz\u00ed na r\u016fzn\u00e1 p\u0159edem ozn\u00e1men\u00e1 t\u00e9mata. Semin\u00e1\u0159e pro absolventy jsou poskytov\u00e1ny ve form\u00e1tu kurzu a m\u016f\u017ee se jich z\u00fa\u010dastnit i man\u017eel\/man\u017eelka. Informace o ka\u017ed\u00e9m semin\u00e1\u0159i se zas\u00edlaj\u00ed absolvent\u016fm TCM e-mailem.<\/li><li>Absolventi program\u016f TCM se mohou tak\u00e9 jednou ro\u010dn\u011b z\u00fa\u010dastnit akademick\u00e9ho kurzu dle vlastn\u00edho v\u00fdb\u011bru Studenti, kte\u0159\u00ed jsou zaps\u00e1ni do programu, maj\u00ed p\u0159i p\u0159ihla\u0161ov\u00e1n\u00ed p\u0159ednost, tak\u017ee tato mo\u017enost je k dispozici v p\u0159\u00edpad\u011b, \u017ee kurz m\u00e1 voln\u00e1 m\u00edsta. Absolvent se m\u016f\u017ee rozhodnout absolvovat kurz za kredit nebo jako audit. Registra\u010dn\u00ed poplatek je ekvivalentem poplatku CRF pro va\u0161i zemi.<\/li><\/ol>\n\n<p>U \u017e\u00e1dn\u00e9 z v\u00fd\u0161e uveden\u00fdch mo\u017enost\u00ed nen\u00ed poskytov\u00e1na \u017e\u00e1dn\u00e1 cestovn\u00ed n\u00e1hrada.<\/p>\n","protected":false},"excerpt":{"rendered":"<p>Absolventi program\u016f TCM jsou zv\u00e1ni k celo\u017eivotn\u00edmu vzd\u011bl\u00e1v\u00e1n\u00ed n\u00e1sleduj\u00edc\u00edmi dv\u011bma zp\u016fsoby: \u00da\u010dast\u00ed na semin\u00e1\u0159\u00edch pro absolventy, kter\u00e9 TCM ka\u017edoro\u010dn\u011b nab\u00edz\u00ed. \u00da\u010delem semin\u00e1\u0159\u016f je zapojen\u00ed do diskuz\u00ed na r\u016fzn\u00e1 p\u0159edem ozn\u00e1men\u00e1 t\u00e9mata. Semin\u00e1\u0159e pro absolventy jsou poskytov\u00e1ny ve form\u00e1tu kurzu a m\u016f\u017ee se jich z\u00fa\u010dastnit i man\u017eel\/man\u017eelka. Informace o ka\u017ed\u00e9m semin\u00e1\u0159i se zas\u00edlaj\u00ed absolvent\u016fm TCM e-mailem&#8230;.<\/p>\n","protected":false},"author":1,"featured_media":6846,"parent":11090,"menu_order":0,"comment_status":"closed","ping_status":"closed","template":"","meta":{"_acf_changed":false,"_kad_blocks_custom_css":"","_kad_blocks_head_custom_js":"","_kad_blocks_body_custom_js":"","_kad_blocks_footer_custom_js":"","_kad_post_transparent":"","_kad_post_title":"","_kad_post_layout":"","_kad_post_sidebar_id":"","_kad_post_content_style":"","_kad_post_vertical_padding":"","_kad_post_feature":"","_kad_post_feature_position":"","_kad_post_header":false,"_kad_post_footer":false,"_kad_post_classname":"","footnotes":""},"page_category":[],"class_list":["post-11118","page","type-page","status-publish","has-post-thumbnail","hentry"],"acf":[],"taxonomy_info":[],"featured_image_src_large":["https:\/\/tcmi.edu\/wp-content\/uploads\/2020\/11\/Closing-2018-Sess-6-1024x683-1.jpg",1024,683,false],"author_info":{"display_name":"Kaleb Heitzman","author_link":"https:\/\/tcmi.edu\/cs\/author\/developer\/"},"comment_info":"","_links":{"self":[{"href":"https:\/\/tcmi.edu\/cs\/wp-json\/wp\/v2\/pages\/11118","targetHints":{"allow":["GET"]}}],"collection":[{"href":"https:\/\/tcmi.edu\/cs\/wp-json\/wp\/v2\/pages"}],"about":[{"href":"https:\/\/tcmi.edu\/cs\/wp-json\/wp\/v2\/types\/page"}],"author":[{"embeddable":true,"href":"https:\/\/tcmi.edu\/cs\/wp-json\/wp\/v2\/users\/1"}],"replies":[{"embeddable":true,"href":"https:\/\/tcmi.edu\/cs\/wp-json\/wp\/v2\/comments?post=11118"}],"version-history":[{"count":14,"href":"https:\/\/tcmi.edu\/cs\/wp-json\/wp\/v2\/pages\/11118\/revisions"}],"predecessor-version":[{"id":14291,"href":"https:\/\/tcmi.edu\/cs\/wp-json\/wp\/v2\/pages\/11118\/revisions\/14291"}],"up":[{"embeddable":true,"href":"https:\/\/tcmi.edu\/cs\/wp-json\/wp\/v2\/pages\/11090"}],"wp:featuredmedia":[{"embeddable":true,"href":"https:\/\/tcmi.edu\/cs\/wp-json\/wp\/v2\/media\/6846"}],"wp:attachment":[{"href":"https:\/\/tcmi.edu\/cs\/wp-json\/wp\/v2\/media?parent=11118"}],"wp:term":[{"taxonomy":"page_category","embeddable":true,"href":"https:\/\/tcmi.edu\/cs\/wp-json\/wp\/v2\/page_category?post=11118"}],"curies":[{"name":"wp","href":"https:\/\/api.w.org\/{rel}","templated":true}]}}