{"id":11111,"date":"2020-11-24T02:21:15","date_gmt":"2020-11-24T07:21:15","guid":{"rendered":"https:\/\/tcmi.edu\/fakulta\/doplnkova-fakulta\/"},"modified":"2021-08-06T22:06:44","modified_gmt":"2021-08-07T02:06:44","slug":"doplnkovy-profesorsky-sbor","status":"publish","type":"page","link":"https:\/\/tcmi.edu\/cs\/profesorsky-sbor\/doplnkovy-profesorsky-sbor\/","title":{"rendered":"Dopl\u0148kov\u00fd profesorsk\u00fd sbor"},"content":{"rendered":"<div class=\"section-people\">\n    <article class=\"person\">\n\t\n\t<div class=\"person-header\">\n\t\t<div class=\"person-image\">\n\t\t\t<div class=\"person-bubble\">\n\t\t\t\t\t\t\t\t\t<img \n\t\t\t\t\t\tsrc=\"https:\/\/tcmi.edu\/wp-content\/uploads\/2020\/11\/WhatsApp-Image-2021-02-17-at-08.00.52-150x150.jpg\"\n\t\t\t\t\t\talt=\"Sorin Badragan\"\n\t\t\t\t\t\/>\n\t\t\t\t\t\t\t<\/div>\n\t\t<\/div>\n\n\t\t<div class=\"person-details\">\n\t\t\t<h3 class=\"person-name\">\n\t\t\t\tSorin&nbsp;\n\t\t\t\tBadragan \n\t\t\t<\/h3>\n\n\t\t\t<p class=\"person-title\">Historical Theology<\/p>\n\t\t<\/div>\n\t<\/div>\n\n\t<div class=\"person-footer person-biography\">\n\t\t<p>Ph.D., University of Bucharest; M.Th., University of Oxford.<\/p>\n\t<\/div>\n<\/article>\n<article class=\"person\">\n\t\n\t<div class=\"person-header\">\n\t\t<div class=\"person-image\">\n\t\t\t<div class=\"person-bubble\">\n\t\t\t\t\t\t\t\t\t<img \n\t\t\t\t\t\tsrc=\"https:\/\/tcmi.edu\/wp-content\/uploads\/2026\/01\/victoria-200x300-1-150x150.jpg\"\n\t\t\t\t\t\talt=\"Victoria Bojonca\"\n\t\t\t\t\t\/>\n\t\t\t\t\t\t\t<\/div>\n\t\t<\/div>\n\n\t\t<div class=\"person-details\">\n\t\t\t<h3 class=\"person-name\">\n\t\t\t\tVictoria&nbsp;\n\t\t\t\tBojonca \n\t\t\t<\/h3>\n\n\t\t\t<p class=\"person-title\">Research<\/p>\n\t\t<\/div>\n\t<\/div>\n\n\t<div class=\"person-footer person-biography\">\n\t\t<p>PhD. University of Bucharest; MA National School of Political Science and Public Administration<\/p>\n\t<\/div>\n<\/article>\n<article class=\"person\">\n\t\n\t<div class=\"person-header\">\n\t\t<div class=\"person-image\">\n\t\t\t<div class=\"person-bubble\">\n\t\t\t\t\t\t\t\t\t<img \n\t\t\t\t\t\tsrc=\"https:\/\/tcmi.edu\/wp-content\/uploads\/2024\/01\/George-2022-cropped-2-150x150.jpg\"\n\t\t\t\t\t\talt=\"George Bristow\"\n\t\t\t\t\t\/>\n\t\t\t\t\t\t\t<\/div>\n\t\t<\/div>\n\n\t\t<div class=\"person-details\">\n\t\t\t<h3 class=\"person-name\">\n\t\t\t\tGeorge&nbsp;\n\t\t\t\tBristow \n\t\t\t<\/h3>\n\n\t\t\t<p class=\"person-title\">Theology<\/p>\n\t\t<\/div>\n\t<\/div>\n\n\t<div class=\"person-footer person-biography\">\n\t\t<p>PhD, Vrije Universiteit; MA, Wheaton; Northwestern University, BA, Carnegie-Mellon University.<\/p>\n\t<\/div>\n<\/article>\n<article class=\"person\">\n\t\n\t<div class=\"person-header\">\n\t\t<div class=\"person-image\">\n\t\t\t<div class=\"person-bubble\">\n\t\t\t\t\t\t\t\t\t<img \n\t\t\t\t\t\tsrc=\"https:\/\/tcmi.edu\/wp-content\/uploads\/2021\/02\/Pavel-Coufal-1-scaled-150x150.jpg\"\n\t\t\t\t\t\talt=\"Pavel Coufal\"\n\t\t\t\t\t\/>\n\t\t\t\t\t\t\t<\/div>\n\t\t<\/div>\n\n\t\t<div class=\"person-details\">\n\t\t\t<h3 class=\"person-name\">\n\t\t\t\tPavel&nbsp;\n\t\t\t\tCoufal \n\t\t\t<\/h3>\n\n\t\t\t<p class=\"person-title\">Discipleship<\/p>\n\t\t<\/div>\n\t<\/div>\n\n\t<div class=\"person-footer person-biography\">\n\t\t<p>M.Div., TCM International Institute<\/p>\n\t<\/div>\n<\/article>\n<article class=\"person\">\n\t\n\t<div class=\"person-header\">\n\t\t<div class=\"person-image\">\n\t\t\t<div class=\"person-bubble\">\n\t\t\t\t\t\t\t\t\t<img \n\t\t\t\t\t\tsrc=\"https:\/\/tcmi.edu\/wp-content\/uploads\/2020\/11\/Mike-Crull-150x150.jpg\"\n\t\t\t\t\t\talt=\"Michael Crull\"\n\t\t\t\t\t\/>\n\t\t\t\t\t\t\t<\/div>\n\t\t<\/div>\n\n\t\t<div class=\"person-details\">\n\t\t\t<h3 class=\"person-name\">\n\t\t\t\tMichael&nbsp;\n\t\t\t\tCrull \n\t\t\t<\/h3>\n\n\t\t\t<p class=\"person-title\">Discipleship<\/p>\n\t\t<\/div>\n\t<\/div>\n\n\t<div class=\"person-footer person-biography\">\n\t\t<p>D.Min., Fuller Theological Seminary; M.Div., Trinity Evangelical Divinity School.<\/p>\n\t<\/div>\n<\/article>\n<article class=\"person\">\n\t\n\t<div class=\"person-header\">\n\t\t<div class=\"person-image\">\n\t\t\t<div class=\"person-bubble\">\n\t\t\t\t\t\t\t\t\t<img \n\t\t\t\t\t\tsrc=\"https:\/\/tcmi.edu\/wp-content\/uploads\/2020\/11\/markdobbs-e1614667001207-150x150.jpg\"\n\t\t\t\t\t\talt=\"J. Mark Dobbs\"\n\t\t\t\t\t\/>\n\t\t\t\t\t\t\t<\/div>\n\t\t<\/div>\n\n\t\t<div class=\"person-details\">\n\t\t\t<h3 class=\"person-name\">\n\t\t\t\tJ. Mark&nbsp;\n\t\t\t\tDobbs \n\t\t\t<\/h3>\n\n\t\t\t<p class=\"person-title\">Counseling<\/p>\n\t\t<\/div>\n\t<\/div>\n\n\t<div class=\"person-footer person-biography\">\n\t\t<p>Psy.D. and M.A., Rosemead School of Psychology, M.A., Biola University.<\/p>\n\t<\/div>\n<\/article>\n<article class=\"person\">\n\t\n\t<div class=\"person-header\">\n\t\t<div class=\"person-image\">\n\t\t\t<div class=\"person-bubble\">\n\t\t\t\t\t\t\t\t\t<img \n\t\t\t\t\t\tsrc=\"https:\/\/tcmi.edu\/wp-content\/uploads\/2020\/11\/Sara-Fudge-150x150.jpg\"\n\t\t\t\t\t\talt=\"Sara Fudge\"\n\t\t\t\t\t\/>\n\t\t\t\t\t\t\t<\/div>\n\t\t<\/div>\n\n\t\t<div class=\"person-details\">\n\t\t\t<h3 class=\"person-name\">\n\t\t\t\tSara&nbsp;\n\t\t\t\tFudge \n\t\t\t<\/h3>\n\n\t\t\t<p class=\"person-title\">Biblical Studies<\/p>\n\t\t<\/div>\n\t<\/div>\n\n\t<div class=\"person-footer person-biography\">\n\t\t<p>Ph.D., Hebrew Union College Jewish Institute of Religion; M.Phil., Hebrew Union College Jewish Institute of Religion; M.A. Cincinnati Bible Seminary.<\/p>\n\t<\/div>\n<\/article>\n<article class=\"person\">\n\t\n\t<div class=\"person-header\">\n\t\t<div class=\"person-image\">\n\t\t\t<div class=\"person-bubble\">\n\t\t\t\t\t\t\t\t\t<img \n\t\t\t\t\t\tsrc=\"https:\/\/tcmi.edu\/wp-content\/uploads\/2021\/02\/image001-150x150.jpg\"\n\t\t\t\t\t\talt=\"Richard Grover\"\n\t\t\t\t\t\/>\n\t\t\t\t\t\t\t<\/div>\n\t\t<\/div>\n\n\t\t<div class=\"person-details\">\n\t\t\t<h3 class=\"person-name\">\n\t\t\t\tRichard&nbsp;\n\t\t\t\tGrover \n\t\t\t<\/h3>\n\n\t\t\t<p class=\"person-title\">Discipleship<\/p>\n\t\t<\/div>\n\t<\/div>\n\n\t<div class=\"person-footer person-biography\">\n\t\t<p>D.Min, M.Div., Emmanuel Christian Seminary; M.A., Lincoln Christian Seminary<\/p>\n\t<\/div>\n<\/article>\n<article class=\"person\">\n\t\n\t<div class=\"person-header\">\n\t\t<div class=\"person-image\">\n\t\t\t<div class=\"person-bubble\">\n\t\t\t\t\t\t\t\t\t<span class=\"dashicons dashicons-admin-users\"><\/span>\n\t\t\t\t\t\t\t<\/div>\n\t\t<\/div>\n\n\t\t<div class=\"person-details\">\n\t\t\t<h3 class=\"person-name\">\n\t\t\t\tFred&nbsp;\n\t\t\t\tHansen \n\t\t\t<\/h3>\n\n\t\t\t<p class=\"person-title\">Biblical Studies<\/p>\n\t\t<\/div>\n\t<\/div>\n\n\t<div class=\"person-footer person-biography\">\n\t\t<p>PhD, Radboud University, The Netherlands; MDiv, Lincoln Christian Seminary; MA, Lincoln Christian Seminary.<\/p>\n\t<\/div>\n<\/article>\n<article class=\"person\">\n\t\n\t<div class=\"person-header\">\n\t\t<div class=\"person-image\">\n\t\t\t<div class=\"person-bubble\">\n\t\t\t\t\t\t\t\t\t<img \n\t\t\t\t\t\tsrc=\"https:\/\/tcmi.edu\/wp-content\/uploads\/2026\/01\/megan-225x300-1-150x150.jpg\"\n\t\t\t\t\t\talt=\"Megan Herring\"\n\t\t\t\t\t\/>\n\t\t\t\t\t\t\t<\/div>\n\t\t<\/div>\n\n\t\t<div class=\"person-details\">\n\t\t\t<h3 class=\"person-name\">\n\t\t\t\tMegan&nbsp;\n\t\t\t\tHerring \n\t\t\t<\/h3>\n\n\t\t\t<p class=\"person-title\">Leadership and Research<\/p>\n\t\t<\/div>\n\t<\/div>\n\n\t<div class=\"person-footer person-biography\">\n\t\t<p>PhD., Johnson University, MA, The Ohio State University Political Science<\/p>\n\t<\/div>\n<\/article>\n<article class=\"person\">\n\t\n\t<div class=\"person-header\">\n\t\t<div class=\"person-image\">\n\t\t\t<div class=\"person-bubble\">\n\t\t\t\t\t\t\t\t\t<img \n\t\t\t\t\t\tsrc=\"https:\/\/tcmi.edu\/wp-content\/uploads\/2020\/11\/Rick-Justice-e1613749968957-150x150.jpg\"\n\t\t\t\t\t\talt=\"Richard Justice\"\n\t\t\t\t\t\/>\n\t\t\t\t\t\t\t<\/div>\n\t\t<\/div>\n\n\t\t<div class=\"person-details\">\n\t\t\t<h3 class=\"person-name\">\n\t\t\t\tRichard&nbsp;\n\t\t\t\tJustice \n\t\t\t<\/h3>\n\n\t\t\t<p class=\"person-title\">Leadership and Management<\/p>\n\t\t<\/div>\n\t<\/div>\n\n\t<div class=\"person-footer person-biography\">\n\t\t<p>Ph.D., Indiana University; M.S., Butler University.<\/p>\n\t<\/div>\n<\/article>\n<article class=\"person\">\n\t\n\t<div class=\"person-header\">\n\t\t<div class=\"person-image\">\n\t\t\t<div class=\"person-bubble\">\n\t\t\t\t\t\t\t\t\t<img \n\t\t\t\t\t\tsrc=\"https:\/\/tcmi.edu\/wp-content\/uploads\/2023\/09\/Dr.-Dennis-Lindsay-150x150.jpg\"\n\t\t\t\t\t\talt=\"Dennis Lindsay\"\n\t\t\t\t\t\/>\n\t\t\t\t\t\t\t<\/div>\n\t\t<\/div>\n\n\t\t<div class=\"person-details\">\n\t\t\t<h3 class=\"person-name\">\n\t\t\t\tDennis&nbsp;\n\t\t\t\tLindsay \n\t\t\t<\/h3>\n\n\t\t\t<p class=\"person-title\">Biblical Studies<\/p>\n\t\t<\/div>\n\t<\/div>\n\n\t<div class=\"person-footer person-biography\">\n\t\t<p>Ph.D. Theology, Everhard-Karls Universitat, M.A. University of Illinois, M.A. Lincoln Christian Seminary<\/p>\n\t<\/div>\n<\/article>\n<article class=\"person\">\n\t\n\t<div class=\"person-header\">\n\t\t<div class=\"person-image\">\n\t\t\t<div class=\"person-bubble\">\n\t\t\t\t\t\t\t\t\t<img \n\t\t\t\t\t\tsrc=\"https:\/\/tcmi.edu\/wp-content\/uploads\/2020\/11\/Bruce-A.-Little-scaled-150x150.jpg\"\n\t\t\t\t\t\talt=\"Bruce Little\"\n\t\t\t\t\t\/>\n\t\t\t\t\t\t\t<\/div>\n\t\t<\/div>\n\n\t\t<div class=\"person-details\">\n\t\t\t<h3 class=\"person-name\">\n\t\t\t\tBruce&nbsp;\n\t\t\t\tLittle \n\t\t\t<\/h3>\n\n\t\t\t<p class=\"person-title\">Apologetics and Culture<\/p>\n\t\t<\/div>\n\t<\/div>\n\n\t<div class=\"person-footer person-biography\">\n\t\t<p>Ph.D., Southeastern Baptist Theological Seminary, D.Min., Columbia Biblical Seminary; M.A. in Religion and M.A. in Apologetics, Liberty University.<\/p>\n\t<\/div>\n<\/article>\n<article class=\"person\">\n\t\n\t<div class=\"person-header\">\n\t\t<div class=\"person-image\">\n\t\t\t<div class=\"person-bubble\">\n\t\t\t\t\t\t\t\t\t<img \n\t\t\t\t\t\tsrc=\"https:\/\/tcmi.edu\/wp-content\/uploads\/2020\/11\/Poza-Daniel-Maris-150x150.jpg\"\n\t\t\t\t\t\talt=\"Daniel Maris\"\n\t\t\t\t\t\/>\n\t\t\t\t\t\t\t<\/div>\n\t\t<\/div>\n\n\t\t<div class=\"person-details\">\n\t\t\t<h3 class=\"person-name\">\n\t\t\t\tDaniel&nbsp;\n\t\t\t\tMaris \n\t\t\t<\/h3>\n\n\t\t\t<p class=\"person-title\">Old Testament<\/p>\n\t\t<\/div>\n\t<\/div>\n\n\t<div class=\"person-footer person-biography\">\n\t\t<p>Th.D., University of Bucharest; M.A., University of Oxford.<\/p>\n\t<\/div>\n<\/article>\n<article class=\"person\">\n\t\n\t<div class=\"person-header\">\n\t\t<div class=\"person-image\">\n\t\t\t<div class=\"person-bubble\">\n\t\t\t\t\t\t\t\t\t<img \n\t\t\t\t\t\tsrc=\"https:\/\/tcmi.edu\/wp-content\/uploads\/2020\/11\/Leonid-Mikhovich_2019-2020-150x150.jpeg\"\n\t\t\t\t\t\talt=\"Leonid Mikhovich\"\n\t\t\t\t\t\/>\n\t\t\t\t\t\t\t<\/div>\n\t\t<\/div>\n\n\t\t<div class=\"person-details\">\n\t\t\t<h3 class=\"person-name\">\n\t\t\t\tLeonid&nbsp;\n\t\t\t\tMikhovich \n\t\t\t<\/h3>\n\n\t\t\t<p class=\"person-title\">Homiletics<\/p>\n\t\t<\/div>\n\t<\/div>\n\n\t<div class=\"person-footer person-biography\">\n\t\t<p> Ph.D., Vrije Universiteit Amsterdam; M.Div., Moscow Theological Seminary; M.A., TCM International Institute.<\/p>\n\t<\/div>\n<\/article>\n<article class=\"person\">\n\t\n\t<div class=\"person-header\">\n\t\t<div class=\"person-image\">\n\t\t\t<div class=\"person-bubble\">\n\t\t\t\t\t\t\t\t\t<img \n\t\t\t\t\t\tsrc=\"https:\/\/tcmi.edu\/wp-content\/uploads\/2020\/11\/Mark-Moore-150x150.jpg\"\n\t\t\t\t\t\talt=\"Mark Moore\"\n\t\t\t\t\t\/>\n\t\t\t\t\t\t\t<\/div>\n\t\t<\/div>\n\n\t\t<div class=\"person-details\">\n\t\t\t<h3 class=\"person-name\">\n\t\t\t\tMark&nbsp;\n\t\t\t\tMoore \n\t\t\t<\/h3>\n\n\t\t\t<p class=\"person-title\">Missiology<\/p>\n\t\t<\/div>\n\t<\/div>\n\n\t<div class=\"person-footer person-biography\">\n\t\t<p>Ph.D., University of Wales; M.A. Missouri State University; M.A., Incarnate Word College<\/p>\n\t<\/div>\n<\/article>\n<article class=\"person\">\n\t\n\t<div class=\"person-header\">\n\t\t<div class=\"person-image\">\n\t\t\t<div class=\"person-bubble\">\n\t\t\t\t\t\t\t\t\t<img \n\t\t\t\t\t\tsrc=\"https:\/\/tcmi.edu\/wp-content\/uploads\/2020\/11\/nancy-150x150.png\"\n\t\t\t\t\t\talt=\"Nancy Olson\"\n\t\t\t\t\t\/>\n\t\t\t\t\t\t\t<\/div>\n\t\t<\/div>\n\n\t\t<div class=\"person-details\">\n\t\t\t<h3 class=\"person-name\">\n\t\t\t\tNancy&nbsp;\n\t\t\t\tOlson \n\t\t\t<\/h3>\n\n\t\t\t<p class=\"person-title\">Research Methods<\/p>\n\t\t<\/div>\n\t<\/div>\n\n\t<div class=\"person-footer person-biography\">\n\t\t<p>M.Div., Lincoln Christian Seminary; M.S.L., Western Michigan University.<\/p>\n\t<\/div>\n<\/article>\n<article class=\"person\">\n\t\n\t<div class=\"person-header\">\n\t\t<div class=\"person-image\">\n\t\t\t<div class=\"person-bubble\">\n\t\t\t\t\t\t\t\t\t<img \n\t\t\t\t\t\tsrc=\"https:\/\/tcmi.edu\/wp-content\/uploads\/2020\/11\/IMG_8650-e1613711167618-150x150.jpg\"\n\t\t\t\t\t\talt=\"Peter Penner\"\n\t\t\t\t\t\/>\n\t\t\t\t\t\t\t<\/div>\n\t\t<\/div>\n\n\t\t<div class=\"person-details\">\n\t\t\t<h3 class=\"person-name\">\n\t\t\t\tPeter&nbsp;\n\t\t\t\tPenner \n\t\t\t<\/h3>\n\n\t\t\t<p class=\"person-title\">Missiology and New Testament<\/p>\n\t\t<\/div>\n\t<\/div>\n\n\t<div class=\"person-footer person-biography\">\n\t\t<p> D.habil, Karoli Gaspar University, Budapest; D.Th. and M.Th., UNISA, Republic of South Africa; M.Div., Mennonite Brethren Biblical Seminary.<\/p>\n\t<\/div>\n<\/article>\n<article class=\"person\">\n\t\n\t<div class=\"person-header\">\n\t\t<div class=\"person-image\">\n\t\t\t<div class=\"person-bubble\">\n\t\t\t\t\t\t\t\t\t<span class=\"dashicons dashicons-admin-users\"><\/span>\n\t\t\t\t\t\t\t<\/div>\n\t\t<\/div>\n\n\t\t<div class=\"person-details\">\n\t\t\t<h3 class=\"person-name\">\n\t\t\t\tTimotei&nbsp;\n\t\t\t\tRusu \n\t\t\t<\/h3>\n\n\t\t\t<p class=\"person-title\">Theology<\/p>\n\t\t<\/div>\n\t<\/div>\n\n\t<div class=\"person-footer person-biography\">\n\t\t<p>PhD, University of Bucharest; MA, TCM International Institute.<\/p>\n\t<\/div>\n<\/article>\n<article class=\"person\">\n\t\n\t<div class=\"person-header\">\n\t\t<div class=\"person-image\">\n\t\t\t<div class=\"person-bubble\">\n\t\t\t\t\t\t\t\t\t<img \n\t\t\t\t\t\tsrc=\"https:\/\/tcmi.edu\/wp-content\/uploads\/2020\/11\/sarno_A-150x150.jpg\"\n\t\t\t\t\t\talt=\"John Sarno\"\n\t\t\t\t\t\/>\n\t\t\t\t\t\t\t<\/div>\n\t\t<\/div>\n\n\t\t<div class=\"person-details\">\n\t\t\t<h3 class=\"person-name\">\n\t\t\t\tJohn&nbsp;\n\t\t\t\tSarno \n\t\t\t<\/h3>\n\n\t\t\t<p class=\"person-title\">Christian Worship<\/p>\n\t\t<\/div>\n\t<\/div>\n\n\t<div class=\"person-footer person-biography\">\n\t\t<p>M.Ed., Eastern Illinois University.<\/p>\n\t<\/div>\n<\/article>\n<article class=\"person\">\n\t\n\t<div class=\"person-header\">\n\t\t<div class=\"person-image\">\n\t\t\t<div class=\"person-bubble\">\n\t\t\t\t\t\t\t\t\t<img \n\t\t\t\t\t\tsrc=\"https:\/\/tcmi.edu\/wp-content\/uploads\/2020\/11\/Dumitru-Sevastian-scaled-e1613749334351-150x150.jpg\"\n\t\t\t\t\t\talt=\"Dumitru Sevastian\"\n\t\t\t\t\t\/>\n\t\t\t\t\t\t\t<\/div>\n\t\t<\/div>\n\n\t\t<div class=\"person-details\">\n\t\t\t<h3 class=\"person-name\">\n\t\t\t\tDumitru&nbsp;\n\t\t\t\tSevastian \n\t\t\t<\/h3>\n\n\t\t\t<p class=\"person-title\">New Testament<\/p>\n\t\t<\/div>\n\t<\/div>\n\n\t<div class=\"person-footer person-biography\">\n\t\t<p>Ph.D., University of Wales; M.Div., TCM International Institute.<\/p>\n\t<\/div>\n<\/article>\n<article class=\"person\">\n\t\n\t<div class=\"person-header\">\n\t\t<div class=\"person-image\">\n\t\t\t<div class=\"person-bubble\">\n\t\t\t\t\t\t\t\t\t<span class=\"dashicons dashicons-admin-users\"><\/span>\n\t\t\t\t\t\t\t<\/div>\n\t\t<\/div>\n\n\t\t<div class=\"person-details\">\n\t\t\t<h3 class=\"person-name\">\n\t\t\t\tJordan&nbsp;\n\t\t\t\tSheetz \n\t\t\t<\/h3>\n\n\t\t\t<p class=\"person-title\">Old Testament<\/p>\n\t\t<\/div>\n\t<\/div>\n\n\t<div class=\"person-footer person-biography\">\n\t\t<p>D.Th., University of Vienna; M.A., Western Seminary.<\/p>\n\t<\/div>\n<\/article>\n<article class=\"person\">\n\t\n\t<div class=\"person-header\">\n\t\t<div class=\"person-image\">\n\t\t\t<div class=\"person-bubble\">\n\t\t\t\t\t\t\t\t\t<span class=\"dashicons dashicons-admin-users\"><\/span>\n\t\t\t\t\t\t\t<\/div>\n\t\t<\/div>\n\n\t\t<div class=\"person-details\">\n\t\t\t<h3 class=\"person-name\">\n\t\t\t\tYevgeniy&nbsp;\n\t\t\t\tSiney \n\t\t\t<\/h3>\n\n\t\t\t<p class=\"person-title\">Leadership and Management, Missiology<\/p>\n\t\t<\/div>\n\t<\/div>\n\n\t<div class=\"person-footer person-biography\">\n\t\t<p>M.Div., TCM International Institute.<\/p>\n\t<\/div>\n<\/article>\n<article class=\"person\">\n\t\n\t<div class=\"person-header\">\n\t\t<div class=\"person-image\">\n\t\t\t<div class=\"person-bubble\">\n\t\t\t\t\t\t\t\t\t<img \n\t\t\t\t\t\tsrc=\"https:\/\/tcmi.edu\/wp-content\/uploads\/2020\/11\/Jeff-Snell--150x150.png\"\n\t\t\t\t\t\talt=\"Jeffrey Snell\"\n\t\t\t\t\t\/>\n\t\t\t\t\t\t\t<\/div>\n\t\t<\/div>\n\n\t\t<div class=\"person-details\">\n\t\t\t<h3 class=\"person-name\">\n\t\t\t\tJeffrey&nbsp;\n\t\t\t\tSnell \n\t\t\t<\/h3>\n\n\t\t\t<p class=\"person-title\">Preaching<\/p>\n\t\t<\/div>\n\t<\/div>\n\n\t<div class=\"person-footer person-biography\">\n\t\t<p>D.Min., The Southern Baptist Theological Seminary.<\/p>\n\t<\/div>\n<\/article>\n<article class=\"person\">\n\t\n\t<div class=\"person-header\">\n\t\t<div class=\"person-image\">\n\t\t\t<div class=\"person-bubble\">\n\t\t\t\t\t\t\t\t\t<img \n\t\t\t\t\t\tsrc=\"https:\/\/tcmi.edu\/wp-content\/uploads\/2021\/02\/JK-Stevens-150x150.jpg\"\n\t\t\t\t\t\talt=\"J.K. Stevens\"\n\t\t\t\t\t\/>\n\t\t\t\t\t\t\t<\/div>\n\t\t<\/div>\n\n\t\t<div class=\"person-details\">\n\t\t\t<h3 class=\"person-name\">\n\t\t\t\tJ.K.&nbsp;\n\t\t\t\tStevens \n\t\t\t<\/h3>\n\n\t\t\t<p class=\"person-title\">Research and Leadership<\/p>\n\t\t<\/div>\n\t<\/div>\n\n\t<div class=\"person-footer person-biography\">\n\t\t<p>Ph.D., Columbia International University; M.A and MRE, Lincoln Christian University.<\/p>\n\t<\/div>\n<\/article>\n<\/div>\n","protected":false},"excerpt":{"rendered":"","protected":false},"author":1,"featured_media":5546,"parent":11008,"menu_order":0,"comment_status":"closed","ping_status":"closed","template":"","meta":{"_acf_changed":false,"_kad_blocks_custom_css":"","_kad_blocks_head_custom_js":"","_kad_blocks_body_custom_js":"","_kad_blocks_footer_custom_js":"","_kad_post_transparent":"","_kad_post_title":"","_kad_post_layout":"","_kad_post_sidebar_id":"","_kad_post_content_style":"","_kad_post_vertical_padding":"","_kad_post_feature":"","_kad_post_feature_position":"","_kad_post_header":false,"_kad_post_footer":false,"_kad_post_classname":"","footnotes":""},"page_category":[],"class_list":["post-11111","page","type-page","status-publish","has-post-thumbnail","hentry"],"acf":[],"taxonomy_info":[],"featured_image_src_large":["https:\/\/tcmi.edu\/wp-content\/uploads\/2020\/07\/IMG_3465-scaled-1024x682.jpg",1024,682,true],"author_info":{"display_name":"Kaleb Heitzman","author_link":"https:\/\/tcmi.edu\/cs\/author\/developer\/"},"comment_info":"","_links":{"self":[{"href":"https:\/\/tcmi.edu\/cs\/wp-json\/wp\/v2\/pages\/11111","targetHints":{"allow":["GET"]}}],"collection":[{"href":"https:\/\/tcmi.edu\/cs\/wp-json\/wp\/v2\/pages"}],"about":[{"href":"https:\/\/tcmi.edu\/cs\/wp-json\/wp\/v2\/types\/page"}],"author":[{"embeddable":true,"href":"https:\/\/tcmi.edu\/cs\/wp-json\/wp\/v2\/users\/1"}],"replies":[{"embeddable":true,"href":"https:\/\/tcmi.edu\/cs\/wp-json\/wp\/v2\/comments?post=11111"}],"version-history":[{"count":12,"href":"https:\/\/tcmi.edu\/cs\/wp-json\/wp\/v2\/pages\/11111\/revisions"}],"predecessor-version":[{"id":12015,"href":"https:\/\/tcmi.edu\/cs\/wp-json\/wp\/v2\/pages\/11111\/revisions\/12015"}],"up":[{"embeddable":true,"href":"https:\/\/tcmi.edu\/cs\/wp-json\/wp\/v2\/pages\/11008"}],"wp:featuredmedia":[{"embeddable":true,"href":"https:\/\/tcmi.edu\/cs\/wp-json\/wp\/v2\/media\/5546"}],"wp:attachment":[{"href":"https:\/\/tcmi.edu\/cs\/wp-json\/wp\/v2\/media?parent=11111"}],"wp:term":[{"taxonomy":"page_category","embeddable":true,"href":"https:\/\/tcmi.edu\/cs\/wp-json\/wp\/v2\/page_category?post=11111"}],"curies":[{"name":"wp","href":"https:\/\/api.w.org\/{rel}","templated":true}]}}