{"id":11105,"date":"2020-11-19T04:20:46","date_gmt":"2020-11-19T09:20:46","guid":{"rendered":"https:\/\/tcmi.edu\/studenti\/"},"modified":"2021-08-06T22:06:49","modified_gmt":"2021-08-07T02:06:49","slug":"studenti","status":"publish","type":"page","link":"https:\/\/tcmi.edu\/cs\/studenti\/","title":{"rendered":"Studenti"},"content":{"rendered":"<style>#kt-layout-id_903a5c-b1 > .kt-row-column-wrap{align-content:start;}:where(#kt-layout-id_903a5c-b1 > .kt-row-column-wrap) > .wp-block-kadence-column{justify-content:start;}#kt-layout-id_903a5c-b1 > .kt-row-column-wrap{column-gap:var(--global-kb-gap-md, 2rem);row-gap:var(--global-kb-gap-md, 2rem);padding-top:var( --global-kb-row-default-top, 25px );padding-bottom:var( --global-kb-row-default-bottom, 25px );padding-top:var(--global-kb-spacing-sm, 1.5rem);padding-bottom:var(--global-kb-spacing-sm, 1.5rem);grid-template-columns:repeat(2, minmax(0, 1fr));}#kt-layout-id_903a5c-b1 > .kt-row-layout-overlay{opacity:0.30;}@media all and (max-width: 1024px){#kt-layout-id_903a5c-b1 > .kt-row-column-wrap{grid-template-columns:repeat(2, minmax(0, 1fr));}}@media all and (max-width: 767px){#kt-layout-id_903a5c-b1 > .kt-row-column-wrap{grid-template-columns:minmax(0, 1fr);}}<\/style>\n<div class=\"wp-block-kadence-rowlayout alignnone\" id=\"learn-more\"><div id=\"kt-layout-id_903a5c-b1\" class=\"kt-row-layout-inner kt-layout-id_903a5c-b1\"><div class=\"kt-row-column-wrap kt-has-2-columns kt-gutter-default kt-v-gutter-default kt-row-valign-top kt-row-layout-equal kt-tab-layout-inherit kt-m-colapse-left-to-right kt-mobile-layout-row\"><style>.kadence-column_7b1308-c8 > .kt-inside-inner-col{border-top-width:0px;border-right-width:0px;border-bottom-width:0px;border-left-width:0px;}.kadence-column_7b1308-c8 > .kt-inside-inner-col,.kadence-column_7b1308-c8 > .kt-inside-inner-col:before{border-top-left-radius:0px;border-top-right-radius:0px;border-bottom-right-radius:0px;border-bottom-left-radius:0px;}.kadence-column_7b1308-c8 > .kt-inside-inner-col{column-gap:var(--global-kb-gap-sm, 1rem);}.kadence-column_7b1308-c8 > .kt-inside-inner-col{flex-direction:column;}.kadence-column_7b1308-c8 > .kt-inside-inner-col > .aligncenter{width:100%;}.kadence-column_7b1308-c8 > .kt-inside-inner-col:before{opacity:0.3;}.kadence-column_7b1308-c8{position:relative;}@media all and (max-width: 1024px){.kadence-column_7b1308-c8 > .kt-inside-inner-col{flex-direction:column;justify-content:center;}}@media all and (max-width: 767px){.kadence-column_7b1308-c8 > .kt-inside-inner-col{flex-direction:column;justify-content:center;}}<\/style>\n<div class=\"wp-block-kadence-column inner-column-1 kadence-column_7b1308-c8\"><div class=\"kt-inside-inner-col\"><style>.wp-block-kadence-column.kb-section-dir-horizontal > .kt-inside-inner-col > #kt-info-box_9e9721-eb .kt-blocks-info-box-link-wrap{max-width:unset;}#kt-info-box_9e9721-eb .kt-blocks-info-box-link-wrap{border-color:var(--global-palette1, #3182CE);border-radius:4px;border-top-width:4px;border-right-width:0px;border-bottom-width:0px;border-left-width:0px;padding-top:var(--global-kb-spacing-xs, 1rem);padding-right:var(--global-kb-spacing-xs, 1rem);padding-bottom:var(--global-kb-spacing-xs, 1rem);padding-left:var(--global-kb-spacing-xs, 1rem);}#kt-info-box_9e9721-eb .kadence-info-box-icon-container .kt-info-svg-icon, #kt-info-box_9e9721-eb .kt-info-svg-icon-flip, #kt-info-box_9e9721-eb .kt-blocks-info-box-number{font-size:50px;}#kt-info-box_9e9721-eb .kt-blocks-info-box-media{color:#444444;border-top-width:0px;border-right-width:0px;border-bottom-width:0px;border-left-width:0px;padding-top:10px;padding-right:10px;padding-bottom:10px;padding-left:10px;}#kt-info-box_9e9721-eb .kt-blocks-info-box-media-container{margin-top:0px;margin-right:15px;margin-bottom:0px;margin-left:15px;}#kt-info-box_9e9721-eb .kt-blocks-info-box-link-wrap:hover .kt-blocks-info-box-media{color:#444444;}#kt-info-box_9e9721-eb .kt-blocks-info-box-learnmore{background:transparent;border-width:0px 0px 0px 0px;padding-top:4px;padding-right:8px;padding-bottom:4px;padding-left:8px;margin-top:10px;margin-right:0px;margin-bottom:10px;margin-left:0px;}<\/style>\n<div id=\"kt-info-box_9e9721-eb\" class=\"wp-block-kadence-infobox\"><a class=\"kt-blocks-info-box-link-wrap info-box-link kt-blocks-info-box-media-align-top kt-info-halign-center\"><div class=\"kt-blocks-info-box-media-container\"><div class=\"kt-blocks-info-box-media kt-info-media-animate-none\"><div class=\"kadence-info-box-icon-container kt-info-icon-animate-none\"><div class=\"kadence-info-box-icon-inner-container\"><span style=\"display:block;justify-content:center;align-items:center\" class=\"kt-info-svg-icon kt-info-svg-icon-fe_bookOpen\"><svg style=\"display:inline-block;vertical-align:middle\" viewbox=\"0 0 24 24\" height=\"50\" width=\"50\" fill=\"none\" stroke=\"currentColor\" xmlns=\"http:\/\/www.w3.org\/2000\/svg\" stroke-width=\"2\" stroke-linecap=\"round\" stroke-linejoin=\"round\"><path d=\"M2 3h6a4 4 0 0 1 4 4v14a3 3 0 0 0-3-3H2z\"><\/path><path d=\"M22 3h-6a4 4 0 0 0-4 4v14a3 3 0 0 1 3-3h7z\"><\/path><\/svg><\/span><\/div><\/div><\/div><\/div><div class=\"kt-infobox-textcontent\"><p class=\"kt-blocks-info-box-text\"><strong>Celo\u017eivotn\u00ed vzd\u011bl\u00e1v\u00e1n\u00ed<\/strong> je neust\u00e1l\u00fd proces. My\u0161lenky a emoce mus\u00ed b\u00fdt zako\u0159en\u011bn\u00e9 v hodnot\u00e1ch a priorit\u00e1ch Bo\u017e\u00edho kr\u00e1lovstv\u00ed. Mysl, t\u011blo i duch se mus\u00ed nad\u00e1le u\u010dit filtrovat v\u0161echen \u017eivot skrze Krista. Ka\u017ed\u00fd kurz a aktivita maj\u00ed za c\u00edl v\u011bnovat se dan\u00e9 l\u00e1tce ve sv\u011btle Kristovy slu\u017eby, jak je vyj\u00e1d\u0159ena v P\u00edsmu.<\/p><\/div><\/a><\/div>\n<\/div><\/div>\n\n\n<style>.kadence-column_0e9900-3e > .kt-inside-inner-col{border-top-width:0px;border-right-width:0px;border-bottom-width:0px;border-left-width:0px;}.kadence-column_0e9900-3e > .kt-inside-inner-col,.kadence-column_0e9900-3e > .kt-inside-inner-col:before{border-top-left-radius:0px;border-top-right-radius:0px;border-bottom-right-radius:0px;border-bottom-left-radius:0px;}.kadence-column_0e9900-3e > .kt-inside-inner-col{column-gap:var(--global-kb-gap-sm, 1rem);}.kadence-column_0e9900-3e > .kt-inside-inner-col{flex-direction:column;}.kadence-column_0e9900-3e > .kt-inside-inner-col > .aligncenter{width:100%;}.kadence-column_0e9900-3e > .kt-inside-inner-col:before{opacity:0.3;}.kadence-column_0e9900-3e{position:relative;}@media all and (max-width: 1024px){.kadence-column_0e9900-3e > .kt-inside-inner-col{flex-direction:column;justify-content:center;}}@media all and (max-width: 767px){.kadence-column_0e9900-3e > .kt-inside-inner-col{flex-direction:column;justify-content:center;}}<\/style>\n<div class=\"wp-block-kadence-column inner-column-2 kadence-column_0e9900-3e\"><div class=\"kt-inside-inner-col\"><style>.wp-block-kadence-column.kb-section-dir-horizontal > .kt-inside-inner-col > #kt-info-box_241a2b-17 .kt-blocks-info-box-link-wrap{max-width:unset;}#kt-info-box_241a2b-17 .kt-blocks-info-box-link-wrap{border-color:var(--global-palette1, #3182CE);border-radius:4px;border-top-width:4px;border-right-width:0px;border-bottom-width:0px;border-left-width:0px;padding-top:var(--global-kb-spacing-xs, 1rem);padding-right:var(--global-kb-spacing-xs, 1rem);padding-bottom:var(--global-kb-spacing-xs, 1rem);padding-left:var(--global-kb-spacing-xs, 1rem);}#kt-info-box_241a2b-17 .kadence-info-box-icon-container .kt-info-svg-icon, #kt-info-box_241a2b-17 .kt-info-svg-icon-flip, #kt-info-box_241a2b-17 .kt-blocks-info-box-number{font-size:50px;}#kt-info-box_241a2b-17 .kt-blocks-info-box-media{color:#444444;border-top-width:0px;border-right-width:0px;border-bottom-width:0px;border-left-width:0px;padding-top:10px;padding-right:10px;padding-bottom:10px;padding-left:10px;}#kt-info-box_241a2b-17 .kt-blocks-info-box-media-container{margin-top:0px;margin-right:15px;margin-bottom:0px;margin-left:15px;}#kt-info-box_241a2b-17 .kt-blocks-info-box-link-wrap:hover .kt-blocks-info-box-media{color:#444444;}#kt-info-box_241a2b-17 .kt-blocks-info-box-learnmore{background:transparent;border-width:0px 0px 0px 0px;padding-top:4px;padding-right:8px;padding-bottom:4px;padding-left:8px;margin-top:10px;margin-right:0px;margin-bottom:10px;margin-left:0px;}<\/style>\n<div id=\"kt-info-box_241a2b-17\" class=\"wp-block-kadence-infobox\"><a class=\"kt-blocks-info-box-link-wrap info-box-link kt-blocks-info-box-media-align-top kt-info-halign-center\"><div class=\"kt-blocks-info-box-media-container\"><div class=\"kt-blocks-info-box-media kt-info-media-animate-none\"><div class=\"kadence-info-box-icon-container kt-info-icon-animate-none\"><div class=\"kadence-info-box-icon-inner-container\"><span style=\"display:block;justify-content:center;align-items:center\" class=\"kt-info-svg-icon kt-info-svg-icon-fas_people-carry\"><svg style=\"display:inline-block;vertical-align:middle\" viewbox=\"0 0 640 512\" height=\"50\" width=\"50\" fill=\"currentColor\" xmlns=\"http:\/\/www.w3.org\/2000\/svg\"><path d=\"M128 96c26.5 0 48-21.5 48-48S154.5 0 128 0 80 21.5 80 48s21.5 48 48 48zm384 0c26.5 0 48-21.5 48-48S538.5 0 512 0s-48 21.5-48 48 21.5 48 48 48zm125.7 372.1l-44-110-41.1 46.4-2 18.2 27.7 69.2c5 12.5 17 20.1 29.7 20.1 4 0 8-.7 11.9-2.3 16.4-6.6 24.4-25.2 17.8-41.6zm-34.2-209.8L585 178.1c-4.6-20-18.6-36.8-37.5-44.9-18.5-8-39-6.7-56.1 3.3-22.7 13.4-39.7 34.5-48.1 59.4L432 229.8 416 240v-96c0-8.8-7.2-16-16-16H240c-8.8 0-16 7.2-16 16v96l-16.1-10.2-11.3-33.9c-8.3-25-25.4-46-48.1-59.4-17.2-10-37.6-11.3-56.1-3.3-18.9 8.1-32.9 24.9-37.5 44.9l-18.4 80.2c-4.6 20 .7 41.2 14.4 56.7l67.2 75.9 10.1 92.6C130 499.8 143.8 512 160 512c1.2 0 2.3-.1 3.5-.2 17.6-1.9 30.2-17.7 28.3-35.3l-10.1-92.8c-1.5-13-6.9-25.1-15.6-35l-43.3-49 17.6-70.3 6.8 20.4c4.1 12.5 11.9 23.4 24.5 32.6l51.1 32.5c4.6 2.9 12.1 4.6 17.2 5h160c5.1-.4 12.6-2.1 17.2-5l51.1-32.5c12.6-9.2 20.4-20 24.5-32.6l6.8-20.4 17.6 70.3-43.3 49c-8.7 9.9-14.1 22-15.6 35l-10.1 92.8c-1.9 17.6 10.8 33.4 28.3 35.3 1.2.1 2.3.2 3.5.2 16.1 0 30-12.1 31.8-28.5l10.1-92.6 67.2-75.9c13.6-15.5 19-36.7 14.4-56.7zM46.3 358.1l-44 110c-6.6 16.4 1.4 35 17.8 41.6 16.8 6.6 35.1-1.7 41.6-17.8l27.7-69.2-2-18.2-41.1-46.4z\"><\/path><\/svg><\/span><\/div><\/div><\/div><\/div><div class=\"kt-infobox-textcontent\"><p class=\"kt-blocks-info-box-text\"><strong>Slu\u017eebn\u00e9 veden\u00ed<\/strong> znamen\u00e1 b\u00fdt p\u0159ipraven um\u00fdvat nohy ostatn\u00edm. Ka\u017ed\u00e9 privilegium p\u0159in\u00e1\u0161\u00ed tak\u00e9 zodpov\u011bdnost. Ka\u017ed\u00e1 pozice m\u00e1 sv\u016fj smysl. Slu\u017eebn\u00e9 veden\u00ed v Bo\u017e\u00edm kr\u00e1lovstv\u00ed znamen\u00e1 nau\u010dit se vyu\u017e\u00edvat ka\u017edou p\u0159\u00edle\u017eitost i ve\u0161ker\u00fd n\u00e1\u0161 vliv ke slu\u017eb\u011b Bohu a jeho z\u00e1m\u011br\u016fm. Ka\u017ed\u00fd zp\u016fsob slu\u017eby bude poj\u00edm\u00e1n a zkoum\u00e1n z tohoto pohledu.<br\/><br\/><\/p><\/div><\/a><\/div>\n<\/div><\/div>\n<\/div><\/div><\/div>\n<style>#kt-layout-id_7809eb-ce > .kt-row-column-wrap{align-content:start;}:where(#kt-layout-id_7809eb-ce > .kt-row-column-wrap) > .wp-block-kadence-column{justify-content:start;}#kt-layout-id_7809eb-ce > .kt-row-column-wrap{column-gap:var(--global-kb-gap-md, 2rem);row-gap:var(--global-kb-gap-md, 2rem);padding-top:var( --global-kb-row-default-top, 25px );padding-bottom:var( --global-kb-row-default-bottom, 25px );padding-top:var(--global-kb-spacing-sm, 1.5rem);padding-bottom:var(--global-kb-spacing-sm, 1.5rem);grid-template-columns:repeat(2, minmax(0, 1fr));}#kt-layout-id_7809eb-ce > .kt-row-layout-overlay{opacity:0.30;}@media all and (max-width: 1024px){#kt-layout-id_7809eb-ce > .kt-row-column-wrap{grid-template-columns:repeat(2, minmax(0, 1fr));}}@media all and (max-width: 767px){#kt-layout-id_7809eb-ce > .kt-row-column-wrap{grid-template-columns:minmax(0, 1fr);}}<\/style>\n<div class=\"wp-block-kadence-rowlayout alignnone\"><div id=\"kt-layout-id_7809eb-ce\" class=\"kt-row-layout-inner kt-layout-id_7809eb-ce\"><div class=\"kt-row-column-wrap kt-has-2-columns kt-gutter-default kt-v-gutter-default kt-row-valign-top kt-row-layout-equal kt-tab-layout-inherit kt-m-colapse-left-to-right kt-mobile-layout-row\"><style>.kadence-column_ceffcb-23 > .kt-inside-inner-col{border-top-width:0px;border-right-width:0px;border-bottom-width:0px;border-left-width:0px;}.kadence-column_ceffcb-23 > .kt-inside-inner-col,.kadence-column_ceffcb-23 > .kt-inside-inner-col:before{border-top-left-radius:0px;border-top-right-radius:0px;border-bottom-right-radius:0px;border-bottom-left-radius:0px;}.kadence-column_ceffcb-23 > .kt-inside-inner-col{column-gap:var(--global-kb-gap-sm, 1rem);}.kadence-column_ceffcb-23 > .kt-inside-inner-col{flex-direction:column;}.kadence-column_ceffcb-23 > .kt-inside-inner-col > .aligncenter{width:100%;}.kadence-column_ceffcb-23 > .kt-inside-inner-col:before{opacity:0.3;}.kadence-column_ceffcb-23{position:relative;}@media all and (max-width: 1024px){.kadence-column_ceffcb-23 > .kt-inside-inner-col{flex-direction:column;justify-content:center;}}@media all and (max-width: 767px){.kadence-column_ceffcb-23 > .kt-inside-inner-col{flex-direction:column;justify-content:center;}}<\/style>\n<div class=\"wp-block-kadence-column inner-column-1 kadence-column_ceffcb-23\"><div class=\"kt-inside-inner-col\"><style>.wp-block-kadence-column.kb-section-dir-horizontal > .kt-inside-inner-col > #kt-info-box_3ef049-d5 .kt-blocks-info-box-link-wrap{max-width:unset;}#kt-info-box_3ef049-d5 .kt-blocks-info-box-link-wrap{border-color:var(--global-palette1, #3182CE);border-radius:4px;border-top-width:4px;border-right-width:0px;border-bottom-width:0px;border-left-width:0px;padding-top:var(--global-kb-spacing-xs, 1rem);padding-right:var(--global-kb-spacing-xs, 1rem);padding-bottom:var(--global-kb-spacing-xs, 1rem);padding-left:var(--global-kb-spacing-xs, 1rem);}#kt-info-box_3ef049-d5 .kadence-info-box-icon-container .kt-info-svg-icon, #kt-info-box_3ef049-d5 .kt-info-svg-icon-flip, #kt-info-box_3ef049-d5 .kt-blocks-info-box-number{font-size:50px;}#kt-info-box_3ef049-d5 .kt-blocks-info-box-media{color:#444444;border-top-width:0px;border-right-width:0px;border-bottom-width:0px;border-left-width:0px;padding-top:10px;padding-right:10px;padding-bottom:10px;padding-left:10px;}#kt-info-box_3ef049-d5 .kt-blocks-info-box-media-container{margin-top:0px;margin-right:15px;margin-bottom:0px;margin-left:15px;}#kt-info-box_3ef049-d5 .kt-blocks-info-box-link-wrap:hover .kt-blocks-info-box-media{color:#444444;}#kt-info-box_3ef049-d5 .kt-blocks-info-box-learnmore{background:transparent;border-width:0px 0px 0px 0px;padding-top:4px;padding-right:8px;padding-bottom:4px;padding-left:8px;margin-top:10px;margin-right:0px;margin-bottom:10px;margin-left:0px;}<\/style>\n<div id=\"kt-info-box_3ef049-d5\" class=\"wp-block-kadence-infobox\"><a class=\"kt-blocks-info-box-link-wrap info-box-link kt-blocks-info-box-media-align-top kt-info-halign-center\"><div class=\"kt-blocks-info-box-media-container\"><div class=\"kt-blocks-info-box-media kt-info-media-animate-none\"><div class=\"kadence-info-box-icon-container kt-info-icon-animate-none\"><div class=\"kadence-info-box-icon-inner-container\"><span style=\"display:block;justify-content:center;align-items:center\" class=\"kt-info-svg-icon kt-info-svg-icon-fe_heart\"><svg style=\"display:inline-block;vertical-align:middle\" viewbox=\"0 0 24 24\" height=\"50\" width=\"50\" fill=\"none\" stroke=\"currentColor\" xmlns=\"http:\/\/www.w3.org\/2000\/svg\" stroke-width=\"2\" stroke-linecap=\"round\" stroke-linejoin=\"round\"><path d=\"M20.84 4.61a5.5 5.5 0 0 0-7.78 0L12 5.67l-1.06-1.06a5.5 5.5 0 0 0-7.78 7.78l1.06 1.06L12 21.23l7.78-7.78 1.06-1.06a5.5 5.5 0 0 0 0-7.78z\"><\/path><\/svg><\/span><\/div><\/div><\/div><\/div><div class=\"kt-infobox-textcontent\"><p class=\"kt-blocks-info-box-text\"><strong><strong>K\u0159es\u0165ansk\u00e1 zralost<\/strong><\/strong> je \u00fast\u0159edn\u00edm prvkem k\u0159es\u0165ansk\u00e9ho veden\u00ed. Na\u0161e byt\u00ed mus\u00ed b\u00fdt formov\u00e1no do obrazu Krista \u2013 milovat ho cel\u00fdm srdcem, mysl\u00ed, du\u0161\u00ed i silou. Ka\u017ed\u00fd kurz je pe\u010dliv\u011b navr\u017een tak, aby zd\u016fraz\u0148oval r\u016fst do podoby Kristovy, pozn\u00e1n\u00ed Krista a slu\u017ebu Kristu.<\/p><\/div><\/a><\/div>\n<\/div><\/div>\n\n\n<style>.kadence-column_9516e0-fb > .kt-inside-inner-col{border-top-width:0px;border-right-width:0px;border-bottom-width:0px;border-left-width:0px;}.kadence-column_9516e0-fb > .kt-inside-inner-col,.kadence-column_9516e0-fb > .kt-inside-inner-col:before{border-top-left-radius:0px;border-top-right-radius:0px;border-bottom-right-radius:0px;border-bottom-left-radius:0px;}.kadence-column_9516e0-fb > .kt-inside-inner-col{column-gap:var(--global-kb-gap-sm, 1rem);}.kadence-column_9516e0-fb > .kt-inside-inner-col{flex-direction:column;}.kadence-column_9516e0-fb > .kt-inside-inner-col > .aligncenter{width:100%;}.kadence-column_9516e0-fb > .kt-inside-inner-col:before{opacity:0.3;}.kadence-column_9516e0-fb{position:relative;}@media all and (max-width: 1024px){.kadence-column_9516e0-fb > .kt-inside-inner-col{flex-direction:column;justify-content:center;}}@media all and (max-width: 767px){.kadence-column_9516e0-fb > .kt-inside-inner-col{flex-direction:column;justify-content:center;}}<\/style>\n<div class=\"wp-block-kadence-column inner-column-2 kadence-column_9516e0-fb\"><div class=\"kt-inside-inner-col\"><style>.wp-block-kadence-column.kb-section-dir-horizontal > .kt-inside-inner-col > #kt-info-box_89f636-b6 .kt-blocks-info-box-link-wrap{max-width:unset;}#kt-info-box_89f636-b6 .kt-blocks-info-box-link-wrap{border-color:var(--global-palette1, #3182CE);border-radius:4px;border-top-width:4px;border-right-width:0px;border-bottom-width:0px;border-left-width:0px;padding-top:var(--global-kb-spacing-xs, 1rem);padding-right:var(--global-kb-spacing-xs, 1rem);padding-bottom:var(--global-kb-spacing-xs, 1rem);padding-left:var(--global-kb-spacing-xs, 1rem);}#kt-info-box_89f636-b6 .kadence-info-box-icon-container .kt-info-svg-icon, #kt-info-box_89f636-b6 .kt-info-svg-icon-flip, #kt-info-box_89f636-b6 .kt-blocks-info-box-number{font-size:50px;}#kt-info-box_89f636-b6 .kt-blocks-info-box-media{color:#444444;border-top-width:0px;border-right-width:0px;border-bottom-width:0px;border-left-width:0px;padding-top:10px;padding-right:10px;padding-bottom:10px;padding-left:10px;}#kt-info-box_89f636-b6 .kt-blocks-info-box-media-container{margin-top:0px;margin-right:15px;margin-bottom:0px;margin-left:15px;}#kt-info-box_89f636-b6 .kt-blocks-info-box-link-wrap:hover .kt-blocks-info-box-media{color:#444444;}#kt-info-box_89f636-b6 .kt-blocks-info-box-learnmore{background:transparent;border-width:0px 0px 0px 0px;padding-top:4px;padding-right:8px;padding-bottom:4px;padding-left:8px;margin-top:10px;margin-right:0px;margin-bottom:10px;margin-left:0px;}<\/style>\n<div id=\"kt-info-box_89f636-b6\" class=\"wp-block-kadence-infobox\"><a class=\"kt-blocks-info-box-link-wrap info-box-link kt-blocks-info-box-media-align-top kt-info-halign-center\"><div class=\"kt-blocks-info-box-media-container\"><div class=\"kt-blocks-info-box-media kt-info-media-animate-none\"><div class=\"kadence-info-box-icon-container kt-info-icon-animate-none\"><div class=\"kadence-info-box-icon-inner-container\"><span style=\"display:block;justify-content:center;align-items:center\" class=\"kt-info-svg-icon kt-info-svg-icon-fas_globe-africa\"><svg style=\"display:inline-block;vertical-align:middle\" viewbox=\"0 0 496 512\" height=\"50\" width=\"50\" fill=\"currentColor\" xmlns=\"http:\/\/www.w3.org\/2000\/svg\"><path d=\"M248 8C111.03 8 0 119.03 0 256s111.03 248 248 248 248-111.03 248-248S384.97 8 248 8zm160 215.5v6.93c0 5.87-3.32 11.24-8.57 13.86l-15.39 7.7a15.485 15.485 0 0 1-15.53-.97l-18.21-12.14a15.52 15.52 0 0 0-13.5-1.81l-2.65.88c-9.7 3.23-13.66 14.79-7.99 23.3l13.24 19.86c2.87 4.31 7.71 6.9 12.89 6.9h8.21c8.56 0 15.5 6.94 15.5 15.5v11.34c0 3.35-1.09 6.62-3.1 9.3l-18.74 24.98c-1.42 1.9-2.39 4.1-2.83 6.43l-4.3 22.83c-.62 3.29-2.29 6.29-4.76 8.56a159.608 159.608 0 0 0-25 29.16l-13.03 19.55a27.756 27.756 0 0 1-23.09 12.36c-10.51 0-20.12-5.94-24.82-15.34a78.902 78.902 0 0 1-8.33-35.29V367.5c0-8.56-6.94-15.5-15.5-15.5h-25.88c-14.49 0-28.38-5.76-38.63-16a54.659 54.659 0 0 1-16-38.63v-14.06c0-17.19 8.1-33.38 21.85-43.7l27.58-20.69a54.663 54.663 0 0 1 32.78-10.93h.89c8.48 0 16.85 1.97 24.43 5.77l14.72 7.36c3.68 1.84 7.93 2.14 11.83.84l47.31-15.77c6.33-2.11 10.6-8.03 10.6-14.7 0-8.56-6.94-15.5-15.5-15.5h-10.09c-4.11 0-8.05-1.63-10.96-4.54l-6.92-6.92a15.493 15.493 0 0 0-10.96-4.54H199.5c-8.56 0-15.5-6.94-15.5-15.5v-4.4c0-7.11 4.84-13.31 11.74-15.04l14.45-3.61c3.74-.94 7-3.23 9.14-6.44l8.08-12.11c2.87-4.31 7.71-6.9 12.89-6.9h24.21c8.56 0 15.5-6.94 15.5-15.5v-21.7C359.23 71.63 422.86 131.02 441.93 208H423.5c-8.56 0-15.5 6.94-15.5 15.5z\"><\/path><\/svg><\/span><\/div><\/div><\/div><\/div><div class=\"kt-infobox-textcontent\"><p class=\"kt-blocks-info-box-text\"><strong><strong>K\u0159es\u0165ansk\u00e1 vize pro cel\u00fd sv\u011bt<\/strong><\/strong> znamen\u00e1 zapojovat se do konkr\u00e9tn\u00ed glob\u00e1ln\u00ed slu\u017eby s pohledem na sv\u011bt z Bo\u017e\u00ed perspektivy. Mezikulturn\u00ed a mezin\u00e1rodn\u00ed slu\u017eba je zalo\u017eena na modelu p\u016fsoben\u00ed, kter\u00fd vid\u00edme u kreativn\u00edho, vztahov\u00e9ho a trojjedin\u00e9ho Boha, kter\u00fd p\u0159i\u0161el v t\u011ble jako Je\u017e\u00ed\u0161 Kristus.<br\/><\/p><\/div><\/a><\/div>\n<\/div><\/div>\n<\/div><\/div><\/div>\n\n<p>Institut se v\u011bnuje obnov\u011b ve\u0161ker\u00e9ho stvo\u0159en\u00ed pro Boha skrze na\u0161eho P\u00e1na Je\u017e\u00ed\u0161e Krista. Na\u0161\u00ed p\u0159\u00edru\u010dkou pro \u017eivot, v\u00edru a vyu\u010dov\u00e1n\u00ed je Bo\u017e\u00ed slovo, skrze kter\u00e9 vn\u00edm\u00e1me a hodnot\u00edme v\u0161echny oblasti studia. Na\u0161\u00edm vzorem je uk\u0159i\u017eovan\u00fd a vzk\u0159\u00ed\u0161en\u00fd Je\u017e\u00ed\u0161. Na\u0161\u00ed metodou je u\u010dednictv\u00ed. Na\u0161\u00edm poradcem, silou i pr\u016fvodcem je Bo\u017e\u00ed Duch svat\u00fd.<\/p>\n\n<p>Kurzy jsou vyu\u010dov\u00e1ny uzn\u00e1van\u00fdmi profesory vybran\u00fdmi nejen na z\u00e1klad\u011b akademick\u00e9 odbornosti, ale tak\u00e9 jejich slu\u017eby, oddanosti Kristu a r\u016fstu do jeho podoby. Profeso\u0159i poch\u00e1zej\u00ed z cel\u00e9ho sv\u011bta. Jsou vyb\u00edr\u00e1ni na z\u00e1klad\u011b v\u011brnosti k\u0159es\u0165anstv\u00ed, v\u016fdcovsk\u00fdch dovednost\u00ed, praktick\u00fdch zku\u0161enost\u00ed, mezikulturn\u00edch dovednost\u00ed, akademick\u00e9 \u00farovn\u011b a nedomina\u010dn\u00edho zam\u011b\u0159en\u00ed.<\/p>\n","protected":false},"excerpt":{"rendered":"<p>Institut se v\u011bnuje obnov\u011b ve\u0161ker\u00e9ho stvo\u0159en\u00ed pro Boha skrze na\u0161eho P\u00e1na Je\u017e\u00ed\u0161e Krista. Na\u0161\u00ed p\u0159\u00edru\u010dkou pro \u017eivot, v\u00edru a vyu\u010dov\u00e1n\u00ed je Bo\u017e\u00ed slovo, skrze kter\u00e9 vn\u00edm\u00e1me a hodnot\u00edme v\u0161echny oblasti studia. Na\u0161\u00edm vzorem je uk\u0159i\u017eovan\u00fd a vzk\u0159\u00ed\u0161en\u00fd Je\u017e\u00ed\u0161. Na\u0161\u00ed metodou je u\u010dednictv\u00ed. Na\u0161\u00edm poradcem, silou i pr\u016fvodcem je Bo\u017e\u00ed Duch svat\u00fd. Kurzy jsou vyu\u010dov\u00e1ny uzn\u00e1van\u00fdmi&#8230;<\/p>\n","protected":false},"author":1,"featured_media":5498,"parent":0,"menu_order":0,"comment_status":"closed","ping_status":"closed","template":"","meta":{"_acf_changed":false,"_kad_blocks_custom_css":"","_kad_blocks_head_custom_js":"","_kad_blocks_body_custom_js":"","_kad_blocks_footer_custom_js":"","_kad_post_transparent":"","_kad_post_title":"hide","_kad_post_layout":"","_kad_post_sidebar_id":"","_kad_post_content_style":"","_kad_post_vertical_padding":"","_kad_post_feature":"","_kad_post_feature_position":"","_kad_post_header":false,"_kad_post_footer":false,"_kad_post_classname":"","footnotes":""},"page_category":[205],"class_list":["post-11105","page","type-page","status-publish","has-post-thumbnail","hentry","page_category-students-page-cs"],"acf":[],"taxonomy_info":{"page_category":[{"value":205,"label":"students-page"}]},"featured_image_src_large":["https:\/\/tcmi.edu\/wp-content\/uploads\/2020\/07\/students2.jpg",1021,681,false],"author_info":{"display_name":"Kaleb Heitzman","author_link":"https:\/\/tcmi.edu\/cs\/author\/developer\/"},"comment_info":"","_links":{"self":[{"href":"https:\/\/tcmi.edu\/cs\/wp-json\/wp\/v2\/pages\/11105","targetHints":{"allow":["GET"]}}],"collection":[{"href":"https:\/\/tcmi.edu\/cs\/wp-json\/wp\/v2\/pages"}],"about":[{"href":"https:\/\/tcmi.edu\/cs\/wp-json\/wp\/v2\/types\/page"}],"author":[{"embeddable":true,"href":"https:\/\/tcmi.edu\/cs\/wp-json\/wp\/v2\/users\/1"}],"replies":[{"embeddable":true,"href":"https:\/\/tcmi.edu\/cs\/wp-json\/wp\/v2\/comments?post=11105"}],"version-history":[{"count":9,"href":"https:\/\/tcmi.edu\/cs\/wp-json\/wp\/v2\/pages\/11105\/revisions"}],"predecessor-version":[{"id":12495,"href":"https:\/\/tcmi.edu\/cs\/wp-json\/wp\/v2\/pages\/11105\/revisions\/12495"}],"wp:featuredmedia":[{"embeddable":true,"href":"https:\/\/tcmi.edu\/cs\/wp-json\/wp\/v2\/media\/5498"}],"wp:attachment":[{"href":"https:\/\/tcmi.edu\/cs\/wp-json\/wp\/v2\/media?parent=11105"}],"wp:term":[{"taxonomy":"page_category","embeddable":true,"href":"https:\/\/tcmi.edu\/cs\/wp-json\/wp\/v2\/page_category?post=11105"}],"curies":[{"name":"wp","href":"https:\/\/api.w.org\/{rel}","templated":true}]}}