{"id":11090,"date":"2013-11-07T02:21:04","date_gmt":"2013-11-07T07:21:04","guid":{"rendered":"https:\/\/tcmi.edu\/absolventi\/"},"modified":"2021-08-06T22:06:14","modified_gmt":"2021-08-07T02:06:14","slug":"absolventi","status":"publish","type":"page","link":"https:\/\/tcmi.edu\/cs\/absolventi\/","title":{"rendered":"Absolventi"},"content":{"rendered":"<style>#kt-layout-id_b02de8-13 > .kt-row-column-wrap{align-content:start;}:where(#kt-layout-id_b02de8-13 > .kt-row-column-wrap) > .wp-block-kadence-column{justify-content:start;}#kt-layout-id_b02de8-13 > .kt-row-column-wrap{column-gap:var(--global-kb-gap-md, 2rem);row-gap:var(--global-kb-gap-md, 2rem);padding-top:var( --global-kb-row-default-top, 25px );padding-bottom:var( --global-kb-row-default-bottom, 25px );padding-top:var(--global-kb-spacing-sm, 1.5rem);padding-bottom:var(--global-kb-spacing-sm, 1.5rem);grid-template-columns:repeat(2, minmax(0, 1fr));}#kt-layout-id_b02de8-13 > .kt-row-layout-overlay{opacity:0.30;}@media all and (max-width: 1024px){#kt-layout-id_b02de8-13 > .kt-row-column-wrap{grid-template-columns:repeat(2, minmax(0, 1fr));}}@media all and (max-width: 767px){#kt-layout-id_b02de8-13 > .kt-row-column-wrap{grid-template-columns:minmax(0, 1fr);}}<\/style>\n<div class=\"wp-block-kadence-rowlayout alignnone\" id=\"learn-more\"><div id=\"kt-layout-id_b02de8-13\" class=\"kt-row-layout-inner kt-layout-id_b02de8-13\"><div class=\"kt-row-column-wrap kt-has-2-columns kt-gutter-default kt-v-gutter-default kt-row-valign-top kt-row-layout-equal kt-tab-layout-inherit kt-m-colapse-left-to-right kt-mobile-layout-row\"><style>.kadence-column_24b98d-eb > .kt-inside-inner-col{border-top-width:0px;border-right-width:0px;border-bottom-width:0px;border-left-width:0px;}.kadence-column_24b98d-eb > .kt-inside-inner-col,.kadence-column_24b98d-eb > .kt-inside-inner-col:before{border-top-left-radius:0px;border-top-right-radius:0px;border-bottom-right-radius:0px;border-bottom-left-radius:0px;}.kadence-column_24b98d-eb > .kt-inside-inner-col{column-gap:var(--global-kb-gap-sm, 1rem);}.kadence-column_24b98d-eb > .kt-inside-inner-col{flex-direction:column;}.kadence-column_24b98d-eb > .kt-inside-inner-col > .aligncenter{width:100%;}.kadence-column_24b98d-eb > .kt-inside-inner-col:before{opacity:0.3;}.kadence-column_24b98d-eb{position:relative;}@media all and (max-width: 1024px){.kadence-column_24b98d-eb > .kt-inside-inner-col{flex-direction:column;justify-content:center;}}@media all and (max-width: 767px){.kadence-column_24b98d-eb > .kt-inside-inner-col{flex-direction:column;justify-content:center;}}<\/style>\n<div class=\"wp-block-kadence-column inner-column-1 kadence-column_24b98d-eb\"><div class=\"kt-inside-inner-col\">\n<p>Prvn\u00ed promoce TCM International Institutu absolvovalo v roce 1995 osm student\u016f. K dne\u0161n\u00edmu dni absolvovalo TCM 754 student\u016f. V roce 2020 m\u011blo TCM 46 absolvent\u016f. TCM v\u0161ak neovliv\u0148uje pouze \u017eivot absolventa. Ka\u017ed\u00fd zasa\u017een\u00fd \u010dlov\u011bk ovliv\u0148uje dal\u0161\u00ed, a tak vznik\u00e1 vlna, kter\u00e1 se \u0161\u00ed\u0159\u00ed v\u00fdchodn\u00ed Evropou a St\u0159edn\u00ed Asi\u00ed.<\/p>\n\n\n\n<p>Kde na sv\u011bt\u011b absolventi TCM p\u016fsob\u00ed? V sou\u010dasn\u00e9 dob\u011b jsou na TCM studenti ze 36 zem\u00ed, n\u011bkte\u0159\u00ed v Hausu Edelweiss, a n\u011bkte\u0159\u00ed v na\u0161ich region\u00e1ln\u00edch centrech. Na\u0161i absolventi jsou rozpt\u00fdleni po mnoha dal\u0161\u00edch zem\u00edch a nejm\u00e9n\u011b na \u010dty\u0159ech kontinentech, kde pln\u00ed Kristovo velk\u00e9 posl\u00e1n\u00ed.<\/p>\n\n\n\n<p>Jak ve sv\u011bt\u011b absolventi TCM p\u016fsob\u00ed? V\u011bt\u0161ina z nich jsou k\u0159es\u0165an\u0161t\u00ed vedouc\u00ed m\u00edstn\u00edch c\u00edrkv\u00ed ve sv\u00fdch komunit\u00e1ch. Absolventi TCM tak\u00e9 slou\u017e\u00ed jako pasto\u0159i a u\u010ditel\u00e9 nap\u0159\u00ed\u010d v\u0161emi v\u011bkov\u00fdmi skupinami. Mnoho z nich pokra\u010duje doktorsk\u00e9 studium (Ph.D.) a vyu\u010duje na semin\u00e1\u0159\u00edch a teologick\u00fdch \u0161kol\u00e1ch. N\u011bkolik z nich nyn\u00ed vyu\u010duje kurzy TCM. Absolventi d\u00e1le slou\u017e\u00ed jako \u0159editel\u00e9 sirot\u010dinc\u016f, vedouc\u00ed ml\u00e1de\u017e\u00ed, zakladatel\u00e9 sbor\u016f, pracovn\u00edci s lidmi se zdravotn\u00edm posti\u017een\u00edm, u\u010ditel\u00e9 ve \u0161kolce, mana\u017ee\u0159i rozhlasov\u00fdch stanic TWR, mision\u00e1\u0159i, k\u0159es\u0165an\u0161t\u00ed hudebn\u00edci a v mnoha dal\u0161\u00edch oblastech, kde mohou p\u0159in\u00e1\u0161et Kristovo sv\u011btlo do temn\u00fdch z\u00e1kout\u00ed sv\u011bta. Mnoz\u00ed absolventi spolupracuj\u00ed na spole\u010dn\u00fdch projektech, kter\u00e9 p\u0159esahuj\u00ed hranice jejich vlastn\u00ed zem\u011b. Sto procent absolvent\u016f TCM nad\u00e1le pracuj\u00ed v c\u00edrkvi na placen\u00e9 pozici nebo se pod\u00edl\u00ed na slu\u017eb\u011b jako dobrovoln\u00edci.<\/p>\n\n\n<style>.wp-block-kadence-spacer.kt-block-spacer-_c21dd8-0e .kt-block-spacer{height:60px;}.wp-block-kadence-spacer.kt-block-spacer-_c21dd8-0e .kt-divider{border-top-width:1px;height:1px;border-top-color:#eee;width:80%;border-top-style:solid;}<\/style>\n<div class=\"wp-block-kadence-spacer aligncenter kt-block-spacer-_c21dd8-0e\"><div class=\"kt-block-spacer kt-block-spacer-halign-center\" style=\"height:60px\"><hr class=\"kt-divider\" style=\"border-top-color:rgba(238, 238, 238, 1);border-top-width:1px;width:80%;border-top-style:solid\"\/><\/div><\/div>\n\n\n\n<p>V ka\u017edoro\u010dn\u00edch dotazn\u00edc\u00edch pro absolventy se neust\u00e1le opakuje jedno t\u00e9ma &#8211; d\u011bkujeme, \u017ee se pod\u00edl\u00edte na velk\u00e9m posl\u00e1n\u00ed.<\/p>\n<\/div><\/div>\n\n\n<style>.kadence-column_f87dbc-12 > .kt-inside-inner-col{border-top-width:0px;border-right-width:0px;border-bottom-width:0px;border-left-width:0px;}.kadence-column_f87dbc-12 > .kt-inside-inner-col,.kadence-column_f87dbc-12 > .kt-inside-inner-col:before{border-top-left-radius:0px;border-top-right-radius:0px;border-bottom-right-radius:0px;border-bottom-left-radius:0px;}.kadence-column_f87dbc-12 > .kt-inside-inner-col{column-gap:var(--global-kb-gap-sm, 1rem);}.kadence-column_f87dbc-12 > .kt-inside-inner-col{flex-direction:column;}.kadence-column_f87dbc-12 > .kt-inside-inner-col > .aligncenter{width:100%;}.kadence-column_f87dbc-12 > .kt-inside-inner-col:before{opacity:0.3;}.kadence-column_f87dbc-12{position:relative;}@media all and (max-width: 1024px){.kadence-column_f87dbc-12 > .kt-inside-inner-col{flex-direction:column;justify-content:center;}}@media all and (max-width: 767px){.kadence-column_f87dbc-12 > .kt-inside-inner-col{flex-direction:column;justify-content:center;}}<\/style>\n<div class=\"wp-block-kadence-column inner-column-2 kadence-column_f87dbc-12\"><div class=\"kt-inside-inner-col\">\n<figure class=\"wp-block-pullquote has-background has-theme-palette-8-background-color is-style-solid-color\"><blockquote class=\"has-text-color has-theme-palette-3-color\"><p>\u201eStudium na TCM byla opravdu skv\u011bl\u00e1 zku\u0161enost. Jsem vd\u011b\u010dn\u00fd za profesory, kte\u0159\u00ed dok\u00e1zali zap\u00e1lit na\u0161e srdce za slu\u017ebu Kristu v r\u016fzn\u00fdch oblastech slu\u017eby.\u201c<\/p><cite>\n          <em>absolvent M.Div.<\/em>\n        <\/cite><\/blockquote><\/figure>\n\n\n\n<figure class=\"wp-block-pullquote has-background has-theme-palette-8-background-color is-style-solid-color\"><blockquote class=\"has-text-color has-theme-palette-3-color\"><p>\u201eD\u011bkuji v\u0161em, kte\u0159\u00ed podpo\u0159ili m\u00e9 vzd\u011bl\u00e1n\u00ed. D\u00edky u\u010ditel\u016fm, kte\u0159\u00ed m\u011b nau\u010dili d\u00edvat se na Bibli, sv\u011bt i slu\u017ebu z v\u011bt\u0161\u00ed \u0161\u00ed\u0159ky a do v\u011bt\u0161\u00ed hloubky, ne\u017e p\u0159edt\u00edm.\u201c <\/p><cite>\n          <em>absolvent MA<\/em>\n        <\/cite><\/blockquote><\/figure>\n\n\n\n<figure class=\"wp-block-pullquote has-background has-theme-palette-8-background-color is-style-solid-color\"><blockquote class=\"has-text-color has-theme-palette-3-color\"><p>\u201eToto studium bylo jedn\u00edm z n\u011bjv\u011bt\u0161\u00edch po\u017eehn\u00e1n\u00ed m\u00e9ho \u017eivota!\u201c <\/p><cite>\n          <em>Absolvent certifik\u00e1tu<\/em>\n        <\/cite><\/blockquote><\/figure>\n<\/div><\/div>\n<\/div><\/div><\/div>\n","protected":false},"excerpt":{"rendered":"<p>Prvn\u00ed promoce TCM International Institutu absolvovalo v roce 1995 osm student\u016f. K dne\u0161n\u00edmu dni absolvovalo TCM 754 student\u016f. V roce 2020 m\u011blo TCM 46 absolvent\u016f. TCM v\u0161ak neovliv\u0148uje pouze \u017eivot absolventa. Ka\u017ed\u00fd zasa\u017een\u00fd \u010dlov\u011bk ovliv\u0148uje dal\u0161\u00ed, a tak vznik\u00e1 vlna, kter\u00e1 se \u0161\u00ed\u0159\u00ed v\u00fdchodn\u00ed Evropou a St\u0159edn\u00ed Asi\u00ed. Kde na sv\u011bt\u011b absolventi TCM p\u016fsob\u00ed? V&#8230;<\/p>\n","protected":false},"author":1,"featured_media":7713,"parent":0,"menu_order":0,"comment_status":"closed","ping_status":"closed","template":"","meta":{"_acf_changed":false,"_kad_blocks_custom_css":"","_kad_blocks_head_custom_js":"","_kad_blocks_body_custom_js":"","_kad_blocks_footer_custom_js":"","_kad_post_transparent":"","_kad_post_title":"hide","_kad_post_layout":"","_kad_post_sidebar_id":"","_kad_post_content_style":"","_kad_post_vertical_padding":"default","_kad_post_feature":"","_kad_post_feature_position":"","_kad_post_header":false,"_kad_post_footer":false,"_kad_post_classname":"","footnotes":""},"page_category":[202],"class_list":["post-11090","page","type-page","status-publish","has-post-thumbnail","hentry","page_category-alumni-page-cs"],"acf":[],"taxonomy_info":{"page_category":[{"value":202,"label":"alumni-page"}]},"featured_image_src_large":["https:\/\/tcmi.edu\/wp-content\/uploads\/2021\/02\/Clinton-Okanga-1024x576.jpeg",1024,576,true],"author_info":{"display_name":"Kaleb Heitzman","author_link":"https:\/\/tcmi.edu\/cs\/author\/developer\/"},"comment_info":"","_links":{"self":[{"href":"https:\/\/tcmi.edu\/cs\/wp-json\/wp\/v2\/pages\/11090","targetHints":{"allow":["GET"]}}],"collection":[{"href":"https:\/\/tcmi.edu\/cs\/wp-json\/wp\/v2\/pages"}],"about":[{"href":"https:\/\/tcmi.edu\/cs\/wp-json\/wp\/v2\/types\/page"}],"author":[{"embeddable":true,"href":"https:\/\/tcmi.edu\/cs\/wp-json\/wp\/v2\/users\/1"}],"replies":[{"embeddable":true,"href":"https:\/\/tcmi.edu\/cs\/wp-json\/wp\/v2\/comments?post=11090"}],"version-history":[{"count":18,"href":"https:\/\/tcmi.edu\/cs\/wp-json\/wp\/v2\/pages\/11090\/revisions"}],"predecessor-version":[{"id":13825,"href":"https:\/\/tcmi.edu\/cs\/wp-json\/wp\/v2\/pages\/11090\/revisions\/13825"}],"wp:featuredmedia":[{"embeddable":true,"href":"https:\/\/tcmi.edu\/cs\/wp-json\/wp\/v2\/media\/7713"}],"wp:attachment":[{"href":"https:\/\/tcmi.edu\/cs\/wp-json\/wp\/v2\/media?parent=11090"}],"wp:term":[{"taxonomy":"page_category","embeddable":true,"href":"https:\/\/tcmi.edu\/cs\/wp-json\/wp\/v2\/page_category?post=11090"}],"curies":[{"name":"wp","href":"https:\/\/api.w.org\/{rel}","templated":true}]}}