{"id":11088,"date":"2013-11-07T01:54:42","date_gmt":"2013-11-07T06:54:42","guid":{"rendered":"https:\/\/tcmi.edu\/knihovna\/"},"modified":"2023-08-10T05:55:16","modified_gmt":"2023-08-10T09:55:16","slug":"knihovna","status":"publish","type":"page","link":"https:\/\/tcmi.edu\/cs\/knihovna\/","title":{"rendered":"Knihovna"},"content":{"rendered":"\n<p>V\u00edtejte v knihovn\u011b TCM Georgia Memorial Library. Na\u0161\u00edm posl\u00e1n\u00edm je d\u00e1lkov\u011b poskytovat zdroje, kter\u00e9 podpo\u0159\u00ed nebo obohat\u00ed studium a budou napl\u0148ovat rozmanit\u00e9 a neust\u00e1le se m\u011bn\u00edc\u00ed informa\u010dn\u00ed pot\u0159eby student\u016f, kte\u0159\u00ed se p\u0159ipravuj\u00ed na vedouc\u00ed role v u\u010dednick\u00fdch hnut\u00edch.<\/p>\n\n<p>Knihovna obsahuje v\u00edce ne\u017e 25 000 publikac\u00ed, medi\u00e1ln\u00edch zdroj\u016f, vide\u00ed, diplomov\u00fdch \u010di dizerta\u010dn\u00edch prac\u00ed a \u010dasopis\u016f. Na\u0161e sb\u00edrka obsahuje tituly v 11 jazyc\u00edch (angli\u010dtina, n\u011bm\u010dina, ru\u0161tina, rumun\u0161tina, ma\u010far\u0161tina, pol\u0161tina, \u010de\u0161tina, bulhar\u0161tina, eston\u0161tina, ukrajin\u0161tina a ture\u010dtina). N\u011bkolik posledn\u00edch let se soust\u0159ed\u00edme na z\u00edsk\u00e1v\u00e1n\u00ed dal\u0161\u00edch elektronick\u00fdch materi\u00e1l\u016f, abychom mohli l\u00e9pe podporovat d\u00e1lkov\u00e9 studium. Elektronick\u00e1 sb\u00edrka knihovny obsahuje e-knihy, audioknihy, e-\u010dasopisy a jejich datab\u00e1ze, \u010di diplomov\u00e9 a dizerta\u010dn\u00ed pr\u00e1ce.<\/p>\n\n<p>Douf\u00e1me, \u017ee najdete pr\u00e1v\u011b to, co hled\u00e1te \u2013 a\u0165 u\u017e jste \u0159\u00e1dn\u00fd student (nebo se \u00fa\u010dastn\u00edte jen n\u00e1slechu), st\u00e1l\u00fd \u010di hostuj\u00edc\u00ed profesor. Zdroji a slu\u017ebami knihovny m\u016f\u017eete listovat pomoc\u00ed odkaz\u016f v bo\u010dn\u00ed li\u0161t\u011b zde nebo po p\u0159ihl\u00e1\u0161en\u00ed se do <a rel=\"noreferrer noopener\" href=\"https:\/\/learn.tcmi.edu\/course\/view.php?id=1340\" target=\"_blank\">kurzu knihovny TCM na platform\u011b Moodle.<\/a><\/p>\n","protected":false},"excerpt":{"rendered":"<p>V\u00edtejte v knihovn\u011b TCM Georgia Memorial Library. Na\u0161\u00edm posl\u00e1n\u00edm je d\u00e1lkov\u011b poskytovat zdroje, kter\u00e9 podpo\u0159\u00ed nebo obohat\u00ed studium a budou napl\u0148ovat rozmanit\u00e9 a neust\u00e1le se m\u011bn\u00edc\u00ed informa\u010dn\u00ed pot\u0159eby student\u016f, kte\u0159\u00ed se p\u0159ipravuj\u00ed na vedouc\u00ed role v u\u010dednick\u00fdch hnut\u00edch. Knihovna obsahuje v\u00edce ne\u017e 25 000 publikac\u00ed, medi\u00e1ln\u00edch zdroj\u016f, vide\u00ed, diplomov\u00fdch \u010di dizerta\u010dn\u00edch prac\u00ed a \u010dasopis\u016f. Na\u0161e&#8230;<\/p>\n","protected":false},"author":29,"featured_media":5156,"parent":0,"menu_order":0,"comment_status":"closed","ping_status":"closed","template":"","meta":{"_acf_changed":false,"_kad_blocks_custom_css":"","_kad_blocks_head_custom_js":"","_kad_blocks_body_custom_js":"","_kad_blocks_footer_custom_js":"","_kad_post_transparent":"","_kad_post_title":"","_kad_post_layout":"","_kad_post_sidebar_id":"","_kad_post_content_style":"","_kad_post_vertical_padding":"","_kad_post_feature":"","_kad_post_feature_position":"","_kad_post_header":false,"_kad_post_footer":false,"_kad_post_classname":"","footnotes":""},"page_category":[],"class_list":["post-11088","page","type-page","status-publish","has-post-thumbnail","hentry"],"acf":[],"taxonomy_info":[],"featured_image_src_large":["https:\/\/tcmi.edu\/wp-content\/uploads\/2020\/07\/books-classroom-college-desk-289738-scaled-1024x684.jpg",1024,684,true],"author_info":{"display_name":"Oksana Puzynina","author_link":"https:\/\/tcmi.edu\/cs\/author\/oksana-puzyninatcmi-edu\/"},"comment_info":"","_links":{"self":[{"href":"https:\/\/tcmi.edu\/cs\/wp-json\/wp\/v2\/pages\/11088","targetHints":{"allow":["GET"]}}],"collection":[{"href":"https:\/\/tcmi.edu\/cs\/wp-json\/wp\/v2\/pages"}],"about":[{"href":"https:\/\/tcmi.edu\/cs\/wp-json\/wp\/v2\/types\/page"}],"author":[{"embeddable":true,"href":"https:\/\/tcmi.edu\/cs\/wp-json\/wp\/v2\/users\/29"}],"replies":[{"embeddable":true,"href":"https:\/\/tcmi.edu\/cs\/wp-json\/wp\/v2\/comments?post=11088"}],"version-history":[{"count":15,"href":"https:\/\/tcmi.edu\/cs\/wp-json\/wp\/v2\/pages\/11088\/revisions"}],"predecessor-version":[{"id":41258,"href":"https:\/\/tcmi.edu\/cs\/wp-json\/wp\/v2\/pages\/11088\/revisions\/41258"}],"wp:featuredmedia":[{"embeddable":true,"href":"https:\/\/tcmi.edu\/cs\/wp-json\/wp\/v2\/media\/5156"}],"wp:attachment":[{"href":"https:\/\/tcmi.edu\/cs\/wp-json\/wp\/v2\/media?parent=11088"}],"wp:term":[{"taxonomy":"page_category","embeddable":true,"href":"https:\/\/tcmi.edu\/cs\/wp-json\/wp\/v2\/page_category?post=11088"}],"curies":[{"name":"wp","href":"https:\/\/api.w.org\/{rel}","templated":true}]}}