{"id":11052,"date":"2014-07-09T14:09:35","date_gmt":"2014-07-09T18:09:35","guid":{"rendered":"https:\/\/tcmi.edu\/studentum\/mistr-bozstvi\/"},"modified":"2024-01-11T06:04:08","modified_gmt":"2024-01-11T11:04:08","slug":"master-of-divinity","status":"publish","type":"page","link":"https:\/\/tcmi.edu\/cs\/programy\/master-of-divinity\/","title":{"rendered":"Master of Divinity"},"content":{"rendered":"\n<p>Pro absolvov\u00e1n\u00ed programu Master of Divnity je t\u0159eba splnit 84 kredit\u016f. Smyslem tohoto studijn\u00edho programu je d\u00e1le zlep\u0161ovat dovednosti pro slu\u017ebu kazatel\u016f na pln\u00fd \u00favazek, k\u0159es\u0165ansk\u00fdch vedouc\u00edch p\u0159ev\u00e1\u017en\u011b v c\u00edrkvi; je ur\u010den i pro studenty, kte\u0159\u00ed hledaj\u00ed mo\u017enost pokro\u010dil\u00e9ho studia, \u010dasto za \u00fa\u010delem zam\u011bstn\u00e1n\u00ed v oblasti vysoko\u0161kolsk\u00e9ho vzd\u011bl\u00e1v\u00e1n\u00ed.<\/p>\n<style>.wp-block-kadence-advancedbtn.kb-btns818_2f89ff-8d{gap:var(--global-kb-gap-xs, 0.5rem );justify-content:flex-start;align-items:center;}.kt-btns818_2f89ff-8d .kt-button{font-weight:normal;font-style:normal;}<\/style>\n<div class=\"wp-block-kadence-advancedbtn kb-buttons-wrap kb-btns818_2f89ff-8d\"><style>ul.menu .wp-block-kadence-advancedbtn .kb-btn818_5ad357-e3.kb-button{width:initial;}<\/style><a class=\"kb-button kt-button button kb-btn818_5ad357-e3 kt-btn-size-standard kt-btn-width-type-auto kb-btn-global-inherit  kt-btn-has-text-true kt-btn-has-svg-false  wp-block-button__link wp-block-kadence-singlebtn\" href=\"https:\/\/tcmi.edu\/admissions\/apply\/\"><span class=\"kt-btn-inner-text\">P\u0159ihl\u00e1sit se online<\/span><\/a><\/div>\n<style>.kb-row-layout-id818_00b18e-59 > .kt-row-column-wrap{align-content:start;}:where(.kb-row-layout-id818_00b18e-59 > .kt-row-column-wrap) > .wp-block-kadence-column{justify-content:start;}.kb-row-layout-id818_00b18e-59 > .kt-row-column-wrap{column-gap:var(--global-kb-gap-md, 2rem);row-gap:var(--global-kb-gap-md, 2rem);padding-top:var(--global-kb-spacing-sm, 1.5rem);padding-bottom:var(--global-kb-spacing-sm, 1.5rem);grid-template-columns:repeat(2, minmax(0, 1fr));}.kb-row-layout-id818_00b18e-59 > .kt-row-layout-overlay{opacity:0.30;}@media all and (max-width: 1024px){.kb-row-layout-id818_00b18e-59 > .kt-row-column-wrap{grid-template-columns:repeat(2, minmax(0, 1fr));}}@media all and (max-width: 767px){.kb-row-layout-id818_00b18e-59 > .kt-row-column-wrap{grid-template-columns:minmax(0, 1fr);}}<\/style><div class=\"kb-row-layout-wrap kb-row-layout-id818_00b18e-59 alignnone wp-block-kadence-rowlayout\"><div class=\"kt-row-column-wrap kt-has-2-columns kt-row-layout-equal kt-tab-layout-inherit kt-mobile-layout-row kt-row-valign-top\">\n<style>.kadence-column818_5e3d08-81 > .kt-inside-inner-col,.kadence-column818_5e3d08-81 > .kt-inside-inner-col:before{border-top-left-radius:0px;border-top-right-radius:0px;border-bottom-right-radius:0px;border-bottom-left-radius:0px;}.kadence-column818_5e3d08-81 > .kt-inside-inner-col{column-gap:var(--global-kb-gap-sm, 1rem);}.kadence-column818_5e3d08-81 > .kt-inside-inner-col{flex-direction:column;}.kadence-column818_5e3d08-81 > .kt-inside-inner-col > .aligncenter{width:100%;}.kadence-column818_5e3d08-81 > .kt-inside-inner-col:before{opacity:0.3;}.kadence-column818_5e3d08-81{position:relative;}@media all and (max-width: 1024px){.kadence-column818_5e3d08-81 > .kt-inside-inner-col{flex-direction:column;justify-content:center;}}@media all and (max-width: 767px){.kadence-column818_5e3d08-81 > .kt-inside-inner-col{flex-direction:column;justify-content:center;}}<\/style>\n<div class=\"wp-block-kadence-column kadence-column818_5e3d08-81 inner-column-1\"><div class=\"kt-inside-inner-col\">\n<h3 class=\"wp-block-heading\">C\u00edle titulu<\/h3>\n\n\n\n<p>Student bude po absolvov\u00e1n\u00ed programu Master of Arts spl\u0148ovat n\u00e1sleduj\u00edc\u00ed c\u00edle:<\/p>\n\n\n\n<ol class=\"wp-block-list\">\n<li>Vytvo\u0159it, rozvinout a zav\u00e9st u\u010dednick\u00fd program v c\u00edrkvi (C\u00edl programu 1)<\/li>\n\n\n\n<li>Uplat\u0148ovat biblick\u00e9 a teologick\u00e9 studium se zam\u011b\u0159en\u00edm na biblick\u00e9 jazyky a angli\u010dtinu (C\u00edl programu 2)<\/li>\n\n\n\n<li>Pod\u00edlet se na pastora\u010dn\u00ed p\u00e9\u010di v prost\u0159ed\u00ed c\u00edrkve (C\u00edl programu 3)<\/li>\n\n\n\n<li>Biblicky k\u00e1zat a vyu\u010dovat s ohledem na kontext dan\u00e9 c\u00edrkve (c\u00edl programu 4)<\/li>\n<\/ol>\n<\/div><\/div>\n\n\n<style>.kadence-column818_85d5a1-66 > .kt-inside-inner-col,.kadence-column818_85d5a1-66 > .kt-inside-inner-col:before{border-top-left-radius:0px;border-top-right-radius:0px;border-bottom-right-radius:0px;border-bottom-left-radius:0px;}.kadence-column818_85d5a1-66 > .kt-inside-inner-col{column-gap:var(--global-kb-gap-sm, 1rem);}.kadence-column818_85d5a1-66 > .kt-inside-inner-col{flex-direction:column;}.kadence-column818_85d5a1-66 > .kt-inside-inner-col > .aligncenter{width:100%;}.kadence-column818_85d5a1-66 > .kt-inside-inner-col:before{opacity:0.3;}.kadence-column818_85d5a1-66{position:relative;}@media all and (max-width: 1024px){.kadence-column818_85d5a1-66 > .kt-inside-inner-col{flex-direction:column;justify-content:center;}}@media all and (max-width: 767px){.kadence-column818_85d5a1-66 > .kt-inside-inner-col{flex-direction:column;justify-content:center;}}<\/style>\n<div class=\"wp-block-kadence-column kadence-column818_85d5a1-66 inner-column-2\"><div class=\"kt-inside-inner-col\">\n<h3 class=\"wp-block-heading\">V\u00edce informac\u00ed<\/h3>\n\n\n\n<ul class=\"wp-block-list\">\n<li><a href=\"https:\/\/tcmint.sharepoint.com\/:f:\/s\/students\/EuZigBW417RMkFyoB2t_z94BfM7VOAxIwDKKzFENVBgvYg\">Katalog kurz\u016f<\/a><\/li>\n\n\n\n<li><a href=\"#english-proficiency\">\u00darove\u0148 anglick\u00e9ho jazyka<\/a><\/li>\n<\/ul>\n\n\n\n<p>Z\u00e1jemci o z\u00edsk\u00e1n\u00ed titulu Master of Divinity (M.Div.) mus\u00ed prok\u00e1zat dostate\u010dnou \u00farove\u0148 angli\u010dtiny. Tato znalost zahrnuje schopnost \u010d\u00edst texty a projevovat se p\u00edsemn\u011b, v\u010detn\u011b diplomov\u00fdch prac\u00ed v angli\u010dtin\u011b. P\u0159ed p\u0159ijet\u00edm ke studiu je vy\u017eadov\u00e1n test z angli\u010dtiny. Studenti, kte\u0159\u00ed neprojdou testem, budou povinni absolvovat kurz RE 669 English Skills for Theological Studies, kter\u00fd jim pom\u016f\u017ee zlep\u0161it \u00farove\u0148 angli\u010dtiny. Dokud student nebude m\u00edt dostate\u010dnou \u00farove\u0148 angli\u010dtiny, m\u016f\u017ee mu b\u00fdt p\u0159id\u011blov\u00e1na dal\u0161\u00ed pr\u00e1ce.<\/p>\n<\/div><\/div>\n\n<\/div><\/div><style>.wp-block-kadence-advancedheading.kt-adv-heading818_e06414-48, .wp-block-kadence-advancedheading.kt-adv-heading818_e06414-48[data-kb-block=\"kb-adv-heading818_e06414-48\"]{font-style:normal;}.wp-block-kadence-advancedheading.kt-adv-heading818_e06414-48 mark.kt-highlight, .wp-block-kadence-advancedheading.kt-adv-heading818_e06414-48[data-kb-block=\"kb-adv-heading818_e06414-48\"] mark.kt-highlight{font-style:normal;color:#f76a0c;-webkit-box-decoration-break:clone;box-decoration-break:clone;padding-top:0px;padding-right:0px;padding-bottom:0px;padding-left:0px;}.wp-block-kadence-advancedheading.kt-adv-heading818_e06414-48 img.kb-inline-image, .wp-block-kadence-advancedheading.kt-adv-heading818_e06414-48[data-kb-block=\"kb-adv-heading818_e06414-48\"] img.kb-inline-image{width:150px;vertical-align:baseline;}<\/style>\n<h2 class=\"kt-adv-heading818_e06414-48 wp-block-kadence-advancedheading\" data-kb-block=\"kb-adv-heading818_e06414-48\">Po\u017eadovan\u00e9 osnovy dle c\u00edl\u016f Master of Divinity<\/h2>\n<style>.kb-row-layout-id818_a61461-3b > .kt-row-column-wrap{align-content:start;}:where(.kb-row-layout-id818_a61461-3b > .kt-row-column-wrap) > .wp-block-kadence-column{justify-content:start;}.kb-row-layout-id818_a61461-3b > .kt-row-column-wrap{column-gap:var(--global-kb-gap-md, 2rem);row-gap:var(--global-kb-gap-md, 2rem);padding-top:var(--global-kb-spacing-sm, 1.5rem);padding-bottom:var(--global-kb-spacing-sm, 1.5rem);grid-template-columns:repeat(2, minmax(0, 1fr));}.kb-row-layout-id818_a61461-3b > .kt-row-layout-overlay{opacity:0.30;}@media all and (max-width: 1024px){.kb-row-layout-id818_a61461-3b > .kt-row-column-wrap{grid-template-columns:repeat(2, minmax(0, 1fr));}}@media all and (max-width: 767px){.kb-row-layout-id818_a61461-3b > .kt-row-column-wrap{grid-template-columns:minmax(0, 1fr);}}<\/style><div class=\"kb-row-layout-wrap kb-row-layout-id818_a61461-3b alignnone wp-block-kadence-rowlayout\"><div class=\"kt-row-column-wrap kt-has-2-columns kt-row-layout-equal kt-tab-layout-inherit kt-mobile-layout-row kt-row-valign-top\">\n<style>.kadence-column818_87efda-f6 > .kt-inside-inner-col,.kadence-column818_87efda-f6 > .kt-inside-inner-col:before{border-top-left-radius:0px;border-top-right-radius:0px;border-bottom-right-radius:0px;border-bottom-left-radius:0px;}.kadence-column818_87efda-f6 > .kt-inside-inner-col{column-gap:var(--global-kb-gap-sm, 1rem);}.kadence-column818_87efda-f6 > .kt-inside-inner-col{flex-direction:column;}.kadence-column818_87efda-f6 > .kt-inside-inner-col > .aligncenter{width:100%;}.kadence-column818_87efda-f6 > .kt-inside-inner-col:before{opacity:0.3;}.kadence-column818_87efda-f6{position:relative;}@media all and (max-width: 1024px){.kadence-column818_87efda-f6 > .kt-inside-inner-col{flex-direction:column;justify-content:center;}}@media all and (max-width: 767px){.kadence-column818_87efda-f6 > .kt-inside-inner-col{flex-direction:column;justify-content:center;}}<\/style>\n<div class=\"wp-block-kadence-column kadence-column818_87efda-f6 inner-column-1\"><div class=\"kt-inside-inner-col\">\n<p><strong>1. Vytvo\u0159\u00ed, rozvine a zavede u\u010dednick\u00fd program v c\u00edrkvi (12 kredit\u016f)<\/strong><\/p>\n\n\n\n<ul class=\"wp-block-list\">\n<li>PT 750 U\u010dednictv\u00ed v ran\u00e9 c\u00edrkvi<\/li>\n\n\n\n<li>PT 760 U\u010dednictv\u00ed ve st\u0159edov\u011bku<\/li>\n\n\n\n<li>PT 770 U\u010dednictv\u00ed v 16. \u2013 17. stolet\u00ed nebo PT 775 Sou\u010dasn\u00e9 probl\u00e9my v u\u010dednictv\u00ed<\/li>\n\n\n\n<li>RE 701 Integrovan\u00e1 reflexe \u2013 projekt na z\u00e1klad\u011b vlastn\u00ed slu\u017eby<\/li>\n<\/ul>\n<\/div><\/div>\n\n\n<style>.kadence-column818_af7114-43 > .kt-inside-inner-col,.kadence-column818_af7114-43 > .kt-inside-inner-col:before{border-top-left-radius:0px;border-top-right-radius:0px;border-bottom-right-radius:0px;border-bottom-left-radius:0px;}.kadence-column818_af7114-43 > .kt-inside-inner-col{column-gap:var(--global-kb-gap-sm, 1rem);}.kadence-column818_af7114-43 > .kt-inside-inner-col{flex-direction:column;}.kadence-column818_af7114-43 > .kt-inside-inner-col > .aligncenter{width:100%;}.kadence-column818_af7114-43 > .kt-inside-inner-col:before{opacity:0.3;}.kadence-column818_af7114-43{position:relative;}@media all and (max-width: 1024px){.kadence-column818_af7114-43 > .kt-inside-inner-col{flex-direction:column;justify-content:center;}}@media all and (max-width: 767px){.kadence-column818_af7114-43 > .kt-inside-inner-col{flex-direction:column;justify-content:center;}}<\/style>\n<div class=\"wp-block-kadence-column kadence-column818_af7114-43 inner-column-2\"><div class=\"kt-inside-inner-col\">\n<p><strong>2. Bude uplat\u0148ovat biblick\u00e9 a teologick\u00e9 studium se zam\u011b\u0159en\u00edm na biblick\u00e9 jazyky a angli\u010dtinu (21 kredit\u016f)<\/strong><\/p>\n\n\n\n<ul class=\"wp-block-list\">\n<li>BS 730 \u0158e\u010dtina 1<\/li>\n\n\n\n<li>BS 732 \u0158e\u010dtina 2<\/li>\n\n\n\n<li>BS 710 Hebrej\u0161tina 1<\/li>\n\n\n\n<li>BS 712 Hebrej\u0161tina 2<\/li>\n\n\n\n<li>BS 700 Pokro\u010dil\u00e1 hermeneutika<\/li>\n\n\n\n<li>2 kurzy BS Exegeze<\/li>\n<\/ul>\n<\/div><\/div>\n\n<\/div><\/div><style>.kb-row-layout-id818_6b4d95-cf > .kt-row-column-wrap{align-content:start;}:where(.kb-row-layout-id818_6b4d95-cf > .kt-row-column-wrap) > .wp-block-kadence-column{justify-content:start;}.kb-row-layout-id818_6b4d95-cf > .kt-row-column-wrap{column-gap:var(--global-kb-gap-md, 2rem);row-gap:var(--global-kb-gap-md, 2rem);padding-top:var(--global-kb-spacing-sm, 1.5rem);padding-bottom:var(--global-kb-spacing-sm, 1.5rem);grid-template-columns:repeat(2, minmax(0, 1fr));}.kb-row-layout-id818_6b4d95-cf > .kt-row-layout-overlay{opacity:0.30;}@media all and (max-width: 1024px){.kb-row-layout-id818_6b4d95-cf > .kt-row-column-wrap{grid-template-columns:repeat(2, minmax(0, 1fr));}}@media all and (max-width: 767px){.kb-row-layout-id818_6b4d95-cf > .kt-row-column-wrap{grid-template-columns:minmax(0, 1fr);}}<\/style><div class=\"kb-row-layout-wrap kb-row-layout-id818_6b4d95-cf alignnone wp-block-kadence-rowlayout\"><div class=\"kt-row-column-wrap kt-has-2-columns kt-row-layout-equal kt-tab-layout-inherit kt-mobile-layout-row kt-row-valign-top\">\n<style>.kadence-column818_ee82ff-6c > .kt-inside-inner-col,.kadence-column818_ee82ff-6c > .kt-inside-inner-col:before{border-top-left-radius:0px;border-top-right-radius:0px;border-bottom-right-radius:0px;border-bottom-left-radius:0px;}.kadence-column818_ee82ff-6c > .kt-inside-inner-col{column-gap:var(--global-kb-gap-sm, 1rem);}.kadence-column818_ee82ff-6c > .kt-inside-inner-col{flex-direction:column;}.kadence-column818_ee82ff-6c > .kt-inside-inner-col > .aligncenter{width:100%;}.kadence-column818_ee82ff-6c > .kt-inside-inner-col:before{opacity:0.3;}.kadence-column818_ee82ff-6c{position:relative;}@media all and (max-width: 1024px){.kadence-column818_ee82ff-6c > .kt-inside-inner-col{flex-direction:column;justify-content:center;}}@media all and (max-width: 767px){.kadence-column818_ee82ff-6c > .kt-inside-inner-col{flex-direction:column;justify-content:center;}}<\/style>\n<div class=\"wp-block-kadence-column kadence-column818_ee82ff-6c inner-column-1\"><div class=\"kt-inside-inner-col\">\n<p><strong>3. Bude se pod\u00edlet na pastora\u010dn\u00ed p\u00e9\u010di v prost\u0159ed\u00ed c\u00edrkve (21 kredit\u016f)<\/strong><\/p>\n\n\n\n<ul class=\"wp-block-list\">\n<li>CN 662 Praktick\u00e9 pastora\u010dn\u00ed poradenstv\u00ed<\/li>\n\n\n\n<li>CN \/ TH 605 Pastora\u010dn\u00ed etika<\/li>\n\n\n\n<li>CN 799a Pastora\u010dn\u00ed poradenstv\u00ed: Man\u017eelstv\u00ed a rodina<\/li>\n\n\n\n<li>CN 799b Pastora\u010dn\u00ed poradenstv\u00ed: K\u0159ehkost \u017eivota<\/li>\n\n\n\n<li>CN 799c Pastora\u010dn\u00ed poradenstv\u00ed: \u017divot vyveden\u00fd z rovnov\u00e1hy<\/li>\n\n\n\n<li>OL 712 Prom\u011b\u0148uj\u00edc\u00ed veden\u00ed<\/li>\n\n\n\n<li>PT 780 Semin\u00e1\u0159 praktick\u00e9 slu\u017eby<\/li>\n<\/ul>\n<\/div><\/div>\n\n\n<style>.kadence-column818_8e0866-03 > .kt-inside-inner-col,.kadence-column818_8e0866-03 > .kt-inside-inner-col:before{border-top-left-radius:0px;border-top-right-radius:0px;border-bottom-right-radius:0px;border-bottom-left-radius:0px;}.kadence-column818_8e0866-03 > .kt-inside-inner-col{column-gap:var(--global-kb-gap-sm, 1rem);}.kadence-column818_8e0866-03 > .kt-inside-inner-col{flex-direction:column;}.kadence-column818_8e0866-03 > .kt-inside-inner-col > .aligncenter{width:100%;}.kadence-column818_8e0866-03 > .kt-inside-inner-col:before{opacity:0.3;}.kadence-column818_8e0866-03{position:relative;}@media all and (max-width: 1024px){.kadence-column818_8e0866-03 > .kt-inside-inner-col{flex-direction:column;justify-content:center;}}@media all and (max-width: 767px){.kadence-column818_8e0866-03 > .kt-inside-inner-col{flex-direction:column;justify-content:center;}}<\/style>\n<div class=\"wp-block-kadence-column kadence-column818_8e0866-03 inner-column-2\"><div class=\"kt-inside-inner-col\">\n<p><strong>4. Bude biblicky k\u00e1zat a vyu\u010dovat s ohledem na kontext dan\u00e9 c\u00edrkve (1 kredit)<\/strong><\/p>\n\n\n\n<ul class=\"wp-block-list\">\n<li>RE 600 Pokro\u010dil\u00fd v\u00fdzkum a psan\u00ed<\/li>\n\n\n\n<li>RE 705 M. Div. Diplomov\u00e1 pr\u00e1ce<\/li>\n\n\n\n<li>BS \/ PT 722 Pokro\u010dil\u00e1 homiletika<\/li>\n\n\n\n<li>PT 634 Sou\u010dasn\u00e9 probl\u00e9my v mezikulturn\u00edch studi\u00edch<\/li>\n<\/ul>\n<\/div><\/div>\n\n<\/div><\/div>\n<p><strong>5. Specializovat se na vybranou oblast zam\u011b\u0159en\u00ed nebo z\u00edskat odborn\u00e9 znalosti v r\u016fzn\u00fdch oblastech ve voliteln\u00fdch p\u0159edm\u011btech (18 kreditn\u00edch hodin).<\/strong><\/p>\n\n<h3 class=\"wp-block-heading\" id=\"english-proficiency\">Po\u017eadavky na p\u0159ijet\u00ed do programu Master of Divinity (M.Div.)<\/h3>\n\n<p>Uchaze\u010di o titul Master of Divinity (M.Div.) mus\u00ed prok\u00e1zat dobrou \u00farove\u0148 znalost\u00ed angli\u010dtiny jednou z n\u00ed\u017ee uveden\u00fdch mo\u017enost\u00ed:<\/p>\n\n<ul class=\"wp-block-list\">\n<li>Dolo\u017een\u00edm v\u00fdsledk\u016f testu TOEFL (minim\u00e1ln\u00ed sk\u00f3re 570 bod\u016f) nebo TOEFL iBT (88)<\/li>\n\n\n\n<li>Dolo\u017een\u00edm v\u00fdsledk\u016f testu IELTS (sk\u00f3re 6,5)<\/li>\n\n\n\n<li>Dolo\u017een\u00edm alespo\u0148 jednoho kurzu TCM, kter\u00fd student \u00fasp\u011b\u0161n\u011b absolvoval v angli\u010dtin\u011b (\u010dten\u00ed, \u00fakoly a p\u0159edn\u00e1\u0161ky pln\u011b v angli\u010dtin\u011b).<\/li>\n\n\n\n<li>Dolo\u017een\u00edm \u00fasp\u011b\u0161n\u00e9ho absolvov\u00e1n\u00ed jednoho kurzu Praktick\u00e9 teologie (PT) v angli\u010dtin\u011b (\u010dten\u00ed, \u00fakoly a p\u0159edn\u00e1\u0161ky pln\u011b v angli\u010dtin\u011b).<\/li>\n\n\n\n<li>Dolo\u017een\u00edm \u00fasp\u011b\u0161n\u00e9ho absolvov\u00e1n\u00ed kurzu PT 569 English Skills for Theological Studies. Po absolvov\u00e1n\u00ed tohoto kurzu bude stanovena \u00farove\u0148 kompetenc\u00ed studenta v angli\u010dtin\u011b, na z\u00e1klad\u011b kter\u00e9 bude student bu\u010f doporu\u010den ke studiu programu M.Div., nebo sm\u011b\u0159ov\u00e1n ke zlep\u0161en\u00ed \u00farovn\u011b angli\u010dtiny.<\/li>\n<\/ul>\n\n<h3 class=\"wp-block-heading\">Uzn\u00e1n\u00ed kredit\u016f<\/h3>\n\n<p>Student p\u0159ijat\u00fd do programu Master of Divnity, kter\u00fd p\u0159edt\u00edm studoval biblistiku\/teologii, m\u016f\u017ee za\u017e\u00e1dat o uzn\u00e1n\u00ed a\u017e 18 kredit\u016f. T\u00edm m\u016f\u017ee sn\u00ed\u017eit po\u017eadovan\u00fd po\u010det z 84 kredit\u016f a\u017e na 66.<\/p>\n\n<p>Chcete-li po\u017e\u00e1dat o uzn\u00e1n\u00ed kredit\u016f, kontaktujte n\u00e1s na e-mailu registrar@tcmi.edu nebo admissions@tcmi.edu. Tyto \u017e\u00e1dosti jsou posuzov\u00e1ny p\u0159ij\u00edmac\u00ed komis\u00ed. Komise p\u0159ezkoum\u00e1 studentovu p\u0159\u00edlohu k diplomu (v\u00fdpis), shrom\u00e1\u017ed\u00ed pot\u0159ebn\u00e9 informace a ur\u010d\u00ed, kter\u00e9 p\u0159edm\u011bty spl\u0148uj\u00ed po\u017eadavky na uzn\u00e1n\u00ed kredit\u016f.<\/p>\n\n<p>Kurzy zva\u017eovan\u00e9 pro uzn\u00e1n\u00ed kreditu mus\u00ed spl\u0148ovat n\u00e1sleduj\u00edc\u00ed po\u017eadavky:<\/p>\n\n<ul class=\"wp-block-list\">\n<li>Prosp\u011bch B nebo vy\u0161\u0161\u00ed<\/li>\n\n\n\n<li>Ekvivalence: p\u0159edm\u011bt spl\u0148uje po\u017eadavky a c\u00edle kurzu TCM<\/li>\n\n\n\n<li>P\u0159edm\u011bt byl absolvov\u00e1n na akreditovan\u00e9 instituci, ze kter\u00e9 TCM p\u0159ij\u00edm\u00e1 kredity<\/li>\n\n\n\n<li>Dal\u0161\u00ed krit\u00e9ria stanoven\u00e1 p\u0159ij\u00edmac\u00ed komis\u00ed pro konkr\u00e9tn\u00ed kurz<\/li>\n\n\n\n<li>V dob\u011b p\u0159ijet\u00ed na TCM m\u016f\u017ee b\u00fdt kredit maxim\u00e1ln\u011b deset let star\u00fd<\/li>\n\n\n\n<li>Kurzy \u0159e\u010dtiny nebo hebrej\u0161tiny mohou b\u00fdt v dob\u011b p\u0159ijet\u00ed na TCM maxim\u00e1ln\u011b dva roky star\u00e9.<\/li>\n<\/ul>\n","protected":false},"excerpt":{"rendered":"<p>Pro absolvov\u00e1n\u00ed programu Master of Divnity je t\u0159eba splnit 84 kredit\u016f. Smyslem tohoto studijn\u00edho programu je d\u00e1le zlep\u0161ovat dovednosti pro slu\u017ebu kazatel\u016f na pln\u00fd \u00favazek, k\u0159es\u0165ansk\u00fdch vedouc\u00edch p\u0159ev\u00e1\u017en\u011b v c\u00edrkvi; je ur\u010den i pro studenty, kte\u0159\u00ed hledaj\u00ed mo\u017enost pokro\u010dil\u00e9ho studia, \u010dasto za \u00fa\u010delem zam\u011bstn\u00e1n\u00ed v oblasti vysoko\u0161kolsk\u00e9ho vzd\u011bl\u00e1v\u00e1n\u00ed. C\u00edle titulu Student bude po absolvov\u00e1n\u00ed programu&#8230;<\/p>\n","protected":false},"author":1,"featured_media":7733,"parent":10574,"menu_order":3,"comment_status":"open","ping_status":"closed","template":"","meta":{"_acf_changed":false,"_kad_blocks_custom_css":"","_kad_blocks_head_custom_js":"","_kad_blocks_body_custom_js":"","_kad_blocks_footer_custom_js":"","_kad_post_transparent":"","_kad_post_title":"","_kad_post_layout":"","_kad_post_sidebar_id":"","_kad_post_content_style":"","_kad_post_vertical_padding":"","_kad_post_feature":"","_kad_post_feature_position":"","_kad_post_header":false,"_kad_post_footer":false,"_kad_post_classname":"","footnotes":""},"page_category":[],"class_list":["post-11052","page","type-page","status-publish","has-post-thumbnail","hentry"],"acf":[],"taxonomy_info":[],"featured_image_src_large":["https:\/\/tcmi.edu\/wp-content\/uploads\/2021\/02\/Student-Photo-1024x683.jpg",1024,683,true],"author_info":{"display_name":"Kaleb Heitzman","author_link":"https:\/\/tcmi.edu\/cs\/author\/developer\/"},"comment_info":"","_links":{"self":[{"href":"https:\/\/tcmi.edu\/cs\/wp-json\/wp\/v2\/pages\/11052","targetHints":{"allow":["GET"]}}],"collection":[{"href":"https:\/\/tcmi.edu\/cs\/wp-json\/wp\/v2\/pages"}],"about":[{"href":"https:\/\/tcmi.edu\/cs\/wp-json\/wp\/v2\/types\/page"}],"author":[{"embeddable":true,"href":"https:\/\/tcmi.edu\/cs\/wp-json\/wp\/v2\/users\/1"}],"replies":[{"embeddable":true,"href":"https:\/\/tcmi.edu\/cs\/wp-json\/wp\/v2\/comments?post=11052"}],"version-history":[{"count":27,"href":"https:\/\/tcmi.edu\/cs\/wp-json\/wp\/v2\/pages\/11052\/revisions"}],"predecessor-version":[{"id":41569,"href":"https:\/\/tcmi.edu\/cs\/wp-json\/wp\/v2\/pages\/11052\/revisions\/41569"}],"up":[{"embeddable":true,"href":"https:\/\/tcmi.edu\/cs\/wp-json\/wp\/v2\/pages\/10574"}],"wp:featuredmedia":[{"embeddable":true,"href":"https:\/\/tcmi.edu\/cs\/wp-json\/wp\/v2\/media\/7733"}],"wp:attachment":[{"href":"https:\/\/tcmi.edu\/cs\/wp-json\/wp\/v2\/media?parent=11052"}],"wp:term":[{"taxonomy":"page_category","embeddable":true,"href":"https:\/\/tcmi.edu\/cs\/wp-json\/wp\/v2\/page_category?post=11052"}],"curies":[{"name":"wp","href":"https:\/\/api.w.org\/{rel}","templated":true}]}}