{"id":11023,"date":"2014-07-09T14:04:47","date_gmt":"2014-07-09T18:04:47","guid":{"rendered":"https:\/\/tcmi.edu\/vstupne\/"},"modified":"2021-11-18T13:39:22","modified_gmt":"2021-11-18T18:39:22","slug":"uchazeci","status":"publish","type":"page","link":"https:\/\/tcmi.edu\/cs\/uchazeci\/","title":{"rendered":"Uchaze\u010di"},"content":{"rendered":"\n<p id=\"learn-more\">V\u00edtejte na TCM!<\/p>\n\n<p>T\u011b\u0161\u00ed n\u00e1s, \u017ee m\u00e1te z\u00e1jem st\u00e1t se studentem na TCMI.<\/p>\n\n<p>Ne\u017e zah\u00e1j\u00edte p\u0159ihla\u0161ovac\u00ed proces, mohlo by v\u00e1m pomoci p\u0159e\u010d\u00edst si n\u00ed\u017ee uveden\u00e9 dokumenty. Tyto dokumenty V\u00e1m pomohou rozhodnout se, zda se na TCMI p\u0159ihl\u00e1sit.<\/p>\n\n<ol class=\"wp-block-list\"><li>Studijn\u00ed pl\u00e1n pro tento rok je dostupn\u00fd v aktu\u00e1ln\u00ed verzi katalogu pro tento rok. <a href=\"https:\/\/tcmi.edu\/students\/catalog\/\">Zde je dostupn\u00fd<\/a><\/li><li>Pro v\u00edce informac\u00ed ohledn\u011b z\u00e1sad a postp\u016f TCMI si p\u0159e\u010dt\u011bte <a href=\"https:\/\/tcmi.edu\/cs\/studenti\/prirucky\/\">P\u0159\u00edru\u010dku studenta<\/a><\/li><\/ol>\n\n<p>Ka\u017ed\u00fd uchaze\u010d mus\u00ed m\u00edt p\u0159\u00edstup k e-mailu a internetu a b\u00fdt zapojen v relevantn\u00ed k\u0159es\u0165ansk\u00e9 slu\u017eb\u011b.<\/p>\n\n<p>TCM nab\u00edz\u00ed n\u00e1sleduj\u00edc\u00ed programy:<\/p>\n\n<ul class=\"wp-block-list\"><li>\n          <a href=\"https:\/\/tcmi.edu\/cs\/programy\/certifikat\/\" data-type=\"page\" data-id=\"820\">Certifik\u00e1t<\/a>\n        <\/li><li>\n          <a href=\"https:\/\/tcmi.edu\/cs\/programy\/certifikat\/\" data-type=\"page\" data-id=\"820\">Certifik\u00e1t se zam\u011b\u0159en\u00edm na u\u010dednictv\u00ed<\/a>\n        <\/li><li>\n          <a href=\"https:\/\/tcmi.edu\/cs\/programy\/master-of-arts\/\" data-type=\"page\" data-id=\"815\">Titul Master of Arts<\/a>\n        <\/li><li>\n          <a href=\"https:\/\/tcmi.edu\/cs\/programy\/master-of-divnity\/\" data-type=\"page\" data-id=\"818\">Titul Master of Divinity<\/a>\n        <\/li><\/ul>\n\n<p>Popis p\u0159ihla\u0161ovac\u00edho procesu<\/p>\n\n<ol class=\"wp-block-list\"><li>Uchaze\u010d p\u0159edlo\u017e\u00ed \u017e\u00e1dost kliknut\u00edm na <em><a href=\"https:\/\/tcmi.edu\/admissions\/apply\/\" data-type=\"page\" data-id=\"6172\">P\u0159ihlasit se<\/a><\/em>.<\/li><li>\u017dadatel vypln\u00ed a ode\u0161el novou \u017e\u00e1dost z nab\u00eddky \u017e\u00e1dost\u00ed.<\/li><li>\u017d\u00e1dost je posouzena v souladu s platn\u00fdmi po\u017eadavky. Pokud nebude \u017e\u00e1dost kompletn\u00ed, bude uchaze\u010d po\u017e\u00e1d\u00e1n, aby ji zaslal znovu.<\/li><li>Je-li \u017e\u00e1dost v po\u0159\u00e1dku, je vygenerov\u00e1n automatick\u00fd e-mail pastorovi a m\u00edstn\u00edmu z\u00e1stupci (ur\u010deni TCMI) s prosbou o doporu\u010den\u00ed \u017eadatele. M\u00edstn\u00ed z\u00e1stupce je pracovn\u00edkem TCM a je mo\u017en\u00e9, \u017ee popros\u00ed uchaze\u010de o kr\u00e1tk\u00fd pohovor.<\/li><li>Pot\u00e9, co je obdr\u017eena \u017e\u00e1dost, doporu\u010den\u00ed pastora a doporu\u010den\u00ed m\u00edstn\u00edho z\u00e1stupce, p\u0159ij\u00edmac\u00ed kancel\u00e1\u0159 p\u0159epo\u0161le v\u0161echny p\u0159\u00edslu\u0161n\u00e9 dokumenty p\u0159ij\u00edmac\u00ed komisi k p\u0159ezkoum\u00e1n\u00ed.<\/li><li>P\u0159ij\u00edmac\u00ed komise rozhodne o p\u0159ijet\u00ed uchaze\u010de.<\/li><li>P\u0159ij\u00edmac\u00ed komise za\u0161le uchaze\u010di rozhodnut\u00ed o p\u0159ijet\u00ed \u010di nep\u0159ijet\u00ed.<\/li><\/ol>\n","protected":false},"excerpt":{"rendered":"<p>V\u00edtejte na TCM! T\u011b\u0161\u00ed n\u00e1s, \u017ee m\u00e1te z\u00e1jem st\u00e1t se studentem na TCMI. Ne\u017e zah\u00e1j\u00edte p\u0159ihla\u0161ovac\u00ed proces, mohlo by v\u00e1m pomoci p\u0159e\u010d\u00edst si n\u00ed\u017ee uveden\u00e9 dokumenty. Tyto dokumenty V\u00e1m pomohou rozhodnout se, zda se na TCMI p\u0159ihl\u00e1sit. Studijn\u00ed pl\u00e1n pro tento rok je dostupn\u00fd v aktu\u00e1ln\u00ed verzi katalogu pro tento rok. Zde je dostupn\u00fd Pro&#8230;<\/p>\n","protected":false},"author":1,"featured_media":7737,"parent":0,"menu_order":0,"comment_status":"open","ping_status":"open","template":"","meta":{"_acf_changed":false,"_kad_blocks_custom_css":"","_kad_blocks_head_custom_js":"","_kad_blocks_body_custom_js":"","_kad_blocks_footer_custom_js":"","_kad_post_transparent":"","_kad_post_title":"hide","_kad_post_layout":"","_kad_post_sidebar_id":"","_kad_post_content_style":"","_kad_post_vertical_padding":"","_kad_post_feature":"","_kad_post_feature_position":"","_kad_post_header":false,"_kad_post_footer":false,"_kad_post_classname":"","footnotes":""},"page_category":[211],"class_list":["post-11023","page","type-page","status-publish","has-post-thumbnail","hentry","page_category-admissions-page-cs"],"acf":[],"taxonomy_info":{"page_category":[{"value":211,"label":"admissions-page"}]},"featured_image_src_large":["https:\/\/tcmi.edu\/wp-content\/uploads\/2021\/02\/IMG_0043-1-e1613334045833-1024x535.jpg",1024,535,true],"author_info":{"display_name":"Kaleb Heitzman","author_link":"https:\/\/tcmi.edu\/cs\/author\/developer\/"},"comment_info":"","_links":{"self":[{"href":"https:\/\/tcmi.edu\/cs\/wp-json\/wp\/v2\/pages\/11023","targetHints":{"allow":["GET"]}}],"collection":[{"href":"https:\/\/tcmi.edu\/cs\/wp-json\/wp\/v2\/pages"}],"about":[{"href":"https:\/\/tcmi.edu\/cs\/wp-json\/wp\/v2\/types\/page"}],"author":[{"embeddable":true,"href":"https:\/\/tcmi.edu\/cs\/wp-json\/wp\/v2\/users\/1"}],"replies":[{"embeddable":true,"href":"https:\/\/tcmi.edu\/cs\/wp-json\/wp\/v2\/comments?post=11023"}],"version-history":[{"count":28,"href":"https:\/\/tcmi.edu\/cs\/wp-json\/wp\/v2\/pages\/11023\/revisions"}],"predecessor-version":[{"id":31812,"href":"https:\/\/tcmi.edu\/cs\/wp-json\/wp\/v2\/pages\/11023\/revisions\/31812"}],"wp:featuredmedia":[{"embeddable":true,"href":"https:\/\/tcmi.edu\/cs\/wp-json\/wp\/v2\/media\/7737"}],"wp:attachment":[{"href":"https:\/\/tcmi.edu\/cs\/wp-json\/wp\/v2\/media?parent=11023"}],"wp:term":[{"taxonomy":"page_category","embeddable":true,"href":"https:\/\/tcmi.edu\/cs\/wp-json\/wp\/v2\/page_category?post=11023"}],"curies":[{"name":"wp","href":"https:\/\/api.w.org\/{rel}","templated":true}]}}