{"id":11019,"date":"2013-11-07T02:30:31","date_gmt":"2013-11-07T07:30:31","guid":{"rendered":"https:\/\/tcmi.edu\/o-nas\/pridruzeni\/"},"modified":"2021-08-06T22:06:42","modified_gmt":"2021-08-07T02:06:42","slug":"spoluprace","status":"publish","type":"page","link":"https:\/\/tcmi.edu\/cs\/o-nas\/spoluprace\/","title":{"rendered":"Spolupr\u00e1ce"},"content":{"rendered":"\n<h3 class=\"wp-block-heading\">Centrul De Teologie Baptista Bucuresti<\/h3>\n\n<p>TCM International Institute je ofici\u00e1ln\u00edm partnerem Centrul De Teologie Baptista Bucuresti. Toto partnerstv\u00ed poskytuje absolvent\u016fm TCMII p\u0159\u00edle\u017eitost studovat Ph.D. program na univerzit\u011b University of Bucharest pod fakultou Baptist Faculty of Theology a TCM International Institute faculty.<\/p>\n\n<h3 class=\"wp-block-heading\">Council for Higher Education Accreditation, CHEA International Quality Group<\/h3>\n\n<p><br\/>TCM International Institute je \u010dlenskou instituc\u00ed The Council for Higher Education Accreditation (CHEA) a je \u010dlenem jej\u00ed skupiny CHEA International Quality Group (CIQG).<\/p>\n\n<h3 class=\"wp-block-heading\">Euro-Asian Accrediting Association<a href=\"wp-content\/uploads\/2018\/09\/EAAA_logo-e1538059268757.png\"><\/a><\/h3>\n\n<p>TCM International Institute je \u0159\u00e1dn\u00fdm \u010dlenem Euro-asijsk\u00e9 akredita\u010dn\u00ed asociace (EAAA).<\/p>\n\n<h3 class=\"wp-block-heading\">Johnson University<\/h3>\n\n<p>TCMII se p\u0159ipojil ke sdru\u017een\u00ed fakult s n\u00e1zvem Center for Global Studies, kter\u00e9 nab\u00edz\u00ed programy PhD v oblasti veden\u00ed (Leadership Studies). PhD program je sou\u010d\u00e1st\u00ed <a href=\"http:\/\/www.johnsonu.edu\/Academics\/PhD.aspx\">Johnson University<\/a> a je akreditov\u00e1n prost\u0159ednictv\u00edm asociace Southern Association of Colleges and Schools v USA.<\/p>\n\n<h3 class=\"wp-block-heading\">European Evangelical Accrediting Association<\/h3>\n\n<p>TCMII je \u010dlenem asociace Euro-Asian Accrediting Association (EAAA).<\/p>\n\n<h3 class=\"wp-block-heading\">Evangelical Council for Financial Accountability<\/h3>\n\n<p>TCM Internation Institute je zakl\u00e1daj\u00edc\u00edm \u010dlenem Evangelik\u00e1ln\u00ed rady pro finan\u010dn\u00ed odpov\u011bdnost<\/p>\n\n<h3 class=\"wp-block-heading\">Internationale Akademie f\u00fcr die Weiterbildung von Letungskr\u00e4ften<\/h3>\n\n<p>TCMII je se v\u0161emi sv\u00fdmi aktivitami organizac\u00ed (Verein) registrovanou v Rakousku pod jm\u00e9nem Internationale Akademie f\u00fcr die Weiterbildung von Letungskr\u00e4ften.<\/p>\n\n<h3 class=\"wp-block-heading\">\u00d6sterreichische Evangelische Allianz<\/h3>\n\n<p>TCMII je zakl\u00e1daj\u00edc\u00edm \u010dlenem \u2013 \u00d6EA (Rakousk\u00e1 evangelik\u00e1ln\u00ed aliance). \u00d6EA je sou\u010d\u00e1st\u00ed sv\u011btov\u00e9 evangelik\u00e1ln\u00ed aliance.<\/p>\n\n<h3 class=\"wp-block-heading\">The Institute for the Study of Christian Origins<a href=\"https:\/\/eesinc.org\/\"><\/a><\/h3>\n\n<p>TCM International Institute spolupracuje s Evropskou evangeliza\u010dn\u00ed spole\u010dnost\u00ed p\u0159i poskytov\u00e1n\u00ed p\u0159\u00edle\u017eitost\u00ed k v\u00fdzkumu a studiu na univerzit\u011b v T\u00fcbingenu.<\/p>\n","protected":false},"excerpt":{"rendered":"<p>Centrul De Teologie Baptista Bucuresti TCM International Institute je ofici\u00e1ln\u00edm partnerem Centrul De Teologie Baptista Bucuresti. Toto partnerstv\u00ed poskytuje absolvent\u016fm TCMII p\u0159\u00edle\u017eitost studovat Ph.D. program na univerzit\u011b University of Bucharest pod fakultou Baptist Faculty of Theology a TCM International Institute faculty. Council for Higher Education Accreditation, CHEA International Quality Group TCM International Institute je \u010dlenskou&#8230;<\/p>\n","protected":false},"author":1,"featured_media":83,"parent":10463,"menu_order":20,"comment_status":"closed","ping_status":"closed","template":"","meta":{"_acf_changed":false,"_kad_blocks_custom_css":"","_kad_blocks_head_custom_js":"","_kad_blocks_body_custom_js":"","_kad_blocks_footer_custom_js":"","_kad_post_transparent":"","_kad_post_title":"","_kad_post_layout":"","_kad_post_sidebar_id":"","_kad_post_content_style":"","_kad_post_vertical_padding":"","_kad_post_feature":"","_kad_post_feature_position":"","_kad_post_header":false,"_kad_post_footer":false,"_kad_post_classname":"","footnotes":""},"page_category":[],"class_list":["post-11019","page","type-page","status-publish","has-post-thumbnail","hentry"],"acf":[],"taxonomy_info":[],"featured_image_src_large":["https:\/\/tcmi.edu\/wp-content\/uploads\/2020\/07\/adult-blur-business-close-up-239548-scaled-1024x683.jpg",1024,683,true],"author_info":{"display_name":"Kaleb Heitzman","author_link":"https:\/\/tcmi.edu\/cs\/author\/developer\/"},"comment_info":"","_links":{"self":[{"href":"https:\/\/tcmi.edu\/cs\/wp-json\/wp\/v2\/pages\/11019","targetHints":{"allow":["GET"]}}],"collection":[{"href":"https:\/\/tcmi.edu\/cs\/wp-json\/wp\/v2\/pages"}],"about":[{"href":"https:\/\/tcmi.edu\/cs\/wp-json\/wp\/v2\/types\/page"}],"author":[{"embeddable":true,"href":"https:\/\/tcmi.edu\/cs\/wp-json\/wp\/v2\/users\/1"}],"replies":[{"embeddable":true,"href":"https:\/\/tcmi.edu\/cs\/wp-json\/wp\/v2\/comments?post=11019"}],"version-history":[{"count":9,"href":"https:\/\/tcmi.edu\/cs\/wp-json\/wp\/v2\/pages\/11019\/revisions"}],"predecessor-version":[{"id":12526,"href":"https:\/\/tcmi.edu\/cs\/wp-json\/wp\/v2\/pages\/11019\/revisions\/12526"}],"up":[{"embeddable":true,"href":"https:\/\/tcmi.edu\/cs\/wp-json\/wp\/v2\/pages\/10463"}],"wp:featuredmedia":[{"embeddable":true,"href":"https:\/\/tcmi.edu\/cs\/wp-json\/wp\/v2\/media\/83"}],"wp:attachment":[{"href":"https:\/\/tcmi.edu\/cs\/wp-json\/wp\/v2\/media?parent=11019"}],"wp:term":[{"taxonomy":"page_category","embeddable":true,"href":"https:\/\/tcmi.edu\/cs\/wp-json\/wp\/v2\/page_category?post=11019"}],"curies":[{"name":"wp","href":"https:\/\/api.w.org\/{rel}","templated":true}]}}