{"id":11006,"date":"2013-11-07T02:30:21","date_gmt":"2013-11-07T07:30:21","guid":{"rendered":"https:\/\/tcmi.edu\/o-nas\/akreditace\/"},"modified":"2021-08-06T22:06:42","modified_gmt":"2021-08-07T02:06:42","slug":"akreditace","status":"publish","type":"page","link":"https:\/\/tcmi.edu\/cs\/o-nas\/akreditace\/","title":{"rendered":"Akreditace"},"content":{"rendered":"<style>#kt-layout-id_8f2eca-9d > .kt-row-column-wrap{align-content:start;}:where(#kt-layout-id_8f2eca-9d > .kt-row-column-wrap) > .wp-block-kadence-column{justify-content:start;}#kt-layout-id_8f2eca-9d > .kt-row-column-wrap{column-gap:var(--global-kb-gap-md, 2rem);row-gap:var(--global-kb-gap-md, 2rem);padding-top:var( --global-kb-row-default-top, 25px );padding-bottom:var( --global-kb-row-default-bottom, 25px );padding-top:var(--global-kb-spacing-sm, 1.5rem);padding-bottom:var(--global-kb-spacing-sm, 1.5rem);grid-template-columns:repeat(2, minmax(0, 1fr));}#kt-layout-id_8f2eca-9d > .kt-row-layout-overlay{opacity:0.30;}@media all and (max-width: 1024px){#kt-layout-id_8f2eca-9d > .kt-row-column-wrap{grid-template-columns:repeat(2, minmax(0, 1fr));}}@media all and (max-width: 767px){#kt-layout-id_8f2eca-9d > .kt-row-column-wrap{grid-template-columns:minmax(0, 1fr);}}<\/style>\n<div class=\"wp-block-kadence-rowlayout alignnone\"><div id=\"kt-layout-id_8f2eca-9d\" class=\"kt-row-layout-inner kt-layout-id_8f2eca-9d\"><div class=\"kt-row-column-wrap kt-has-2-columns kt-gutter-default kt-v-gutter-default kt-row-valign-top kt-row-layout-equal kt-tab-layout-inherit kt-m-colapse-left-to-right kt-mobile-layout-row\"><style>.kadence-column_1ac83e-d3 > .kt-inside-inner-col{border-top-width:0px;border-right-width:0px;border-bottom-width:0px;border-left-width:0px;}.kadence-column_1ac83e-d3 > .kt-inside-inner-col,.kadence-column_1ac83e-d3 > .kt-inside-inner-col:before{border-top-left-radius:0px;border-top-right-radius:0px;border-bottom-right-radius:0px;border-bottom-left-radius:0px;}.kadence-column_1ac83e-d3 > .kt-inside-inner-col{column-gap:var(--global-kb-gap-sm, 1rem);}.kadence-column_1ac83e-d3 > .kt-inside-inner-col{flex-direction:column;}.kadence-column_1ac83e-d3 > .kt-inside-inner-col > .aligncenter{width:100%;}.kadence-column_1ac83e-d3 > .kt-inside-inner-col:before{opacity:0.3;}.kadence-column_1ac83e-d3{position:relative;}@media all and (max-width: 1024px){.kadence-column_1ac83e-d3 > .kt-inside-inner-col{flex-direction:column;justify-content:center;}}@media all and (max-width: 767px){.kadence-column_1ac83e-d3 > .kt-inside-inner-col{flex-direction:column;justify-content:center;}}<\/style>\n<div class=\"wp-block-kadence-column inner-column-1 kadence-column_1ac83e-d3\"><div class=\"kt-inside-inner-col\">\n<p>TCM International Institute je akreditov\u00e1n u komise Higher Learning Commission (<a rel=\"noreferrer noopener\" href=\"https:\/\/hlcommission.org\/\" target=\"_blank\"> hlcommission.org<\/a> ), region\u00e1ln\u00ed akredita\u010dn\u00ed agentury uznan\u00e9 americk\u00fdm ministerstvem \u0161kolstv\u00ed.<\/p>\n\n\n\n<figure><iframe loading=\"lazy\" src=\"https:\/\/cdn.yoshki.com\/iframe\/54732.html\" width=\"150\" height=\"166\"><\/iframe><\/figure>\n\n\n\n<ul class=\"wp-block-list\"><li>The Higher Learning Commission<\/li><li>230 South LaSalle Street, Suite 7-500, Chicago, Illinois 60604-1413<\/li><li>Telefon: 800.621.7440 \/ 312.263.0456. Fax: 312.263.7462. <a href=\"mailto:info@hlcommission.org\">info@hlcommission.org<\/a><\/li><\/ul>\n<\/div><\/div>\n\n\n<style>.kadence-column_529bb9-9c > .kt-inside-inner-col{border-top-width:0px;border-right-width:0px;border-bottom-width:0px;border-left-width:0px;}.kadence-column_529bb9-9c > .kt-inside-inner-col,.kadence-column_529bb9-9c > .kt-inside-inner-col:before{border-top-left-radius:0px;border-top-right-radius:0px;border-bottom-right-radius:0px;border-bottom-left-radius:0px;}.kadence-column_529bb9-9c > .kt-inside-inner-col{column-gap:var(--global-kb-gap-sm, 1rem);}.kadence-column_529bb9-9c > .kt-inside-inner-col{flex-direction:column;}.kadence-column_529bb9-9c > .kt-inside-inner-col > .aligncenter{width:100%;}.kadence-column_529bb9-9c > .kt-inside-inner-col:before{opacity:0.3;}.kadence-column_529bb9-9c{position:relative;}@media all and (max-width: 1024px){.kadence-column_529bb9-9c > .kt-inside-inner-col{flex-direction:column;justify-content:center;}}@media all and (max-width: 767px){.kadence-column_529bb9-9c > .kt-inside-inner-col{flex-direction:column;justify-content:center;}}<\/style>\n<div class=\"wp-block-kadence-column inner-column-2 kadence-column_529bb9-9c\"><div class=\"kt-inside-inner-col\">\n<p>Mezin\u00e1rodn\u00ed institut TCM byl schv\u00e1len k \u00fa\u010dasti v rad\u011b National Council for State Authorization Reciprocity Agreements.<\/p>\n\n\n\n<div class=\"wp-block-image\"><figure class=\"aligncenter size-large\"><img loading=\"lazy\" decoding=\"async\" width=\"160\" height=\"176\" src=\"https:\/\/tcmi.edu\/wp-content\/uploads\/2021\/02\/NC_SARA_Sealthumbnail.png\" alt=\"\" class=\"wp-image-8290\"\/><\/figure><\/div>\n<\/div><\/div>\n<\/div><\/div><\/div>\n","protected":false},"excerpt":{"rendered":"<p>TCM International Institute je akreditov\u00e1n u komise Higher Learning Commission ( hlcommission.org ), region\u00e1ln\u00ed akredita\u010dn\u00ed agentury uznan\u00e9 americk\u00fdm ministerstvem \u0161kolstv\u00ed. The Higher Learning Commission 230 South LaSalle Street, Suite 7-500, Chicago, Illinois 60604-1413 Telefon: 800.621.7440 \/ 312.263.0456. Fax: 312.263.7462. info@hlcommission.org Mezin\u00e1rodn\u00ed institut TCM byl schv\u00e1len k \u00fa\u010dasti v rad\u011b National Council for State Authorization Reciprocity&#8230;<\/p>\n","protected":false},"author":1,"featured_media":0,"parent":10463,"menu_order":10,"comment_status":"closed","ping_status":"closed","template":"","meta":{"_acf_changed":false,"_kad_blocks_custom_css":"","_kad_blocks_head_custom_js":"","_kad_blocks_body_custom_js":"","_kad_blocks_footer_custom_js":"","_kad_post_transparent":"","_kad_post_title":"","_kad_post_layout":"","_kad_post_sidebar_id":"","_kad_post_content_style":"","_kad_post_vertical_padding":"","_kad_post_feature":"","_kad_post_feature_position":"","_kad_post_header":false,"_kad_post_footer":false,"_kad_post_classname":"","footnotes":""},"page_category":[],"class_list":["post-11006","page","type-page","status-publish","hentry"],"acf":[],"taxonomy_info":[],"featured_image_src_large":false,"author_info":{"display_name":"Kaleb Heitzman","author_link":"https:\/\/tcmi.edu\/cs\/author\/developer\/"},"comment_info":"","_links":{"self":[{"href":"https:\/\/tcmi.edu\/cs\/wp-json\/wp\/v2\/pages\/11006","targetHints":{"allow":["GET"]}}],"collection":[{"href":"https:\/\/tcmi.edu\/cs\/wp-json\/wp\/v2\/pages"}],"about":[{"href":"https:\/\/tcmi.edu\/cs\/wp-json\/wp\/v2\/types\/page"}],"author":[{"embeddable":true,"href":"https:\/\/tcmi.edu\/cs\/wp-json\/wp\/v2\/users\/1"}],"replies":[{"embeddable":true,"href":"https:\/\/tcmi.edu\/cs\/wp-json\/wp\/v2\/comments?post=11006"}],"version-history":[{"count":9,"href":"https:\/\/tcmi.edu\/cs\/wp-json\/wp\/v2\/pages\/11006\/revisions"}],"predecessor-version":[{"id":12528,"href":"https:\/\/tcmi.edu\/cs\/wp-json\/wp\/v2\/pages\/11006\/revisions\/12528"}],"up":[{"embeddable":true,"href":"https:\/\/tcmi.edu\/cs\/wp-json\/wp\/v2\/pages\/10463"}],"wp:attachment":[{"href":"https:\/\/tcmi.edu\/cs\/wp-json\/wp\/v2\/media?parent=11006"}],"wp:term":[{"taxonomy":"page_category","embeddable":true,"href":"https:\/\/tcmi.edu\/cs\/wp-json\/wp\/v2\/page_category?post=11006"}],"curies":[{"name":"wp","href":"https:\/\/api.w.org\/{rel}","templated":true}]}}