{"id":10671,"date":"2019-05-01T14:16:55","date_gmt":"2019-05-01T18:16:55","guid":{"rendered":"https:\/\/tcmi.edu\/knihovna-haus-edelweiss\/"},"modified":"2023-08-10T05:55:16","modified_gmt":"2023-08-10T09:55:16","slug":"knihovna-haus-edelweiss","status":"publish","type":"page","link":"https:\/\/tcmi.edu\/cs\/knihovna\/knihovna-haus-edelweiss\/","title":{"rendered":"Knihovna Haus Edelweiss"},"content":{"rendered":"\n<p><strong>Vyhled\u00e1v\u00e1n\u00ed v knihovn\u011b Haus Edelweiss<\/strong><\/p>\n\n<p>Pro vyhled\u00e1v\u00e1n\u00ed ti\u0161t\u011bn\u00fdch knih, diplomov\u00fdch prac\u00ed, projekt\u016f, audiovizu\u00e1ln\u00edch zdroj\u016f, m\u00e9di\u00ed \u010di periodik v katalogu, omezte vyhled\u00e1v\u00e1n\u00ed (za\u0161krtnut\u00edm pole vpravo od vyhled\u00e1vac\u00edho pole) na \u201eHaus Edelweiss\u201c.<\/p>\n\n<p>Materi\u00e1ly najdete na polic\u00edch podle identifika\u010dn\u00edho \u010d\u00edsla. To se skl\u00e1d\u00e1 z Deweyho desetinn\u00e9ho t\u0159\u00edd\u011bn\u00ed, \u010d\u00edsla Cutter-Sanborn a roku vyd\u00e1n\u00ed. Nap\u0159. 261.873 Y54 2009.<\/p>\n\n<p>N\u011bkter\u00e9 tituly v knihovn\u011b maj\u00ed p\u0159edpony. Knihy mohou m\u00edt p\u0159edpony v z\u00e1vislosti na jazyku (krom\u011b angli\u010dtiny) a sb\u00edrky. Nap\u0159\u00edklad p\u0159edpona RUS znamen\u00e1 zdroje v ru\u0161tin\u011b, p\u0159edpona REF pom\u00e1h\u00e1 p\u0159i hled\u00e1n\u00ed referen\u010dn\u00edch zdroj\u016f, p\u0159edpona THESIS odkazuje na sb\u00edrku diplomov\u00fdch prac\u00ed a projekt\u016f. Nap\u0159. RUS REF 220.3 T626 1996.<\/p>\n\n<p>Pro p\u0159\u00edstup ke sv\u00e9mu \u00fa\u010dtu v knihovn\u011b se p\u0159ihlaste pomoc\u00ed e-mailov\u00e9 adresy @tcmi.edu. Knihovn\u00ed \u00fa\u010det umo\u017e\u0148uje u\u017eivateli n\u00e1hled do historie v\u00fdp\u016fj\u010dek, ukl\u00e1d\u00e1n\u00ed vyhled\u00e1v\u00e1n\u00ed, \u017e\u00e1dosti o nov\u00e9 tituly pro zakoupen\u00ed do knihovny, vytv\u00e1\u0159en\u00ed seznam\u016f bibliografi\u00ed a p\u016fj\u010dov\u00e1n\u00ed nebo rezervace titul\u016f, kter\u00e9 jsou zat\u00edm vyp\u016fj\u010deny (v Haus Edelweiss).<\/p>\n<style>.kt-accordion-id_ff4627-c6 .kt-accordion-inner-wrap{column-gap:var(--global-kb-gap-md, 2rem);row-gap:10px;}.kt-accordion-id_ff4627-c6 .kt-accordion-panel-inner{border-top-width:0px;border-right-width:1px;border-bottom-width:1px;border-left-width:1px;background:#ffffff;padding-top:var(--global-kb-spacing-sm, 1.5rem);padding-right:var(--global-kb-spacing-sm, 1.5rem);padding-bottom:var(--global-kb-spacing-sm, 1.5rem);padding-left:var(--global-kb-spacing-sm, 1.5rem);}.kt-accordion-id_ff4627-c6 > .kt-accordion-inner-wrap > .wp-block-kadence-pane > .kt-accordion-header-wrap > .kt-blocks-accordion-header{border-top-color:#eeeeee;border-right-color:#eeeeee;border-bottom-color:#eeeeee;border-left-color:#eeeeee;border-top-width:1px;border-right-width:1px;border-bottom-width:1px;border-left-width:2px;border-top-left-radius:0px;border-top-right-radius:0px;border-bottom-right-radius:0px;border-bottom-left-radius:0px;background:#ffffff;font-size:18px;line-height:24px;color:#444444;padding-top:14px;padding-right:16px;padding-bottom:14px;padding-left:16px;}.kt-accordion-id_ff4627-c6:not( .kt-accodion-icon-style-basiccircle ):not( .kt-accodion-icon-style-xclosecircle ):not( .kt-accodion-icon-style-arrowcircle )  > .kt-accordion-inner-wrap > .wp-block-kadence-pane > .kt-accordion-header-wrap .kt-blocks-accordion-icon-trigger:after, .kt-accordion-id_ff4627-c6:not( .kt-accodion-icon-style-basiccircle ):not( .kt-accodion-icon-style-xclosecircle ):not( .kt-accodion-icon-style-arrowcircle )  > .kt-accordion-inner-wrap > .wp-block-kadence-pane > .kt-accordion-header-wrap .kt-blocks-accordion-icon-trigger:before{background:#444444;}.kt-accordion-id_ff4627-c6:not( .kt-accodion-icon-style-basic ):not( .kt-accodion-icon-style-xclose ):not( .kt-accodion-icon-style-arrow ) .kt-blocks-accordion-icon-trigger{background:#444444;}.kt-accordion-id_ff4627-c6:not( .kt-accodion-icon-style-basic ):not( .kt-accodion-icon-style-xclose ):not( .kt-accodion-icon-style-arrow ) .kt-blocks-accordion-icon-trigger:after, .kt-accordion-id_ff4627-c6:not( .kt-accodion-icon-style-basic ):not( .kt-accodion-icon-style-xclose ):not( .kt-accodion-icon-style-arrow ) .kt-blocks-accordion-icon-trigger:before{background:#ffffff;}.kt-accordion-id_ff4627-c6 > .kt-accordion-inner-wrap > .wp-block-kadence-pane > .kt-accordion-header-wrap > .kt-blocks-accordion-header:hover, \n\t\t\t\tbody:not(.hide-focus-outline) .kt-accordion-id_ff4627-c6 .kt-blocks-accordion-header:focus-visible{color:#444444;background:#ffffff;border-top-color:#d4d4d4;border-right-color:#d4d4d4;border-bottom-color:#d4d4d4;border-left-color:#d4d4d4;}.kt-accordion-id_ff4627-c6:not( .kt-accodion-icon-style-basiccircle ):not( .kt-accodion-icon-style-xclosecircle ):not( .kt-accodion-icon-style-arrowcircle ) .kt-accordion-header-wrap .kt-blocks-accordion-header:hover .kt-blocks-accordion-icon-trigger:after, .kt-accordion-id_ff4627-c6:not( .kt-accodion-icon-style-basiccircle ):not( .kt-accodion-icon-style-xclosecircle ):not( .kt-accodion-icon-style-arrowcircle ) .kt-accordion-header-wrap .kt-blocks-accordion-header:hover .kt-blocks-accordion-icon-trigger:before, body:not(.hide-focus-outline) .kt-accordion-id_ff4627-c6:not( .kt-accodion-icon-style-basiccircle ):not( .kt-accodion-icon-style-xclosecircle ):not( .kt-accodion-icon-style-arrowcircle ) .kt-blocks-accordion--visible .kt-blocks-accordion-icon-trigger:after, body:not(.hide-focus-outline) .kt-accordion-id_ff4627-c6:not( .kt-accodion-icon-style-basiccircle ):not( .kt-accodion-icon-style-xclosecircle ):not( .kt-accodion-icon-style-arrowcircle ) .kt-blocks-accordion-header:focus-visible .kt-blocks-accordion-icon-trigger:before{background:#444444;}.kt-accordion-id_ff4627-c6:not( .kt-accodion-icon-style-basic ):not( .kt-accodion-icon-style-xclose ):not( .kt-accodion-icon-style-arrow ) .kt-accordion-header-wrap .kt-blocks-accordion-header:hover .kt-blocks-accordion-icon-trigger, body:not(.hide-focus-outline) .kt-accordion-id_ff4627-c6:not( .kt-accodion-icon-style-basic ):not( .kt-accodion-icon-style-xclose ):not( .kt-accodion-icon-style-arrow ) .kt-accordion-header-wrap .kt-blocks-accordion-header:focus-visible .kt-blocks-accordion-icon-trigger{background:#444444;}.kt-accordion-id_ff4627-c6:not( .kt-accodion-icon-style-basic ):not( .kt-accodion-icon-style-xclose ):not( .kt-accodion-icon-style-arrow ) .kt-accordion-header-wrap .kt-blocks-accordion-header:hover .kt-blocks-accordion-icon-trigger:after, .kt-accordion-id_ff4627-c6:not( .kt-accodion-icon-style-basic ):not( .kt-accodion-icon-style-xclose ):not( .kt-accodion-icon-style-arrow ) .kt-accordion-header-wrap .kt-blocks-accordion-header:hover .kt-blocks-accordion-icon-trigger:before, body:not(.hide-focus-outline) .kt-accordion-id_ff4627-c6:not( .kt-accodion-icon-style-basic ):not( .kt-accodion-icon-style-xclose ):not( .kt-accodion-icon-style-arrow ) .kt-accordion-header-wrap .kt-blocks-accordion-header:focus-visible .kt-blocks-accordion-icon-trigger:after, body:not(.hide-focus-outline) .kt-accordion-id_ff4627-c6:not( .kt-accodion-icon-style-basic ):not( .kt-accodion-icon-style-xclose ):not( .kt-accodion-icon-style-arrow ) .kt-accordion-header-wrap .kt-blocks-accordion-header:focus-visible .kt-blocks-accordion-icon-trigger:before{background:#ffffff;}.kt-accordion-id_ff4627-c6 .kt-accordion-header-wrap .kt-blocks-accordion-header:focus-visible,\n\t\t\t\t.kt-accordion-id_ff4627-c6 > .kt-accordion-inner-wrap > .wp-block-kadence-pane > .kt-accordion-header-wrap > .kt-blocks-accordion-header.kt-accordion-panel-active{color:#444444;background:#ffffff;border-top-color:#eeeeee;border-right-color:#eeeeee;border-bottom-color:#eeeeee;border-left-color:#0e9cd1;}.kt-accordion-id_ff4627-c6:not( .kt-accodion-icon-style-basiccircle ):not( .kt-accodion-icon-style-xclosecircle ):not( .kt-accodion-icon-style-arrowcircle )  > .kt-accordion-inner-wrap > .wp-block-kadence-pane > .kt-accordion-header-wrap > .kt-blocks-accordion-header.kt-accordion-panel-active .kt-blocks-accordion-icon-trigger:after, .kt-accordion-id_ff4627-c6:not( .kt-accodion-icon-style-basiccircle ):not( .kt-accodion-icon-style-xclosecircle ):not( .kt-accodion-icon-style-arrowcircle )  > .kt-accordion-inner-wrap > .wp-block-kadence-pane > .kt-accordion-header-wrap > .kt-blocks-accordion-header.kt-accordion-panel-active .kt-blocks-accordion-icon-trigger:before{background:#444444;}.kt-accordion-id_ff4627-c6:not( .kt-accodion-icon-style-basic ):not( .kt-accodion-icon-style-xclose ):not( .kt-accodion-icon-style-arrow ) .kt-blocks-accordion-header.kt-accordion-panel-active .kt-blocks-accordion-icon-trigger{background:#444444;}.kt-accordion-id_ff4627-c6:not( .kt-accodion-icon-style-basic ):not( .kt-accodion-icon-style-xclose ):not( .kt-accodion-icon-style-arrow ) .kt-blocks-accordion-header.kt-accordion-panel-active .kt-blocks-accordion-icon-trigger:after, .kt-accordion-id_ff4627-c6:not( .kt-accodion-icon-style-basic ):not( .kt-accodion-icon-style-xclose ):not( .kt-accodion-icon-style-arrow ) .kt-blocks-accordion-header.kt-accordion-panel-active .kt-blocks-accordion-icon-trigger:before{background:#ffffff;}@media all and (max-width: 767px){.kt-accordion-id_ff4627-c6 .kt-accordion-inner-wrap{display:block;}.kt-accordion-id_ff4627-c6 .kt-accordion-inner-wrap .kt-accordion-pane:not(:first-child){margin-top:10px;}}<\/style>\n<div class=\"wp-block-kadence-accordion alignnone\"><div class=\"kt-accordion-wrap kt-accordion-wrap kt-accordion-id_ff4627-c6 kt-accordion-has-2-panes kt-active-pane-0 kt-accordion-block kt-pane-header-alignment-left kt-accodion-icon-style-arrow kt-accodion-icon-side-right\" style=\"max-width:none\"><div class=\"kt-accordion-inner-wrap\" data-allow-multiple-open=\"false\" data-start-open=\"none\">\n<div class=\"wp-block-kadence-pane kt-accordion-pane kt-accordion-pane-1 kt-pane_a15b50-d3\"><div class=\"kt-accordion-header-wrap\"><button class=\"kt-blocks-accordion-header kt-acccordion-button-label-show\"><span class=\"kt-blocks-accordion-title-wrap\"><span class=\"kt-blocks-accordion-title\">Vyp\u016fj\u010dov\u00e1n\u00ed materi\u00e1l\u016f fyzicky v knihovn\u011b Haus Edelweiss<\/span><\/span><span class=\"kt-blocks-accordion-icon-trigger\"><\/span><\/button><\/div><div class=\"kt-accordion-panel kt-accordion-panel-hidden\"><div class=\"kt-accordion-panel-inner\">\n<ul class=\"wp-block-list\"><li>Pou\u017eijte po\u010d\u00edta\u010d um\u00edst\u011bn\u00fd v knihovn\u011b v sekci p\u016fj\u010dov\u00e1n\u00ed knih, nebo sv\u00e9 vlastn\u00ed za\u0159\u00edzen\u00ed.<\/li><li>P\u0159ihlaste se do katalogu knihovny.<\/li><li>Pou\u017eijte tla\u010d\u00edtko \u201eSelf Checkout\u201c po lev\u00e9 stran\u011b.<\/li><li>Zadejte sv\u00e9 studentsk\u00e9 ID (3-4 \u010d\u00edsla ve va\u0161em @tcmi.edu e-mailu) \u010di na karti\u010dce do knihovny.<\/li><li>Naskenujte \u010d\u00e1rov\u00fd k\u00f3d polo\u017eek, kter\u00e9 si chcete p\u016fj\u010dit, um\u00edst\u011bn\u00fd na zadn\u00ed stran\u011b, nebo polo\u017eku zadejte ru\u010dn\u011b.<\/li><li>Pro dokon\u010den\u00ed procesu klikn\u011bte na tla\u010d\u00edtko \u201eFinish\u201c.<\/li><\/ul>\n<\/div><\/div><\/div>\n<\/div><\/div><\/div>\n\n<p><\/p>\n\n<p><strong>Doba a omezen\u00ed p\u016fj\u010dov\u00e1n\u00ed<\/strong><br\/>Studenti, kte\u0159\u00ed p\u0159ijeli na setk\u00e1n\u00ed ve t\u0159\u00edd\u011b, si mohou vyp\u016fj\u010dit materi\u00e1ly v knihovn\u011b nebo je pou\u017e\u00edvat do skon\u010den\u00ed dan\u00e9ho kurzu. V\u00fdp\u016fj\u010dn\u00ed doba m\u016f\u017ee b\u00fdt prodlou\u017eena, z\u016fst\u00e1vaj\u00ed-li studenti do n\u00e1sleduj\u00edc\u00edho kurzu. Limitem je 20 polo\u017eek najednou. Studenti pracuj\u00edc\u00ed na diplomov\u00e9 pr\u00e1ci mohou po\u017e\u00e1dat, aby konkr\u00e9tn\u00ed materi\u00e1ly vztahuj\u00edc\u00ed se k jejich t\u00e9matu byly za\u0159azany do kategorie \u201eknihy k diplomov\u00e9 pr\u00e1ci\u201c. V tomto p\u0159\u00edpad\u011b je maxim\u00e1ln\u00ed d\u00e9lka vyp\u016fj\u010den\u00ed \u0161est m\u011bs\u00edc\u016f (182 dn\u00ed).<\/p>\n\n<p><strong>Ti\u0161t\u011bn\u00e1 periodika<\/strong><br\/>Ti\u0161t\u011bn\u00e1 periodika v knihovn\u011b obsahuj\u00ed n\u00e1sleduj\u00edc\u00ed tematick\u00e9 oblasti: teologie, filozofie, misie, k\u0159es\u0165ansk\u00e9 vzd\u011bl\u00e1v\u00e1n\u00ed, novoz\u00e1konn\u00ed studia, staroz\u00e1konn\u00ed studia, atd. \u0158ada \u010dasopis\u016f se zam\u011b\u0159uje na praktickou slu\u017ebu. Zvl\u00e1\u0161tn\u00ed pozornost je v\u011bnov\u00e1na n\u00e1sleduj\u00edc\u00edm t\u00e9mat\u016fm: k\u00e1z\u00e1n\u00ed, uct\u00edv\u00e1n\u00ed, pastorace, slu\u017eba d\u011btem a mlad\u00fdm lidem, u\u010dednictv\u00ed, duchovn\u00ed formov\u00e1n\u00ed, atd.<\/p>\n\n<p>Ti\u0161t\u011bn\u00e1 periodika jsou se\u0159azena dle n\u00e1zvu. \u010casopisy necirkuluj\u00ed (tzn. nelze si je odn\u00e9st z knihovny) a m\u011bly by se vracet na polici k vracen\u00ed knih (vedle kancel\u00e1\u0159e knihovnice).<\/p>\n\n<p><strong>Vracen\u00ed knih a m\u00e9di\u00ed<\/strong><br\/>Fyzick\u00e9 materi\u00e1ly je pot\u0159eba vracet na polici k vracen\u00ed knih v knihovn\u011b (vedle kancel\u00e1\u0159e knihovnice).<\/p>\n\n<p><strong>Zap\u016fj\u010den\u00ed notebooku<\/strong><br\/>B\u011bhem setk\u00e1n\u00ed ve t\u0159\u00edd\u011b si lze zap\u016fj\u010dit notebook. Notebooky si m\u016f\u017eete rezervovat p\u0159ed p\u0159\u00edjezdem do Haus Edelweiss a vyp\u016fj\u010dit si je a\u017e na 7 dn\u00ed.<\/p>\n","protected":false},"excerpt":{"rendered":"<p>Vyhled\u00e1v\u00e1n\u00ed v knihovn\u011b Haus Edelweiss Pro vyhled\u00e1v\u00e1n\u00ed ti\u0161t\u011bn\u00fdch knih, diplomov\u00fdch prac\u00ed, projekt\u016f, audiovizu\u00e1ln\u00edch zdroj\u016f, m\u00e9di\u00ed \u010di periodik v katalogu, omezte vyhled\u00e1v\u00e1n\u00ed (za\u0161krtnut\u00edm pole vpravo od vyhled\u00e1vac\u00edho pole) na \u201eHaus Edelweiss\u201c. Materi\u00e1ly najdete na polic\u00edch podle identifika\u010dn\u00edho \u010d\u00edsla. To se skl\u00e1d\u00e1 z Deweyho desetinn\u00e9ho t\u0159\u00edd\u011bn\u00ed, \u010d\u00edsla Cutter-Sanborn a roku vyd\u00e1n\u00ed. Nap\u0159. 261.873 Y54 2009. N\u011bkter\u00e9 tituly&#8230;<\/p>\n","protected":false},"author":29,"featured_media":0,"parent":11088,"menu_order":4,"comment_status":"closed","ping_status":"closed","template":"","meta":{"_acf_changed":false,"_kad_blocks_custom_css":"","_kad_blocks_head_custom_js":"","_kad_blocks_body_custom_js":"","_kad_blocks_footer_custom_js":"","_kad_post_transparent":"","_kad_post_title":"","_kad_post_layout":"","_kad_post_sidebar_id":"","_kad_post_content_style":"","_kad_post_vertical_padding":"","_kad_post_feature":"","_kad_post_feature_position":"","_kad_post_header":false,"_kad_post_footer":false,"_kad_post_classname":"","footnotes":""},"page_category":[],"class_list":["post-10671","page","type-page","status-publish","hentry"],"acf":[],"taxonomy_info":[],"featured_image_src_large":false,"author_info":{"display_name":"Oksana Puzynina","author_link":"https:\/\/tcmi.edu\/cs\/author\/oksana-puzyninatcmi-edu\/"},"comment_info":"","_links":{"self":[{"href":"https:\/\/tcmi.edu\/cs\/wp-json\/wp\/v2\/pages\/10671","targetHints":{"allow":["GET"]}}],"collection":[{"href":"https:\/\/tcmi.edu\/cs\/wp-json\/wp\/v2\/pages"}],"about":[{"href":"https:\/\/tcmi.edu\/cs\/wp-json\/wp\/v2\/types\/page"}],"author":[{"embeddable":true,"href":"https:\/\/tcmi.edu\/cs\/wp-json\/wp\/v2\/users\/29"}],"replies":[{"embeddable":true,"href":"https:\/\/tcmi.edu\/cs\/wp-json\/wp\/v2\/comments?post=10671"}],"version-history":[{"count":25,"href":"https:\/\/tcmi.edu\/cs\/wp-json\/wp\/v2\/pages\/10671\/revisions"}],"predecessor-version":[{"id":41257,"href":"https:\/\/tcmi.edu\/cs\/wp-json\/wp\/v2\/pages\/10671\/revisions\/41257"}],"up":[{"embeddable":true,"href":"https:\/\/tcmi.edu\/cs\/wp-json\/wp\/v2\/pages\/11088"}],"wp:attachment":[{"href":"https:\/\/tcmi.edu\/cs\/wp-json\/wp\/v2\/media?parent=10671"}],"wp:term":[{"taxonomy":"page_category","embeddable":true,"href":"https:\/\/tcmi.edu\/cs\/wp-json\/wp\/v2\/page_category?post=10671"}],"curies":[{"name":"wp","href":"https:\/\/api.w.org\/{rel}","templated":true}]}}