{"id":10659,"date":"2018-10-14T10:34:33","date_gmt":"2018-10-14T14:34:33","guid":{"rendered":"https:\/\/tcmi.edu\/knihovna-na-moodle\/"},"modified":"2024-04-16T12:56:06","modified_gmt":"2024-04-16T16:56:06","slug":"knihovna-na-moodle","status":"publish","type":"page","link":"https:\/\/tcmi.edu\/cs\/knihovna\/knihovna-na-moodle\/","title":{"rendered":"Knihovna na Moodle"},"content":{"rendered":"\n<p>TCM Library Resources je sekce\/kurz na Moodlu, kter\u00e1 p\u0159edstavuje a vysv\u011btluje elektronick\u00e9 zdroje dostupn\u00e9 v knihovn\u011b.\nSkl\u00e1d\u00e1 se z n\u00e1sleduj\u00edc\u00edch podsekc\u00ed: <\/p>\n\n<ul class=\"wp-block-list\">\n<li>P\u0159ihla\u0161ovac\u00ed \u00fadaje pro elektronick\u00e9 zdroje v jazyc\u00edch student\u016f<\/li>\n\n\n\n<li>Jak z\u00edskat p\u0159\u00edstup do katalogu knihovny a vyhled\u00e1vat v n\u011bm<\/li>\n\n\n\n<li>Jak vyhled\u00e1vat elektronick\u00e9 zdroje<\/li>\n\n\n\n<li>N\u00e1vody knihovny<\/li>\n\n\n\n<li>Zdroje s otev\u0159en\u00fdm p\u0159\u00edstupem<\/li>\n\n\n\n<li>N\u00e1stroje pro v\u00fdzkum a citace<\/li>\n\n\n\n<li>V\u00fdp\u016fj\u010dka mezi knihovnami<\/li>\n<\/ul>\n\n<p>Kurz\/sekce Zdroje knihovny TCMII je p\u0159\u00edstupn\u00fd pro aktivn\u00ed studenty, poslucha\u010de (audit) a profesory (st\u00e1l\u00e9 i hostuj\u00edc\u00ed).<\/p>\n\n<p><strong>P\u0159\u00edstup ke zdroj\u016fm knihovny TCMII:<\/strong><\/p>\n\n<ul class=\"wp-block-list\">\n<li><a href=\"https:\/\/learn.tcmi.edu\/course\/view.php?id=282\">P\u0159ihlaste se do Moodle.<\/a><\/li>\n\n\n\n<li>Vyberte si kurz \u201eKnihovna\u201c.<\/li>\n\n\n\n<li>Pomoc\u00ed tla\u010d\u00edtka \u201eZapsat se\u201c z\u00edsk\u00e1te p\u0159\u00edstup ke zdroj\u016fm knihovny.<\/li>\n<\/ul>\n","protected":false},"excerpt":{"rendered":"<p>TCM Library Resources je sekce\/kurz na Moodlu, kter\u00e1 p\u0159edstavuje a vysv\u011btluje elektronick\u00e9 zdroje dostupn\u00e9 v knihovn\u011b. Skl\u00e1d\u00e1 se z n\u00e1sleduj\u00edc\u00edch podsekc\u00ed: Kurz\/sekce Zdroje knihovny TCMII je p\u0159\u00edstupn\u00fd pro aktivn\u00ed studenty, poslucha\u010de (audit) a profesory (st\u00e1l\u00e9 i hostuj\u00edc\u00ed). P\u0159\u00edstup ke zdroj\u016fm knihovny TCMII:<\/p>\n","protected":false},"author":29,"featured_media":0,"parent":11088,"menu_order":9,"comment_status":"closed","ping_status":"closed","template":"","meta":{"_acf_changed":false,"_kad_blocks_custom_css":"","_kad_blocks_head_custom_js":"","_kad_blocks_body_custom_js":"","_kad_blocks_footer_custom_js":"","_kad_post_transparent":"","_kad_post_title":"","_kad_post_layout":"","_kad_post_sidebar_id":"","_kad_post_content_style":"","_kad_post_vertical_padding":"","_kad_post_feature":"","_kad_post_feature_position":"","_kad_post_header":false,"_kad_post_footer":false,"_kad_post_classname":"","footnotes":""},"page_category":[],"class_list":["post-10659","page","type-page","status-publish","hentry"],"acf":[],"taxonomy_info":[],"featured_image_src_large":false,"author_info":{"display_name":"Oksana Puzynina","author_link":"https:\/\/tcmi.edu\/cs\/author\/oksana-puzyninatcmi-edu\/"},"comment_info":"","_links":{"self":[{"href":"https:\/\/tcmi.edu\/cs\/wp-json\/wp\/v2\/pages\/10659","targetHints":{"allow":["GET"]}}],"collection":[{"href":"https:\/\/tcmi.edu\/cs\/wp-json\/wp\/v2\/pages"}],"about":[{"href":"https:\/\/tcmi.edu\/cs\/wp-json\/wp\/v2\/types\/page"}],"author":[{"embeddable":true,"href":"https:\/\/tcmi.edu\/cs\/wp-json\/wp\/v2\/users\/29"}],"replies":[{"embeddable":true,"href":"https:\/\/tcmi.edu\/cs\/wp-json\/wp\/v2\/comments?post=10659"}],"version-history":[{"count":11,"href":"https:\/\/tcmi.edu\/cs\/wp-json\/wp\/v2\/pages\/10659\/revisions"}],"predecessor-version":[{"id":41685,"href":"https:\/\/tcmi.edu\/cs\/wp-json\/wp\/v2\/pages\/10659\/revisions\/41685"}],"up":[{"embeddable":true,"href":"https:\/\/tcmi.edu\/cs\/wp-json\/wp\/v2\/pages\/11088"}],"wp:attachment":[{"href":"https:\/\/tcmi.edu\/cs\/wp-json\/wp\/v2\/media?parent=10659"}],"wp:term":[{"taxonomy":"page_category","embeddable":true,"href":"https:\/\/tcmi.edu\/cs\/wp-json\/wp\/v2\/page_category?post=10659"}],"curies":[{"name":"wp","href":"https:\/\/api.w.org\/{rel}","templated":true}]}}