{"id":10636,"date":"2013-11-19T13:29:36","date_gmt":"2013-11-19T18:29:36","guid":{"rendered":"https:\/\/tcmi.edu\/registrace-kurzu\/"},"modified":"2023-06-15T08:50:32","modified_gmt":"2023-06-15T12:50:32","slug":"prihlaseni-na-kurz","status":"publish","type":"page","link":"https:\/\/tcmi.edu\/cs\/studenti\/prihlaseni-na-kurz\/","title":{"rendered":"P\u0159ihl\u00e1\u0161en\u00ed na kurz"},"content":{"rendered":"\n<h2 class=\"wp-block-heading\"><b>\u0158\u00e1dn\u00fd student TCM<\/b><\/h2>\n\n<p>P\u0159ejd\u011bte do Student Management System (SMS), kde si m\u016f\u017eete prohl\u00e9dnout po\u017eadavky programu a zkontrolovat kurzy dostupn\u00e9 pro registraci v aktu\u00e1ln\u00edm akademick\u00e9m roce. Pro p\u0159ihl\u00e1\u0161en\u00ed do SMS pou\u017eijte svou e-mailovou adresu @tcmi.edu:<\/p>\n\n<div class=\"wp-block-buttons is-layout-flex wp-block-buttons-is-layout-flex\">\n<div class=\"wp-block-button\"><a class=\"wp-block-button__link wp-element-button\" href=\"https:\/\/students.tcmi.edu\/TCMISMS_Academic_UI\/Summary.MyStudentSummary.aspx?Tab=4\" target=\"_blank\" rel=\"noreferrer noopener\">Zaregistrujte se na kurzy<\/a><\/div>\n<\/div>\n\n<div class=\"wp-block-buttons is-layout-flex wp-block-buttons-is-layout-flex\">\n<div class=\"wp-block-button\"><a class=\"wp-block-button__link has-theme-palette-6-color has-theme-palette-7-background-color has-text-color has-background wp-element-button\" href=\"https:\/\/sites.google.com\/tcmi.edu\/tcmsmshelp\" target=\"_blank\" rel=\"noreferrer noopener\">N\u00e1pov\u011bda k registraci<\/a><\/div>\n<\/div>\n\n<h2 class=\"wp-block-heading\"><b>Z\u00e1jemci, kte\u0159\u00ed nejsou studenty<\/b><\/h2>\n\n<p>TCM nab\u00edz\u00ed student\u016fm mimo TCM mo\u017enost z\u00fa\u010dastnit se zku\u0161ebn\u00edho kurzu. Existuj\u00ed dv\u011b mo\u017enosti: <strong>auditovat<\/strong> kurz nebo si jej vz\u00edt <strong>k z\u00e1po\u010dtu.<\/strong> Z\u00e1jemci o z\u00e1po\u010det (z\u00edsk\u00e1n\u00ed zn\u00e1mky) se mus\u00ed p\u0159ihl\u00e1sit nejpozd\u011bji 2 m\u011bs\u00edce p\u0159ed prezen\u010dn\u00ed \u010d\u00e1st\u00ed kurzu. Audit studenti se mohou p\u0159ihl\u00e1sit nejpozd\u011bji m\u011bs\u00edc p\u0159ed samotn\u00fdm setk\u00e1n\u00edm. Student\u016fm mimo TCM jsou nab\u00edzeny maxim\u00e1ln\u011b dva kurzy.<\/p>\n<style>.wp-block-kadence-advancedheading.kt-adv-heading_18aef2-9f, .wp-block-kadence-advancedheading.kt-adv-heading_18aef2-9f[data-kb-block=\"kb-adv-heading_18aef2-9f\"]{font-style:normal;}.wp-block-kadence-advancedheading.kt-adv-heading_18aef2-9f mark.kt-highlight, .wp-block-kadence-advancedheading.kt-adv-heading_18aef2-9f[data-kb-block=\"kb-adv-heading_18aef2-9f\"] mark.kt-highlight{font-style:normal;color:#f76a0c;-webkit-box-decoration-break:clone;box-decoration-break:clone;padding-top:0px;padding-right:0px;padding-bottom:0px;padding-left:0px;}.wp-block-kadence-advancedheading.kt-adv-heading_18aef2-9f img.kb-inline-image, .wp-block-kadence-advancedheading.kt-adv-heading_18aef2-9f[data-kb-block=\"kb-adv-heading_18aef2-9f\"] img.kb-inline-image{width:150px;vertical-align:baseline;}<\/style>\n<h5 class=\"kt-adv-heading_18aef2-9f wp-block-kadence-advancedheading\" data-kb-block=\"kb-adv-heading_18aef2-9f\">Chcete-li absolvovat zku\u0161ebn\u00ed kurz:<\/h5>\n<style>.wp-block-kadence-iconlist.kt-svg-icon-list-items_8e1423-cd:not(.this-stops-third-party-issues){margin-top:0px;margin-bottom:0px;}.wp-block-kadence-iconlist.kt-svg-icon-list-items_8e1423-cd ul.kt-svg-icon-list:not(.this-prevents-issues):not(.this-stops-third-party-issues):not(.tijsloc){margin-top:0px;margin-right:0px;margin-bottom:10px;margin-left:0px;}.wp-block-kadence-iconlist.kt-svg-icon-list-items_8e1423-cd ul.kt-svg-icon-list{grid-row-gap:5px;}.wp-block-kadence-iconlist.kt-svg-icon-list-items_8e1423-cd ul.kt-svg-icon-list .kt-svg-icon-list-item-wrap .kt-svg-icon-list-single{margin-right:10px;}<\/style>\n<div class=\"wp-block-kadence-iconlist kt-svg-icon-list-items kt-svg-icon-list-items_8e1423-cd kt-svg-icon-list-columns-1 alignnone\"><ul class=\"kt-svg-icon-list\"><style>.kt-svg-icon-list-item-_57cb20-b8 .kt-svg-icon-list-single{font-size:20px !important;}.kt-svg-icon-list-item-_57cb20-b8 .kt-svg-icon-list-text mark.kt-highlight{background-color:unset;font-style:normal;color:#f76a0c;-webkit-box-decoration-break:clone;box-decoration-break:clone;padding-top:0px;padding-right:0px;padding-bottom:0px;padding-left:0px;}<\/style>\n<li class=\"wp-block-kadence-listitem kt-svg-icon-list-item-wrap kt-svg-icon-list-item-_57cb20-b8 kt-svg-icon-list-style-default\"><span class=\"kb-svg-icon-wrap kb-svg-icon-fe_checkCircle kt-svg-icon-list-single\"><svg viewBox=\"0 0 24 24\"  fill=\"none\" stroke=\"currentColor\" stroke-width=\"2\" stroke-linecap=\"round\" stroke-linejoin=\"round\" xmlns=\"http:\/\/www.w3.org\/2000\/svg\"  aria-hidden=\"true\"><path d=\"M22 11.08V12a10 10 0 1 1-5.93-9.14\"\/><polyline points=\"22 4 12 14.01 9 11.01\"\/><\/svg><\/span><span class=\"kt-svg-icon-list-text\"><a href=\"https:\/\/students.tcmi.edu\/TCMISMS_Application_UI\/Application.aspx\" target=\"_blank\" rel=\"noreferrer noopener\">Vypl\u0148te \u017e\u00e1dost o audit ke schv\u00e1len\u00ed<\/a><\/span><\/li>\n\n\n<style>.kt-svg-icon-list-item-_8e036c-25 .kt-svg-icon-list-single{font-size:20px !important;}.kt-svg-icon-list-item-_8e036c-25 .kt-svg-icon-list-text mark.kt-highlight{background-color:unset;font-style:normal;color:#f76a0c;-webkit-box-decoration-break:clone;box-decoration-break:clone;padding-top:0px;padding-right:0px;padding-bottom:0px;padding-left:0px;}<\/style>\n<li class=\"wp-block-kadence-listitem kt-svg-icon-list-item-wrap kt-svg-icon-list-item-_8e036c-25 kt-svg-icon-list-style-default\"><span class=\"kb-svg-icon-wrap kb-svg-icon-fe_checkCircle kt-svg-icon-list-single\"><svg viewBox=\"0 0 24 24\"  fill=\"none\" stroke=\"currentColor\" stroke-width=\"2\" stroke-linecap=\"round\" stroke-linejoin=\"round\" xmlns=\"http:\/\/www.w3.org\/2000\/svg\"  aria-hidden=\"true\"><path d=\"M22 11.08V12a10 10 0 1 1-5.93-9.14\"\/><polyline points=\"22 4 12 14.01 9 11.01\"\/><\/svg><\/span><span class=\"kt-svg-icon-list-text\"><a rel=\"noreferrer noopener\" href=\"https:\/\/students.tcmi.edu\/TCMISMS_Academic_UI\/Summary.MyStudentSummary.aspx?Tab=4\" target=\"_blank\">Po schv\u00e1len\u00ed si prohl\u00e9dn\u011bte shrnut\u00ed auditu<\/a><\/span><\/li>\n\n\n<style>.kt-svg-icon-list-item-_8becda-58 .kt-svg-icon-list-single{font-size:20px !important;}.kt-svg-icon-list-item-_8becda-58 .kt-svg-icon-list-text mark.kt-highlight{background-color:unset;font-style:normal;color:#f76a0c;-webkit-box-decoration-break:clone;box-decoration-break:clone;padding-top:0px;padding-right:0px;padding-bottom:0px;padding-left:0px;}<\/style>\n<li class=\"wp-block-kadence-listitem kt-svg-icon-list-item-wrap kt-svg-icon-list-item-_8becda-58 kt-svg-icon-list-style-default\"><span class=\"kb-svg-icon-wrap kb-svg-icon-fe_checkCircle kt-svg-icon-list-single\"><svg viewBox=\"0 0 24 24\"  fill=\"none\" stroke=\"currentColor\" stroke-width=\"2\" stroke-linecap=\"round\" stroke-linejoin=\"round\" xmlns=\"http:\/\/www.w3.org\/2000\/svg\"  aria-hidden=\"true\"><path d=\"M22 11.08V12a10 10 0 1 1-5.93-9.14\"\/><polyline points=\"22 4 12 14.01 9 11.01\"\/><\/svg><\/span><span class=\"kt-svg-icon-list-text\">Zaregistrujte se na vybran\u00fd kurz<\/span><\/li>\n<\/ul><\/div>\n\n<p><\/p>\n\n<p>Dotazy ohledn\u011b p\u0159ihla\u0161ov\u00e1n\u00ed na kurzy zas\u00edlejte na <a href=\"mailto:registration@tcmi.edu\">registration@tcmi.edu<\/a><\/p>\n\n<h2 class=\"wp-block-heading\"><b>Jak se odhl\u00e1sit z kurzu<\/b><\/h2>\n\n<p>Pokud se nem\u016f\u017eete z\u00fa\u010dastnit kurzu, do kter\u00e9ho jste p\u0159ihl\u00e1\u0161eni, mus\u00edte p\u0159ej\u00edt do P\u0159ehledu student\u016f a zru\u0161it svou registraci:<\/p>\n\n<div class=\"wp-block-buttons is-layout-flex wp-block-buttons-is-layout-flex\">\n<div class=\"wp-block-button\"><a class=\"wp-block-button__link wp-element-button\" href=\"https:\/\/students.tcmi.edu\/TCMISMS_Academic_UI\/Summary.MyStudentSummary.aspx?Tab=4\">Zru\u0161it registraci<\/a><\/div>\n<\/div>\n\n<p> <a rel=\"noreferrer noopener\" href=\"https:\/\/tcmi.edu\/cs\/studenti\/poplatky-za-studium\/\" target=\"_blank\">Mohou b\u00fdt \u00fa\u010dtov\u00e1ny poplatky za pozdn\u00ed zru\u0161en\u00ed<\/a> .<\/p>\n<style>.kb-row-layout-id_d4c470-15 > .kt-row-column-wrap{align-content:start;}:where(.kb-row-layout-id_d4c470-15 > .kt-row-column-wrap) > .wp-block-kadence-column{justify-content:start;}.kb-row-layout-id_d4c470-15 > .kt-row-column-wrap{column-gap:var(--global-kb-gap-md, 2rem);row-gap:var(--global-kb-gap-md, 2rem);padding-top:var(--global-kb-spacing-sm, 1.5rem);padding-bottom:var(--global-kb-spacing-sm, 1.5rem);grid-template-columns:minmax(0, 1fr);}.kb-row-layout-id_d4c470-15 > .kt-row-layout-overlay{opacity:0.30;}@media all and (max-width: 1024px){.kb-row-layout-id_d4c470-15 > .kt-row-column-wrap{grid-template-columns:minmax(0, 1fr);}}@media all and (max-width: 767px){.kb-row-layout-id_d4c470-15 > .kt-row-column-wrap{grid-template-columns:minmax(0, 1fr);}}<\/style><div class=\"kb-row-layout-wrap kb-row-layout-id_d4c470-15 alignnone wp-block-kadence-rowlayout\"><div class=\"kt-row-column-wrap kt-has-1-columns kt-row-layout-equal kt-tab-layout-inherit kt-mobile-layout-row kt-row-valign-top\">\n<style>.kadence-column_5f4c11-cb > .kt-inside-inner-col,.kadence-column_5f4c11-cb > .kt-inside-inner-col:before{border-top-left-radius:0px;border-top-right-radius:0px;border-bottom-right-radius:0px;border-bottom-left-radius:0px;}.kadence-column_5f4c11-cb > .kt-inside-inner-col{column-gap:var(--global-kb-gap-sm, 1rem);}.kadence-column_5f4c11-cb > .kt-inside-inner-col{flex-direction:column;}.kadence-column_5f4c11-cb > .kt-inside-inner-col > .aligncenter{width:100%;}.kadence-column_5f4c11-cb > .kt-inside-inner-col:before{opacity:0.3;}.kadence-column_5f4c11-cb{position:relative;}@media all and (max-width: 1024px){.kadence-column_5f4c11-cb > .kt-inside-inner-col{flex-direction:column;justify-content:center;}}@media all and (max-width: 767px){.kadence-column_5f4c11-cb > .kt-inside-inner-col{flex-direction:column;justify-content:center;}}<\/style>\n<div class=\"wp-block-kadence-column kadence-column_5f4c11-cb\"><div class=\"kt-inside-inner-col\">\n<h3 class=\"wp-block-heading\">Form\u00e1t kurz\u016f 8-1-4 m\u011bn\u00ed proces zru\u0161en\u00ed registrace takto: <\/h3>\n\n\n\n<ol class=\"wp-block-list\" start=\"1\">\n<li>Studenti mohou zru\u0161it svou registraci na kurzy bez poplatku za zru\u0161en\u00ed b\u011bhem prvn\u00edch \u010dty\u0159 t\u00fddn\u016f kurzu. <\/li>\n<\/ol>\n\n\n\n<ol class=\"wp-block-list\" start=\"2\">\n<li>Studenti mohou zru\u0161it svou registraci na kurzy s poplatkem za zru\u0161en\u00ed mezi 5. a 8. t\u00fddnem kurzu. <\/li>\n<\/ol>\n\n\n\n<ol class=\"wp-block-list\" start=\"3\">\n<li>Nen\u00ed mo\u017en\u00e9 zru\u0161it registraci na kurz od po\u010d\u00e1tku 9. t\u00fddne kurzu. Pro hybridn\u00ed kurzy to znamen\u00e1 za\u010d\u00e1tek lekc\u00ed ve t\u0159\u00edd\u011b. <\/li>\n<\/ol>\n\n\n\n<ol class=\"wp-block-list\" start=\"4\">\n<li>Od po\u010d\u00e1tku 9. t\u00fddne jsou \u017e\u00e1dosti o zru\u0161en\u00ed registrace poj\u00edm\u00e1ny jako \u017e\u00e1dost o \u201eodstoupen\u00ed\u201c z kurzu. Takov\u00e9 \u017e\u00e1dosti mus\u00ed studenti zaslat d\u011bkanovi, spolu s kopi\u00ed prod\u011bkanovi pro studijn\u00ed z\u00e1le\u017eitosti (vedouc\u00edmu studijn\u00edho odd\u011blen\u00ed) (b\u011bhem t\u00fddn\u016f 9\u201313 kurzu), mus\u00ed uv\u00e9st d\u016fvody a vysv\u011btluj\u00edc\u00ed okolnosti pro odstoupen\u00ed. Po d\u011bkanov\u011b schv\u00e1len\u00ed bude ve studentov\u00fdch z\u00e1znamech uvedeno <strong>W.<\/strong> <\/li>\n<\/ol>\n\n\n\n<ol class=\"wp-block-list\" start=\"5\">\n<li>Student m\u016f\u017ee kurz opakovat v dob\u011b, kter\u00e1 pro n\u011bj bude vhodn\u011bj\u0161\u00ed. <\/li>\n<\/ol>\n<\/div><\/div>\n\n<\/div><\/div>\n<hr class=\"wp-block-separator has-css-opacity\"\/>\n\n<div class=\"alert alert-danger\">P\u0159ihl\u00e1\u0161en\u00ed studenti, kte\u0159\u00ed nep\u0159ijedou na setk\u00e1n\u00ed ve t\u0159\u00edd\u011b, <strong>budou zn\u00e1mkov\u00e1ni<\/strong> na z\u00e1klad\u011b odevzdan\u00fdch \u00fakol\u016f.<\/div>\n","protected":false},"excerpt":{"rendered":"<p>\u0158\u00e1dn\u00fd student TCM P\u0159ejd\u011bte do Student Management System (SMS), kde si m\u016f\u017eete prohl\u00e9dnout po\u017eadavky programu a zkontrolovat kurzy dostupn\u00e9 pro registraci v aktu\u00e1ln\u00edm akademick\u00e9m roce. Pro p\u0159ihl\u00e1\u0161en\u00ed do SMS pou\u017eijte svou e-mailovou adresu @tcmi.edu: Z\u00e1jemci, kte\u0159\u00ed nejsou studenty TCM nab\u00edz\u00ed student\u016fm mimo TCM mo\u017enost z\u00fa\u010dastnit se zku\u0161ebn\u00edho kurzu. Existuj\u00ed dv\u011b mo\u017enosti: auditovat kurz nebo si&#8230;<\/p>\n","protected":false},"author":1,"featured_media":5538,"parent":11105,"menu_order":60,"comment_status":"closed","ping_status":"closed","template":"","meta":{"_acf_changed":false,"_kad_blocks_custom_css":"","_kad_blocks_head_custom_js":"","_kad_blocks_body_custom_js":"","_kad_blocks_footer_custom_js":"","_kad_post_transparent":"","_kad_post_title":"","_kad_post_layout":"","_kad_post_sidebar_id":"","_kad_post_content_style":"","_kad_post_vertical_padding":"","_kad_post_feature":"","_kad_post_feature_position":"","_kad_post_header":false,"_kad_post_footer":false,"_kad_post_classname":"","footnotes":""},"page_category":[],"class_list":["post-10636","page","type-page","status-publish","has-post-thumbnail","hentry"],"acf":[],"taxonomy_info":[],"featured_image_src_large":["https:\/\/tcmi.edu\/wp-content\/uploads\/2020\/07\/IMG_3496-scaled-1024x682.jpg",1024,682,true],"author_info":{"display_name":"Kaleb Heitzman","author_link":"https:\/\/tcmi.edu\/cs\/author\/developer\/"},"comment_info":"","_links":{"self":[{"href":"https:\/\/tcmi.edu\/cs\/wp-json\/wp\/v2\/pages\/10636","targetHints":{"allow":["GET"]}}],"collection":[{"href":"https:\/\/tcmi.edu\/cs\/wp-json\/wp\/v2\/pages"}],"about":[{"href":"https:\/\/tcmi.edu\/cs\/wp-json\/wp\/v2\/types\/page"}],"author":[{"embeddable":true,"href":"https:\/\/tcmi.edu\/cs\/wp-json\/wp\/v2\/users\/1"}],"replies":[{"embeddable":true,"href":"https:\/\/tcmi.edu\/cs\/wp-json\/wp\/v2\/comments?post=10636"}],"version-history":[{"count":19,"href":"https:\/\/tcmi.edu\/cs\/wp-json\/wp\/v2\/pages\/10636\/revisions"}],"predecessor-version":[{"id":41056,"href":"https:\/\/tcmi.edu\/cs\/wp-json\/wp\/v2\/pages\/10636\/revisions\/41056"}],"up":[{"embeddable":true,"href":"https:\/\/tcmi.edu\/cs\/wp-json\/wp\/v2\/pages\/11105"}],"wp:featuredmedia":[{"embeddable":true,"href":"https:\/\/tcmi.edu\/cs\/wp-json\/wp\/v2\/media\/5538"}],"wp:attachment":[{"href":"https:\/\/tcmi.edu\/cs\/wp-json\/wp\/v2\/media?parent=10636"}],"wp:term":[{"taxonomy":"page_category","embeddable":true,"href":"https:\/\/tcmi.edu\/cs\/wp-json\/wp\/v2\/page_category?post=10636"}],"curies":[{"name":"wp","href":"https:\/\/api.w.org\/{rel}","templated":true}]}}