{"id":10621,"date":"2018-10-13T11:36:30","date_gmt":"2018-10-13T15:36:30","guid":{"rendered":"https:\/\/tcmi.edu\/katalog-knihovny\/"},"modified":"2023-08-01T04:27:17","modified_gmt":"2023-08-01T08:27:17","slug":"katalog-knihovny","status":"publish","type":"page","link":"https:\/\/tcmi.edu\/cs\/knihovna\/katalog-knihovny\/","title":{"rendered":"Katalog knihovny"},"content":{"rendered":"\n<div class=\"wp-block-buttons is-layout-flex wp-block-buttons-is-layout-flex\">\n<div class=\"wp-block-button\"><a class=\"wp-block-button__link\" href=\"http:\/\/library.tcmi.edu\/\" style=\"border-radius:4px\" target=\"_blank\" rel=\"noreferrer noopener\">Katalog knihovny<\/a><\/div>\n<\/div>\n\n<p><strong>Vyhled\u00e1v\u00e1n\u00ed v katalogu<\/strong><\/p>\n\n<p>Pro vyhled\u00e1v\u00e1n\u00ed v katalogu knihovny nen\u00ed vy\u017eadov\u00e1no ov\u011b\u0159en\u00ed u\u017eivatele. P\u0159\u00edstup k elektronick\u00fdm zdroj\u016fm v\u0161ak vy\u017eaduje p\u0159ihl\u00e1\u0161en\u00ed. Pro p\u0159\u00edstup k elektronick\u00fdm zdroj\u016fm TCM a ke sv\u00e9mu \u00fa\u010dtu v knihovn\u011b pou\u017eijte sv\u016fj \u00fa\u010det @tcmi.edu v syst\u00e9mu Microsoft. \u00da\u010det v knihovn\u011b umo\u017e\u0148uje u\u017eivateli prohl\u00ed\u017eet historii, ukl\u00e1dat vyhled\u00e1v\u00e1n\u00ed, \u017e\u00e1dat o n\u00e1kup nov\u00fdch polo\u017eek, vytv\u00e1\u0159et seznamy bibliografi\u00ed a vyp\u016fj\u010dovat si nebo rezervovat vyp\u016fj\u010den\u00e9 polo\u017eky (v Haus Edelweiss).<\/p>\n\n<p>Katalog obsahuje v\u011bt\u0161inu zdroj\u016f dostupn\u00fdch v knihovn\u011b, v\u010detn\u011b ti\u0161t\u011bn\u00fdch a elektronick\u00fdch knih, diplomov\u00fdch prac\u00ed a projekt\u016f, \u010di audiovizu\u00e1ln\u00edch materi\u00e1l\u016f a m\u00e9di\u00ed.<\/p>\n\n<p>P\u0159i vyhled\u00e1v\u00e1n\u00ed v katalogu zadejte do vyhled\u00e1vac\u00edho pol\u00ed\u010dka kl\u00ed\u010dov\u00e9 slovo \u010di jm\u00e9no autora. V\u0161echny tituly a zdroje knihovny lze vyhled\u00e1vat ve vlastn\u00edm jazyce.<\/p>\n\n<p>Vyhled\u00e1v\u00e1n\u00ed lze omezit na \u201eTCM Library, Haus Edelweiss\u201c, \u010di \u201eTCM Library, elektronick\u00e9 zdroje\u201c za\u0161krtnut\u00edm pol\u00ed\u010dka vpravo od vyhled\u00e1vac\u00edho pole.<\/p>\n\n<p>N\u00ed\u017ee jsou uvedeny dal\u0161\u00ed elektronick\u00e9 zdroje neobsa\u017een\u00e9 v katalogu knihovny. Ty jsou k dispozici v oblasti &#8220;Kl\u00ed\u010dov\u00e9 odkazy&#8221; v katalogu.<\/p>\n<style>.kt-accordion-id_f9a676-2c .kt-accordion-inner-wrap{column-gap:var(--global-kb-gap-md, 2rem);row-gap:10px;}.kt-accordion-id_f9a676-2c .kt-accordion-panel-inner{border-top-width:0px;border-right-width:1px;border-bottom-width:1px;border-left-width:1px;background:#ffffff;padding-top:var(--global-kb-spacing-sm, 1.5rem);padding-right:var(--global-kb-spacing-sm, 1.5rem);padding-bottom:var(--global-kb-spacing-sm, 1.5rem);padding-left:var(--global-kb-spacing-sm, 1.5rem);}.kt-accordion-id_f9a676-2c > .kt-accordion-inner-wrap > .wp-block-kadence-pane > .kt-accordion-header-wrap > .kt-blocks-accordion-header{border-top-color:#eeeeee;border-right-color:#eeeeee;border-bottom-color:#eeeeee;border-left-color:#eeeeee;border-top-width:1px;border-right-width:1px;border-bottom-width:1px;border-left-width:2px;border-top-left-radius:0px;border-top-right-radius:0px;border-bottom-right-radius:0px;border-bottom-left-radius:0px;background:#ffffff;font-size:18px;line-height:24px;color:#444444;padding-top:14px;padding-right:16px;padding-bottom:14px;padding-left:16px;}.kt-accordion-id_f9a676-2c:not( .kt-accodion-icon-style-basiccircle ):not( .kt-accodion-icon-style-xclosecircle ):not( .kt-accodion-icon-style-arrowcircle )  > .kt-accordion-inner-wrap > .wp-block-kadence-pane > .kt-accordion-header-wrap .kt-blocks-accordion-icon-trigger:after, .kt-accordion-id_f9a676-2c:not( .kt-accodion-icon-style-basiccircle ):not( .kt-accodion-icon-style-xclosecircle ):not( .kt-accodion-icon-style-arrowcircle )  > .kt-accordion-inner-wrap > .wp-block-kadence-pane > .kt-accordion-header-wrap .kt-blocks-accordion-icon-trigger:before{background:#444444;}.kt-accordion-id_f9a676-2c:not( .kt-accodion-icon-style-basic ):not( .kt-accodion-icon-style-xclose ):not( .kt-accodion-icon-style-arrow ) .kt-blocks-accordion-icon-trigger{background:#444444;}.kt-accordion-id_f9a676-2c:not( .kt-accodion-icon-style-basic ):not( .kt-accodion-icon-style-xclose ):not( .kt-accodion-icon-style-arrow ) .kt-blocks-accordion-icon-trigger:after, .kt-accordion-id_f9a676-2c:not( .kt-accodion-icon-style-basic ):not( .kt-accodion-icon-style-xclose ):not( .kt-accodion-icon-style-arrow ) .kt-blocks-accordion-icon-trigger:before{background:#ffffff;}.kt-accordion-id_f9a676-2c > .kt-accordion-inner-wrap > .wp-block-kadence-pane > .kt-accordion-header-wrap > .kt-blocks-accordion-header:hover, \n\t\t\t\tbody:not(.hide-focus-outline) .kt-accordion-id_f9a676-2c .kt-blocks-accordion-header:focus-visible{color:#444444;background:#ffffff;border-top-color:#d4d4d4;border-right-color:#d4d4d4;border-bottom-color:#d4d4d4;border-left-color:#d4d4d4;}.kt-accordion-id_f9a676-2c:not( .kt-accodion-icon-style-basiccircle ):not( .kt-accodion-icon-style-xclosecircle ):not( .kt-accodion-icon-style-arrowcircle ) .kt-accordion-header-wrap .kt-blocks-accordion-header:hover .kt-blocks-accordion-icon-trigger:after, .kt-accordion-id_f9a676-2c:not( .kt-accodion-icon-style-basiccircle ):not( .kt-accodion-icon-style-xclosecircle ):not( .kt-accodion-icon-style-arrowcircle ) .kt-accordion-header-wrap .kt-blocks-accordion-header:hover .kt-blocks-accordion-icon-trigger:before, body:not(.hide-focus-outline) .kt-accordion-id_f9a676-2c:not( .kt-accodion-icon-style-basiccircle ):not( .kt-accodion-icon-style-xclosecircle ):not( .kt-accodion-icon-style-arrowcircle ) .kt-blocks-accordion--visible .kt-blocks-accordion-icon-trigger:after, body:not(.hide-focus-outline) .kt-accordion-id_f9a676-2c:not( .kt-accodion-icon-style-basiccircle ):not( .kt-accodion-icon-style-xclosecircle ):not( .kt-accodion-icon-style-arrowcircle ) .kt-blocks-accordion-header:focus-visible .kt-blocks-accordion-icon-trigger:before{background:#444444;}.kt-accordion-id_f9a676-2c:not( .kt-accodion-icon-style-basic ):not( .kt-accodion-icon-style-xclose ):not( .kt-accodion-icon-style-arrow ) .kt-accordion-header-wrap .kt-blocks-accordion-header:hover .kt-blocks-accordion-icon-trigger, body:not(.hide-focus-outline) .kt-accordion-id_f9a676-2c:not( .kt-accodion-icon-style-basic ):not( .kt-accodion-icon-style-xclose ):not( .kt-accodion-icon-style-arrow ) .kt-accordion-header-wrap .kt-blocks-accordion-header:focus-visible .kt-blocks-accordion-icon-trigger{background:#444444;}.kt-accordion-id_f9a676-2c:not( .kt-accodion-icon-style-basic ):not( .kt-accodion-icon-style-xclose ):not( .kt-accodion-icon-style-arrow ) .kt-accordion-header-wrap .kt-blocks-accordion-header:hover .kt-blocks-accordion-icon-trigger:after, .kt-accordion-id_f9a676-2c:not( .kt-accodion-icon-style-basic ):not( .kt-accodion-icon-style-xclose ):not( .kt-accodion-icon-style-arrow ) .kt-accordion-header-wrap .kt-blocks-accordion-header:hover .kt-blocks-accordion-icon-trigger:before, body:not(.hide-focus-outline) .kt-accordion-id_f9a676-2c:not( .kt-accodion-icon-style-basic ):not( .kt-accodion-icon-style-xclose ):not( .kt-accodion-icon-style-arrow ) .kt-accordion-header-wrap .kt-blocks-accordion-header:focus-visible .kt-blocks-accordion-icon-trigger:after, body:not(.hide-focus-outline) .kt-accordion-id_f9a676-2c:not( .kt-accodion-icon-style-basic ):not( .kt-accodion-icon-style-xclose ):not( .kt-accodion-icon-style-arrow ) .kt-accordion-header-wrap .kt-blocks-accordion-header:focus-visible .kt-blocks-accordion-icon-trigger:before{background:#ffffff;}.kt-accordion-id_f9a676-2c .kt-accordion-header-wrap .kt-blocks-accordion-header:focus-visible,\n\t\t\t\t.kt-accordion-id_f9a676-2c > .kt-accordion-inner-wrap > .wp-block-kadence-pane > .kt-accordion-header-wrap > .kt-blocks-accordion-header.kt-accordion-panel-active{color:#444444;background:#ffffff;border-top-color:#eeeeee;border-right-color:#eeeeee;border-bottom-color:#eeeeee;border-left-color:#0e9cd1;}.kt-accordion-id_f9a676-2c:not( .kt-accodion-icon-style-basiccircle ):not( .kt-accodion-icon-style-xclosecircle ):not( .kt-accodion-icon-style-arrowcircle )  > .kt-accordion-inner-wrap > .wp-block-kadence-pane > .kt-accordion-header-wrap > .kt-blocks-accordion-header.kt-accordion-panel-active .kt-blocks-accordion-icon-trigger:after, .kt-accordion-id_f9a676-2c:not( .kt-accodion-icon-style-basiccircle ):not( .kt-accodion-icon-style-xclosecircle ):not( .kt-accodion-icon-style-arrowcircle )  > .kt-accordion-inner-wrap > .wp-block-kadence-pane > .kt-accordion-header-wrap > .kt-blocks-accordion-header.kt-accordion-panel-active .kt-blocks-accordion-icon-trigger:before{background:#444444;}.kt-accordion-id_f9a676-2c:not( .kt-accodion-icon-style-basic ):not( .kt-accodion-icon-style-xclose ):not( .kt-accodion-icon-style-arrow ) .kt-blocks-accordion-header.kt-accordion-panel-active .kt-blocks-accordion-icon-trigger{background:#444444;}.kt-accordion-id_f9a676-2c:not( .kt-accodion-icon-style-basic ):not( .kt-accodion-icon-style-xclose ):not( .kt-accodion-icon-style-arrow ) .kt-blocks-accordion-header.kt-accordion-panel-active .kt-blocks-accordion-icon-trigger:after, .kt-accordion-id_f9a676-2c:not( .kt-accodion-icon-style-basic ):not( .kt-accodion-icon-style-xclose ):not( .kt-accodion-icon-style-arrow ) .kt-blocks-accordion-header.kt-accordion-panel-active .kt-blocks-accordion-icon-trigger:before{background:#ffffff;}@media all and (max-width: 767px){.kt-accordion-id_f9a676-2c .kt-accordion-inner-wrap{display:block;}.kt-accordion-id_f9a676-2c .kt-accordion-inner-wrap .kt-accordion-pane:not(:first-child){margin-top:10px;}}<\/style>\n<div class=\"wp-block-kadence-accordion alignnone\"><div class=\"kt-accordion-wrap kt-accordion-wrap kt-accordion-id_f9a676-2c kt-accordion-has-2-panes kt-active-pane-0 kt-accordion-block kt-pane-header-alignment-left kt-accodion-icon-style-arrow kt-accodion-icon-side-right\" style=\"max-width:none\"><div class=\"kt-accordion-inner-wrap\" data-allow-multiple-open=\"false\" data-start-open=\"none\">\n<div class=\"wp-block-kadence-pane kt-accordion-pane kt-accordion-pane-1 kt-pane_b44e73-7e\"><div class=\"kt-accordion-header-wrap\"><button class=\"kt-blocks-accordion-header kt-acccordion-button-label-show\"><span class=\"kt-blocks-accordion-title-wrap\"><span class=\"kt-blocks-accordion-title\">Dal\u0161\u00ed zdroje, kter\u00e9 se nenal\u00e9zaj\u00ed v katalogu <\/span><\/span><span class=\"kt-blocks-accordion-icon-trigger\"><\/span><\/button><\/div><div class=\"kt-accordion-panel kt-accordion-panel-hidden\"><div class=\"kt-accordion-panel-inner\">\n<ul class=\"wp-block-list\"><li>ProQuest eBook Religion and Philosophy Collection (krom\u011b ur\u010dit\u00fdch konkr\u00e9tn\u00edch titul\u016f)<\/li><li>EBSCO eJournal databases (\u010dl\u00e1nky): Religion and Philosophy Collection, ATLA\/ATLAS a Christian Periodical Index<\/li><li>TREN (diplomov\u00e9 a dizerta\u010dn\u00ed pr\u00e1ce)<\/li><li>Equalibra (v ru\u0161tin\u011b)<\/li><li>Teologick\u00e1 online knihovna (rusky)<\/li><li>Bulharsk\u00e9 elektronick\u00e9 zdroje<\/li><li>Faclia eBooks (v rumun\u0161tin\u011b)<\/li><\/ul>\n<\/div><\/div><\/div>\n<\/div><\/div><\/div>\n","protected":false},"excerpt":{"rendered":"<p>Vyhled\u00e1v\u00e1n\u00ed v katalogu Pro vyhled\u00e1v\u00e1n\u00ed v katalogu knihovny nen\u00ed vy\u017eadov\u00e1no ov\u011b\u0159en\u00ed u\u017eivatele. P\u0159\u00edstup k elektronick\u00fdm zdroj\u016fm v\u0161ak vy\u017eaduje p\u0159ihl\u00e1\u0161en\u00ed. Pro p\u0159\u00edstup k elektronick\u00fdm zdroj\u016fm TCM a ke sv\u00e9mu \u00fa\u010dtu v knihovn\u011b pou\u017eijte sv\u016fj \u00fa\u010det @tcmi.edu v syst\u00e9mu Microsoft. \u00da\u010det v knihovn\u011b umo\u017e\u0148uje u\u017eivateli prohl\u00ed\u017eet historii, ukl\u00e1dat vyhled\u00e1v\u00e1n\u00ed, \u017e\u00e1dat o n\u00e1kup nov\u00fdch polo\u017eek, vytv\u00e1\u0159et seznamy bibliografi\u00ed&#8230;<\/p>\n","protected":false},"author":29,"featured_media":0,"parent":11088,"menu_order":3,"comment_status":"closed","ping_status":"closed","template":"","meta":{"_acf_changed":false,"_kad_blocks_custom_css":"","_kad_blocks_head_custom_js":"","_kad_blocks_body_custom_js":"","_kad_blocks_footer_custom_js":"","_kad_post_transparent":"","_kad_post_title":"","_kad_post_layout":"","_kad_post_sidebar_id":"","_kad_post_content_style":"","_kad_post_vertical_padding":"","_kad_post_feature":"","_kad_post_feature_position":"","_kad_post_header":false,"_kad_post_footer":false,"_kad_post_classname":"","footnotes":""},"page_category":[],"class_list":["post-10621","page","type-page","status-publish","hentry"],"acf":[],"taxonomy_info":[],"featured_image_src_large":false,"author_info":{"display_name":"Oksana Puzynina","author_link":"https:\/\/tcmi.edu\/cs\/author\/oksana-puzyninatcmi-edu\/"},"comment_info":"","_links":{"self":[{"href":"https:\/\/tcmi.edu\/cs\/wp-json\/wp\/v2\/pages\/10621","targetHints":{"allow":["GET"]}}],"collection":[{"href":"https:\/\/tcmi.edu\/cs\/wp-json\/wp\/v2\/pages"}],"about":[{"href":"https:\/\/tcmi.edu\/cs\/wp-json\/wp\/v2\/types\/page"}],"author":[{"embeddable":true,"href":"https:\/\/tcmi.edu\/cs\/wp-json\/wp\/v2\/users\/29"}],"replies":[{"embeddable":true,"href":"https:\/\/tcmi.edu\/cs\/wp-json\/wp\/v2\/comments?post=10621"}],"version-history":[{"count":15,"href":"https:\/\/tcmi.edu\/cs\/wp-json\/wp\/v2\/pages\/10621\/revisions"}],"predecessor-version":[{"id":41214,"href":"https:\/\/tcmi.edu\/cs\/wp-json\/wp\/v2\/pages\/10621\/revisions\/41214"}],"up":[{"embeddable":true,"href":"https:\/\/tcmi.edu\/cs\/wp-json\/wp\/v2\/pages\/11088"}],"wp:attachment":[{"href":"https:\/\/tcmi.edu\/cs\/wp-json\/wp\/v2\/media?parent=10621"}],"wp:term":[{"taxonomy":"page_category","embeddable":true,"href":"https:\/\/tcmi.edu\/cs\/wp-json\/wp\/v2\/page_category?post=10621"}],"curies":[{"name":"wp","href":"https:\/\/api.w.org\/{rel}","templated":true}]}}