{"id":10613,"date":"2018-10-14T10:29:22","date_gmt":"2018-10-14T14:29:22","guid":{"rendered":"https:\/\/tcmi.edu\/vyukove-programy-pro-knihovny\/"},"modified":"2023-06-08T08:10:48","modified_gmt":"2023-06-08T12:10:48","slug":"navody","status":"publish","type":"page","link":"https:\/\/tcmi.edu\/cs\/knihovna\/navody\/","title":{"rendered":"N\u00e1vody"},"content":{"rendered":"<style>.wp-block-kadence-advancedbtn.kb-btns_20b195-af{gap:var(--global-kb-gap-xs, 0.5rem );justify-content:flex-start;align-items:center;}.kt-btns_20b195-af .kt-button{font-weight:normal;font-style:normal;}.kt-btns_20b195-af .kt-btn-wrap-0{margin-right:5px;}.wp-block-kadence-advancedbtn.kt-btns_20b195-af .kt-btn-wrap-0 .kt-button{color:#555555;border-color:#555555;}.wp-block-kadence-advancedbtn.kt-btns_20b195-af .kt-btn-wrap-0 .kt-button:hover, .wp-block-kadence-advancedbtn.kt-btns_20b195-af .kt-btn-wrap-0 .kt-button:focus{color:#ffffff;border-color:#444444;}.wp-block-kadence-advancedbtn.kt-btns_20b195-af .kt-btn-wrap-0 .kt-button::before{display:none;}.wp-block-kadence-advancedbtn.kt-btns_20b195-af .kt-btn-wrap-0 .kt-button:hover, .wp-block-kadence-advancedbtn.kt-btns_20b195-af .kt-btn-wrap-0 .kt-button:focus{background:#444444;}<\/style>\n<div class=\"wp-block-kadence-advancedbtn kb-buttons-wrap kb-btns_20b195-af\"><style>ul.menu .wp-block-kadence-advancedbtn .kb-btn_65cdaa-2f.kb-button{width:initial;}<\/style><a class=\"kb-button kt-button button kb-btn_65cdaa-2f kt-btn-size-standard kt-btn-width-type-auto kb-btn-global-fill  kt-btn-has-text-true kt-btn-has-svg-false  wp-block-kadence-singlebtn\" href=\"https:\/\/tcmint.sharepoint.com\/:f:\/s\/students\/ErVtC28en1FMrsHfbyHElaoBF61znzmN9jgWciGXzpqH6A?e=jUlzow\"><span class=\"kt-btn-inner-text\">Pr\u016fvodce v\u00fdzkumem a psan\u00edm<\/span><\/a><\/div>\n\n\n\n<p><strong>EBSCOhost tutori\u00e1ly<\/strong><\/p>\n\n\n\n<p><strong>Obecn\u00e9:<\/strong><\/p>\n\n\n\n<ul class=\"wp-block-list\">\n<li><a rel=\"noopener noreferrer\" href=\"https:\/\/youtu.be\/LwdvCs9aFKQ\" target=\"_blank\">\u00davod do EBSCOhost<\/a> [4:18]<\/li>\n\n\n\n<li><a rel=\"noopener noreferrer\" href=\"https:\/\/www.youtube.com\/watch?v=K56OPY3sbJ8\" target=\"_blank\">Vyhled\u00e1v\u00e1n\u00ed term\u00edn\u016f v EBSCOhost datab\u00e1z\u00edch<\/a> [2:24]<\/li>\n\n\n\n<li><a rel=\"noopener noreferrer\" href=\"https:\/\/www.youtube.com\/watch?v=Cs-t62k4Kss\" target=\"_blank\">EBSCOhost z\u00e1kladn\u00ed vyhled\u00e1v\u00e1n\u00ed<\/a> [2:13]<\/li>\n\n\n\n<li><a rel=\"noopener noreferrer\" href=\"https:\/\/www.youtube.com\/watch?v=DjKNxqiuwpY\" target=\"_blank\">EBSCOhost pokro\u010dil\u00e9 vyhled\u00e1v\u00e1n\u00ed<\/a> [2:39]<\/li>\n\n\n\n<li><a rel=\"noopener noreferrer\" href=\"https:\/\/www.youtube.com\/watch?v=XQik-bA8YB0&amp;list=PLLqgYj2sU6yoMARkk_OwMbx3RVXTBElMI\" target=\"_blank\">Vytv\u00e1\u0159en\u00ed upozorn\u011bn\u00ed na vyhled\u00e1v\u00e1n\u00ed v EBSCOhost<\/a> [1:28]<\/li>\n\n\n\n<li><a rel=\"noopener noreferrer\" href=\"https:\/\/www.youtube.com\/watch?v=aBbqqVqPQvE\" target=\"_blank\">Moje slo\u017eka v EBSCOhost<\/a> [3:14]<\/li>\n<\/ul>\n\n\n\n<p><strong>Dal\u0161\u00ed jazyky:<\/strong><\/p>\n\n\n\n<ul class=\"wp-block-list\">\n<li>EBSCOhost n\u00e1vody v <a href=\"https:\/\/connect.ebsco.com\/s\/article\/Informationen-in-Deutsch?language=en_US\" target=\"_blank\" rel=\"noopener noreferrer\">n\u011bm\u010din\u011b<\/a><\/li>\n\n\n\n<li>EBSCOhost n\u00e1vody v <a href=\"https:\/\/connect.ebsco.com\/s\/article\/Rom%C3%A2na?language=en_US\" target=\"_blank\" rel=\"noopener noreferrer\">rumun\u0161tin\u011b<\/a><\/li>\n\n\n\n<li>EBSCOhost n\u00e1vody v <a href=\"https:\/\/connect.ebsco.com\/s\/article\/%D0%A0%D1%83%D1%81%D1%81%D0%BAo%D1%8F%D0%B7%D1%8B%D1%87%D0%BD%D1%8B%D0%B5-%D1%80%D0%B5%D1%81%D1%83%D1%80%D1%81%D1%8B?language=en_US\" target=\"_blank\" rel=\"noopener noreferrer\">ru\u0161tin\u011b<\/a><\/li>\n<\/ul>\n\n\n\n<p>Dal\u0161\u00ed n\u00e1vody na <a rel=\"noopener noreferrer\" href=\"https:\/\/connect.ebsco.com\/s\/article\/Where-can-I-find-tutorials-on-EBSCO-interfaces?language=de\" target=\"_blank\">EBSCOhost tutorials.<\/a><\/p>\n","protected":false},"excerpt":{"rendered":"<p>EBSCOhost tutori\u00e1ly Obecn\u00e9: Dal\u0161\u00ed jazyky: Dal\u0161\u00ed n\u00e1vody na EBSCOhost tutorials.<\/p>\n","protected":false},"author":29,"featured_media":0,"parent":11088,"menu_order":6,"comment_status":"closed","ping_status":"closed","template":"","meta":{"_acf_changed":false,"_kad_blocks_custom_css":"","_kad_blocks_head_custom_js":"","_kad_blocks_body_custom_js":"","_kad_blocks_footer_custom_js":"","_kad_post_transparent":"","_kad_post_title":"","_kad_post_layout":"","_kad_post_sidebar_id":"","_kad_post_content_style":"","_kad_post_vertical_padding":"","_kad_post_feature":"","_kad_post_feature_position":"","_kad_post_header":false,"_kad_post_footer":false,"_kad_post_classname":"","footnotes":""},"page_category":[],"class_list":["post-10613","page","type-page","status-publish","hentry"],"acf":[],"taxonomy_info":[],"featured_image_src_large":false,"author_info":{"display_name":"Oksana Puzynina","author_link":"https:\/\/tcmi.edu\/cs\/author\/oksana-puzyninatcmi-edu\/"},"comment_info":"","_links":{"self":[{"href":"https:\/\/tcmi.edu\/cs\/wp-json\/wp\/v2\/pages\/10613","targetHints":{"allow":["GET"]}}],"collection":[{"href":"https:\/\/tcmi.edu\/cs\/wp-json\/wp\/v2\/pages"}],"about":[{"href":"https:\/\/tcmi.edu\/cs\/wp-json\/wp\/v2\/types\/page"}],"author":[{"embeddable":true,"href":"https:\/\/tcmi.edu\/cs\/wp-json\/wp\/v2\/users\/29"}],"replies":[{"embeddable":true,"href":"https:\/\/tcmi.edu\/cs\/wp-json\/wp\/v2\/comments?post=10613"}],"version-history":[{"count":10,"href":"https:\/\/tcmi.edu\/cs\/wp-json\/wp\/v2\/pages\/10613\/revisions"}],"predecessor-version":[{"id":41030,"href":"https:\/\/tcmi.edu\/cs\/wp-json\/wp\/v2\/pages\/10613\/revisions\/41030"}],"up":[{"embeddable":true,"href":"https:\/\/tcmi.edu\/cs\/wp-json\/wp\/v2\/pages\/11088"}],"wp:attachment":[{"href":"https:\/\/tcmi.edu\/cs\/wp-json\/wp\/v2\/media?parent=10613"}],"wp:term":[{"taxonomy":"page_category","embeddable":true,"href":"https:\/\/tcmi.edu\/cs\/wp-json\/wp\/v2\/page_category?post=10613"}],"curies":[{"name":"wp","href":"https:\/\/api.w.org\/{rel}","templated":true}]}}