{"id":10610,"date":"2019-05-26T11:02:56","date_gmt":"2019-05-26T15:02:56","guid":{"rendered":"https:\/\/tcmi.edu\/informace-pro-studenty\/"},"modified":"2021-11-23T08:04:05","modified_gmt":"2021-11-23T13:04:05","slug":"informace-pro-studenty","status":"publish","type":"page","link":"https:\/\/tcmi.edu\/cs\/knihovna\/informace-pro-studenty\/","title":{"rendered":"Informace pro studenty"},"content":{"rendered":"\n<p><strong>Otev\u00edrac\u00ed doba<\/strong><br\/>Pond\u011bl\u00ed &#8211; p\u00e1tek &#8230;&#8230;&#8230;&#8230;&#8230;&#8230;&#8230;&#8230;&#8230;.. 9:00 &#8211; 15:00 (SEL\u010c)<br\/>Sobota &#8211; ned\u011ble &#8230;&#8230;&#8230;&#8230;&#8230;&#8230;&#8230;&#8230;&#8230;.. Zav\u0159eno<\/p>\n\n<p><strong>V\u00fdzkumn\u00e1 a referen\u010dn\u00ed asistence<\/strong><br\/>Pro jak\u00e9koli dotazy vyu\u017eijte <a href=\"https:\/\/tcmi.edu\/cs\/kontaktujte-nas\/\" target=\"_blank\" rel=\"noopener noreferrer\">kontaktn\u00ed formul\u00e1\u0159<\/a>.<br\/>E-mailov\u00e1 adresa:<span style=\"color: &#x201D;#164f7d&#x201D;;\"> library@tcmi.edu<\/span> <br\/>Telefon: +4322588727137<\/p>\n\n<p><strong>V\u00fdp\u016fj\u010dka mezi knihovnami<\/strong><br\/>Knihovna umo\u017e\u0148uj p\u016fj\u010dit si knihu z jin\u00e9 knihovny prost\u0159ednictv\u00edm dohody s organizacemi \u201eAcademic Libraries of Independent Christian Churches and Churches of Christ\u201c. Najdete-li \u010dl\u00e1nek, kter\u00fd pot\u0159ebujete, ale nem\u00e1te p\u0159\u00edstup k pln\u00e9mu zn\u011bn\u00ed v indexu, kontaktujte n\u00e1s prost\u0159ednictv\u00edm tohoto <a href=\"https:\/\/tcmi.edu\/cs\/kontaktujte-nas\/\" target=\"_blank\" rel=\"noopener noreferrer\">kontaktn\u00edho formul\u00e1\u0159<\/a> nebo za\u0161lete e-mail na <span style=\"color: &#x201D;#164f7d&#x201D;;\">library@tcmi.edu<\/span>.<\/p>\n\n<p><strong>Autorsk\u00e9 pr\u00e1vo (copyright)<\/strong><br\/><em>Autorsk\u00e9 pr\u00e1vo:<\/em> \u201eV\u00fdlu\u010dn\u00e9 pr\u00e1vo kop\u00edrovat, licencovat a jinak vyu\u017e\u00edvat liter\u00e1rn\u00ed, hudebn\u00ed nebo um\u011bleck\u00e9 d\u00edlo, a\u0165 u\u017e ti\u0161t\u011bn\u00e9, zvukov\u00e9, video apod. D\u00edla s t\u00edmto pr\u00e1vem podle z\u00e1kona 1. ledna 1978 nebo pozd\u011bji, jsou chr\u00e1n\u011bna po cel\u00fd \u017eivot autora nebo tv\u016frce, a po dobu 70 let po jeho smrti\u201c (Zdroj: <a href=\"http:\/\/dictionary.reference.com\/\" target=\"_blank\" rel=\"noopener noreferrer\">Dictionary.com<\/a>).<\/p>\n\n<p><em>Du\u0161evn\u00ed vlastnictv\u00ed:<\/em> \u201eVlastnictv\u00ed, kter\u00e9 je v\u00fdsledkem p\u016fvodn\u00edho tv\u016fr\u010d\u00edho my\u0161len\u00ed, jako patenty, materi\u00e1l chr\u00e1n\u011bn\u00fd autorsk\u00fdmi pr\u00e1vy a ochrann\u00e9 zn\u00e1mky\u201c (Zdroj:<a href=\"http:\/\/dictionary.reference.com\/\" target=\"_blank\" rel=\"noopener noreferrer\"> Dictionary.com<\/a> ).<\/p>\n\n<p>Autorsk\u00e9 pr\u00e1vo poskytuje autor\u016fm v\u00fdlu\u010dn\u00e9 pr\u00e1vo kontroly u\u017e\u00edv\u00e1n\u00ed jejich d\u011bl (reprodukce, odvozen\u00e1 d\u00edla, distribuce a ve\u0159ejn\u00e9 zobrazov\u00e1n\u00ed \u010di p\u0159edv\u00e1d\u011bn\u00ed d\u00edla) a u\u017eitku z d\u00edla vypl\u00fdvaj\u00edc\u00edho. Autorsk\u00e1 pr\u00e1va mohou b\u00fdt prod\u00e1na nebo ud\u011blena dal\u0161\u00edmu \u010dlov\u011bku, kter\u00fd se stane vlastn\u00edkem autorsk\u00fdch pr\u00e1v. Existuje v\u00fdjimka z autorsk\u00e9ho z\u00e1kona: \u201efair use\u201c.<\/p>\n\n<p><em>Fair use:<\/em> \u201eRozumn\u00e9 a omezen\u00e9 vyu\u017eit\u00ed materi\u00e1l\u016f chr\u00e1n\u011bn\u00fdch autorsk\u00fdm pr\u00e1vem, na z\u00e1klad\u011b kter\u00e9ho nedojdu k poru\u0161en\u00ed autorsk\u00e9ho pr\u00e1va. (Zdroj: <a href=\"http:\/\/dictionary.reference.com\/\" target=\"_blank\" rel=\"noopener noreferrer\">Dictionary.com<\/a>). \u201eFair use\u201c umo\u017e\u0148uje vyu\u017eit\u00ed \u010d\u00e1st\u00ed materi\u00e1lu chr\u00e1n\u011bn\u00e9ho autorsk\u00fdm pr\u00e1vem bez svolen\u00ed pro \u00fa\u010dely jako je kritika, parodie, zpravodajstv\u00ed, vyu\u010dov\u00e1n\u00ed a v\u00fdzkumu \u010di stipendia. P\u0159i zva\u017eov\u00e1n\u00ed, zda se p\u0159i pou\u017e\u00edv\u00e1n\u00ed dan\u00e9ho materi\u00e1lu jedn\u00e1 o \u201efair use\u201c, zva\u017ete n\u00e1sleduj\u00edc\u00ed \u010dty\u0159i faktory:<\/p>\n\n<ul class=\"wp-block-list\"><li>c\u00edl a charakter vyu\u017eit\u00ed<\/li><li>povaha d\u00edla chr\u00e1n\u011bn\u00e9ho autorsk\u00fdm pr\u00e1vem<\/li><li>mno\u017estv\u00ed a v\u00fdznam pou\u017eit\u00e9 \u010d\u00e1sti d\u00edla ve vztahu k jeho zbytku<\/li><li>dopad vyu\u017eit\u00ed na potenci\u00e1ln\u00ed trh<\/li><\/ul>\n\n<p>\u010cast\u00fdm omylem b\u00fdv\u00e1, \u017ee jak\u00e9koli d\u00edlo chr\u00e1n\u011bn\u00e9 autorsk\u00fdm pr\u00e1vem lze na z\u00e1klad\u011b konceptu \u201efair use\u201c voln\u011b vyu\u017e\u00edvat ke vzd\u011bl\u00e1vac\u00edm \u00fa\u010del\u016fm. Na\u0161\u00edm doporu\u010den\u00edm je vyhnout se skenov\u00e1n\u00ed, distribuci, sd\u00edlen\u00ed \u010di zas\u00edl\u00e1n\u00ed pln\u00e9ho textu publikac\u00ed bez svolen\u00ed. Pro pochopen\u00ed potenci\u00e1ln\u00edch d\u016fsledk\u016f zneu\u017eit\u00ed du\u0161evn\u00edho vlastnictv\u00ed \u010di poru\u0161en\u00ed autorsk\u00e9ho pr\u00e1va si p\u0159e\u010dt\u011bte dal\u0161\u00ed informace uveden\u00e9 n\u00ed\u017ee.<\/p>\n\n<p><em>Dal\u0161\u00ed informace<\/em><br\/><a rel=\"noreferrer noopener\" href=\"https:\/\/www.copyright.com\/\" target=\"_blank\">Copyright Clearance Center: Copyright.com<\/a><br\/>Ud\u00edlen\u00ed licenc\u00ed a svolen\u00ed<br\/><a rel=\"noopener noreferrer\" href=\"http:\/\/www.arl.org\/focus-areas\/copyright-ip\/fair-use\/code-of-best-practices\" target=\"_blank\">ARL Code of Best Practices in Fair Use<\/a><br\/>Od Asociace v\u00fdzkumn\u00fdch knihoven<br\/><a rel=\"noreferrer noopener\" href=\"https:\/\/www.copyright.gov\/fair-use\/more-info.html\" target=\"_blank\">US Copyright Office: Fair Use<\/a><br\/>Pochopen\u00ed principu fair use<br\/><a href=\"https:\/\/copyright.columbia.edu\/basics\/fair-use\/fair-use-checklist.html\" target=\"_blank\" rel=\"noreferrer noopener\">Checklist, Columbia University Libraries<\/a><br\/>Zjist\u011bte, zda lze zam\u00fd\u0161len\u00e9 pou\u017eit\u00ed pova\u017eovat za fair use<\/p>\n\n<p><\/p>\n","protected":false},"excerpt":{"rendered":"<p>Otev\u00edrac\u00ed dobaPond\u011bl\u00ed &#8211; p\u00e1tek &#8230;&#8230;&#8230;&#8230;&#8230;&#8230;&#8230;&#8230;&#8230;.. 9:00 &#8211; 15:00 (SEL\u010c)Sobota &#8211; ned\u011ble &#8230;&#8230;&#8230;&#8230;&#8230;&#8230;&#8230;&#8230;&#8230;.. Zav\u0159eno V\u00fdzkumn\u00e1 a referen\u010dn\u00ed asistencePro jak\u00e9koli dotazy vyu\u017eijte kontaktn\u00ed formul\u00e1\u0159.E-mailov\u00e1 adresa: library@tcmi.edu Telefon: +4322588727137 V\u00fdp\u016fj\u010dka mezi knihovnamiKnihovna umo\u017e\u0148uj p\u016fj\u010dit si knihu z jin\u00e9 knihovny prost\u0159ednictv\u00edm dohody s organizacemi \u201eAcademic Libraries of Independent Christian Churches and Churches of Christ\u201c. Najdete-li \u010dl\u00e1nek, kter\u00fd pot\u0159ebujete, ale&#8230;<\/p>\n","protected":false},"author":29,"featured_media":0,"parent":11088,"menu_order":2,"comment_status":"closed","ping_status":"closed","template":"","meta":{"_acf_changed":false,"_kad_blocks_custom_css":"","_kad_blocks_head_custom_js":"","_kad_blocks_body_custom_js":"","_kad_blocks_footer_custom_js":"","_kad_post_transparent":"","_kad_post_title":"","_kad_post_layout":"","_kad_post_sidebar_id":"","_kad_post_content_style":"","_kad_post_vertical_padding":"","_kad_post_feature":"","_kad_post_feature_position":"","_kad_post_header":false,"_kad_post_footer":false,"_kad_post_classname":"","footnotes":""},"page_category":[],"class_list":["post-10610","page","type-page","status-publish","hentry"],"acf":[],"taxonomy_info":[],"featured_image_src_large":false,"author_info":{"display_name":"Oksana Puzynina","author_link":"https:\/\/tcmi.edu\/cs\/author\/oksana-puzyninatcmi-edu\/"},"comment_info":"","_links":{"self":[{"href":"https:\/\/tcmi.edu\/cs\/wp-json\/wp\/v2\/pages\/10610","targetHints":{"allow":["GET"]}}],"collection":[{"href":"https:\/\/tcmi.edu\/cs\/wp-json\/wp\/v2\/pages"}],"about":[{"href":"https:\/\/tcmi.edu\/cs\/wp-json\/wp\/v2\/types\/page"}],"author":[{"embeddable":true,"href":"https:\/\/tcmi.edu\/cs\/wp-json\/wp\/v2\/users\/29"}],"replies":[{"embeddable":true,"href":"https:\/\/tcmi.edu\/cs\/wp-json\/wp\/v2\/comments?post=10610"}],"version-history":[{"count":18,"href":"https:\/\/tcmi.edu\/cs\/wp-json\/wp\/v2\/pages\/10610\/revisions"}],"predecessor-version":[{"id":32623,"href":"https:\/\/tcmi.edu\/cs\/wp-json\/wp\/v2\/pages\/10610\/revisions\/32623"}],"up":[{"embeddable":true,"href":"https:\/\/tcmi.edu\/cs\/wp-json\/wp\/v2\/pages\/11088"}],"wp:attachment":[{"href":"https:\/\/tcmi.edu\/cs\/wp-json\/wp\/v2\/media?parent=10610"}],"wp:term":[{"taxonomy":"page_category","embeddable":true,"href":"https:\/\/tcmi.edu\/cs\/wp-json\/wp\/v2\/page_category?post=10610"}],"curies":[{"name":"wp","href":"https:\/\/api.w.org\/{rel}","templated":true}]}}