{"id":10603,"date":"2013-12-12T10:50:45","date_gmt":"2013-12-12T15:50:45","guid":{"rendered":"https:\/\/tcmi.edu\/prirucky\/"},"modified":"2023-08-01T04:34:50","modified_gmt":"2023-08-01T08:34:50","slug":"prirucky","status":"publish","type":"page","link":"https:\/\/tcmi.edu\/cs\/studenti\/prirucky\/","title":{"rendered":"P\u0159\u00edru\u010dky"},"content":{"rendered":"\n<p>Dovolujeme si upozornit, \u017ee p\u0159\u00edru\u010dky TCM jsou aktualizov\u00e1ny p\u0159i ka\u017ed\u00e9 v\u011bt\u0161\u00ed zm\u011bn\u011b, tak\u017ee je va\u0161\u00ed povinnost\u00ed pravideln\u011b nav\u0161t\u011bvovat tuto str\u00e1nku a z\u00edskat nejnov\u011bj\u0161\u00ed aktualizovanou verzi. <\/p>\n<style>.wp-block-kadence-advancedbtn.kb-btns_d9d403-e6{gap:var(--global-kb-gap-xs, 0.5rem );justify-content:center;align-items:center;}.kt-btns_d9d403-e6 .kt-button{font-weight:normal;font-style:normal;}.kt-btns_d9d403-e6 .kt-btn-wrap-0{margin-right:5px;}.wp-block-kadence-advancedbtn.kt-btns_d9d403-e6 .kt-btn-wrap-0 .kt-button{color:#555555;border-color:#555555;}.wp-block-kadence-advancedbtn.kt-btns_d9d403-e6 .kt-btn-wrap-0 .kt-button:hover, .wp-block-kadence-advancedbtn.kt-btns_d9d403-e6 .kt-btn-wrap-0 .kt-button:focus{color:#ffffff;border-color:#444444;}.wp-block-kadence-advancedbtn.kt-btns_d9d403-e6 .kt-btn-wrap-0 .kt-button::before{display:none;}.wp-block-kadence-advancedbtn.kt-btns_d9d403-e6 .kt-btn-wrap-0 .kt-button:hover, .wp-block-kadence-advancedbtn.kt-btns_d9d403-e6 .kt-btn-wrap-0 .kt-button:focus{background:#444444;}<\/style>\n<div class=\"wp-block-kadence-advancedbtn kt-btn-align-center kt-btn-tablet-align-inherit kt-btn-mobile-align-inherit kt-btns-wrap kt-btns_d9d403-e6\"><div class=\"kt-btn-wrap kt-btn-wrap-0\"><a class=\"kt-button button kt-btn-0-action kt-btn-size-standard kt-btn-style-basic kt-btn-svg-show-always kt-btn-has-text-true kt-btn-has-svg-false\" href=\"https:\/\/tcmint.sharepoint.com\/:f:\/s\/students\/EmnUV7uYEFNBqrL8Ffk7B3wBTEN0m-HwsRNGBb2CTWIpZA?e=CI6GyX\" target=\"_blank\" rel=\"noreferrer noopener nofollow\"><span class=\"kt-btn-inner-text\">All Student Handbooks<\/span><\/a><\/div><\/div>\n","protected":false},"excerpt":{"rendered":"<p>Dovolujeme si upozornit, \u017ee p\u0159\u00edru\u010dky TCM jsou aktualizov\u00e1ny p\u0159i ka\u017ed\u00e9 v\u011bt\u0161\u00ed zm\u011bn\u011b, tak\u017ee je va\u0161\u00ed povinnost\u00ed pravideln\u011b nav\u0161t\u011bvovat tuto str\u00e1nku a z\u00edskat nejnov\u011bj\u0161\u00ed aktualizovanou verzi.<\/p>\n","protected":false},"author":1,"featured_media":0,"parent":11105,"menu_order":100,"comment_status":"closed","ping_status":"closed","template":"","meta":{"_acf_changed":false,"_kad_blocks_custom_css":"","_kad_blocks_head_custom_js":"","_kad_blocks_body_custom_js":"","_kad_blocks_footer_custom_js":"","_kad_post_transparent":"","_kad_post_title":"","_kad_post_layout":"","_kad_post_sidebar_id":"","_kad_post_content_style":"","_kad_post_vertical_padding":"","_kad_post_feature":"","_kad_post_feature_position":"","_kad_post_header":false,"_kad_post_footer":false,"_kad_post_classname":"","footnotes":""},"page_category":[],"class_list":["post-10603","page","type-page","status-publish","hentry"],"acf":[],"taxonomy_info":[],"featured_image_src_large":false,"author_info":{"display_name":"Kaleb Heitzman","author_link":"https:\/\/tcmi.edu\/cs\/author\/developer\/"},"comment_info":"","_links":{"self":[{"href":"https:\/\/tcmi.edu\/cs\/wp-json\/wp\/v2\/pages\/10603","targetHints":{"allow":["GET"]}}],"collection":[{"href":"https:\/\/tcmi.edu\/cs\/wp-json\/wp\/v2\/pages"}],"about":[{"href":"https:\/\/tcmi.edu\/cs\/wp-json\/wp\/v2\/types\/page"}],"author":[{"embeddable":true,"href":"https:\/\/tcmi.edu\/cs\/wp-json\/wp\/v2\/users\/1"}],"replies":[{"embeddable":true,"href":"https:\/\/tcmi.edu\/cs\/wp-json\/wp\/v2\/comments?post=10603"}],"version-history":[{"count":12,"href":"https:\/\/tcmi.edu\/cs\/wp-json\/wp\/v2\/pages\/10603\/revisions"}],"predecessor-version":[{"id":41217,"href":"https:\/\/tcmi.edu\/cs\/wp-json\/wp\/v2\/pages\/10603\/revisions\/41217"}],"up":[{"embeddable":true,"href":"https:\/\/tcmi.edu\/cs\/wp-json\/wp\/v2\/pages\/11105"}],"wp:attachment":[{"href":"https:\/\/tcmi.edu\/cs\/wp-json\/wp\/v2\/media?parent=10603"}],"wp:term":[{"taxonomy":"page_category","embeddable":true,"href":"https:\/\/tcmi.edu\/cs\/wp-json\/wp\/v2\/page_category?post=10603"}],"curies":[{"name":"wp","href":"https:\/\/api.w.org\/{rel}","templated":true}]}}