{"id":10574,"date":"2013-11-07T00:53:01","date_gmt":"2013-11-07T05:53:01","guid":{"rendered":"https:\/\/tcmi.edu\/studentum\/"},"modified":"2021-08-10T13:08:20","modified_gmt":"2021-08-10T17:08:20","slug":"programy","status":"publish","type":"page","link":"https:\/\/tcmi.edu\/cs\/programy\/","title":{"rendered":"Programy"},"content":{"rendered":"<style>#kt-layout-id_d64268-82 > .kt-row-column-wrap{align-content:start;}:where(#kt-layout-id_d64268-82 > .kt-row-column-wrap) > .wp-block-kadence-column{justify-content:start;}#kt-layout-id_d64268-82 > .kt-row-column-wrap{column-gap:var(--global-kb-gap-md, 2rem);row-gap:var(--global-kb-gap-md, 2rem);padding-top:var( --global-kb-row-default-top, 25px );padding-bottom:var( --global-kb-row-default-bottom, 25px );padding-top:var(--global-kb-spacing-sm, 1.5rem);padding-bottom:var(--global-kb-spacing-sm, 1.5rem);grid-template-columns:repeat(2, minmax(0, 1fr));}#kt-layout-id_d64268-82 > .kt-row-layout-overlay{opacity:0.30;}@media all and (max-width: 1024px){#kt-layout-id_d64268-82 > .kt-row-column-wrap{grid-template-columns:repeat(2, minmax(0, 1fr));}}@media all and (max-width: 767px){#kt-layout-id_d64268-82 > .kt-row-column-wrap{grid-template-columns:minmax(0, 1fr);}}<\/style>\n<div class=\"wp-block-kadence-rowlayout alignnone\"><div id=\"kt-layout-id_d64268-82\" class=\"kt-row-layout-inner kt-layout-id_d64268-82\"><div class=\"kt-row-column-wrap kt-has-2-columns kt-gutter-default kt-v-gutter-default kt-row-valign-top kt-row-layout-equal kt-tab-layout-inherit kt-m-colapse-left-to-right kt-mobile-layout-row\"><style>.kadence-column_8f5e2d-4e > .kt-inside-inner-col{border-top-width:0px;border-right-width:0px;border-bottom-width:0px;border-left-width:0px;}.kadence-column_8f5e2d-4e > .kt-inside-inner-col,.kadence-column_8f5e2d-4e > .kt-inside-inner-col:before{border-top-left-radius:0px;border-top-right-radius:0px;border-bottom-right-radius:0px;border-bottom-left-radius:0px;}.kadence-column_8f5e2d-4e > .kt-inside-inner-col{column-gap:var(--global-kb-gap-sm, 1rem);}.kadence-column_8f5e2d-4e > .kt-inside-inner-col{flex-direction:column;}.kadence-column_8f5e2d-4e > .kt-inside-inner-col > .aligncenter{width:100%;}.kadence-column_8f5e2d-4e > .kt-inside-inner-col:before{opacity:0.3;}.kadence-column_8f5e2d-4e{position:relative;}@media all and (max-width: 1024px){.kadence-column_8f5e2d-4e > .kt-inside-inner-col{flex-direction:column;justify-content:center;}}@media all and (max-width: 767px){.kadence-column_8f5e2d-4e > .kt-inside-inner-col{flex-direction:column;justify-content:center;}}<\/style>\n<div class=\"wp-block-kadence-column inner-column-1 kadence-column_8f5e2d-4e\"><div class=\"kt-inside-inner-col\">\n<h2 class=\"wp-block-heading\" id=\"degrees\">\n          <a href=\"https:\/\/tcmi.edu\/academics\/ma\/\" data-type=\"page\" data-id=\"815\">Master of Arts<\/a>\n        <\/h2>\n\n\n\n<p>Smyslem tohoto programu o rozsahu \u010dty\u0159icet osm (48) kredit\u016f je zlep\u0161it schopnost veden\u00ed poskytnut\u00edm \u0161irok\u00e9ho mezioborov\u00e9ho vzd\u011bl\u00e1vac\u00edho programu pro pr\u00e1ci v r\u016fzn\u00fdch oblastech k\u0159es\u0165ansk\u00e9ho veden\u00ed. Pracovn\u00ed zam\u011b\u0159en\u00ed m\u016f\u017ee zahrnovat slu\u017ebu na pln\u00fd \u00favazek, strategick\u00e9 veden\u00ed \u010di veden\u00ed v neziskov\u00e9 organizaci. Program je navr\u017een pro studenty, kte\u0159\u00ed ji\u017e maj\u00ed alespo\u0148 bakal\u00e1\u0159sk\u00fd titul z jak\u00e9hokoli oboru.<\/p>\n\n\n<style>.wp-block-kadence-advancedbtn.kb-btns_aff47b-6d{gap:var(--global-kb-gap-xs, 0.5rem );justify-content:flex-start;align-items:center;}.kt-btns_aff47b-6d .kt-button{font-weight:normal;font-style:normal;}.kt-btns_aff47b-6d .kt-btn-wrap-0{margin-right:5px;}.wp-block-kadence-advancedbtn.kt-btns_aff47b-6d .kt-btn-wrap-0 .kt-button::before{display:none;}<\/style>\n<div class=\"wp-block-kadence-advancedbtn kt-btn-align-left kt-btn-tablet-align-inherit kt-btn-mobile-align-inherit kt-btns-wrap kt-btns_aff47b-6d\"><div class=\"kt-btn-wrap kt-btn-wrap-0\"><a class=\"kt-button button kt-btn-0-action kt-btn-size-standard kt-btn-style-basic kt-btn-svg-show-always kt-btn-has-text-true kt-btn-has-svg-false kb-btn-global-inherit wp-block-button__link\" href=\"https:\/\/tcmi.edu\/cs\/programy\/master-of-arts\/\"><span class=\"kt-btn-inner-text\">Zjistit v\u00edce<\/span><\/a><\/div><\/div>\n<\/div><\/div>\n\n\n<style>.kadence-column_fd66fc-06 > .kt-inside-inner-col{border-top-width:0px;border-right-width:0px;border-bottom-width:0px;border-left-width:0px;}.kadence-column_fd66fc-06 > .kt-inside-inner-col,.kadence-column_fd66fc-06 > .kt-inside-inner-col:before{border-top-left-radius:0px;border-top-right-radius:0px;border-bottom-right-radius:0px;border-bottom-left-radius:0px;}.kadence-column_fd66fc-06 > .kt-inside-inner-col{column-gap:var(--global-kb-gap-sm, 1rem);}.kadence-column_fd66fc-06 > .kt-inside-inner-col{flex-direction:column;}.kadence-column_fd66fc-06 > .kt-inside-inner-col > .aligncenter{width:100%;}.kadence-column_fd66fc-06 > .kt-inside-inner-col:before{opacity:0.3;}.kadence-column_fd66fc-06{position:relative;}@media all and (max-width: 1024px){.kadence-column_fd66fc-06 > .kt-inside-inner-col{flex-direction:column;justify-content:center;}}@media all and (max-width: 767px){.kadence-column_fd66fc-06 > .kt-inside-inner-col{flex-direction:column;justify-content:center;}}<\/style>\n<div class=\"wp-block-kadence-column inner-column-2 kadence-column_fd66fc-06\"><div class=\"kt-inside-inner-col\">\n<h2 class=\"wp-block-heading\">\n          <a href=\"https:\/\/tcmi.edu\/academics\/mdiv\/\" data-type=\"page\" data-id=\"818\">Master of Divinity<\/a>\n        <\/h2>\n\n\n\n<p>Pro absolvov\u00e1n\u00ed programu Master of Divnity je t\u0159eba splnit 84 kredit\u016f. Smyslem tohoto studijn\u00edho programu je d\u00e1le zlep\u0161ovat dovednosti pro slu\u017ebu pastor\u016f na pln\u00fd \u00favazek, k\u0159es\u0165ansk\u00fdch vedouc\u00edch p\u0159ev\u00e1\u017en\u011b v c\u00edrkvi, \u010di studenty, kte\u0159\u00ed hledaj\u00ed p\u0159\u00edle\u017eitost pokro\u010dil\u00e9ho studia, \u010dasto za \u00fa\u010delem zam\u011bstn\u00e1n\u00ed v oblasti vysoko\u0161kolsk\u00e9ho vzd\u011bl\u00e1v\u00e1n\u00ed.<\/p>\n\n\n<style>.wp-block-kadence-advancedbtn.kb-btns_9490ba-35{gap:var(--global-kb-gap-xs, 0.5rem );justify-content:flex-start;align-items:center;}.kt-btns_9490ba-35 .kt-button{font-weight:normal;font-style:normal;}.kt-btns_9490ba-35 .kt-btn-wrap-0{margin-right:5px;}.wp-block-kadence-advancedbtn.kt-btns_9490ba-35 .kt-btn-wrap-0 .kt-button::before{display:none;}<\/style>\n<div class=\"wp-block-kadence-advancedbtn kt-btn-align-left kt-btn-tablet-align-inherit kt-btn-mobile-align-inherit kt-btns-wrap kt-btns_9490ba-35\"><div class=\"kt-btn-wrap kt-btn-wrap-0\"><a class=\"kt-button button kt-btn-0-action kt-btn-size-standard kt-btn-style-basic kt-btn-svg-show-always kt-btn-has-text-true kt-btn-has-svg-false kb-btn-global-inherit wp-block-button__link\" href=\"https:\/\/tcmi.edu\/cs\/programy\/master-of-divnity\/\"><span class=\"kt-btn-inner-text\">Zjistit v\u00edce<\/span><\/a><\/div><\/div>\n<\/div><\/div>\n<\/div><\/div><\/div>\n<style>#kt-layout-id_97978b-3a > .kt-row-column-wrap{align-content:start;}:where(#kt-layout-id_97978b-3a > .kt-row-column-wrap) > .wp-block-kadence-column{justify-content:start;}#kt-layout-id_97978b-3a > .kt-row-column-wrap{column-gap:var(--global-kb-gap-md, 2rem);row-gap:var(--global-kb-gap-md, 2rem);padding-top:var( --global-kb-row-default-top, 25px );padding-bottom:var( --global-kb-row-default-bottom, 25px );padding-top:var(--global-kb-spacing-sm, 1.5rem);padding-bottom:var(--global-kb-spacing-sm, 1.5rem);grid-template-columns:repeat(2, minmax(0, 1fr));}#kt-layout-id_97978b-3a > .kt-row-layout-overlay{opacity:0.30;}@media all and (max-width: 1024px){#kt-layout-id_97978b-3a > .kt-row-column-wrap{grid-template-columns:repeat(2, minmax(0, 1fr));}}@media all and (max-width: 767px){#kt-layout-id_97978b-3a > .kt-row-column-wrap{grid-template-columns:minmax(0, 1fr);}}<\/style>\n<div class=\"wp-block-kadence-rowlayout alignnone\"><div id=\"kt-layout-id_97978b-3a\" class=\"kt-row-layout-inner kt-layout-id_97978b-3a\"><div class=\"kt-row-column-wrap kt-has-2-columns kt-gutter-default kt-v-gutter-default kt-row-valign-top kt-row-layout-equal kt-tab-layout-inherit kt-m-colapse-left-to-right kt-mobile-layout-row\"><style>.kadence-column_57cdea-35 > .kt-inside-inner-col{border-top-width:0px;border-right-width:0px;border-bottom-width:0px;border-left-width:0px;}.kadence-column_57cdea-35 > .kt-inside-inner-col,.kadence-column_57cdea-35 > .kt-inside-inner-col:before{border-top-left-radius:0px;border-top-right-radius:0px;border-bottom-right-radius:0px;border-bottom-left-radius:0px;}.kadence-column_57cdea-35 > .kt-inside-inner-col{column-gap:var(--global-kb-gap-sm, 1rem);}.kadence-column_57cdea-35 > .kt-inside-inner-col{flex-direction:column;}.kadence-column_57cdea-35 > .kt-inside-inner-col > .aligncenter{width:100%;}.kadence-column_57cdea-35 > .kt-inside-inner-col:before{opacity:0.3;}.kadence-column_57cdea-35{position:relative;}@media all and (max-width: 1024px){.kadence-column_57cdea-35 > .kt-inside-inner-col{flex-direction:column;justify-content:center;}}@media all and (max-width: 767px){.kadence-column_57cdea-35 > .kt-inside-inner-col{flex-direction:column;justify-content:center;}}<\/style>\n<div class=\"wp-block-kadence-column inner-column-1 kadence-column_57cdea-35\"><div class=\"kt-inside-inner-col\"><style>.wp-block-kadence-advancedheading.kt-adv-heading_6306d1-10, .wp-block-kadence-advancedheading.kt-adv-heading_6306d1-10[data-kb-block=\"kb-adv-heading_6306d1-10\"]{font-style:normal;}.wp-block-kadence-advancedheading.kt-adv-heading_6306d1-10 mark.kt-highlight, .wp-block-kadence-advancedheading.kt-adv-heading_6306d1-10[data-kb-block=\"kb-adv-heading_6306d1-10\"] mark.kt-highlight{font-style:normal;color:#f76a0c;-webkit-box-decoration-break:clone;box-decoration-break:clone;padding-top:0px;padding-right:0px;padding-bottom:0px;padding-left:0px;}.wp-block-kadence-advancedheading.kt-adv-heading_6306d1-10 img.kb-inline-image, .wp-block-kadence-advancedheading.kt-adv-heading_6306d1-10[data-kb-block=\"kb-adv-heading_6306d1-10\"] img.kb-inline-image{width:150px;vertical-align:baseline;}<\/style>\n<h2 class=\"kt-adv-heading_6306d1-10 wp-block-kadence-advancedheading\" data-kb-block=\"kb-adv-heading_6306d1-10\">\n          <a href=\"https:\/\/tcmi.edu\/cs\/programy\/certifikat\/\" data-type=\"page\" data-id=\"820\">Certifik\u00e1t<\/a>\n        <\/h2>\n\n\n\n<p>Certifik\u00e1t TCM o rozsahu 24 kredit\u016f je neakreditovan\u00fd vzd\u011bl\u00e1vac\u00ed program, kter\u00fd student\u016fm poskytuje mo\u017enost zlep\u0161it sv\u00e9 dovednosti v oblasti k\u0159es\u0165ansk\u00e9ho veden\u00ed. Je ur\u010den pastor\u016fm, star\u0161\u00edm, u\u010ditel\u016fm a dal\u0161\u00edm k\u0159es\u0165ansk\u00fdm vedouc\u00edm, kte\u0159\u00ed by cht\u011bli pokra\u010dovat ve vzd\u011bl\u00e1v\u00e1n\u00ed a\/nebo v budoucnu z\u00edskat titul absolvov\u00e1n\u00edm z\u00e1kladn\u00edch akademick\u00fdch p\u0159edm\u011bt\u016f.<\/p>\n\n\n<style>.wp-block-kadence-advancedbtn.kb-btns_1494ad-03{gap:var(--global-kb-gap-xs, 0.5rem );justify-content:flex-start;align-items:center;}.kt-btns_1494ad-03 .kt-button{font-weight:normal;font-style:normal;}.kt-btns_1494ad-03 .kt-btn-wrap-0{margin-right:5px;}.wp-block-kadence-advancedbtn.kt-btns_1494ad-03 .kt-btn-wrap-0 .kt-button::before{display:none;}<\/style>\n<div class=\"wp-block-kadence-advancedbtn kt-btn-align-left kt-btn-tablet-align-inherit kt-btn-mobile-align-inherit kt-btns-wrap kt-btns_1494ad-03\"><div class=\"kt-btn-wrap kt-btn-wrap-0\"><a class=\"kt-button button kt-btn-0-action kt-btn-size-standard kt-btn-style-basic kt-btn-svg-show-always kt-btn-has-text-true kt-btn-has-svg-false kb-btn-global-inherit wp-block-button__link\" href=\"https:\/\/tcmi.edu\/cs\/programy\/certifikat\/\"><span class=\"kt-btn-inner-text\">Zjistit v\u00edce<\/span><\/a><\/div><\/div>\n<\/div><\/div>\n\n\n<style>.kadence-column_8ad771-3e > .kt-inside-inner-col{border-top-width:0px;border-right-width:0px;border-bottom-width:0px;border-left-width:0px;}.kadence-column_8ad771-3e > .kt-inside-inner-col,.kadence-column_8ad771-3e > .kt-inside-inner-col:before{border-top-left-radius:0px;border-top-right-radius:0px;border-bottom-right-radius:0px;border-bottom-left-radius:0px;}.kadence-column_8ad771-3e > .kt-inside-inner-col{column-gap:var(--global-kb-gap-sm, 1rem);}.kadence-column_8ad771-3e > .kt-inside-inner-col{flex-direction:column;}.kadence-column_8ad771-3e > .kt-inside-inner-col > .aligncenter{width:100%;}.kadence-column_8ad771-3e > .kt-inside-inner-col:before{opacity:0.3;}.kadence-column_8ad771-3e{position:relative;}@media all and (max-width: 1024px){.kadence-column_8ad771-3e > .kt-inside-inner-col{flex-direction:column;justify-content:center;}}@media all and (max-width: 767px){.kadence-column_8ad771-3e > .kt-inside-inner-col{flex-direction:column;justify-content:center;}}<\/style>\n<div class=\"wp-block-kadence-column inner-column-2 kadence-column_8ad771-3e\"><div class=\"kt-inside-inner-col\"><style>.wp-block-kadence-column.kb-section-dir-horizontal > .kt-inside-inner-col > #kt-info-box_a3a67b-ce .kt-blocks-info-box-link-wrap{max-width:unset;}#kt-info-box_a3a67b-ce .kt-blocks-info-box-link-wrap{border-color:var(--global-palette1, #3182CE);border-radius:4px;border-top-width:5px;border-right-width:0px;border-bottom-width:0px;border-left-width:0px;background:var(--global-palette8, #F7FAFC);padding-top:var(--global-kb-spacing-xs, 1rem);padding-right:var(--global-kb-spacing-xs, 1rem);padding-bottom:var(--global-kb-spacing-xs, 1rem);padding-left:var(--global-kb-spacing-xs, 1rem);}#kt-info-box_a3a67b-ce .kt-blocks-info-box-link-wrap:hover{background:var(--global-palette1, #3182CE);}#kt-info-box_a3a67b-ce .kadence-info-box-icon-container .kt-info-svg-icon, #kt-info-box_a3a67b-ce .kt-info-svg-icon-flip, #kt-info-box_a3a67b-ce .kt-blocks-info-box-number{font-size:40px;}#kt-info-box_a3a67b-ce .kt-blocks-info-box-media{color:#bebdbd;border-top-width:0px;border-right-width:0px;border-bottom-width:0px;border-left-width:0px;padding-top:10px;padding-right:10px;padding-bottom:10px;padding-left:10px;}#kt-info-box_a3a67b-ce .kt-blocks-info-box-media-container{margin-top:0px;margin-right:15px;margin-bottom:0px;margin-left:15px;}#kt-info-box_a3a67b-ce .kt-blocks-info-box-link-wrap:hover .kt-blocks-info-box-media{color:var(--global-palette7, #EDF2F7);}#kt-info-box_a3a67b-ce .kt-infobox-textcontent h2.kt-blocks-info-box-title{color:var(--global-palette1, #3182CE);}#kt-info-box_a3a67b-ce .kt-blocks-info-box-link-wrap:hover h2.kt-blocks-info-box-title{color:var(--global-palette9, #ffffff);}#kt-info-box_a3a67b-ce .kt-infobox-textcontent .kt-blocks-info-box-text{color:var(--global-palette6, #718096);}#kt-info-box_a3a67b-ce .kt-blocks-info-box-link-wrap:hover .kt-blocks-info-box-text{color:var(--global-palette9, #ffffff);}#kt-info-box_a3a67b-ce .kt-blocks-info-box-learnmore{color:var(--global-palette1, #3182CE);background:transparent;border-color:#555555;border-radius:4px;border-width:0px 0px 0px 0px;padding-top:4px;padding-right:8px;padding-bottom:4px;padding-left:8px;margin-top:10px;margin-right:0px;margin-bottom:10px;margin-left:0px;}#kt-info-box_a3a67b-ce .kt-blocks-info-box-link-wrap:hover .kt-blocks-info-box-learnmore,#kt-info-box_a3a67b-ce .kt-blocks-info-box-link-wrap .kt-blocks-info-box-learnmore:focus{color:#ffffff;background:var(--global-palette2, #2B6CB0);border-color:#444444;}<\/style>\n<div id=\"kt-info-box_a3a67b-ce\" class=\"wp-block-kadence-infobox\"><a class=\"kt-blocks-info-box-link-wrap info-box-link kt-blocks-info-box-media-align-top kt-info-halign-center\" href=\"https:\/\/tcmi.edu\/admissions\/apply\/\"><div class=\"kt-blocks-info-box-media-container\"><div class=\"kt-blocks-info-box-media kt-info-media-animate-flip\"><div class=\"kadence-info-box-icon-container kt-info-icon-animate-flip\"><div class=\"kadence-info-box-icon-inner-container\"><span style=\"display:block;justify-content:center;align-items:center\" class=\"kt-info-svg-icon kt-info-svg-icon-ic_pencil\"><svg style=\"display:inline-block;vertical-align:middle\" viewbox=\"0 0 8 8\" height=\"40\" width=\"40\" fill=\"currentColor\" xmlns=\"http:\/\/www.w3.org\/2000\/svg\"><path d=\"M6 0l-1 1 2 2 1-1-2-2zm-2 2l-4 4v2h2l4-4-2-2z\"><\/path><\/svg><\/span><span style=\"display:block;justify-content:center;align-items:center\" class=\"kt-info-svg-icon-flip kt-info-svg-icon-fas_globe-africa\"><svg style=\"display:inline-block;vertical-align:middle\" viewbox=\"0 0 496 512\" height=\"40\" width=\"40\" fill=\"currentColor\" xmlns=\"http:\/\/www.w3.org\/2000\/svg\"><path d=\"M248 8C111.03 8 0 119.03 0 256s111.03 248 248 248 248-111.03 248-248S384.97 8 248 8zm160 215.5v6.93c0 5.87-3.32 11.24-8.57 13.86l-15.39 7.7a15.485 15.485 0 0 1-15.53-.97l-18.21-12.14a15.52 15.52 0 0 0-13.5-1.81l-2.65.88c-9.7 3.23-13.66 14.79-7.99 23.3l13.24 19.86c2.87 4.31 7.71 6.9 12.89 6.9h8.21c8.56 0 15.5 6.94 15.5 15.5v11.34c0 3.35-1.09 6.62-3.1 9.3l-18.74 24.98c-1.42 1.9-2.39 4.1-2.83 6.43l-4.3 22.83c-.62 3.29-2.29 6.29-4.76 8.56a159.608 159.608 0 0 0-25 29.16l-13.03 19.55a27.756 27.756 0 0 1-23.09 12.36c-10.51 0-20.12-5.94-24.82-15.34a78.902 78.902 0 0 1-8.33-35.29V367.5c0-8.56-6.94-15.5-15.5-15.5h-25.88c-14.49 0-28.38-5.76-38.63-16a54.659 54.659 0 0 1-16-38.63v-14.06c0-17.19 8.1-33.38 21.85-43.7l27.58-20.69a54.663 54.663 0 0 1 32.78-10.93h.89c8.48 0 16.85 1.97 24.43 5.77l14.72 7.36c3.68 1.84 7.93 2.14 11.83.84l47.31-15.77c6.33-2.11 10.6-8.03 10.6-14.7 0-8.56-6.94-15.5-15.5-15.5h-10.09c-4.11 0-8.05-1.63-10.96-4.54l-6.92-6.92a15.493 15.493 0 0 0-10.96-4.54H199.5c-8.56 0-15.5-6.94-15.5-15.5v-4.4c0-7.11 4.84-13.31 11.74-15.04l14.45-3.61c3.74-.94 7-3.23 9.14-6.44l8.08-12.11c2.87-4.31 7.71-6.9 12.89-6.9h24.21c8.56 0 15.5-6.94 15.5-15.5v-21.7C359.23 71.63 422.86 131.02 441.93 208H423.5c-8.56 0-15.5 6.94-15.5 15.5z\"><\/path><\/svg><\/span><\/div><\/div><\/div><\/div><div class=\"kt-infobox-textcontent\"><h2 class=\"kt-blocks-info-box-title\">Ud\u011blejte dal\u0161\u00ed krok<\/h2><p class=\"kt-blocks-info-box-text\">Jste p\u0159ipraveni ud\u011blat dal\u0161\u00ed krok? Z\u00edskejte v\u00edce informac\u00ed a p\u0159ihla\u0161te se online.<br\/><\/p><div class=\"kt-blocks-info-box-learnmore-wrap\"><span class=\"kt-blocks-info-box-learnmore\">P\u0159ihl\u00e1sit se online<\/span><\/div><\/div><\/a><\/div>\n<\/div><\/div>\n<\/div><\/div><\/div>\n","protected":false},"excerpt":{"rendered":"<p>Master of Arts Smyslem tohoto programu o rozsahu \u010dty\u0159icet osm (48) kredit\u016f je zlep\u0161it schopnost veden\u00ed poskytnut\u00edm \u0161irok\u00e9ho mezioborov\u00e9ho vzd\u011bl\u00e1vac\u00edho programu pro pr\u00e1ci v r\u016fzn\u00fdch oblastech k\u0159es\u0165ansk\u00e9ho veden\u00ed. Pracovn\u00ed zam\u011b\u0159en\u00ed m\u016f\u017ee zahrnovat slu\u017ebu na pln\u00fd \u00favazek, strategick\u00e9 veden\u00ed \u010di veden\u00ed v neziskov\u00e9 organizaci. Program je navr\u017een pro studenty, kte\u0159\u00ed ji\u017e maj\u00ed alespo\u0148 bakal\u00e1\u0159sk\u00fd titul z&#8230;<\/p>\n","protected":false},"author":1,"featured_media":5542,"parent":0,"menu_order":0,"comment_status":"open","ping_status":"closed","template":"","meta":{"_acf_changed":false,"_kad_blocks_custom_css":"","_kad_blocks_head_custom_js":"","_kad_blocks_body_custom_js":"","_kad_blocks_footer_custom_js":"","_kad_post_transparent":"","_kad_post_title":"hide","_kad_post_layout":"","_kad_post_sidebar_id":"","_kad_post_content_style":"","_kad_post_vertical_padding":"hide","_kad_post_feature":"hide","_kad_post_feature_position":"","_kad_post_header":false,"_kad_post_footer":false,"_kad_post_classname":"","footnotes":""},"page_category":[207],"class_list":["post-10574","page","type-page","status-publish","has-post-thumbnail","hentry","page_category-academics-page-cs"],"acf":[],"taxonomy_info":{"page_category":[{"value":207,"label":"academics-page"}]},"featured_image_src_large":["https:\/\/tcmi.edu\/wp-content\/uploads\/2020\/07\/IMG_3479-scaled-1024x682.jpg",1024,682,true],"author_info":{"display_name":"Kaleb Heitzman","author_link":"https:\/\/tcmi.edu\/cs\/author\/developer\/"},"comment_info":"","_links":{"self":[{"href":"https:\/\/tcmi.edu\/cs\/wp-json\/wp\/v2\/pages\/10574","targetHints":{"allow":["GET"]}}],"collection":[{"href":"https:\/\/tcmi.edu\/cs\/wp-json\/wp\/v2\/pages"}],"about":[{"href":"https:\/\/tcmi.edu\/cs\/wp-json\/wp\/v2\/types\/page"}],"author":[{"embeddable":true,"href":"https:\/\/tcmi.edu\/cs\/wp-json\/wp\/v2\/users\/1"}],"replies":[{"embeddable":true,"href":"https:\/\/tcmi.edu\/cs\/wp-json\/wp\/v2\/comments?post=10574"}],"version-history":[{"count":61,"href":"https:\/\/tcmi.edu\/cs\/wp-json\/wp\/v2\/pages\/10574\/revisions"}],"predecessor-version":[{"id":14511,"href":"https:\/\/tcmi.edu\/cs\/wp-json\/wp\/v2\/pages\/10574\/revisions\/14511"}],"wp:featuredmedia":[{"embeddable":true,"href":"https:\/\/tcmi.edu\/cs\/wp-json\/wp\/v2\/media\/5542"}],"wp:attachment":[{"href":"https:\/\/tcmi.edu\/cs\/wp-json\/wp\/v2\/media?parent=10574"}],"wp:term":[{"taxonomy":"page_category","embeddable":true,"href":"https:\/\/tcmi.edu\/cs\/wp-json\/wp\/v2\/page_category?post=10574"}],"curies":[{"name":"wp","href":"https:\/\/api.w.org\/{rel}","templated":true}]}}