{"id":10542,"date":"2019-01-24T08:50:32","date_gmt":"2019-01-24T13:50:32","guid":{"rendered":"https:\/\/tcmi.edu\/stiznosti\/"},"modified":"2023-01-16T07:50:02","modified_gmt":"2023-01-16T12:50:02","slug":"stiznosti","status":"publish","type":"page","link":"https:\/\/tcmi.edu\/cs\/studenti\/stiznosti\/","title":{"rendered":"St\u00ed\u017enosti"},"content":{"rendered":"\n<p>Studenti by se m\u011bli sna\u017eit vy\u0159e\u0161it st\u00ed\u017enosti intern\u011b, skrze profesory, administrativn\u00ed pracovn\u00edky \u010di zam\u011bstnance. To m\u016f\u017ee zahrnovat st\u00ed\u017enosti ohledn\u011b stanov, postup\u016f, on-line asistence, posudk\u016f \u010di jin\u00fdch z\u00e1le\u017eitost\u00ed. Ofici\u00e1ln\u00ed st\u00ed\u017enosti ze strany student\u016f \u010di jin\u00fdch subjekt\u016f mohou b\u00fdt pod\u00e1ny p\u00edsemn\u011b kancel\u00e1\u0159i prod\u011bkana pro studijn\u00ed z\u00e1le\u017eitosti a budou vy\u0159\u00edzeny do 30 dn\u016f. St\u00ed\u017enosti mohou b\u00fdt pod\u00e1ny p\u00edsemn\u011b tak\u00e9 d\u011bkanovi \u010di viceprezidentovi vzd\u011bl\u00e1vac\u00edho rozvoje. V\u00edce informac\u00ed o tomto procesu naleznete v katalogu TCM.<\/p>\n\n<p><a href=\"https:\/\/forms.office.com\/r\/7bX1QfaWaR\" target=\"_blank\" rel=\"noreferrer noopener\">Podat st\u00ed\u017enost<\/a><\/p>\n\n<hr class=\"wp-block-separator has-css-opacity\"\/>\n\n<p>V p\u0159\u00edpad\u011b, \u017ee student nenalezne \u0159e\u0161en\u00ed v\u00fd\u0161e zm\u00edn\u011bn\u00fdmi zp\u016fsoby, m\u016f\u017ee hledat pomoc u t\u0159et\u00edch stran. Ty mohou zahrnovat n\u00e1sleduj\u00edc\u00ed:<\/p>\n\n<p>Higher Learning Commission<br\/>230 South La Salle Street, Suite 7-500<br\/>Chicago, IL 60604<br\/><a href=\"https:\/\/www.hlcommission.org\/Student-Resources\/complaints.html?highlight=WyJjb21wbGFpbnRzIl0=\" target=\"_blank\" rel=\"noreferrer noopener\">https:\/\/www.hlcommission.org\/Student-Resources\/complaints.html?highlight=WyJjb21wbGFpbnRzIl0=<\/a><\/p>\n\n<p>Indiana Commission for Higher Education<br\/>Indiana Board for Proprietary Education<br\/>101 W. Ohio Street, Site 300<br\/>Indianapolis, IN 46204-1984<br\/><a href=\"https:\/\/www.in.gov\/bpe\" target=\"_blank\" rel=\"noreferrer noopener\">https:\/\/www.in.gov\/bpe<\/a><\/p>\n\n<p>Ministerstvo \u0161kolstv\u00ed USA<br\/>Je d\u016fle\u017eit\u00e9 si uv\u011bdomit, \u017ee feder\u00e1ln\u00ed role ve vzd\u011bl\u00e1v\u00e1n\u00ed je omezen\u00e1. Na z\u00e1klad\u011b 10. dodatku \u00fastavy se o v\u011bt\u0161in\u011b vzd\u011bl\u00e1vac\u00edch postup\u016f rozhoduje na st\u00e1tn\u00ed \u010di m\u00edstn\u00ed \u00farovni. M\u00e1te-li tedy ot\u00e1zku ohledn\u011b konkr\u00e9tn\u00edho postupu \u010di probl\u00e9mu, je lep\u0161\u00ed nejd\u0159\u00edve zkontrolovat vyj\u00e1d\u0159en\u00ed relevantn\u00ed organizace ve va\u0161em st\u00e1t\u011b \u010di \u0161kolsk\u00e9m obvodu na n\u00e1sleduj\u00edc\u00edm webu Odkazy na ve\u0161kerou st\u00e1tn\u00ed pomoc najdete na <a href=\"https:\/\/www.ed.gov\/about\/contacts\/state\/index.html?src=ov\" target=\"_blank\" rel=\"noreferrer noopener\">adrese https:\/\/www.ed.gov\/about\/contacts\/state\/index.html?src=ov<\/a>.<\/p>\n","protected":false},"excerpt":{"rendered":"<p>Studenti by se m\u011bli sna\u017eit vy\u0159e\u0161it st\u00ed\u017enosti intern\u011b, skrze profesory, administrativn\u00ed pracovn\u00edky \u010di zam\u011bstnance. To m\u016f\u017ee zahrnovat st\u00ed\u017enosti ohledn\u011b stanov, postup\u016f, on-line asistence, posudk\u016f \u010di jin\u00fdch z\u00e1le\u017eitost\u00ed. Ofici\u00e1ln\u00ed st\u00ed\u017enosti ze strany student\u016f \u010di jin\u00fdch subjekt\u016f mohou b\u00fdt pod\u00e1ny p\u00edsemn\u011b kancel\u00e1\u0159i prod\u011bkana pro studijn\u00ed z\u00e1le\u017eitosti a budou vy\u0159\u00edzeny do 30 dn\u016f. St\u00ed\u017enosti mohou b\u00fdt pod\u00e1ny p\u00edsemn\u011b&#8230;<\/p>\n","protected":false},"author":1,"featured_media":5530,"parent":11105,"menu_order":1,"comment_status":"closed","ping_status":"closed","template":"","meta":{"_acf_changed":false,"_kad_blocks_custom_css":"","_kad_blocks_head_custom_js":"","_kad_blocks_body_custom_js":"","_kad_blocks_footer_custom_js":"","_kad_post_transparent":"","_kad_post_title":"","_kad_post_layout":"","_kad_post_sidebar_id":"","_kad_post_content_style":"","_kad_post_vertical_padding":"","_kad_post_feature":"","_kad_post_feature_position":"","_kad_post_header":false,"_kad_post_footer":false,"_kad_post_classname":"","footnotes":""},"page_category":[],"class_list":["post-10542","page","type-page","status-publish","has-post-thumbnail","hentry"],"acf":[],"taxonomy_info":[],"featured_image_src_large":["https:\/\/tcmi.edu\/wp-content\/uploads\/2020\/07\/laptop.jpg",914,619,false],"author_info":{"display_name":"Kaleb Heitzman","author_link":"https:\/\/tcmi.edu\/cs\/author\/developer\/"},"comment_info":"","_links":{"self":[{"href":"https:\/\/tcmi.edu\/cs\/wp-json\/wp\/v2\/pages\/10542","targetHints":{"allow":["GET"]}}],"collection":[{"href":"https:\/\/tcmi.edu\/cs\/wp-json\/wp\/v2\/pages"}],"about":[{"href":"https:\/\/tcmi.edu\/cs\/wp-json\/wp\/v2\/types\/page"}],"author":[{"embeddable":true,"href":"https:\/\/tcmi.edu\/cs\/wp-json\/wp\/v2\/users\/1"}],"replies":[{"embeddable":true,"href":"https:\/\/tcmi.edu\/cs\/wp-json\/wp\/v2\/comments?post=10542"}],"version-history":[{"count":10,"href":"https:\/\/tcmi.edu\/cs\/wp-json\/wp\/v2\/pages\/10542\/revisions"}],"predecessor-version":[{"id":38996,"href":"https:\/\/tcmi.edu\/cs\/wp-json\/wp\/v2\/pages\/10542\/revisions\/38996"}],"up":[{"embeddable":true,"href":"https:\/\/tcmi.edu\/cs\/wp-json\/wp\/v2\/pages\/11105"}],"wp:featuredmedia":[{"embeddable":true,"href":"https:\/\/tcmi.edu\/cs\/wp-json\/wp\/v2\/media\/5530"}],"wp:attachment":[{"href":"https:\/\/tcmi.edu\/cs\/wp-json\/wp\/v2\/media?parent=10542"}],"wp:term":[{"taxonomy":"page_category","embeddable":true,"href":"https:\/\/tcmi.edu\/cs\/wp-json\/wp\/v2\/page_category?post=10542"}],"curies":[{"name":"wp","href":"https:\/\/api.w.org\/{rel}","templated":true}]}}