{"id":10507,"date":"2017-08-22T12:30:05","date_gmt":"2017-08-22T16:30:05","guid":{"rendered":"https:\/\/tcmi.edu\/akademicka-svoboda-a-svoboda-projevu\/"},"modified":"2021-08-06T22:06:46","modified_gmt":"2021-08-07T02:06:46","slug":"akademicka-svoboda-a-svoboda-projevu","status":"publish","type":"page","link":"https:\/\/tcmi.edu\/cs\/programy\/akademicka-svoboda-a-svoboda-projevu\/","title":{"rendered":"Akademick\u00e1 svoboda a svoboda projevu"},"content":{"rendered":"\n<p>Instituce vysoko\u0161kolsk\u00e9ho vzd\u011bl\u00e1v\u00e1n\u00ed existuj\u00ed pro v\u0161eobecn\u00e9 blaho. V\u0161eobecn\u00e9 blaho z\u00e1vis\u00ed na svobodn\u00e9m hled\u00e1n\u00ed pravdy a jej\u00edho svobodn\u00e9ho vyj\u00e1d\u0159en\u00ed.<\/p>\n\n<p>Akademick\u00e1 svoboda znamen\u00e1, \u017ee student m\u00e1 naprostou svobodu p\u0159i v\u00fdzkumu a publikov\u00e1n\u00ed jeho v\u00fdsledk\u016f na z\u00e1klad\u011b sv\u00e9ho akademick\u00e9ho postaven\u00ed. Av\u0161ak v\u00fdzkum za \u00fa\u010delem finan\u010dn\u00edho zisku by m\u011bl b\u00fdt prov\u00e1d\u011bn po dohod\u011b s veden\u00edm instituce. Studenti maj\u00ed svobodu diskutovat ve t\u0159\u00edd\u011b vyu\u010dovanou l\u00e1tku, ale m\u011bli by si d\u00e1vat pozor, aby do rozhovoru nevn\u00e1\u0161eli kontroverzn\u00ed t\u00e9mata, kter\u00e9 nemaj\u00ed nic spole\u010dn\u00e9ho s p\u0159edm\u011btem vyu\u010dov\u00e1n\u00ed.<\/p>\n\n<p>Na institutu (stejn\u011b jako ve spole\u010dnosti) plat\u00ed, \u017ee svoboda projevu je podm\u00edn\u011bn\u00e1 vyjad\u0159ov\u00e1n\u00edm, kter\u00fd nen\u00ed nactiutrha\u010dn\u00e9 \u010di hanliv\u00e9, nepodn\u011bcuje k nepokoj\u016fm a nikoho protiz\u00e1konn\u011b neobt\u011b\u017euje. D\u00e1le nen\u00ed chr\u00e1n\u011bna svobodou projevu \u0159e\u010d, jej\u00edm\u017e zcela z\u0159ejm\u00fdm \u00fa\u010delem je n\u011bkoho zranit.<\/p>\n\n<p>Studenti n\u011bkdy vyjad\u0159uj\u00ed my\u0161lenky slovn\u011b \u010di p\u00edsemn\u011b jako\u017eto ob\u010dan\u00e9. M\u011bli by si uv\u011bdomit, \u017ee ve\u0159ejnost m\u016f\u017ee hodnotit jejich instituci na z\u00e1klad\u011b tohoto projevu. M\u011bli by se v\u017edy n\u00e1le\u017eit\u011b ovl\u00e1dat, respektovat n\u00e1zory dal\u0161\u00edch lid\u00ed a d\u00e1vat najevo, \u017ee nemluv\u00ed jm\u00e9nem sv\u00e9 vzd\u011bl\u00e1vac\u00ed instituce.<\/p>\n","protected":false},"excerpt":{"rendered":"<p>Instituce vysoko\u0161kolsk\u00e9ho vzd\u011bl\u00e1v\u00e1n\u00ed existuj\u00ed pro v\u0161eobecn\u00e9 blaho. V\u0161eobecn\u00e9 blaho z\u00e1vis\u00ed na svobodn\u00e9m hled\u00e1n\u00ed pravdy a jej\u00edho svobodn\u00e9ho vyj\u00e1d\u0159en\u00ed. Akademick\u00e1 svoboda znamen\u00e1, \u017ee student m\u00e1 naprostou svobodu p\u0159i v\u00fdzkumu a publikov\u00e1n\u00ed jeho v\u00fdsledk\u016f na z\u00e1klad\u011b sv\u00e9ho akademick\u00e9ho postaven\u00ed. Av\u0161ak v\u00fdzkum za \u00fa\u010delem finan\u010dn\u00edho zisku by m\u011bl b\u00fdt prov\u00e1d\u011bn po dohod\u011b s veden\u00edm instituce. Studenti maj\u00ed svobodu&#8230;<\/p>\n","protected":false},"author":1,"featured_media":9685,"parent":10574,"menu_order":130,"comment_status":"closed","ping_status":"closed","template":"","meta":{"_acf_changed":false,"_kad_blocks_custom_css":"","_kad_blocks_head_custom_js":"","_kad_blocks_body_custom_js":"","_kad_blocks_footer_custom_js":"","_kad_post_transparent":"","_kad_post_title":"","_kad_post_layout":"","_kad_post_sidebar_id":"","_kad_post_content_style":"","_kad_post_vertical_padding":"","_kad_post_feature":"","_kad_post_feature_position":"","_kad_post_header":false,"_kad_post_footer":false,"_kad_post_classname":"","footnotes":""},"page_category":[],"class_list":["post-10507","page","type-page","status-publish","has-post-thumbnail","hentry"],"acf":[],"taxonomy_info":[],"featured_image_src_large":["https:\/\/tcmi.edu\/wp-content\/uploads\/2021\/03\/Class-1024x683.jpg",1024,683,true],"author_info":{"display_name":"Kaleb Heitzman","author_link":"https:\/\/tcmi.edu\/cs\/author\/developer\/"},"comment_info":"","_links":{"self":[{"href":"https:\/\/tcmi.edu\/cs\/wp-json\/wp\/v2\/pages\/10507","targetHints":{"allow":["GET"]}}],"collection":[{"href":"https:\/\/tcmi.edu\/cs\/wp-json\/wp\/v2\/pages"}],"about":[{"href":"https:\/\/tcmi.edu\/cs\/wp-json\/wp\/v2\/types\/page"}],"author":[{"embeddable":true,"href":"https:\/\/tcmi.edu\/cs\/wp-json\/wp\/v2\/users\/1"}],"replies":[{"embeddable":true,"href":"https:\/\/tcmi.edu\/cs\/wp-json\/wp\/v2\/comments?post=10507"}],"version-history":[{"count":8,"href":"https:\/\/tcmi.edu\/cs\/wp-json\/wp\/v2\/pages\/10507\/revisions"}],"predecessor-version":[{"id":12512,"href":"https:\/\/tcmi.edu\/cs\/wp-json\/wp\/v2\/pages\/10507\/revisions\/12512"}],"up":[{"embeddable":true,"href":"https:\/\/tcmi.edu\/cs\/wp-json\/wp\/v2\/pages\/10574"}],"wp:featuredmedia":[{"embeddable":true,"href":"https:\/\/tcmi.edu\/cs\/wp-json\/wp\/v2\/media\/9685"}],"wp:attachment":[{"href":"https:\/\/tcmi.edu\/cs\/wp-json\/wp\/v2\/media?parent=10507"}],"wp:term":[{"taxonomy":"page_category","embeddable":true,"href":"https:\/\/tcmi.edu\/cs\/wp-json\/wp\/v2\/page_category?post=10507"}],"curies":[{"name":"wp","href":"https:\/\/api.w.org\/{rel}","templated":true}]}}