{"id":10479,"date":"2013-12-10T14:30:27","date_gmt":"2013-12-10T19:30:27","guid":{"rendered":"https:\/\/tcmi.edu\/o-nas\/vyznani-viry\/"},"modified":"2021-08-06T22:06:42","modified_gmt":"2021-08-07T02:06:42","slug":"vyznani-viry","status":"publish","type":"page","link":"https:\/\/tcmi.edu\/cs\/o-nas\/vyznani-viry\/","title":{"rendered":"Vyzn\u00e1n\u00ed v\u00edry"},"content":{"rendered":"\n<p>1. V\u011b\u0159\u00edme, \u017ee jsme povol\u00e1n\u00ed, abychom pom\u00e1hali napl\u0148ovat velk\u00e9 posl\u00e1n\u00ed na\u0161e P\u00e1na Je\u017e\u00ed\u0161e Krista, kter\u00fdm je toto: \u201eJd\u011bte ke v\u0161em n\u00e1rod\u016fm a z\u00edsk\u00e1vejte mi u\u010dedn\u00edky, k\u0159t\u011bte je ve jm\u00e9no Otce i Syna i Ducha svat\u00e9ho a u\u010dte je, aby zachov\u00e1vali v\u0161ecko, co jsem v\u00e1m p\u0159ik\u00e1zal.\u201c S radost\u00ed tak \u010din\u00edme v jednot\u011b s dal\u0161\u00edmi, kte\u0159\u00ed tak\u00e9 vyzn\u00e1vaj\u00ed Je\u017e\u00ed\u0161e Krista jako P\u00e1na.&#13;\n&#13;\n<\/p>\n\n<p>2. V\u011b\u0159\u00edme, \u017ee Bible je inspirovan\u00e9 a jedin\u00e9 neomyln\u00e9 Slovo Bo\u017e\u00ed. \u0158\u00edd\u00edme se j\u00ed, abychom se z n\u00ed dozv\u011bd\u011bli jeho v\u016fli a sm\u011br pro na\u0161e \u017eivoty.&#13;\n&#13;\n<\/p>\n\n<p>3. V\u011b\u0159\u00edme, \u017ee je pouze jeden B\u016fh, kter\u00fd v\u011b\u010dn\u011b existuje ve t\u0159ech osob\u00e1ch: Otec, Syn a Duch Svat\u00fd. Usilujeme o to, abychom ho milovali cel\u00fdm sv\u00fdm srdcem, du\u0161\u00ed, mysl\u00ed a silou.&#13;\n&#13;\n<\/p>\n\n<p>4. V\u011b\u0159\u00edme v bo\u017estv\u00ed na\u0161eho P\u00e1na Je\u017e\u00ed\u0161e Krista, v jeho narozen\u00ed z panny, bezh\u0159\u00ed\u0161n\u00fd \u017eivot, z\u00e1zraky, z\u00e1stupnou a smi\u0159uj\u00edc\u00ed smrt skrze jeho prolitou krev, jeho t\u011blesn\u00e9 vzk\u0159\u00ed\u0161en\u00ed, nanebevstoupen\u00ed k pravici Otce, a jeho osobn\u00ed n\u00e1vrat v moci a sl\u00e1v\u011b soudu, aby obnovil ve\u0161ker\u00e9 stvo\u0159en\u00ed pro Boha, na\u0161eho Otce.&#13;\n&#13;\n<\/p>\n\n<p>5. V\u011b\u0159\u00edme v p\u0159\u00edtomnou slu\u017ebu Ducha Svat\u00e9ho a aktivn\u011b usilujeme o to, aby v n\u00e1s p\u0159eb\u00fdval, abychom \u017eili zbo\u017en\u00e9 \u017eivoty v\u011brn\u00e9 slu\u017eby.&#13;\n&#13;\n<\/p>\n\n<p>6. V\u011b\u0159\u00edme, \u017ee ka\u017ed\u00fd je stvo\u0159en k obrazu Bo\u017e\u00edmu. Zdr\u017eujeme se tedy od vytv\u00e1\u0159en\u00ed finan\u010dn\u00edch, c\u00edrkevn\u00edch, \u010di jak\u00fdchkoli jin\u00fdch omezen\u00ed k\u0159es\u0165ansk\u00e9 zralosti, spravedlnosti a svobody.&#13;\n&#13;\n<\/p>\n\n<p>7. V\u011b\u0159\u00edme, \u017ee posl\u00e1n\u00edm na\u0161eho P\u00e1na je rozv\u00edjet vedouc\u00ed, kte\u0159\u00ed \u010din\u00ed u\u010dedn\u00edky Bo\u017e\u00edho kr\u00e1lovstv\u00ed. Pracujeme proto mezidenomina\u010dn\u011b a vyh\u00fdb\u00e1me se politick\u00e9mu aktivismu.&#13;\n&#13;\n<\/p>\n\n<p><\/p>\n","protected":false},"excerpt":{"rendered":"<p>1. V\u011b\u0159\u00edme, \u017ee jsme povol\u00e1n\u00ed, abychom pom\u00e1hali napl\u0148ovat velk\u00e9 posl\u00e1n\u00ed na\u0161e P\u00e1na Je\u017e\u00ed\u0161e Krista, kter\u00fdm je toto: \u201eJd\u011bte ke v\u0161em n\u00e1rod\u016fm a z\u00edsk\u00e1vejte mi u\u010dedn\u00edky, k\u0159t\u011bte je ve jm\u00e9no Otce i Syna i Ducha svat\u00e9ho a u\u010dte je, aby zachov\u00e1vali v\u0161ecko, co jsem v\u00e1m p\u0159ik\u00e1zal.\u201c S radost\u00ed tak \u010din\u00edme v jednot\u011b s dal\u0161\u00edmi, kte\u0159\u00ed tak\u00e9&#8230;<\/p>\n","protected":false},"author":1,"featured_media":0,"parent":10463,"menu_order":60,"comment_status":"closed","ping_status":"closed","template":"","meta":{"_acf_changed":false,"_kad_blocks_custom_css":"","_kad_blocks_head_custom_js":"","_kad_blocks_body_custom_js":"","_kad_blocks_footer_custom_js":"","_kad_post_transparent":"","_kad_post_title":"","_kad_post_layout":"","_kad_post_sidebar_id":"","_kad_post_content_style":"","_kad_post_vertical_padding":"","_kad_post_feature":"","_kad_post_feature_position":"","_kad_post_header":false,"_kad_post_footer":false,"_kad_post_classname":"","footnotes":""},"page_category":[],"class_list":["post-10479","page","type-page","status-publish","hentry"],"acf":[],"taxonomy_info":[],"featured_image_src_large":false,"author_info":{"display_name":"Kaleb Heitzman","author_link":"https:\/\/tcmi.edu\/cs\/author\/developer\/"},"comment_info":"","_links":{"self":[{"href":"https:\/\/tcmi.edu\/cs\/wp-json\/wp\/v2\/pages\/10479","targetHints":{"allow":["GET"]}}],"collection":[{"href":"https:\/\/tcmi.edu\/cs\/wp-json\/wp\/v2\/pages"}],"about":[{"href":"https:\/\/tcmi.edu\/cs\/wp-json\/wp\/v2\/types\/page"}],"author":[{"embeddable":true,"href":"https:\/\/tcmi.edu\/cs\/wp-json\/wp\/v2\/users\/1"}],"replies":[{"embeddable":true,"href":"https:\/\/tcmi.edu\/cs\/wp-json\/wp\/v2\/comments?post=10479"}],"version-history":[{"count":1,"href":"https:\/\/tcmi.edu\/cs\/wp-json\/wp\/v2\/pages\/10479\/revisions"}],"predecessor-version":[{"id":10480,"href":"https:\/\/tcmi.edu\/cs\/wp-json\/wp\/v2\/pages\/10479\/revisions\/10480"}],"up":[{"embeddable":true,"href":"https:\/\/tcmi.edu\/cs\/wp-json\/wp\/v2\/pages\/10463"}],"wp:attachment":[{"href":"https:\/\/tcmi.edu\/cs\/wp-json\/wp\/v2\/media?parent=10479"}],"wp:term":[{"taxonomy":"page_category","embeddable":true,"href":"https:\/\/tcmi.edu\/cs\/wp-json\/wp\/v2\/page_category?post=10479"}],"curies":[{"name":"wp","href":"https:\/\/api.w.org\/{rel}","templated":true}]}}