{"id":10471,"date":"2013-11-07T02:30:41","date_gmt":"2013-11-07T07:30:41","guid":{"rendered":"https:\/\/tcmi.edu\/o-nas\/historie\/"},"modified":"2021-08-06T22:06:42","modified_gmt":"2021-08-07T02:06:42","slug":"historie","status":"publish","type":"page","link":"https:\/\/tcmi.edu\/cs\/o-nas\/historie\/","title":{"rendered":"Historie"},"content":{"rendered":"\n<h2 class=\"wp-block-heading\">Historie TCMI v Evrop\u011b<\/h2>\n\n\n\n<p>Pr\u00e1ce a slu\u017eba TCM v Evrop\u011b za\u010dala prvn\u00ed n\u00e1v\u0161t\u011bvou Genea Dulina v Rusku a Polsku v roce 1963. Gene byl zakladatelem a prvn\u00edm prezidentem spole\u010dnosti TCM International, Inc. V letech 1963 a\u017e 1970 p\u011btkr\u00e1t nav\u0161t\u00edvil v\u00fdchodn\u00ed Evropu a Sov\u011btsk\u00fd svaz, zat\u00edmco \u017eil v Torontu. V roce 1972 byla zakoupena nemovitost Haus Edelweiss za \u00fa\u010delem slu\u017eby do Sov\u011btsk\u00e9ho svazu a satelitn\u00edch zem\u00ed. Leadership Training Center bylo postaveno v roce 1989. Ostatn\u00ed budovy na pozemku byly postaveny v roce 1892. Tato nemovitost byla n\u011bkolik let po druh\u00e9 sv\u011btov\u00e9 v\u00e1lce vyu\u017e\u00edv\u00e1na jako soukrom\u00e1 rezidence, penzion (hotel), domov d\u016fchodc\u016f a velitelstv\u00ed sov\u011btsk\u00fdch vojsk.<\/p>\n\n\n\n<p>Kdy\u017e byla nemovitost zakoupena, pot\u0159ebovala mnoho oprav. Po n\u011bkolik let jezdili b\u011bhem l\u00e9ta vysoko\u0161kol\u00e1ci z USA, aby pom\u00e1hali s \u00fadr\u017ebou a opravou. Mision\u00e1\u0159i a st\u00e1\u017eist\u00e9 cestovali z Haus Edelweiss do Sov\u011btsk\u00e9ho svazu a satelitn\u00edch zem\u00ed, aby dov\u00e1\u017eeli Bible, kancion\u00e1ly, k\u0159es\u0165ansk\u00e9 knihy, oble\u010den\u00ed, j\u00eddlo a l\u00e9ky. TCMII tak\u00e9 pom\u00e1hal sbor\u016fm t\u00edm, \u017ee financoval pot\u0159ebn\u00e9 opravy budov a automobily pro pastory. Tato podpora byla hlavn\u00edm d\u016frazem slu\u017eby do roku 1982.<\/p>\n\n\n\n<p>V roce 1982 za\u010dalo TCMI po\u0159\u00e1dat v Haus Edelweiss \u201cletn\u00ed semin\u00e1\u0159e\u201d. Pasto\u0159i a vedouc\u00ed pracovn\u00edci c\u00edrkv\u00ed z v\u00fdchodn\u00ed Evropy byly zv\u00e1ni na dvout\u00fddenn\u00ed studia s vyu\u010duj\u00edc\u00edmi profesory a kazateli z USA. V roce 1982 prob\u011bhly dva tyto dvout\u00fddenn\u00ed semin\u00e1\u0159e. V roce 1990 jejich po\u010det vzrostl na p\u011bt. Vedouc\u00ed c\u00edrkv\u00ed z v\u00fdchodn\u00ed Evropy poci\u0165ovali velkou pot\u0159ebu takov\u00e9ho vzd\u011bl\u00e1v\u00e1n\u00ed, proto\u017ee za \u017eeleznou oponou bylo velmi m\u00e1lo p\u0159\u00edle\u017eitost\u00ed k podobn\u00e9mu studiu se zam\u011b\u0159en\u00edm na jejich slu\u017ebu.<br>S p\u0159\u00edchodem zm\u011bn v politick\u00e9 situaci v\u00fdchodn\u00ed Evropy po roce 1989 mohli mnoz\u00ed pasto\u0159i a kazatel\u00e9 vycestovat na studia do Haus Edelweiss. Vyu\u010dov\u00e1n\u00ed prob\u00edhalo v Haus Edelweiss od b\u0159ezna do listopadu. Ka\u017ed\u00fd kurz nab\u00edz\u00ed vzd\u011bl\u00e1v\u00e1n\u00ed na magistersk\u00e9 \u00farovni. V Hausu Edelweiss studovalo ro\u010dn\u011b v\u00edce ne\u017e 500 k\u0159es\u0165an\u016f z Evropy.<\/p>\n\n\n\n<p>V roce 1991 byl pod veden\u00edm Dr. Tony Twist, druh\u00e9ho prezidenta TCM International, Inc., zalo\u017een \u201eInstitut pro biblick\u00e1 studia\u201c (nyn\u00ed TCM International Institute). Tento Institut je navr\u017een tak, aby zprost\u0159edkov\u00e1val studium na magistersk\u00e9 \u00farovni pro pastory a vedouc\u00ed v c\u00edrkvi. Po \u00fasp\u011b\u0161n\u00e9m absolvov\u00e1n\u00ed po\u017eadovan\u00fdch kurz\u016f obdr\u017e\u00ed student akreditovan\u00fd titul Master of Arts \u010di Master of Divinity.<\/p>\n\n\n\n<h2 class=\"wp-block-heading\">Historie Haus Edelweiss<\/h2>\n\n\n\n<div class=\"wp-block-image\"><figure class=\"aligncenter size-large\"><a href=\"https:\/\/tcmi.edu\/wp-content\/uploads\/2013\/11\/history2.jpg\"><img loading=\"lazy\" decoding=\"async\" width=\"536\" height=\"326\" src=\"https:\/\/tcmi.edu\/wp-content\/uploads\/2020\/07\/history2.jpg\" alt=\"history2\" class=\"wp-image-5404\" srcset=\"https:\/\/tcmi.edu\/wp-content\/uploads\/2020\/07\/history2.jpg 536w, https:\/\/tcmi.edu\/wp-content\/uploads\/2020\/07\/history2-300x182.jpg 300w\" sizes=\"auto, (max-width: 536px) 100vw, 536px\" \/><\/a><\/figure><\/div>\n\n\n\n<p>TCMI Institut je situov\u00e1n v \u201eHaus Edelweiss,\u201c p\u0159ibli\u017en\u011b 25 kilometr\u016f jihoz\u00e1padn\u011b od V\u00eddn\u011b, nedaleko vesnice Heiligenkreuz.<\/p>\n\n\n\n<p>\u201eBig Haus\u201c \u2013 Pohled zezadu z p\u0159\u00edjezdov\u00e9 cesty.<\/p>\n\n\n\n<figure class=\"wp-block-image size-large\"><a href=\"https:\/\/tcmi.edu\/wp-content\/uploads\/2013\/11\/history1.jpg\"><img loading=\"lazy\" decoding=\"async\" width=\"536\" height=\"328\" src=\"https:\/\/tcmi.edu\/wp-content\/uploads\/2020\/07\/history1.jpg\" alt=\"history1\" class=\"wp-image-5408\" srcset=\"https:\/\/tcmi.edu\/wp-content\/uploads\/2020\/07\/history1.jpg 536w, https:\/\/tcmi.edu\/wp-content\/uploads\/2020\/07\/history1-300x184.jpg 300w\" sizes=\"auto, (max-width: 536px) 100vw, 536px\" \/><\/a><\/figure>\n\n\n\n<p>\u201eBig Haus\u201c \u2013 Pohled zep\u0159edu.<\/p>\n\n\n\n<p>V roce 1971 souhlasila spr\u00e1vn\u00ed rada TCMII s koup\u00ed Haus Edelweiss pobl\u00ed\u017e V\u00eddn\u011b. Tato budova spole\u010dn\u011b dal\u0161\u00edmi t\u0159emi na 6 akrov\u00e9m pozemku m\u011bla slou\u017eit jako strategick\u00fd bod, ze kter\u00e9ho se bude cestovat do zem\u00ed v\u00fdchodn\u00ed Evropy za \u00fa\u010delem slu\u017eby k\u0159es\u0165an\u016fm.<\/p>\n\n\n\n<div class=\"wp-block-image\"><figure class=\"aligncenter size-large\"><a href=\"https:\/\/tcmi.edu\/wp-content\/uploads\/2013\/11\/gdulinwall1.jpg\"><img loading=\"lazy\" decoding=\"async\" width=\"1024\" height=\"939\" src=\"https:\/\/tcmi.edu\/wp-content\/uploads\/2020\/07\/gdulinwall1.jpg\" alt=\"gdulinwall\" class=\"wp-image-5412\" srcset=\"https:\/\/tcmi.edu\/wp-content\/uploads\/2020\/07\/gdulinwall1.jpg 1024w, https:\/\/tcmi.edu\/wp-content\/uploads\/2020\/07\/gdulinwall1-300x275.jpg 300w, https:\/\/tcmi.edu\/wp-content\/uploads\/2020\/07\/gdulinwall1-768x704.jpg 768w\" sizes=\"auto, (max-width: 1024px) 100vw, 1024px\" \/><\/a><\/figure><\/div>\n\n\n\n<p class=\"has-text-align-left\">S p\u00e1dem komunismu ve v\u00fdchodn\u00ed Evrop\u011b se pr\u00e1ce TCMII roz\u0161\u00ed\u0159ila. Od charitativn\u00ed \u010dinnosti, distribuce literatury, pomoci sbor\u016fm a v\u00fdchov\u011b vedouc\u00edch (pr\u00e1ce, kter\u00e1 prob\u00edhala od roku 1963), se slu\u017eba roz\u0161\u00ed\u0159ila o vzd\u011bl\u00e1v\u00e1n\u00ed k\u0159es\u0165ansk\u00fdch vedouc\u00edch na magistersk\u00e9 \u00farovni.<a href=\"https:\/\/tcmi.edu\/wp-content\/uploads\/\/2013\/11\/IMG_8511.jpg\"><\/a><\/p>\n\n\n\n<div class=\"wp-block-image\"><figure class=\"aligncenter size-large\"><a href=\"https:\/\/tcmi.edu\/wp-content\/uploads\/2013\/11\/IMG_8511.jpg\"><img loading=\"lazy\" decoding=\"async\" width=\"1024\" height=\"768\" src=\"https:\/\/tcmi.edu\/wp-content\/uploads\/2020\/07\/IMG_8511.jpg\" alt=\"IMG_8511\" class=\"wp-image-5416\" srcset=\"https:\/\/tcmi.edu\/wp-content\/uploads\/2020\/07\/IMG_8511.jpg 1024w, https:\/\/tcmi.edu\/wp-content\/uploads\/2020\/07\/IMG_8511-300x225.jpg 300w, https:\/\/tcmi.edu\/wp-content\/uploads\/2020\/07\/IMG_8511-768x576.jpg 768w\" sizes=\"auto, (max-width: 1024px) 100vw, 1024px\" \/><\/a><\/figure><\/div>\n\n\n\n<p class=\"has-text-align-center\">Haus Edelweiss dnes.<\/p>\n","protected":false},"excerpt":{"rendered":"<p>Historie TCMI v Evrop\u011b Pr\u00e1ce a slu\u017eba TCM v Evrop\u011b za\u010dala prvn\u00ed n\u00e1v\u0161t\u011bvou Genea Dulina v Rusku a Polsku v roce 1963. Gene byl zakladatelem a prvn\u00edm prezidentem spole\u010dnosti TCM International, Inc. V letech 1963 a\u017e 1970 p\u011btkr\u00e1t nav\u0161t\u00edvil v\u00fdchodn\u00ed Evropu a Sov\u011btsk\u00fd svaz, zat\u00edmco \u017eil v Torontu. V roce 1972 byla zakoupena nemovitost Haus&#8230;<\/p>\n","protected":false},"author":1,"featured_media":5506,"parent":10463,"menu_order":30,"comment_status":"closed","ping_status":"closed","template":"","meta":{"_acf_changed":false,"_kad_blocks_custom_css":"","_kad_blocks_head_custom_js":"","_kad_blocks_body_custom_js":"","_kad_blocks_footer_custom_js":"","_kad_post_transparent":"","_kad_post_title":"","_kad_post_layout":"","_kad_post_sidebar_id":"","_kad_post_content_style":"","_kad_post_vertical_padding":"","_kad_post_feature":"","_kad_post_feature_position":"","_kad_post_header":false,"_kad_post_footer":false,"_kad_post_classname":"","footnotes":""},"page_category":[],"class_list":["post-10471","page","type-page","status-publish","has-post-thumbnail","hentry"],"acf":[],"taxonomy_info":[],"featured_image_src_large":["https:\/\/tcmi.edu\/wp-content\/uploads\/2020\/07\/haus-1-1024x576.jpg",1024,576,true],"author_info":{"display_name":"Kaleb Heitzman","author_link":"https:\/\/tcmi.edu\/cs\/author\/developer\/"},"comment_info":"","_links":{"self":[{"href":"https:\/\/tcmi.edu\/cs\/wp-json\/wp\/v2\/pages\/10471","targetHints":{"allow":["GET"]}}],"collection":[{"href":"https:\/\/tcmi.edu\/cs\/wp-json\/wp\/v2\/pages"}],"about":[{"href":"https:\/\/tcmi.edu\/cs\/wp-json\/wp\/v2\/types\/page"}],"author":[{"embeddable":true,"href":"https:\/\/tcmi.edu\/cs\/wp-json\/wp\/v2\/users\/1"}],"replies":[{"embeddable":true,"href":"https:\/\/tcmi.edu\/cs\/wp-json\/wp\/v2\/comments?post=10471"}],"version-history":[{"count":17,"href":"https:\/\/tcmi.edu\/cs\/wp-json\/wp\/v2\/pages\/10471\/revisions"}],"predecessor-version":[{"id":13840,"href":"https:\/\/tcmi.edu\/cs\/wp-json\/wp\/v2\/pages\/10471\/revisions\/13840"}],"up":[{"embeddable":true,"href":"https:\/\/tcmi.edu\/cs\/wp-json\/wp\/v2\/pages\/10463"}],"wp:featuredmedia":[{"embeddable":true,"href":"https:\/\/tcmi.edu\/cs\/wp-json\/wp\/v2\/media\/5506"}],"wp:attachment":[{"href":"https:\/\/tcmi.edu\/cs\/wp-json\/wp\/v2\/media?parent=10471"}],"wp:term":[{"taxonomy":"page_category","embeddable":true,"href":"https:\/\/tcmi.edu\/cs\/wp-json\/wp\/v2\/page_category?post=10471"}],"curies":[{"name":"wp","href":"https:\/\/api.w.org\/{rel}","templated":true}]}}