{"id":10456,"date":"2016-09-18T20:44:23","date_gmt":"2016-09-19T00:44:23","guid":{"rendered":"https:\/\/tcmi.edu\/proc-tcm\/"},"modified":"2024-08-03T08:53:23","modified_gmt":"2024-08-03T12:53:23","slug":"proc-tcm","status":"publish","type":"page","link":"https:\/\/tcmi.edu\/cs\/o-nas\/proc-tcm\/","title":{"rendered":"Pro\u010d TCM?"},"content":{"rendered":"\n<h3 class=\"wp-block-heading\">A\u017e budete v modlitb\u011b zva\u017eovat \u00fa\u010dast na Mezin\u00e1rodn\u00edm institutu TCM, v\u011bzte, \u017ee TCM nab\u00edz\u00ed n\u00e1sleduj\u00edc\u00ed slu\u017eby v mezin\u00e1rodn\u00edm spole\u010denstv\u00ed v\u00edry, kter\u00e9 m\u011bn\u00ed \u017eivot.<\/h3>\n\n<ul class=\"wp-block-list\">\n<li>Mezioborov\u00fd p\u0159\u00edstup a studie k napln\u011bn\u00ed posl\u00e1n\u00ed a vize<\/li>\n\n\n\n<li>Flexibiln\u00ed studijn\u00ed pl\u00e1ny, kter\u00e9 zahrnuj\u00ed online a osobn\u00ed dostupnost mentor\u016f.<\/li>\n\n\n\n<li>Praktick\u00e9 \u0161kolen\u00ed k\u0159es\u0165ansk\u00e9ho veden\u00ed kvalifikovan\u00fdm mezin\u00e1rodn\u00edm lektorsk\u00fdm sborem.<\/li>\n\n\n\n<li>N\u00edzkon\u00e1kladov\u00e9 programy pro absolventy akreditovan\u00e9 v USA<\/li>\n\n\n\n<li>V\u00edcejazy\u010dn\u00e9 poskytov\u00e1n\u00ed kurz\u016f a podpory student\u016fm a absolvent\u016fm.<\/li>\n<\/ul>\n\n<p>Studenti TCM slou\u017e\u00ed hrdinsk\u00fdm zp\u016fsobem, \u010dasto v obt\u00ed\u017en\u00fdch podm\u00ednk\u00e1ch a s omezen\u00fdmi finan\u010dn\u00edmi prost\u0159edky. Jako v\u011b\u0159\u00edc\u00ed lid\u00e9 cht\u011bj\u00ed \u00fa\u010dinn\u011bji vyu\u017e\u00edvat sv\u00e9 talenty a schopnosti, aby v\u00fdznamn\u011b p\u0159isp\u011bli v\u0161ude, kde slou\u017e\u00ed. Aby jim TCM pomohla efektivn\u011bji slou\u017eit, vytvo\u0159ila u\u010debn\u00ed pl\u00e1n, kter\u00fd vych\u00e1z\u00ed z r\u016fzn\u00fdch obor\u016f, jako je veden\u00ed a \u0159\u00edzen\u00ed, komunikace, poradenstv\u00ed a psychologie, vzd\u011bl\u00e1v\u00e1n\u00ed, teologie a dal\u0161\u00ed. Studenti poch\u00e1zej\u00ed ze \u0161irok\u00e9ho spektra obor\u016f a profes\u00ed a pracuj\u00ed v nich.  <\/p>\n\n<h3 class=\"wp-block-heading\">TCM je vysoko\u0161kolsk\u00e1 instituce se \u010dty\u0159mi hlavn\u00edmi divizemi.<\/h3>\n\n<ul class=\"wp-block-list\">\n<li><strong>Mikrokreditace.<\/strong>  TCM v sou\u010dasn\u00e9 dob\u011b z\u00edsk\u00e1v\u00e1 akreditaci jako uzn\u00e1van\u00fd poskytovatel mikro\u00fav\u011br\u016f v Evropsk\u00e9 unii. V\u0161em z\u00e1jemc\u016fm o neform\u00e1ln\u00ed a form\u00e1ln\u00ed vzd\u011bl\u00e1v\u00e1n\u00ed bude nab\u00eddnuta \u0159ada odm\u011bn.<\/li>\n\n\n\n<li><strong>Certifikovan\u00e9 studium.<\/strong>  Pro studenty, kte\u0159\u00ed tou\u017e\u00ed po hlub\u0161\u00edm vzd\u011bl\u00e1n\u00ed, ale nemaj\u00ed \u010das nebo pot\u0159ebu studovat na vysok\u00e9 \u0161kole, jsou nab\u00edzeny certifik\u00e1ty v r\u016fzn\u00fdch oblastech.<\/li>\n\n\n\n<li><strong>Postgradu\u00e1ln\u00ed studium<\/strong>. Pro studenty, kte\u0159\u00ed pot\u0159ebuj\u00ed st\u00e1tem akreditovan\u00e9 doklady, kter\u00e9 mohou vyu\u017e\u00edt k profesn\u00edmu postupu a dal\u0161\u00edmu studiu, jsou nab\u00edzeny dva magistersk\u00e9 tituly.<\/li>\n\n\n\n<li><strong>Studium programu pro pokro\u010dil\u00e9 vedouc\u00ed pracovn\u00edky.<\/strong>  TCM ve spolupr\u00e1ci s Institut zur Erforschung des Urchristentums na univerzit\u011b v Tubingenu po\u0159\u00e1d\u00e1 doktorandsk\u00e1 kolokvia, sympozia a v\u00fdzkumn\u00e9 pobyty pro doktorandy. Ve spolupr\u00e1ci s Facultatea de Teologie Baptist\u0103, Universitatea din Bucure\u0219ti v Rumunsku TCM zaji\u0161\u0165uje doktorandsk\u00e1 kolokvia, konference, v\u00fdzkumn\u00e9 pobyty a veden\u00ed doktorand\u016f.<\/li>\n<\/ul>\n\n<p><\/p>\n","protected":false},"excerpt":{"rendered":"<p>A\u017e budete v modlitb\u011b zva\u017eovat \u00fa\u010dast na Mezin\u00e1rodn\u00edm institutu TCM, v\u011bzte, \u017ee TCM nab\u00edz\u00ed n\u00e1sleduj\u00edc\u00ed slu\u017eby v mezin\u00e1rodn\u00edm spole\u010denstv\u00ed v\u00edry, kter\u00e9 m\u011bn\u00ed \u017eivot. Studenti TCM slou\u017e\u00ed hrdinsk\u00fdm zp\u016fsobem, \u010dasto v obt\u00ed\u017en\u00fdch podm\u00ednk\u00e1ch a s omezen\u00fdmi finan\u010dn\u00edmi prost\u0159edky. Jako v\u011b\u0159\u00edc\u00ed lid\u00e9 cht\u011bj\u00ed \u00fa\u010dinn\u011bji vyu\u017e\u00edvat sv\u00e9 talenty a schopnosti, aby v\u00fdznamn\u011b p\u0159isp\u011bli v\u0161ude, kde slou\u017e\u00ed. Aby jim&#8230;<\/p>\n","protected":false},"author":1,"featured_media":7721,"parent":10463,"menu_order":0,"comment_status":"closed","ping_status":"closed","template":"","meta":{"_acf_changed":false,"_kad_blocks_custom_css":"","_kad_blocks_head_custom_js":"","_kad_blocks_body_custom_js":"","_kad_blocks_footer_custom_js":"","_kad_post_transparent":"","_kad_post_title":"","_kad_post_layout":"","_kad_post_sidebar_id":"","_kad_post_content_style":"","_kad_post_vertical_padding":"","_kad_post_feature":"","_kad_post_feature_position":"","_kad_post_header":false,"_kad_post_footer":false,"_kad_post_classname":"","footnotes":""},"page_category":[],"class_list":["post-10456","page","type-page","status-publish","has-post-thumbnail","hentry"],"acf":[],"taxonomy_info":[],"featured_image_src_large":["https:\/\/tcmi.edu\/wp-content\/uploads\/2021\/02\/291751_2074689110445_618908714_n.jpg",960,640,false],"author_info":{"display_name":"Kaleb Heitzman","author_link":"https:\/\/tcmi.edu\/cs\/author\/developer\/"},"comment_info":"","_links":{"self":[{"href":"https:\/\/tcmi.edu\/cs\/wp-json\/wp\/v2\/pages\/10456","targetHints":{"allow":["GET"]}}],"collection":[{"href":"https:\/\/tcmi.edu\/cs\/wp-json\/wp\/v2\/pages"}],"about":[{"href":"https:\/\/tcmi.edu\/cs\/wp-json\/wp\/v2\/types\/page"}],"author":[{"embeddable":true,"href":"https:\/\/tcmi.edu\/cs\/wp-json\/wp\/v2\/users\/1"}],"replies":[{"embeddable":true,"href":"https:\/\/tcmi.edu\/cs\/wp-json\/wp\/v2\/comments?post=10456"}],"version-history":[{"count":2,"href":"https:\/\/tcmi.edu\/cs\/wp-json\/wp\/v2\/pages\/10456\/revisions"}],"predecessor-version":[{"id":42000,"href":"https:\/\/tcmi.edu\/cs\/wp-json\/wp\/v2\/pages\/10456\/revisions\/42000"}],"up":[{"embeddable":true,"href":"https:\/\/tcmi.edu\/cs\/wp-json\/wp\/v2\/pages\/10463"}],"wp:featuredmedia":[{"embeddable":true,"href":"https:\/\/tcmi.edu\/cs\/wp-json\/wp\/v2\/media\/7721"}],"wp:attachment":[{"href":"https:\/\/tcmi.edu\/cs\/wp-json\/wp\/v2\/media?parent=10456"}],"wp:term":[{"taxonomy":"page_category","embeddable":true,"href":"https:\/\/tcmi.edu\/cs\/wp-json\/wp\/v2\/page_category?post=10456"}],"curies":[{"name":"wp","href":"https:\/\/api.w.org\/{rel}","templated":true}]}}